{"id":815,"date":"2024-04-09T03:22:55","date_gmt":"2024-04-09T03:22:55","guid":{"rendered":"https:\/\/showerglasshardware.com\/?post_type=product&#038;p=815"},"modified":"2025-11-21T03:03:25","modified_gmt":"2025-11-21T03:03:25","slug":"glass-to-glass-series-hinges-for-glass-shower-door-brass-135","status":"publish","type":"product","link":"https:\/\/showerglasshardware.com\/es-es\/product\/glass-to-glass-series-hinges-for-glass-shower-door-brass-135\/","title":{"rendered":"Bisagras serie vidrio a vidrio para puertas de ducha de vidrio | Lat\u00f3n | 135\u00b0 SGH-A203"},"content":{"rendered":"<p data-start=\"475\" data-end=\"709\">El <strong data-start=\"479\" data-end=\"529\">SGH-A203 Bisagras de 135\u00b0 para puerta de ducha de cristal <\/strong>\u00a0es una soluci\u00f3n de bisagra de primera calidad dise\u00f1ada para mamparas de ducha de cristal sin marco. Fabricada en <strong data-start=\"616\" data-end=\"631\">lat\u00f3n macizo<\/strong>ofrece una durabilidad superior, resistencia a la corrosi\u00f3n y un funcionamiento suave.<\/p>\n<p data-start=\"711\" data-end=\"1041\">Esta bisagra es compatible con cristales de 6-10 mm de grosor y puede soportar hasta 45 kg por cada dos bisagras. Incorpora una funci\u00f3n de autocierre a aproximadamente 30\u00b0 para mayor comodidad y control del agua. El \u00e1ngulo ajustable de la bisagra permite una instalaci\u00f3n precisa, mientras que las tapas con bola de muelle proporcionan un aspecto limpio y acabado.<\/p>\n<p data-start=\"1043\" data-end=\"1227\">Disponible en acabados cromo pulido, oro pulido, n\u00edquel cepillado, Gun Metal y negro mate, esta bisagra es adecuada para dise\u00f1os de ba\u00f1os residenciales y comerciales de gama alta.<\/p>\n<p data-start=\"1229\" data-end=\"1248\"><strong data-start=\"1229\" data-end=\"1246\">Caracter\u00edsticas clave:<\/strong><\/p>\n<ul data-start=\"1249\" data-end=\"1687\">\n<li data-start=\"1249\" data-end=\"1305\">\n<p data-start=\"1251\" data-end=\"1305\"><strong data-start=\"1251\" data-end=\"1264\">Material:<\/strong> Lat\u00f3n macizo para mayor resistencia y longevidad<\/p>\n<\/li>\n<li data-start=\"1306\" data-end=\"1369\">\n<p data-start=\"1308\" data-end=\"1369\"><strong data-start=\"1308\" data-end=\"1319\">Dise\u00f1o:<\/strong> Bisagra de cristal a cristal de 135\u00b0 con \u00e1ngulo ajustable<\/p>\n<\/li>\n<li data-start=\"1370\" data-end=\"1425\">\n<p data-start=\"1372\" data-end=\"1425\"><strong data-start=\"1372\" data-end=\"1389\">Autocierre:<\/strong> Se cierra autom\u00e1ticamente a unos 30\u00b0.<\/p>\n<\/li>\n<li data-start=\"1426\" data-end=\"1483\">\n<p data-start=\"1428\" data-end=\"1483\"><strong data-start=\"1428\" data-end=\"1446\">Capacidad de carga:<\/strong> Soporta hasta 45 kg por cada dos bisagras<\/p>\n<\/li>\n<li data-start=\"1484\" data-end=\"1536\">\n<p data-start=\"1486\" data-end=\"1536\"><strong data-start=\"1486\" data-end=\"1510\">Compatibilidad de vidrio:<\/strong> Se adapta a cristales de 6-10 mm de grosor<\/p>\n<\/li>\n<li data-start=\"1537\" data-end=\"1631\">\n<p data-start=\"1539\" data-end=\"1631\"><strong data-start=\"1539\" data-end=\"1558\">Opciones de acabado:<\/strong> Cromo pulido, Oro pulido, N\u00edquel cepillado, Gun Metal, Negro mate<\/p>\n<\/li>\n<li data-start=\"1632\" data-end=\"1687\">\n<p data-start=\"1634\" data-end=\"1687\"><strong data-start=\"1634\" data-end=\"1651\">Aplicaciones:<\/strong> Mamparas de ducha de cristal sin marco<\/p>\n<\/li>\n<\/ul>\n<p data-start=\"1689\" data-end=\"1710\"><strong data-start=\"1689\" data-end=\"1708\">Especificaciones:<\/strong><\/p>\n<ul data-start=\"1711\" data-end=\"2069\">\n<li data-start=\"1711\" data-end=\"1734\">\n<p data-start=\"1713\" data-end=\"1734\"><strong data-start=\"1713\" data-end=\"1723\">Modelo:<\/strong> SGH-A203<\/p>\n<\/li>\n<li data-start=\"1735\" data-end=\"1786\">\n<p data-start=\"1737\" data-end=\"1786\"><strong data-start=\"1737\" data-end=\"1746\">Tipo:<\/strong> Bisagra de 135\u00b0 para puerta de ducha de cristal a cristal<\/p>\n<\/li>\n<li data-start=\"1787\" data-end=\"1810\">\n<p data-start=\"1789\" data-end=\"1810\"><strong data-start=\"1789\" data-end=\"1802\">Material:<\/strong> Lat\u00f3n<\/p>\n<\/li>\n<li data-start=\"1811\" data-end=\"1847\">\n<p data-start=\"1813\" data-end=\"1847\"><strong data-start=\"1813\" data-end=\"1838\">Se adapta al grosor del cristal:<\/strong> 6-10 mm<\/p>\n<\/li>\n<li data-start=\"1848\" data-end=\"1887\">\n<p data-start=\"1850\" data-end=\"1887\"><strong data-start=\"1850\" data-end=\"1873\">\u00c1ngulo de autocierre:<\/strong> Aprox. 30<\/p>\n<\/li>\n<li data-start=\"1888\" data-end=\"1930\">\n<p data-start=\"1890\" data-end=\"1930\"><strong data-start=\"1890\" data-end=\"1908\">Capacidad de carga:<\/strong> 45 kg por dos bisagras<\/p>\n<\/li>\n<li data-start=\"1931\" data-end=\"2019\">\n<p data-start=\"1933\" data-end=\"2019\"><strong data-start=\"1933\" data-end=\"1946\">Acabados:<\/strong> Cromo pulido, Oro pulido, N\u00edquel cepillado, Gun Metal, Negro mate<\/p>\n<\/li>\n<li data-start=\"2020\" data-end=\"2069\">\n<p data-start=\"2022\" data-end=\"2069\"><strong data-start=\"2022\" data-end=\"2038\">Solicitud:<\/strong> Puertas de ducha de cristal sin marco<\/p>\n<\/li>\n<\/ul>","protected":false},"excerpt":{"rendered":"<ul>\n<li>Material: lat\u00f3n<\/li>\n<li>Espesor del vidrio: 6\u201310 mm<\/li>\n<li>Autocierre a unos 30\u00b0<\/li>\n<li>M\u00e1x. peso de la puerta de vidrio: 45 kg \/ 2 piezas<\/li>\n<li>Vidrio a Vidrio 135\u00b0<\/li>\n<li>\u00c1ngulo de bisagra ajustable<\/li>\n<li>Tapas protectoras de bolas de resorte<\/li>\n<li>Acabado: Cromo Pulido; Oro pulido; Niquel pulido; Metal de pistola; Negro mate<\/li>\n<\/ul>","protected":false},"featured_media":3050,"comment_status":"open","ping_status":"closed","template":"","meta":{"_acf_changed":false},"product_brand":[],"product_cat":[22,20],"product_tag":[171],"class_list":{"0":"post-815","1":"product","2":"type-product","3":"status-publish","4":"has-post-thumbnail","6":"product_cat-glass-to-glass-hinges","7":"product_cat-shower-door-hinges","8":"product_tag-glass-to-glass-hinges","9":"pa_finish-brushed-nickel","10":"pa_finish-chrome","11":"pa_finish-gold","12":"pa_finish-gun-metal","13":"pa_finish-black","14":"pa_glass-thickness-6-10-mm","15":"pa_load-bearing-45kg-2pcs","16":"pa_material-brass","18":"first","19":"instock","20":"purchasable","21":"product-type-variable","22":"has-default-attributes"},"acf":[],"_links":{"self":[{"href":"https:\/\/showerglasshardware.com\/es-es\/wp-json\/wp\/v2\/product\/815","targetHints":{"allow":["GET"]}}],"collection":[{"href":"https:\/\/showerglasshardware.com\/es-es\/wp-json\/wp\/v2\/product"}],"about":[{"href":"https:\/\/showerglasshardware.com\/es-es\/wp-json\/wp\/v2\/types\/product"}],"replies":[{"embeddable":true,"href":"https:\/\/showerglasshardware.com\/es-es\/wp-json\/wp\/v2\/comments?post=815"}],"version-history":[{"count":3,"href":"https:\/\/showerglasshardware.com\/es-es\/wp-json\/wp\/v2\/product\/815\/revisions"}],"predecessor-version":[{"id":4594,"href":"https:\/\/showerglasshardware.com\/es-es\/wp-json\/wp\/v2\/product\/815\/revisions\/4594"}],"wp:featuredmedia":[{"embeddable":true,"href":"https:\/\/showerglasshardware.com\/es-es\/wp-json\/wp\/v2\/media\/3050"}],"wp:attachment":[{"href":"https:\/\/showerglasshardware.com\/es-es\/wp-json\/wp\/v2\/media?parent=815"}],"wp:term":[{"taxonomy":"product_brand","embeddable":true,"href":"https:\/\/showerglasshardware.com\/es-es\/wp-json\/wp\/v2\/product_brand?post=815"},{"taxonomy":"product_cat","embeddable":true,"href":"https:\/\/showerglasshardware.com\/es-es\/wp-json\/wp\/v2\/product_cat?post=815"},{"taxonomy":"product_tag","embeddable":true,"href":"https:\/\/showerglasshardware.com\/es-es\/wp-json\/wp\/v2\/product_tag?post=815"}],"curies":[{"name":"wp","href":"https:\/\/api.w.org\/{rel}","templated":true}]}}