{"id":820,"date":"2024-04-09T06:44:43","date_gmt":"2024-04-09T06:44:43","guid":{"rendered":"https:\/\/showerglasshardware.com\/?post_type=product&#038;p=820"},"modified":"2026-03-30T06:15:48","modified_gmt":"2026-03-30T06:15:48","slug":"glass-to-wall-series-shower-glass-door-hinge-brass-90","status":"publish","type":"product","link":"https:\/\/showerglasshardware.com\/es-es\/product\/glass-to-wall-series-shower-glass-door-hinge-brass-90\/","title":{"rendered":"Bisagra para puerta de vidrio para ducha serie Glass to Wall | Lat\u00f3n | 90\u00b0 SGH-A201"},"content":{"rendered":"<p data-start=\"498\" data-end=\"808\">La bisagra SGH-A201 para puertas de ducha de cristal a pared ofrece un equilibrio perfecto entre resistencia, precisi\u00f3n y estilo para mamparas de ducha de cristal sin marco. Fabricada en lat\u00f3n macizo para una mayor durabilidad y resistencia a la corrosi\u00f3n, ofrece un rendimiento duradero tanto en ba\u00f1os residenciales como comerciales.<\/p>\n<p data-start=\"810\" data-end=\"1151\">Dise\u00f1ada para una instalaci\u00f3n de 90\u00b0 entre cristal y pared, esta bisagra cuenta con un mecanismo de autocierre a aproximadamente 30\u00b0, lo que garantiza un retorno suave y controlado a la posici\u00f3n de cierre. El \u00e1ngulo ajustable de la bisagra permite una alineaci\u00f3n precisa durante la instalaci\u00f3n, mientras que las tapas de las bolas de resorte proporcionan un acabado limpio y profesional.<\/p>\n<p data-start=\"1153\" data-end=\"1393\">La SGH-A201, que admite cristales de 6 a 10 mm de grosor y soporta hasta 45 kg por cada dos bisagras, es ideal para puertas de ducha sin marco de peso medio o elevado. Disponible en varios acabados premium, se integra a la perfecci\u00f3n con cualquier estilo de ba\u00f1o.<\/p>\n<p data-start=\"1395\" data-end=\"1414\"><strong data-start=\"1395\" data-end=\"1412\">Caracter\u00edsticas clave:<\/strong><\/p>\n<ul data-start=\"1415\" data-end=\"1953\">\n<li data-start=\"1415\" data-end=\"1459\">\n<p data-start=\"1417\" data-end=\"1459\"><strong data-start=\"1417\" data-end=\"1426\">Tipo:<\/strong> Bisagra de 90\u00b0 para ducha a ras de pared<\/p>\n<\/li>\n<li data-start=\"1460\" data-end=\"1539\">\n<p data-start=\"1462\" data-end=\"1539\"><strong data-start=\"1462\" data-end=\"1475\">Material:<\/strong> Lat\u00f3n macizo para una solidez y resistencia a la corrosi\u00f3n excepcionales<\/p>\n<\/li>\n<li data-start=\"1540\" data-end=\"1592\">\n<p data-start=\"1542\" data-end=\"1592\"><strong data-start=\"1542\" data-end=\"1566\">Compatibilidad de vidrio:<\/strong> Se adapta a cristales de 6-10 mm de grosor<\/p>\n<\/li>\n<li data-start=\"1593\" data-end=\"1650\">\n<p data-start=\"1595\" data-end=\"1650\"><strong data-start=\"1595\" data-end=\"1613\">Capacidad de carga:<\/strong> Soporta hasta 45 kg por cada dos bisagras<\/p>\n<\/li>\n<li data-start=\"1651\" data-end=\"1715\">\n<p data-start=\"1653\" data-end=\"1715\"><strong data-start=\"1653\" data-end=\"1666\">Funci\u00f3n:<\/strong> Autocierre a unos 30\u00b0 para un funcionamiento suave<\/p>\n<\/li>\n<li data-start=\"1716\" data-end=\"1780\">\n<p data-start=\"1718\" data-end=\"1780\"><strong data-start=\"1718\" data-end=\"1733\">Ajuste:<\/strong> \u00c1ngulo de bisagra ajustable para una alineaci\u00f3n precisa<\/p>\n<\/li>\n<li data-start=\"1781\" data-end=\"1850\">\n<p data-start=\"1783\" data-end=\"1850\"><strong data-start=\"1783\" data-end=\"1794\">Dise\u00f1o:<\/strong> Tapas de bolas de muelle para un aspecto limpio y moderno<\/p>\n<\/li>\n<li data-start=\"1851\" data-end=\"1953\">\n<p data-start=\"1853\" data-end=\"1953\"><strong data-start=\"1853\" data-end=\"1870\">Aplicaciones:<\/strong> Adecuado para puertas de ducha de cristal sin marco en proyectos residenciales y comerciales<\/p>\n<\/li>\n<\/ul>\n<p data-start=\"1955\" data-end=\"1976\"><strong data-start=\"1955\" data-end=\"1974\">Especificaciones:<\/strong><\/p>\n<ul data-start=\"1977\" data-end=\"2279\">\n<li data-start=\"1977\" data-end=\"2000\">\n<p data-start=\"1979\" data-end=\"2000\"><strong data-start=\"1979\" data-end=\"1989\">Modelo:<\/strong> SGH-A201<\/p>\n<\/li>\n<li data-start=\"2001\" data-end=\"2038\">\n<p data-start=\"2003\" data-end=\"2038\"><strong data-start=\"2003\" data-end=\"2012\">Tipo:<\/strong> Bisagra de vidrio a pared de 90\u00b0<\/p>\n<\/li>\n<li data-start=\"2039\" data-end=\"2062\">\n<p data-start=\"2041\" data-end=\"2062\"><strong data-start=\"2041\" data-end=\"2054\">Material:<\/strong> Lat\u00f3n<\/p>\n<\/li>\n<li data-start=\"2063\" data-end=\"2099\">\n<p data-start=\"2065\" data-end=\"2099\"><strong data-start=\"2065\" data-end=\"2090\">Se adapta al grosor del cristal:<\/strong> 6-10 mm<\/p>\n<\/li>\n<li data-start=\"2100\" data-end=\"2136\">\n<p data-start=\"2102\" data-end=\"2136\"><strong data-start=\"2102\" data-end=\"2122\">Peso m\u00e1ximo de la puerta:<\/strong> 45kg \/ 2pcs<\/p>\n<\/li>\n<li data-start=\"2137\" data-end=\"2184\">\n<p data-start=\"2139\" data-end=\"2184\"><strong data-start=\"2139\" data-end=\"2156\">Tipo de cierre:<\/strong> Autocierre a unos 30\u00b0<\/p>\n<\/li>\n<li data-start=\"2185\" data-end=\"2279\">\n<p data-start=\"2187\" data-end=\"2279\"><strong data-start=\"2187\" data-end=\"2206\">Opciones de acabado:<\/strong> Cromo pulido, Oro pulido, N\u00edquel cepillado, Gun Metal, Negro mate<\/p>\n<\/li>\n<\/ul>","protected":false},"excerpt":{"rendered":"<ul>\n<li>Material: lat\u00f3n<\/li>\n<li>Espesor del vidrio: 6\u201310 mm<\/li>\n<li>Autocierre a unos 30\u00b0<\/li>\n<li>M\u00e1x. peso de la puerta de vidrio: 45 kg \/ 2 piezas<\/li>\n<li>Vidrio a pared 90\u00b0<\/li>\n<li>\u00c1ngulo de bisagra ajustable<\/li>\n<li>Tapas protectoras de bolas de resorte<\/li>\n<li>Acabado: Cromo Pulido; Oro pulido; Niquel pulido; Metal de pistola; Negro mate<\/li>\n<\/ul>","protected":false},"featured_media":3049,"comment_status":"open","ping_status":"closed","template":"","meta":{"_acf_changed":false},"product_brand":[],"product_cat":[21,20],"product_tag":[131],"class_list":{"0":"post-820","1":"product","2":"type-product","3":"status-publish","4":"has-post-thumbnail","6":"product_cat-glass-to-wall-hinges","7":"product_cat-shower-door-hinges","8":"product_tag-wall-mount-hinges","9":"pa_finish-brushed-nickel","10":"pa_finish-chrome","11":"pa_finish-gold","12":"pa_finish-gun-metal","13":"pa_finish-black","14":"pa_glass-thickness-6-10-mm","15":"pa_load-bearing-45kg-2pcs","16":"pa_material-brass","18":"first","19":"instock","20":"product-type-variable","21":"has-default-attributes"},"acf":[],"_links":{"self":[{"href":"https:\/\/showerglasshardware.com\/es-es\/wp-json\/wp\/v2\/product\/820","targetHints":{"allow":["GET"]}}],"collection":[{"href":"https:\/\/showerglasshardware.com\/es-es\/wp-json\/wp\/v2\/product"}],"about":[{"href":"https:\/\/showerglasshardware.com\/es-es\/wp-json\/wp\/v2\/types\/product"}],"replies":[{"embeddable":true,"href":"https:\/\/showerglasshardware.com\/es-es\/wp-json\/wp\/v2\/comments?post=820"}],"version-history":[{"count":3,"href":"https:\/\/showerglasshardware.com\/es-es\/wp-json\/wp\/v2\/product\/820\/revisions"}],"predecessor-version":[{"id":5278,"href":"https:\/\/showerglasshardware.com\/es-es\/wp-json\/wp\/v2\/product\/820\/revisions\/5278"}],"wp:featuredmedia":[{"embeddable":true,"href":"https:\/\/showerglasshardware.com\/es-es\/wp-json\/wp\/v2\/media\/3049"}],"wp:attachment":[{"href":"https:\/\/showerglasshardware.com\/es-es\/wp-json\/wp\/v2\/media?parent=820"}],"wp:term":[{"taxonomy":"product_brand","embeddable":true,"href":"https:\/\/showerglasshardware.com\/es-es\/wp-json\/wp\/v2\/product_brand?post=820"},{"taxonomy":"product_cat","embeddable":true,"href":"https:\/\/showerglasshardware.com\/es-es\/wp-json\/wp\/v2\/product_cat?post=820"},{"taxonomy":"product_tag","embeddable":true,"href":"https:\/\/showerglasshardware.com\/es-es\/wp-json\/wp\/v2\/product_tag?post=820"}],"curies":[{"name":"wp","href":"https:\/\/api.w.org\/{rel}","templated":true}]}}