{"id":826,"date":"2024-04-09T07:11:25","date_gmt":"2024-04-09T07:11:25","guid":{"rendered":"https:\/\/showerglasshardware.com\/?post_type=product&#038;p=826"},"modified":"2025-11-21T02:46:06","modified_gmt":"2025-11-21T02:46:06","slug":"glass-to-wall-series-shower-glass-door-offset-hinge-brass-90","status":"publish","type":"product","link":"https:\/\/showerglasshardware.com\/es-es\/product\/glass-to-wall-series-shower-glass-door-offset-hinge-brass-90\/","title":{"rendered":"Bisagra desplazable para puerta de ducha de cristal serie vidrio a pared | Lat\u00f3n | 90\u00b0 SD1601L"},"content":{"rendered":"<p data-start=\"508\" data-end=\"822\">La SD1601L es una bisagra de lat\u00f3n de primera calidad dise\u00f1ada para mamparas de ducha sin marco que requieren un montaje desplazado de 90\u00b0. Su placa posterior desplazada permite una instalaci\u00f3n flexible cuando la pared y el cristal no est\u00e1n perfectamente alineados, a la vez que mantiene un aspecto limpio y moderno.<\/p>\n<p data-start=\"824\" data-end=\"1078\">Esta bisagra cuenta con un mecanismo de autocierre a aproximadamente 30\u00b0, lo que garantiza un retorno de la puerta suave y controlado. El \u00e1ngulo ajustable de la bisagra permite un ajuste preciso despu\u00e9s de la instalaci\u00f3n, y las tapas de las bolas de resorte ofrecen un aspecto limpio y acabado.<\/p>\n<p data-start=\"1080\" data-end=\"1314\">Fabricada en lat\u00f3n macizo para una mayor resistencia a la corrosi\u00f3n, la SGH-1601L admite cristales de 6-12 mm y soporta hasta 35 kg por cada dos bisagras, por lo que resulta ideal para proyectos de cuartos de ba\u00f1o tanto residenciales como comerciales.<\/p>\n<p data-start=\"1316\" data-end=\"1335\"><strong data-start=\"1316\" data-end=\"1333\">Caracter\u00edsticas clave:<\/strong><\/p>\n<ul data-start=\"1336\" data-end=\"1817\">\n<li data-start=\"1336\" data-end=\"1388\">\n<p data-start=\"1338\" data-end=\"1388\"><strong data-start=\"1338\" data-end=\"1347\">Tipo:<\/strong> Bisagra para ducha de 90\u00b0 con desplazamiento del cristal a la pared<\/p>\n<\/li>\n<li data-start=\"1389\" data-end=\"1446\">\n<p data-start=\"1391\" data-end=\"1446\"><strong data-start=\"1391\" data-end=\"1404\">Material:<\/strong> Lat\u00f3n macizo para una mayor durabilidad<\/p>\n<\/li>\n<li data-start=\"1447\" data-end=\"1499\">\n<p data-start=\"1449\" data-end=\"1499\"><strong data-start=\"1449\" data-end=\"1473\">Compatibilidad de vidrio:<\/strong> Se adapta a cristales de 6-12 mm de grosor<\/p>\n<\/li>\n<li data-start=\"1500\" data-end=\"1557\">\n<p data-start=\"1502\" data-end=\"1557\"><strong data-start=\"1502\" data-end=\"1520\">Capacidad de carga:<\/strong> Soporta hasta 35 kg por cada dos bisagras<\/p>\n<\/li>\n<li data-start=\"1558\" data-end=\"1617\">\n<p data-start=\"1560\" data-end=\"1617\"><strong data-start=\"1560\" data-end=\"1571\">Dise\u00f1o:<\/strong> Placa posterior desplazada para una instalaci\u00f3n flexible<\/p>\n<\/li>\n<li data-start=\"1618\" data-end=\"1661\">\n<p data-start=\"1620\" data-end=\"1661\"><strong data-start=\"1620\" data-end=\"1633\">Funci\u00f3n:<\/strong> Autocierre a unos 30\u00b0<\/p>\n<\/li>\n<li data-start=\"1662\" data-end=\"1726\">\n<p data-start=\"1664\" data-end=\"1726\"><strong data-start=\"1664\" data-end=\"1679\">Ajuste:<\/strong> \u00c1ngulo de bisagra ajustable para una alineaci\u00f3n precisa<\/p>\n<\/li>\n<li data-start=\"1727\" data-end=\"1817\">\n<p data-start=\"1729\" data-end=\"1817\"><strong data-start=\"1729\" data-end=\"1746\">Aplicaciones:<\/strong> Puertas de ducha de cristal sin marco en ba\u00f1os residenciales y comerciales<\/p>\n<\/li>\n<\/ul>\n<p data-start=\"1819\" data-end=\"1840\"><strong data-start=\"1819\" data-end=\"1838\">Especificaciones:<\/strong><\/p>\n<ul data-start=\"1841\" data-end=\"2151\">\n<li data-start=\"1841\" data-end=\"1865\">\n<p data-start=\"1843\" data-end=\"1865\"><strong data-start=\"1843\" data-end=\"1853\">Modelo:<\/strong> SGH-1601L<\/p>\n<\/li>\n<li data-start=\"1866\" data-end=\"1910\">\n<p data-start=\"1868\" data-end=\"1910\"><strong data-start=\"1868\" data-end=\"1877\">Tipo:<\/strong> Bisagra desplazada 90\u00b0 vidrio-pared<\/p>\n<\/li>\n<li data-start=\"1911\" data-end=\"1934\">\n<p data-start=\"1913\" data-end=\"1934\"><strong data-start=\"1913\" data-end=\"1926\">Material:<\/strong> Lat\u00f3n<\/p>\n<\/li>\n<li data-start=\"1935\" data-end=\"1971\">\n<p data-start=\"1937\" data-end=\"1971\"><strong data-start=\"1937\" data-end=\"1962\">Se adapta al grosor del cristal:<\/strong> 6-12 mm<\/p>\n<\/li>\n<li data-start=\"1972\" data-end=\"2008\">\n<p data-start=\"1974\" data-end=\"2008\"><strong data-start=\"1974\" data-end=\"1994\">Peso m\u00e1ximo de la puerta:<\/strong> 35kg \/ 2pcs<\/p>\n<\/li>\n<li data-start=\"2009\" data-end=\"2056\">\n<p data-start=\"2011\" data-end=\"2056\"><strong data-start=\"2011\" data-end=\"2028\">Tipo de cierre:<\/strong> Autocierre a unos 30\u00b0<\/p>\n<\/li>\n<li data-start=\"2057\" data-end=\"2151\">\n<p data-start=\"2059\" data-end=\"2151\"><strong data-start=\"2059\" data-end=\"2078\">Opciones de acabado:<\/strong> Cromo pulido, Oro pulido, N\u00edquel cepillado, Gun Metal, Negro mate<\/p>\n<\/li>\n<\/ul>\n<h2 id=\"tablepress-6-name\" class=\"tablepress-table-name tablepress-table-name-id-6\">Abrazaderas de lat\u00f3n para puertas de ducha Serie SD16xx<\/h2>\n\n<table id=\"tablepress-6\" class=\"tablepress tablepress-id-6\" aria-labelledby=\"tablepress-6-name\">\n<thead>\n<tr class=\"row-1\">\n\t<th class=\"column-1\"><strong>Modelo<\/strong><\/th><th class=\"column-2\"><strong>Imagen<\/strong><\/th><th class=\"column-3\"><strong>Tipo de montaje<\/strong><\/th><th class=\"column-4\"><strong>Tipo de cierre<\/strong><\/th><th class=\"column-5\"><strong>Ajustable<\/strong><\/th><th class=\"column-6\"><strong>Caracter\u00edstica<\/strong><\/th>\n<\/tr>\n<\/thead>\n<tbody class=\"row-striping row-hover\">\n<tr class=\"row-2\">\n\t<td class=\"column-1\"><a href=\"https:\/\/showerglasshardware.com\/es-es\/product\/90-degree-adjustable-brass-glass-to-wall-hinge-ac1601a\/\">SD1601A<\/a><\/td><td class=\"column-2\"><a href=\"https:\/\/showerglasshardware.com\/wp-content\/uploads\/2024\/05\/1601-5.jpg\"><img decoding=\"async\" src=\"https:\/\/showerglasshardware.com\/wp-content\/uploads\/2024\/05\/1601-5-300x300.jpg\" alt=\"Bisagra de lat\u00f3n de 90 grados ajustable a la pared en negro mate\" width=\"60\" height=\"60\" class=\"alignnone size-medium wp-image-1846\" title=\"\" srcset=\"https:\/\/showerglasshardware.com\/wp-content\/uploads\/2024\/05\/1601-5-300x300.jpg 300w, https:\/\/showerglasshardware.com\/wp-content\/uploads\/2024\/05\/1601-5-100x100.jpg 100w, https:\/\/showerglasshardware.com\/wp-content\/uploads\/2024\/05\/1601-5-600x600.jpg 600w, https:\/\/showerglasshardware.com\/wp-content\/uploads\/2024\/05\/1601-5-150x150.jpg 150w, https:\/\/showerglasshardware.com\/wp-content\/uploads\/2024\/05\/1601-5-768x768.jpg 768w, https:\/\/showerglasshardware.com\/wp-content\/uploads\/2024\/05\/1601-5-12x12.jpg 12w, https:\/\/showerglasshardware.com\/wp-content\/uploads\/2024\/05\/1601-5.jpg 800w\" sizes=\"(max-width: 60px) 100vw, 60px\" \/><\/a><\/td><td class=\"column-3\">Cristal a pared 90\u00b0 placa completa<\/td><td class=\"column-4\">Autocierre a unos 30\u00b0<\/td><td class=\"column-5\">S\u00ed<\/td><td class=\"column-6\">Con tapa<\/td>\n<\/tr>\n<tr class=\"row-3\">\n\t<td class=\"column-1\"><a href=\"https:\/\/showerglasshardware.com\/es-es\/product\/glass-to-wall-series-shower-glass-door-offset-hinge-brass-90\/\">SD1601L<\/a><\/td><td class=\"column-2\"><a href=\"https:\/\/showerglasshardware.com\/wp-content\/uploads\/2024\/04\/1601-5.jpg\"><img decoding=\"async\" src=\"https:\/\/showerglasshardware.com\/wp-content\/uploads\/2024\/04\/1601-5-300x300.jpg\" alt=\"Bisagra compensada de lat\u00f3n para puerta de ducha de cristal a 90 grados\" width=\"60\" height=\"60\" class=\"alignnone size-medium wp-image-1994\" title=\"\" srcset=\"https:\/\/showerglasshardware.com\/wp-content\/uploads\/2024\/04\/1601-5-300x300.jpg 300w, https:\/\/showerglasshardware.com\/wp-content\/uploads\/2024\/04\/1601-5-100x100.jpg 100w, https:\/\/showerglasshardware.com\/wp-content\/uploads\/2024\/04\/1601-5-600x600.jpg 600w, https:\/\/showerglasshardware.com\/wp-content\/uploads\/2024\/04\/1601-5-150x150.jpg 150w, https:\/\/showerglasshardware.com\/wp-content\/uploads\/2024\/04\/1601-5-768x768.jpg 768w, https:\/\/showerglasshardware.com\/wp-content\/uploads\/2024\/04\/1601-5-12x12.jpg 12w, https:\/\/showerglasshardware.com\/wp-content\/uploads\/2024\/04\/1601-5.jpg 800w\" sizes=\"(max-width: 60px) 100vw, 60px\" \/><\/a><\/td><td class=\"column-3\">Placa de vidrio a pared con desplazamiento de 90\u00b0<\/td><td class=\"column-4\">Autocierre a unos 30\u00b0<\/td><td class=\"column-5\">S\u00ed<\/td><td class=\"column-6\">Con tapa<\/td>\n<\/tr>\n<tr class=\"row-4\">\n\t<td class=\"column-1\"><a href=\"https:\/\/showerglasshardware.com\/es-es\/product\/90-degree-glass-to-glass-spring-hinges-sgh-1602\/\">SD1602<\/a><\/td><td class=\"column-2\"><a href=\"https:\/\/showerglasshardware.com\/wp-content\/uploads\/2024\/05\/1602-5.jpg\"><img decoding=\"async\" src=\"https:\/\/showerglasshardware.com\/wp-content\/uploads\/2024\/05\/1602-5-300x300.jpg\" alt=\"Muelles de bisagra para puerta de ducha sin marco negro mate\" width=\"60\" height=\"60\" class=\"alignnone size-medium wp-image-1897\" title=\"\" srcset=\"https:\/\/showerglasshardware.com\/wp-content\/uploads\/2024\/05\/1602-5-300x300.jpg 300w, https:\/\/showerglasshardware.com\/wp-content\/uploads\/2024\/05\/1602-5-100x100.jpg 100w, https:\/\/showerglasshardware.com\/wp-content\/uploads\/2024\/05\/1602-5-600x600.jpg 600w, https:\/\/showerglasshardware.com\/wp-content\/uploads\/2024\/05\/1602-5-150x150.jpg 150w, https:\/\/showerglasshardware.com\/wp-content\/uploads\/2024\/05\/1602-5-768x768.jpg 768w, https:\/\/showerglasshardware.com\/wp-content\/uploads\/2024\/05\/1602-5-12x12.jpg 12w, https:\/\/showerglasshardware.com\/wp-content\/uploads\/2024\/05\/1602-5.jpg 800w\" sizes=\"(max-width: 60px) 100vw, 60px\" \/><\/a><\/td><td class=\"column-3\">Vidrio a Vidrio 90\u00b0<\/td><td class=\"column-4\">Autocierre a unos 30\u00b0<\/td><td class=\"column-5\">S\u00ed<\/td><td class=\"column-6\">Con tapa<\/td>\n<\/tr>\n<tr class=\"row-5\">\n\t<td class=\"column-1\"><a href=\"https:\/\/showerglasshardware.com\/es-es\/product\/135-degree-glass-to-glass-spring-hinges-sgh-1603\/\">SD1603<\/a><\/td><td class=\"column-2\"><a href=\"https:\/\/showerglasshardware.com\/wp-content\/uploads\/2024\/03\/1603-5.jpg\"><img loading=\"lazy\" decoding=\"async\" src=\"https:\/\/showerglasshardware.com\/wp-content\/uploads\/2024\/03\/1603-5-300x300.jpg\" alt=\"Bisagra de muelle para puerta de cristal modelo SGH-1603\" width=\"60\" height=\"60\" class=\"alignnone size-medium wp-image-1881\" title=\"\" srcset=\"https:\/\/showerglasshardware.com\/wp-content\/uploads\/2024\/03\/1603-5-300x300.jpg 300w, https:\/\/showerglasshardware.com\/wp-content\/uploads\/2024\/03\/1603-5-100x100.jpg 100w, https:\/\/showerglasshardware.com\/wp-content\/uploads\/2024\/03\/1603-5-600x600.jpg 600w, https:\/\/showerglasshardware.com\/wp-content\/uploads\/2024\/03\/1603-5-150x150.jpg 150w, https:\/\/showerglasshardware.com\/wp-content\/uploads\/2024\/03\/1603-5-768x768.jpg 768w, https:\/\/showerglasshardware.com\/wp-content\/uploads\/2024\/03\/1603-5-12x12.jpg 12w, https:\/\/showerglasshardware.com\/wp-content\/uploads\/2024\/03\/1603-5.jpg 800w\" sizes=\"(max-width: 60px) 100vw, 60px\" \/><\/a><\/td><td class=\"column-3\">Vidrio a Vidrio 135\u00b0<\/td><td class=\"column-4\">Autocierre a unos 30\u00b0<\/td><td class=\"column-5\">S\u00ed<\/td><td class=\"column-6\">Con tapa<\/td>\n<\/tr>\n<tr class=\"row-6\">\n\t<td class=\"column-1\"><a href=\"https:\/\/showerglasshardware.com\/es-es\/product\/180-glass-to-glass-spring-hinges-brass-sgh-1064\/\">SD1604<\/a><\/td><td class=\"column-2\"><a href=\"https:\/\/showerglasshardware.com\/wp-content\/uploads\/2024\/03\/GHC1604A-6.jpg\"><img loading=\"lazy\" decoding=\"async\" src=\"https:\/\/showerglasshardware.com\/wp-content\/uploads\/2024\/03\/GHC1604A-6-300x300.jpg\" alt=\"Bisagra de muelle de lat\u00f3n que conecta los paneles de cristal a 180 grados\" width=\"60\" height=\"60\" class=\"alignnone size-medium wp-image-1876\" title=\"\" srcset=\"https:\/\/showerglasshardware.com\/wp-content\/uploads\/2024\/03\/GHC1604A-6-300x300.jpg 300w, https:\/\/showerglasshardware.com\/wp-content\/uploads\/2024\/03\/GHC1604A-6-100x100.jpg 100w, https:\/\/showerglasshardware.com\/wp-content\/uploads\/2024\/03\/GHC1604A-6-600x600.jpg 600w, https:\/\/showerglasshardware.com\/wp-content\/uploads\/2024\/03\/GHC1604A-6-150x150.jpg 150w, https:\/\/showerglasshardware.com\/wp-content\/uploads\/2024\/03\/GHC1604A-6-768x768.jpg 768w, https:\/\/showerglasshardware.com\/wp-content\/uploads\/2024\/03\/GHC1604A-6-12x12.jpg 12w, https:\/\/showerglasshardware.com\/wp-content\/uploads\/2024\/03\/GHC1604A-6.jpg 800w\" sizes=\"(max-width: 60px) 100vw, 60px\" \/><\/a><\/td><td class=\"column-3\">Vidrio a Vidrio 180\u00b0<\/td><td class=\"column-4\">Autocierre a unos 30\u00b0<\/td><td class=\"column-5\">S\u00ed<\/td><td class=\"column-6\">Con tapa<\/td>\n<\/tr>\n<tr class=\"row-7\">\n\t<td class=\"column-1\"><a href=\"https:\/\/showerglasshardware.com\/es-es\/product\/180-degree-glass-to-wall-spring-hinges-sgh-1605\/\">SD1605<\/a><\/td><td class=\"column-2\"><a href=\"https:\/\/showerglasshardware.com\/wp-content\/uploads\/2024\/03\/1605-5.jpg\"><img loading=\"lazy\" decoding=\"async\" src=\"https:\/\/showerglasshardware.com\/wp-content\/uploads\/2024\/03\/1605-5-300x300.jpg\" alt=\"Bisagra de muelle de cristal a pared en posici\u00f3n de apertura de 180 grados\" width=\"60\" height=\"60\" class=\"alignnone size-medium wp-image-1902\" title=\"\" srcset=\"https:\/\/showerglasshardware.com\/wp-content\/uploads\/2024\/03\/1605-5-300x300.jpg 300w, https:\/\/showerglasshardware.com\/wp-content\/uploads\/2024\/03\/1605-5-100x100.jpg 100w, https:\/\/showerglasshardware.com\/wp-content\/uploads\/2024\/03\/1605-5-600x600.jpg 600w, https:\/\/showerglasshardware.com\/wp-content\/uploads\/2024\/03\/1605-5-150x150.jpg 150w, https:\/\/showerglasshardware.com\/wp-content\/uploads\/2024\/03\/1605-5-768x768.jpg 768w, https:\/\/showerglasshardware.com\/wp-content\/uploads\/2024\/03\/1605-5-12x12.jpg 12w, https:\/\/showerglasshardware.com\/wp-content\/uploads\/2024\/03\/1605-5.jpg 800w\" sizes=\"(max-width: 60px) 100vw, 60px\" \/><\/a><\/td><td class=\"column-3\">Vidrio a pared 180\u00b0<\/td><td class=\"column-4\">Autocierre a unos 30\u00b0<\/td><td class=\"column-5\">S\u00ed<\/td><td class=\"column-6\">Con tapa<\/td>\n<\/tr>\n<\/tbody>\n<\/table>\n<!-- #tablepress-6 from cache -->","protected":false},"excerpt":{"rendered":"<ul>\n<li>Material: lat\u00f3n<\/li>\n<li>Espesor del vidrio: 6\u201312 mm<\/li>\n<li>Autocierre a unos 30\u00b0<\/li>\n<li>M\u00e1x. peso de la puerta de vidrio: 35 kg \/ 2 piezas<\/li>\n<li>Bisagra desplazada de 90\u00b0 de vidrio a pared<\/li>\n<li>\u00c1ngulo de bisagra ajustable<\/li>\n<li>Tapas protectoras de bolas de resorte<\/li>\n<li>Acabado: Cromo Pulido; Oro pulido; Niquel pulido; Metal de pistola; Negro mate<\/li>\n<\/ul>","protected":false},"featured_media":3047,"comment_status":"open","ping_status":"closed","template":"","meta":{"_acf_changed":false},"product_brand":[],"product_cat":[20,170],"product_tag":[129],"class_list":{"0":"post-826","1":"product","2":"type-product","3":"status-publish","4":"has-post-thumbnail","6":"product_cat-shower-door-hinges","7":"product_cat-offset-wall-to-glass-hinges","8":"product_tag-offset-wall-mount-hinges","9":"pa_finish-brushed-nickel","10":"pa_finish-chrome","11":"pa_finish-gold","12":"pa_finish-gun-metal","13":"pa_finish-black","14":"pa_glass-thickness-1-2-inch-12mm","15":"pa_glass-thickness-1-4-inch-6mm","16":"pa_glass-thickness-3-8-inch-10mm","17":"pa_glass-thickness-5-16-inch-8mm","18":"pa_load-bearing-35kg-2pcs","19":"pa_material-brass","21":"first","22":"instock","23":"product-type-variable","24":"has-default-attributes"},"acf":[],"_links":{"self":[{"href":"https:\/\/showerglasshardware.com\/es-es\/wp-json\/wp\/v2\/product\/826","targetHints":{"allow":["GET"]}}],"collection":[{"href":"https:\/\/showerglasshardware.com\/es-es\/wp-json\/wp\/v2\/product"}],"about":[{"href":"https:\/\/showerglasshardware.com\/es-es\/wp-json\/wp\/v2\/types\/product"}],"replies":[{"embeddable":true,"href":"https:\/\/showerglasshardware.com\/es-es\/wp-json\/wp\/v2\/comments?post=826"}],"version-history":[{"count":5,"href":"https:\/\/showerglasshardware.com\/es-es\/wp-json\/wp\/v2\/product\/826\/revisions"}],"predecessor-version":[{"id":4895,"href":"https:\/\/showerglasshardware.com\/es-es\/wp-json\/wp\/v2\/product\/826\/revisions\/4895"}],"wp:featuredmedia":[{"embeddable":true,"href":"https:\/\/showerglasshardware.com\/es-es\/wp-json\/wp\/v2\/media\/3047"}],"wp:attachment":[{"href":"https:\/\/showerglasshardware.com\/es-es\/wp-json\/wp\/v2\/media?parent=826"}],"wp:term":[{"taxonomy":"product_brand","embeddable":true,"href":"https:\/\/showerglasshardware.com\/es-es\/wp-json\/wp\/v2\/product_brand?post=826"},{"taxonomy":"product_cat","embeddable":true,"href":"https:\/\/showerglasshardware.com\/es-es\/wp-json\/wp\/v2\/product_cat?post=826"},{"taxonomy":"product_tag","embeddable":true,"href":"https:\/\/showerglasshardware.com\/es-es\/wp-json\/wp\/v2\/product_tag?post=826"}],"curies":[{"name":"wp","href":"https:\/\/api.w.org\/{rel}","templated":true}]}}