{"id":864,"date":"2024-04-17T03:29:57","date_gmt":"2024-04-17T03:29:57","guid":{"rendered":"https:\/\/showerglasshardware.com\/?post_type=product&#038;p=864"},"modified":"2025-11-21T02:39:11","modified_gmt":"2025-11-21T02:39:11","slug":"glass-to-wall-adjustable-lift-off-shower-hinge-sgh-l111","status":"publish","type":"product","link":"https:\/\/showerglasshardware.com\/es-es\/product\/glass-to-wall-adjustable-lift-off-shower-hinge-sgh-l111\/","title":{"rendered":"Bisagra de ducha elevable ajustable de vidrio a pared SGH-L111"},"content":{"rendered":"<p data-start=\"488\" data-end=\"692\">La bisagra de ducha elevable lateral izquierda ajustable de cristal a pared SGH-L111 combina resistencia, comodidad y ajuste preciso, lo que la convierte en una excelente elecci\u00f3n para mamparas de ducha modernas sin marco.<\/p>\n<p data-start=\"694\" data-end=\"969\">Con un dise\u00f1o elevable, esta bisagra permite desmontar la puerta r\u00e1pida y f\u00e1cilmente para su limpieza o mantenimiento sin necesidad de desmontarla por completo. El mecanismo ajustable permite una alineaci\u00f3n perfecta incluso despu\u00e9s de la instalaci\u00f3n, lo que garantiza un funcionamiento suave y un sellado \u00f3ptimo.<\/p>\n<p data-start=\"971\" data-end=\"1254\">Fabricada en lat\u00f3n macizo para mayor durabilidad y resistencia a la corrosi\u00f3n, la bisagra es apta para cristal de 6-12 mm de grosor y soporta hasta 45 kg por cada dos bisagras. Su configuraci\u00f3n vidrio-pared ofrece un montaje seguro y estable al tiempo que mantiene un aspecto minimalista sin marco.<\/p>\n<p data-start=\"1256\" data-end=\"1275\"><strong data-start=\"1256\" data-end=\"1273\">Caracter\u00edsticas clave:<\/strong><\/p>\n<ul data-start=\"1276\" data-end=\"1759\">\n<li data-start=\"1276\" data-end=\"1347\">\n<p data-start=\"1278\" data-end=\"1347\"><strong data-start=\"1278\" data-end=\"1287\">Tipo:<\/strong> Bisagra de ducha elevable y ajustable a la izquierda, de cristal a pared<\/p>\n<\/li>\n<li data-start=\"1348\" data-end=\"1405\">\n<p data-start=\"1350\" data-end=\"1405\"><strong data-start=\"1350\" data-end=\"1363\">Material:<\/strong> Lat\u00f3n macizo para una mayor durabilidad<\/p>\n<\/li>\n<li data-start=\"1406\" data-end=\"1458\">\n<p data-start=\"1408\" data-end=\"1458\"><strong data-start=\"1408\" data-end=\"1432\">Compatibilidad de vidrio:<\/strong> Se adapta a cristales de 6-12 mm de grosor<\/p>\n<\/li>\n<li data-start=\"1459\" data-end=\"1516\">\n<p data-start=\"1461\" data-end=\"1516\"><strong data-start=\"1461\" data-end=\"1479\">Capacidad de carga:<\/strong> Soporta hasta 45 kg por cada dos bisagras<\/p>\n<\/li>\n<li data-start=\"1517\" data-end=\"1586\">\n<p data-start=\"1519\" data-end=\"1586\"><strong data-start=\"1519\" data-end=\"1530\">Dise\u00f1o:<\/strong> Estructura elevable para facilitar la extracci\u00f3n y limpieza de la puerta<\/p>\n<\/li>\n<li data-start=\"1587\" data-end=\"1656\">\n<p data-start=\"1589\" data-end=\"1656\"><strong data-start=\"1589\" data-end=\"1604\">Ajuste:<\/strong> Ajuste de alineaci\u00f3n integrado para un ajuste preciso<\/p>\n<\/li>\n<li data-start=\"1657\" data-end=\"1759\">\n<p data-start=\"1659\" data-end=\"1759\"><strong data-start=\"1659\" data-end=\"1676\">Aplicaciones:<\/strong> Adecuado para puertas de ducha de cristal sin marco en entornos residenciales y comerciales<\/p>\n<\/li>\n<\/ul>\n<p data-start=\"1761\" data-end=\"1782\"><strong data-start=\"1761\" data-end=\"1780\">Especificaciones:<\/strong><\/p>\n<ul data-start=\"1783\" data-end=\"2092\">\n<li data-start=\"1783\" data-end=\"1806\">\n<p data-start=\"1785\" data-end=\"1806\"><strong data-start=\"1785\" data-end=\"1795\">Modelo:<\/strong> SGH-L111<\/p>\n<\/li>\n<li data-start=\"1807\" data-end=\"1872\">\n<p data-start=\"1809\" data-end=\"1872\"><strong data-start=\"1809\" data-end=\"1818\">Tipo:<\/strong> Bisagra de cristal a pared, elevable hacia la izquierda, regulable<\/p>\n<\/li>\n<li data-start=\"1873\" data-end=\"1896\">\n<p data-start=\"1875\" data-end=\"1896\"><strong data-start=\"1875\" data-end=\"1888\">Material:<\/strong> Lat\u00f3n<\/p>\n<\/li>\n<li data-start=\"1897\" data-end=\"1933\">\n<p data-start=\"1899\" data-end=\"1933\"><strong data-start=\"1899\" data-end=\"1924\">Se adapta al grosor del cristal:<\/strong> 6-12 mm<\/p>\n<\/li>\n<li data-start=\"1934\" data-end=\"1970\">\n<p data-start=\"1936\" data-end=\"1970\"><strong data-start=\"1936\" data-end=\"1956\">Peso m\u00e1ximo de la puerta:<\/strong> 45kg \/ 2pcs<\/p>\n<\/li>\n<li data-start=\"1971\" data-end=\"1997\">\n<p data-start=\"1973\" data-end=\"1997\"><strong data-start=\"1973\" data-end=\"1991\">Rango de apertura:<\/strong> 90\u00b0<\/p>\n<\/li>\n<li data-start=\"1998\" data-end=\"2092\">\n<p data-start=\"2000\" data-end=\"2092\"><strong data-start=\"2000\" data-end=\"2019\">Opciones de acabado:<\/strong> Cromo pulido, Oro pulido, N\u00edquel cepillado, Gun Metal, Negro mate<\/p>\n<\/li>\n<\/ul>","protected":false},"excerpt":{"rendered":"<ul>\n<li>Bisagra de ducha elevable de vidrio a pared (izquierda)<\/li>\n<li>Material: lat\u00f3n<\/li>\n<li>Espesor del vidrio: 6\u201312 mm<\/li>\n<li>Peso m\u00e1ximo de la puerta de cristal: 45 kg\/2 piezas<\/li>\n<li>Acabado: Cromo pulido, Oro pulido, N\u00edquel cepillado Gun metal, Negro mate<\/li>\n<\/ul>","protected":false},"featured_media":3044,"comment_status":"open","ping_status":"closed","template":"","meta":{"_acf_changed":false},"product_brand":[],"product_cat":[20,106],"product_tag":[130],"class_list":{"0":"post-864","1":"product","2":"type-product","3":"status-publish","4":"has-post-thumbnail","6":"product_cat-shower-door-hinges","7":"product_cat-lift-off-shower-hinges","8":"product_tag-lift-off-shower-hinges","9":"pa_finish-brushed-nickel","10":"pa_finish-chrome","11":"pa_finish-gold","12":"pa_finish-gun-metal","13":"pa_finish-black","14":"pa_glass-thickness-6-12mm","15":"pa_material-brass","16":"pa_size-5877mm","18":"first","19":"instock","20":"purchasable","21":"product-type-variable","22":"has-default-attributes"},"acf":[],"_links":{"self":[{"href":"https:\/\/showerglasshardware.com\/es-es\/wp-json\/wp\/v2\/product\/864","targetHints":{"allow":["GET"]}}],"collection":[{"href":"https:\/\/showerglasshardware.com\/es-es\/wp-json\/wp\/v2\/product"}],"about":[{"href":"https:\/\/showerglasshardware.com\/es-es\/wp-json\/wp\/v2\/types\/product"}],"replies":[{"embeddable":true,"href":"https:\/\/showerglasshardware.com\/es-es\/wp-json\/wp\/v2\/comments?post=864"}],"version-history":[{"count":2,"href":"https:\/\/showerglasshardware.com\/es-es\/wp-json\/wp\/v2\/product\/864\/revisions"}],"predecessor-version":[{"id":4712,"href":"https:\/\/showerglasshardware.com\/es-es\/wp-json\/wp\/v2\/product\/864\/revisions\/4712"}],"wp:featuredmedia":[{"embeddable":true,"href":"https:\/\/showerglasshardware.com\/es-es\/wp-json\/wp\/v2\/media\/3044"}],"wp:attachment":[{"href":"https:\/\/showerglasshardware.com\/es-es\/wp-json\/wp\/v2\/media?parent=864"}],"wp:term":[{"taxonomy":"product_brand","embeddable":true,"href":"https:\/\/showerglasshardware.com\/es-es\/wp-json\/wp\/v2\/product_brand?post=864"},{"taxonomy":"product_cat","embeddable":true,"href":"https:\/\/showerglasshardware.com\/es-es\/wp-json\/wp\/v2\/product_cat?post=864"},{"taxonomy":"product_tag","embeddable":true,"href":"https:\/\/showerglasshardware.com\/es-es\/wp-json\/wp\/v2\/product_tag?post=864"}],"curies":[{"name":"wp","href":"https:\/\/api.w.org\/{rel}","templated":true}]}}