{"id":868,"date":"2024-04-17T03:31:15","date_gmt":"2024-04-17T03:31:15","guid":{"rendered":"https:\/\/showerglasshardware.com\/?post_type=product&#038;p=868"},"modified":"2025-11-21T07:12:18","modified_gmt":"2025-11-21T07:12:18","slug":"glass-to-wall-adjustable-lift-off-shower-hinge-sgh-r111","status":"publish","type":"product","link":"https:\/\/showerglasshardware.com\/es-es\/product\/glass-to-wall-adjustable-lift-off-shower-hinge-sgh-r111\/","title":{"rendered":"Bisagra de ducha elevable ajustable de vidrio a pared SGH-R111"},"content":{"rendered":"<p data-start=\"490\" data-end=\"685\">La SGH-R111 es una bisagra de lat\u00f3n de alta calidad dise\u00f1ada para mamparas de ducha sin marco que requieren resistencia y comodidad.<\/p>\n<p data-start=\"687\" data-end=\"916\">Su dise\u00f1o elevable permite desmontar f\u00e1cilmente la puerta para su limpieza o mantenimiento sin necesidad de desmontar todo el marco, mientras que la funci\u00f3n de alineaci\u00f3n ajustable garantiza una colocaci\u00f3n perfecta de la puerta incluso despu\u00e9s de la instalaci\u00f3n.<\/p>\n<p data-start=\"918\" data-end=\"1176\">Fabricada en lat\u00f3n macizo para ofrecer una excepcional resistencia a la corrosi\u00f3n, esta bisagra se adapta a cristales de 6 a 12 mm de grosor y soporta hasta 45 kg por cada dos bisagras. La configuraci\u00f3n vidrio-pared proporciona un montaje seguro a la vez que mantiene un aspecto limpio y moderno sin marco.<\/p>\n<p data-start=\"1178\" data-end=\"1197\"><strong data-start=\"1178\" data-end=\"1195\">Caracter\u00edsticas clave:<\/strong><\/p>\n<ul data-start=\"1198\" data-end=\"1681\">\n<li data-start=\"1198\" data-end=\"1270\">\n<p data-start=\"1200\" data-end=\"1270\"><strong data-start=\"1200\" data-end=\"1209\">Tipo:<\/strong> Bisagra de ducha elevable ajustable a la derecha, de cristal a pared<\/p>\n<\/li>\n<li data-start=\"1271\" data-end=\"1335\">\n<p data-start=\"1273\" data-end=\"1335\"><strong data-start=\"1273\" data-end=\"1286\">Material:<\/strong> Lat\u00f3n macizo para mayor durabilidad y resistencia a la oxidaci\u00f3n<\/p>\n<\/li>\n<li data-start=\"1336\" data-end=\"1388\">\n<p data-start=\"1338\" data-end=\"1388\"><strong data-start=\"1338\" data-end=\"1362\">Compatibilidad de vidrio:<\/strong> Se adapta a cristales de 6-12 mm de grosor<\/p>\n<\/li>\n<li data-start=\"1389\" data-end=\"1446\">\n<p data-start=\"1391\" data-end=\"1446\"><strong data-start=\"1391\" data-end=\"1409\">Capacidad de carga:<\/strong> Soporta hasta 45 kg por cada dos bisagras<\/p>\n<\/li>\n<li data-start=\"1447\" data-end=\"1516\">\n<p data-start=\"1449\" data-end=\"1516\"><strong data-start=\"1449\" data-end=\"1460\">Dise\u00f1o:<\/strong> Estructura elevable para facilitar la extracci\u00f3n y limpieza de la puerta<\/p>\n<\/li>\n<li data-start=\"1517\" data-end=\"1586\">\n<p data-start=\"1519\" data-end=\"1586\"><strong data-start=\"1519\" data-end=\"1534\">Ajuste:<\/strong> Ajuste de alineaci\u00f3n integrado para un ajuste preciso<\/p>\n<\/li>\n<li data-start=\"1587\" data-end=\"1681\">\n<p data-start=\"1589\" data-end=\"1681\"><strong data-start=\"1589\" data-end=\"1606\">Aplicaciones:<\/strong> Ideal para puertas de ducha sin marco en ba\u00f1os residenciales y comerciales<\/p>\n<\/li>\n<\/ul>\n<p data-start=\"1683\" data-end=\"1704\"><strong data-start=\"1683\" data-end=\"1702\">Especificaciones:<\/strong><\/p>\n<ul data-start=\"1705\" data-end=\"2015\">\n<li data-start=\"1705\" data-end=\"1728\">\n<p data-start=\"1707\" data-end=\"1728\"><strong data-start=\"1707\" data-end=\"1717\">Modelo:<\/strong> SGH-R111<\/p>\n<\/li>\n<li data-start=\"1729\" data-end=\"1795\">\n<p data-start=\"1731\" data-end=\"1795\"><strong data-start=\"1731\" data-end=\"1740\">Tipo:<\/strong> Bisagra de cristal a pared, elevable a la derecha, regulable<\/p>\n<\/li>\n<li data-start=\"1796\" data-end=\"1819\">\n<p data-start=\"1798\" data-end=\"1819\"><strong data-start=\"1798\" data-end=\"1811\">Material:<\/strong> Lat\u00f3n<\/p>\n<\/li>\n<li data-start=\"1820\" data-end=\"1856\">\n<p data-start=\"1822\" data-end=\"1856\"><strong data-start=\"1822\" data-end=\"1847\">Se adapta al grosor del cristal:<\/strong> 6-12 mm<\/p>\n<\/li>\n<li data-start=\"1857\" data-end=\"1893\">\n<p data-start=\"1859\" data-end=\"1893\"><strong data-start=\"1859\" data-end=\"1879\">Peso m\u00e1ximo de la puerta:<\/strong> 45kg \/ 2pcs<\/p>\n<\/li>\n<li data-start=\"1894\" data-end=\"1920\">\n<p data-start=\"1896\" data-end=\"1920\"><strong data-start=\"1896\" data-end=\"1914\">Rango de apertura:<\/strong> 90\u00b0<\/p>\n<\/li>\n<li data-start=\"1921\" data-end=\"2015\">\n<p data-start=\"1923\" data-end=\"2015\"><strong data-start=\"1923\" data-end=\"1942\">Opciones de acabado:<\/strong> Cromo pulido, Oro pulido, N\u00edquel cepillado, Gun Metal, Negro mate<\/p>\n<\/li>\n<\/ul>","protected":false},"excerpt":{"rendered":"<ul>\n<li>Bisagra de ducha elevable de vidrio a pared (derecha)<\/li>\n<li>Material: lat\u00f3n<\/li>\n<li>Espesor del vidrio: 6\u201312 mm<\/li>\n<li>Peso m\u00e1ximo de la puerta de cristal: 45 kg\/2 piezas<\/li>\n<li>Acabado: Cromo pulido, Oro pulido, N\u00edquel cepillado Gun metal, Negro mate<\/li>\n<\/ul>","protected":false},"featured_media":3045,"comment_status":"open","ping_status":"closed","template":"","meta":{"_acf_changed":false},"product_brand":[],"product_cat":[20,106],"product_tag":[130],"class_list":{"0":"post-868","1":"product","2":"type-product","3":"status-publish","4":"has-post-thumbnail","6":"product_cat-shower-door-hinges","7":"product_cat-lift-off-shower-hinges","8":"product_tag-lift-off-shower-hinges","9":"pa_finish-brushed-nickel","10":"pa_finish-chrome","11":"pa_finish-gold","12":"pa_finish-gun-metal","13":"pa_finish-black","14":"pa_glass-thickness-6-12mm","15":"pa_material-brass","16":"pa_size-5877mm","18":"first","19":"instock","20":"purchasable","21":"product-type-variable","22":"has-default-attributes"},"acf":[],"_links":{"self":[{"href":"https:\/\/showerglasshardware.com\/es-es\/wp-json\/wp\/v2\/product\/868","targetHints":{"allow":["GET"]}}],"collection":[{"href":"https:\/\/showerglasshardware.com\/es-es\/wp-json\/wp\/v2\/product"}],"about":[{"href":"https:\/\/showerglasshardware.com\/es-es\/wp-json\/wp\/v2\/types\/product"}],"replies":[{"embeddable":true,"href":"https:\/\/showerglasshardware.com\/es-es\/wp-json\/wp\/v2\/comments?post=868"}],"version-history":[{"count":2,"href":"https:\/\/showerglasshardware.com\/es-es\/wp-json\/wp\/v2\/product\/868\/revisions"}],"predecessor-version":[{"id":4710,"href":"https:\/\/showerglasshardware.com\/es-es\/wp-json\/wp\/v2\/product\/868\/revisions\/4710"}],"wp:featuredmedia":[{"embeddable":true,"href":"https:\/\/showerglasshardware.com\/es-es\/wp-json\/wp\/v2\/media\/3045"}],"wp:attachment":[{"href":"https:\/\/showerglasshardware.com\/es-es\/wp-json\/wp\/v2\/media?parent=868"}],"wp:term":[{"taxonomy":"product_brand","embeddable":true,"href":"https:\/\/showerglasshardware.com\/es-es\/wp-json\/wp\/v2\/product_brand?post=868"},{"taxonomy":"product_cat","embeddable":true,"href":"https:\/\/showerglasshardware.com\/es-es\/wp-json\/wp\/v2\/product_cat?post=868"},{"taxonomy":"product_tag","embeddable":true,"href":"https:\/\/showerglasshardware.com\/es-es\/wp-json\/wp\/v2\/product_tag?post=868"}],"curies":[{"name":"wp","href":"https:\/\/api.w.org\/{rel}","templated":true}]}}