{"id":872,"date":"2024-04-17T03:36:15","date_gmt":"2024-04-17T03:36:15","guid":{"rendered":"https:\/\/showerglasshardware.com\/?post_type=product&#038;p=872"},"modified":"2025-11-21T07:10:13","modified_gmt":"2025-11-21T07:10:13","slug":"glass-to-glass-left-side-lift-off-shower-hinge-sgh-l112","status":"publish","type":"product","link":"https:\/\/showerglasshardware.com\/es-es\/product\/glass-to-glass-left-side-lift-off-shower-hinge-sgh-l112\/","title":{"rendered":"Bisagra de ducha desmontable del lado izquierdo de vidrio a vidrio SGH-L112"},"content":{"rendered":"<p data-start=\"442\" data-end=\"641\">La bisagra de ducha elevable de cristal a cristal SGH-L112 es una bisagra de ducha elevable de lat\u00f3n de primera calidad dise\u00f1ada para una instalaci\u00f3n sencilla, un rendimiento fiable y un aspecto moderno sin marco.<\/p>\n<p data-start=\"643\" data-end=\"939\">Con su dise\u00f1o elevable, la bisagra permite desmontar r\u00e1pidamente la puerta sin necesidad de desmontar todo el armario, lo que facilita la limpieza y el mantenimiento. Fabricada en lat\u00f3n macizo, ofrece una solidez y una resistencia a la corrosi\u00f3n excepcionales, por lo que es ideal para cuartos de ba\u00f1o h\u00famedos.<\/p>\n<p data-start=\"941\" data-end=\"1111\">Adecuada para cristal de 6 a 12 mm de grosor, esta bisagra soporta hasta 45 kg por cada dos bisagras y es perfecta para conexiones de cristal a cristal en mamparas de ducha sin marco.<\/p>\n<p data-start=\"1113\" data-end=\"1132\"><strong data-start=\"1113\" data-end=\"1130\">Caracter\u00edsticas clave:<\/strong><\/p>\n<ul data-start=\"1133\" data-end=\"1540\">\n<li data-start=\"1133\" data-end=\"1194\">\n<p data-start=\"1135\" data-end=\"1194\"><strong data-start=\"1135\" data-end=\"1144\">Tipo:<\/strong> Bisagra de ducha elevable a la izquierda, vidrio contra vidrio<\/p>\n<\/li>\n<li data-start=\"1195\" data-end=\"1259\">\n<p data-start=\"1197\" data-end=\"1259\"><strong data-start=\"1197\" data-end=\"1210\">Material:<\/strong> Lat\u00f3n macizo para mayor durabilidad y resistencia a la oxidaci\u00f3n<\/p>\n<\/li>\n<li data-start=\"1260\" data-end=\"1312\">\n<p data-start=\"1262\" data-end=\"1312\"><strong data-start=\"1262\" data-end=\"1286\">Compatibilidad de vidrio:<\/strong> Se adapta a cristales de 6-12 mm de grosor<\/p>\n<\/li>\n<li data-start=\"1313\" data-end=\"1370\">\n<p data-start=\"1315\" data-end=\"1370\"><strong data-start=\"1315\" data-end=\"1333\">Capacidad de carga:<\/strong> Soporta hasta 45 kg por cada dos bisagras<\/p>\n<\/li>\n<li data-start=\"1371\" data-end=\"1440\">\n<p data-start=\"1373\" data-end=\"1440\"><strong data-start=\"1373\" data-end=\"1384\">Dise\u00f1o:<\/strong> Estructura elevable para facilitar la extracci\u00f3n y limpieza de la puerta<\/p>\n<\/li>\n<li data-start=\"1441\" data-end=\"1540\">\n<p data-start=\"1443\" data-end=\"1540\"><strong data-start=\"1443\" data-end=\"1460\">Aplicaciones:<\/strong> Ideal para mamparas de ducha sin marco en ba\u00f1os residenciales y comerciales<\/p>\n<\/li>\n<\/ul>\n<p data-start=\"1542\" data-end=\"1563\"><strong data-start=\"1542\" data-end=\"1561\">Especificaciones:<\/strong><\/p>\n<ul data-start=\"1564\" data-end=\"1862\">\n<li data-start=\"1564\" data-end=\"1587\">\n<p data-start=\"1566\" data-end=\"1587\"><strong data-start=\"1566\" data-end=\"1576\">Modelo:<\/strong> SGH-L112<\/p>\n<\/li>\n<li data-start=\"1588\" data-end=\"1642\">\n<p data-start=\"1590\" data-end=\"1642\"><strong data-start=\"1590\" data-end=\"1599\">Tipo:<\/strong> Bisagra elevable de cristal a cristal, lado izquierdo<\/p>\n<\/li>\n<li data-start=\"1643\" data-end=\"1666\">\n<p data-start=\"1645\" data-end=\"1666\"><strong data-start=\"1645\" data-end=\"1658\">Material:<\/strong> Lat\u00f3n<\/p>\n<\/li>\n<li data-start=\"1667\" data-end=\"1703\">\n<p data-start=\"1669\" data-end=\"1703\"><strong data-start=\"1669\" data-end=\"1694\">Se adapta al grosor del cristal:<\/strong> 6-12 mm<\/p>\n<\/li>\n<li data-start=\"1704\" data-end=\"1740\">\n<p data-start=\"1706\" data-end=\"1740\"><strong data-start=\"1706\" data-end=\"1726\">Peso m\u00e1ximo de la puerta:<\/strong> 45kg \/ 2pcs<\/p>\n<\/li>\n<li data-start=\"1741\" data-end=\"1767\">\n<p data-start=\"1743\" data-end=\"1767\"><strong data-start=\"1743\" data-end=\"1761\">Rango de apertura:<\/strong> 90\u00b0<\/p>\n<\/li>\n<li data-start=\"1768\" data-end=\"1862\">\n<p data-start=\"1770\" data-end=\"1862\"><strong data-start=\"1770\" data-end=\"1789\">Opciones de acabado:<\/strong> Cromo pulido, Oro pulido, N\u00edquel cepillado, Gun Metal, Negro mate<\/p>\n<\/li>\n<\/ul>","protected":false},"excerpt":{"rendered":"<ul>\n<li>Bisagra de ducha desmontable del lado izquierdo de vidrio a vidrio<\/li>\n<li>Material: lat\u00f3n<\/li>\n<li>Espesor del vidrio: 6\u201312 mm<\/li>\n<li>Peso m\u00e1ximo de la puerta de cristal: 45 kg\/2 piezas<\/li>\n<li>Acabado: Cromo pulido, Oro pulido, N\u00edquel cepillado Gun metal, Negro mate<\/li>\n<\/ul>","protected":false},"featured_media":3043,"comment_status":"open","ping_status":"closed","template":"","meta":{"_acf_changed":false},"product_brand":[],"product_cat":[106,20],"product_tag":[130],"class_list":{"0":"post-872","1":"product","2":"type-product","3":"status-publish","4":"has-post-thumbnail","6":"product_cat-lift-off-shower-hinges","7":"product_cat-shower-door-hinges","8":"product_tag-lift-off-shower-hinges","9":"pa_finish-brushed-nickel","10":"pa_finish-chrome","11":"pa_finish-gold","12":"pa_finish-gun-metal","13":"pa_finish-black","14":"pa_glass-thickness-6-12mm","15":"pa_material-brass","16":"pa_size-58119mm","18":"first","19":"instock","20":"purchasable","21":"product-type-variable","22":"has-default-attributes"},"acf":[],"_links":{"self":[{"href":"https:\/\/showerglasshardware.com\/es-es\/wp-json\/wp\/v2\/product\/872","targetHints":{"allow":["GET"]}}],"collection":[{"href":"https:\/\/showerglasshardware.com\/es-es\/wp-json\/wp\/v2\/product"}],"about":[{"href":"https:\/\/showerglasshardware.com\/es-es\/wp-json\/wp\/v2\/types\/product"}],"replies":[{"embeddable":true,"href":"https:\/\/showerglasshardware.com\/es-es\/wp-json\/wp\/v2\/comments?post=872"}],"version-history":[{"count":2,"href":"https:\/\/showerglasshardware.com\/es-es\/wp-json\/wp\/v2\/product\/872\/revisions"}],"predecessor-version":[{"id":4708,"href":"https:\/\/showerglasshardware.com\/es-es\/wp-json\/wp\/v2\/product\/872\/revisions\/4708"}],"wp:featuredmedia":[{"embeddable":true,"href":"https:\/\/showerglasshardware.com\/es-es\/wp-json\/wp\/v2\/media\/3043"}],"wp:attachment":[{"href":"https:\/\/showerglasshardware.com\/es-es\/wp-json\/wp\/v2\/media?parent=872"}],"wp:term":[{"taxonomy":"product_brand","embeddable":true,"href":"https:\/\/showerglasshardware.com\/es-es\/wp-json\/wp\/v2\/product_brand?post=872"},{"taxonomy":"product_cat","embeddable":true,"href":"https:\/\/showerglasshardware.com\/es-es\/wp-json\/wp\/v2\/product_cat?post=872"},{"taxonomy":"product_tag","embeddable":true,"href":"https:\/\/showerglasshardware.com\/es-es\/wp-json\/wp\/v2\/product_tag?post=872"}],"curies":[{"name":"wp","href":"https:\/\/api.w.org\/{rel}","templated":true}]}}