{"id":876,"date":"2024-04-17T03:43:15","date_gmt":"2024-04-17T03:43:15","guid":{"rendered":"https:\/\/showerglasshardware.com\/?post_type=product&#038;p=876"},"modified":"2025-11-21T07:08:21","modified_gmt":"2025-11-21T07:08:21","slug":"glass-to-glass-right-side-lift-off-shower-hinge-sgh-r112","status":"publish","type":"product","link":"https:\/\/showerglasshardware.com\/es-es\/product\/glass-to-glass-right-side-lift-off-shower-hinge-sgh-r112\/","title":{"rendered":"Bisagra de ducha despegable del lado derecho de vidrio a vidrio SGH-R112"},"content":{"rendered":"<p data-start=\"483\" data-end=\"661\">La bisagra de ducha elevable SGH-R112 de cristal a cristal derecho est\u00e1 dise\u00f1ada para una instalaci\u00f3n c\u00f3moda, un funcionamiento suave y un soporte fiable en mamparas de ducha sin marco.<\/p>\n<p data-start=\"663\" data-end=\"937\">Fabricada en lat\u00f3n macizo, esta bisagra es compatible con cristal de 6-12 mm de grosor y puede soportar hasta 45 kg por cada dos bisagras. Su dise\u00f1o elevable facilita la extracci\u00f3n y el mantenimiento de la puerta, por lo que es ideal para cuartos de ba\u00f1o residenciales y comerciales.<\/p>\n<p data-start=\"939\" data-end=\"1095\">Disponible en acabados Cromo pulido, Oro pulido, N\u00edquel cepillado, Gun Metal y Negro mate, el SGH-R112 combina durabilidad con un estilo elegante.<\/p>\n<p data-start=\"1097\" data-end=\"1116\"><strong data-start=\"1097\" data-end=\"1114\">Caracter\u00edsticas clave:<\/strong><\/p>\n<ul data-start=\"1117\" data-end=\"1616\">\n<li data-start=\"1117\" data-end=\"1171\">\n<p data-start=\"1119\" data-end=\"1171\"><strong data-start=\"1119\" data-end=\"1128\">Tipo:<\/strong> Bisagra derecha elevable de cristal a cristal<\/p>\n<\/li>\n<li data-start=\"1172\" data-end=\"1239\">\n<p data-start=\"1174\" data-end=\"1239\"><strong data-start=\"1174\" data-end=\"1187\">Material:<\/strong> Lat\u00f3n macizo para mayor solidez y resistencia a la corrosi\u00f3n<\/p>\n<\/li>\n<li data-start=\"1240\" data-end=\"1292\">\n<p data-start=\"1242\" data-end=\"1292\"><strong data-start=\"1242\" data-end=\"1266\">Compatibilidad de vidrio:<\/strong> Se adapta a cristales de 6-12 mm de grosor<\/p>\n<\/li>\n<li data-start=\"1293\" data-end=\"1350\">\n<p data-start=\"1295\" data-end=\"1350\"><strong data-start=\"1295\" data-end=\"1313\">Capacidad de carga:<\/strong> Soporta hasta 45 kg por cada dos bisagras<\/p>\n<\/li>\n<li data-start=\"1351\" data-end=\"1429\">\n<p data-start=\"1353\" data-end=\"1429\"><strong data-start=\"1353\" data-end=\"1372\">Beneficio de dise\u00f1o:<\/strong> Funci\u00f3n de apertura para facilitar la extracci\u00f3n y el mantenimiento de la puerta<\/p>\n<\/li>\n<li data-start=\"1430\" data-end=\"1524\">\n<p data-start=\"1432\" data-end=\"1524\"><strong data-start=\"1432\" data-end=\"1451\">Opciones de acabado:<\/strong> Cromo pulido, Oro pulido, N\u00edquel cepillado, Gun Metal, Negro mate<\/p>\n<\/li>\n<li data-start=\"1525\" data-end=\"1616\">\n<p data-start=\"1527\" data-end=\"1616\"><strong data-start=\"1527\" data-end=\"1544\">Aplicaciones:<\/strong> Puertas de ducha de cristal sin marco para viviendas, hoteles y espacios comerciales<\/p>\n<\/li>\n<\/ul>\n<p data-start=\"1618\" data-end=\"1639\"><strong data-start=\"1618\" data-end=\"1637\">Especificaciones:<\/strong><\/p>\n<ul data-start=\"1640\" data-end=\"1951\">\n<li data-start=\"1640\" data-end=\"1663\">\n<p data-start=\"1642\" data-end=\"1663\"><strong data-start=\"1642\" data-end=\"1652\">Modelo:<\/strong> SGH-R112<\/p>\n<\/li>\n<li data-start=\"1664\" data-end=\"1711\">\n<p data-start=\"1666\" data-end=\"1711\"><strong data-start=\"1666\" data-end=\"1675\">Tipo:<\/strong> Bisagra de ducha elevable, lado derecho<\/p>\n<\/li>\n<li data-start=\"1712\" data-end=\"1735\">\n<p data-start=\"1714\" data-end=\"1735\"><strong data-start=\"1714\" data-end=\"1727\">Material:<\/strong> Lat\u00f3n<\/p>\n<\/li>\n<li data-start=\"1736\" data-end=\"1772\">\n<p data-start=\"1738\" data-end=\"1772\"><strong data-start=\"1738\" data-end=\"1763\">Se adapta al grosor del cristal:<\/strong> 6-12 mm<\/p>\n<\/li>\n<li data-start=\"1773\" data-end=\"1807\">\n<p data-start=\"1775\" data-end=\"1807\"><strong data-start=\"1775\" data-end=\"1793\">Capacidad de carga:<\/strong> 45kg \/ 2pcs<\/p>\n<\/li>\n<li data-start=\"1808\" data-end=\"1896\">\n<p data-start=\"1810\" data-end=\"1896\"><strong data-start=\"1810\" data-end=\"1823\">Acabados:<\/strong> Cromo pulido, Oro pulido, N\u00edquel cepillado, Gun Metal, Negro mate<\/p>\n<\/li>\n<li data-start=\"1897\" data-end=\"1951\">\n<p data-start=\"1899\" data-end=\"1951\"><strong data-start=\"1899\" data-end=\"1915\">Solicitud:<\/strong> Mamparas de ducha de cristal sin marco<\/p>\n<\/li>\n<\/ul>","protected":false},"excerpt":{"rendered":"<ul>\n<li>Bisagra de ducha desmontable del lado derecho de vidrio a vidrio<\/li>\n<li>Material: lat\u00f3n<\/li>\n<li>Espesor del vidrio: 6\u201312 mm<\/li>\n<li>Peso m\u00e1ximo de la puerta de cristal: 45 kg\/2 piezas<\/li>\n<li>Acabado: Cromo pulido, Oro pulido, N\u00edquel cepillado Gun metal, Negro mate<\/li>\n<\/ul>","protected":false},"featured_media":3042,"comment_status":"open","ping_status":"closed","template":"","meta":{"_acf_changed":false},"product_brand":[],"product_cat":[20,106],"product_tag":[130],"class_list":{"0":"post-876","1":"product","2":"type-product","3":"status-publish","4":"has-post-thumbnail","6":"product_cat-shower-door-hinges","7":"product_cat-lift-off-shower-hinges","8":"product_tag-lift-off-shower-hinges","9":"pa_finish-brushed-nickel","10":"pa_finish-chrome","11":"pa_finish-gold","12":"pa_finish-gun-metal","13":"pa_finish-black","14":"pa_glass-thickness-6-12mm","15":"pa_material-brass","16":"pa_size-58119mm","18":"first","19":"instock","20":"purchasable","21":"product-type-variable","22":"has-default-attributes"},"acf":[],"_links":{"self":[{"href":"https:\/\/showerglasshardware.com\/es-es\/wp-json\/wp\/v2\/product\/876","targetHints":{"allow":["GET"]}}],"collection":[{"href":"https:\/\/showerglasshardware.com\/es-es\/wp-json\/wp\/v2\/product"}],"about":[{"href":"https:\/\/showerglasshardware.com\/es-es\/wp-json\/wp\/v2\/types\/product"}],"replies":[{"embeddable":true,"href":"https:\/\/showerglasshardware.com\/es-es\/wp-json\/wp\/v2\/comments?post=876"}],"version-history":[{"count":2,"href":"https:\/\/showerglasshardware.com\/es-es\/wp-json\/wp\/v2\/product\/876\/revisions"}],"predecessor-version":[{"id":4684,"href":"https:\/\/showerglasshardware.com\/es-es\/wp-json\/wp\/v2\/product\/876\/revisions\/4684"}],"wp:featuredmedia":[{"embeddable":true,"href":"https:\/\/showerglasshardware.com\/es-es\/wp-json\/wp\/v2\/media\/3042"}],"wp:attachment":[{"href":"https:\/\/showerglasshardware.com\/es-es\/wp-json\/wp\/v2\/media?parent=876"}],"wp:term":[{"taxonomy":"product_brand","embeddable":true,"href":"https:\/\/showerglasshardware.com\/es-es\/wp-json\/wp\/v2\/product_brand?post=876"},{"taxonomy":"product_cat","embeddable":true,"href":"https:\/\/showerglasshardware.com\/es-es\/wp-json\/wp\/v2\/product_cat?post=876"},{"taxonomy":"product_tag","embeddable":true,"href":"https:\/\/showerglasshardware.com\/es-es\/wp-json\/wp\/v2\/product_tag?post=876"}],"curies":[{"name":"wp","href":"https:\/\/api.w.org\/{rel}","templated":true}]}}