{"id":199,"date":"2024-03-21T06:55:51","date_gmt":"2024-03-21T06:55:51","guid":{"rendered":"https:\/\/showerglasshardware.com\/index.php\/shop\/"},"modified":"2026-03-24T09:04:21","modified_gmt":"2026-03-24T09:04:21","slug":"shower-glass-hardware","status":"publish","type":"page","link":"https:\/\/showerglasshardware.com\/fr-fr\/shower-glass-hardware\/","title":{"rendered":"Quincaillerie pour verre de douche"},"content":{"rendered":"<div data-elementor-type=\"wp-page\" data-elementor-id=\"199\" class=\"elementor elementor-199\" data-elementor-post-type=\"page\">\n\t\t\t\t<div class=\"elementor-element elementor-element-3ebead0 e-flex e-con-boxed e-con e-parent\" data-id=\"3ebead0\" data-element_type=\"container\" data-e-type=\"container\" data-settings=\"{&quot;background_background&quot;:&quot;classic&quot;}\">\n\t\t\t\t\t<div class=\"e-con-inner\">\n\t\t\t\t<div class=\"elementor-element elementor-element-54d8c9a elementor-widget__width-initial elementor-widget elementor-widget-text-editor\" data-id=\"54d8c9a\" data-element_type=\"widget\" data-e-type=\"widget\" data-widget_type=\"text-editor.default\">\n\t\t\t\t\t\t\t\t\t<p>Explorez une collection organis\u00e9e de produits de quincaillerie en verre de douche qui am\u00e9liorent l&#039;espace de votre salle de bain et simplifient votre exp\u00e9rience de douche.<\/p>\t\t\t\t\t\t\t\t<\/div>\n\t\t\t\t\t<\/div>\n\t\t\t\t<\/div>\n\t\t<div class=\"elementor-element elementor-element-bea48d9 e-flex e-con-boxed e-con e-parent\" data-id=\"bea48d9\" data-element_type=\"container\" data-e-type=\"container\">\n\t\t\t\t\t<div class=\"e-con-inner\">\n\t\t\t\t<div class=\"elementor-element elementor-element-b761c25 elementor-widget elementor-widget-woocommerce-breadcrumb\" data-id=\"b761c25\" data-element_type=\"widget\" data-e-type=\"widget\" data-widget_type=\"woocommerce-breadcrumb.default\">\n\t\t\t\t\t<nav class=\"woocommerce-breadcrumb\" aria-label=\"Breadcrumb\" data-no-translation=\"\" data-trp-gettext=\"\">Accueil<\/nav>\t\t\t\t<\/div>\n\t\t\t\t\t<\/div>\n\t\t\t\t<\/div>\n\t\t<div class=\"elementor-element elementor-element-6ae60a0 e-flex e-con-boxed e-con e-parent\" data-id=\"6ae60a0\" data-element_type=\"container\" data-e-type=\"container\">\n\t\t\t\t\t<div class=\"e-con-inner\">\n\t\t<div class=\"elementor-element elementor-element-f481c08 e-con-full e-flex e-con e-child\" data-id=\"f481c08\" data-element_type=\"container\" data-e-type=\"container\">\n\t\t\t\t<div class=\"elementor-element elementor-element-6b8e33e elementor-widget elementor-widget-heading\" data-id=\"6b8e33e\" data-element_type=\"widget\" data-e-type=\"widget\" data-widget_type=\"heading.default\">\n\t\t\t\t\t<h2 class=\"elementor-heading-title elementor-size-default\">cat\u00e9gorie de produit<\/h2>\t\t\t\t<\/div>\n\t\t\t\t<\/div>\n\t\t<div class=\"elementor-element elementor-element-fcdbb5f e-con-full e-flex e-con e-child\" data-id=\"fcdbb5f\" data-element_type=\"container\" data-e-type=\"container\">\n\t\t\t\t<\/div>\n\t\t\t\t\t<\/div>\n\t\t\t\t<\/div>\n\t\t<div class=\"elementor-element elementor-element-a85c73f e-flex e-con-boxed e-con e-parent\" data-id=\"a85c73f\" data-element_type=\"container\" data-e-type=\"container\">\n\t\t\t\t\t<div class=\"e-con-inner\">\n\t\t\t\t\t<\/div>\n\t\t\t\t<\/div>\n\t\t<div class=\"elementor-element elementor-element-9b4f398 e-flex e-con-boxed e-con e-parent\" data-id=\"9b4f398\" data-element_type=\"container\" data-e-type=\"container\">\n\t\t\t\t\t<div class=\"e-con-inner\">\n\t\t\t\t\t<\/div>\n\t\t\t\t<\/div>\n\t\t\t\t<\/div>","protected":false},"excerpt":{"rendered":"<p>Explorez une collection de produits de quincaillerie pour verre de douche qui rehaussent l'espace de votre salle de bain et simplifient votre exp\u00e9rience de la douche. Cat\u00e9gorie de produits Menu principal Charni\u00e8res pour verre de douche Charni\u00e8res verre \u00e0 verre Charni\u00e8res verre \u00e0 mur Poign\u00e9es de porte de douche Boutons de porte de douche Pinces pour verre de douche Porte-serviettes Bras et barres de support Salle de douche Laiton pour verre \u00e0 [...]<\/p>","protected":false},"author":1,"featured_media":0,"parent":0,"menu_order":0,"comment_status":"closed","ping_status":"closed","template":"","meta":{"_acf_changed":false,"footnotes":""},"class_list":["post-199","page","type-page","status-publish","hentry"],"acf":[],"_links":{"self":[{"href":"https:\/\/showerglasshardware.com\/fr-fr\/wp-json\/wp\/v2\/pages\/199","targetHints":{"allow":["GET"]}}],"collection":[{"href":"https:\/\/showerglasshardware.com\/fr-fr\/wp-json\/wp\/v2\/pages"}],"about":[{"href":"https:\/\/showerglasshardware.com\/fr-fr\/wp-json\/wp\/v2\/types\/page"}],"author":[{"embeddable":true,"href":"https:\/\/showerglasshardware.com\/fr-fr\/wp-json\/wp\/v2\/users\/1"}],"replies":[{"embeddable":true,"href":"https:\/\/showerglasshardware.com\/fr-fr\/wp-json\/wp\/v2\/comments?post=199"}],"version-history":[{"count":2,"href":"https:\/\/showerglasshardware.com\/fr-fr\/wp-json\/wp\/v2\/pages\/199\/revisions"}],"predecessor-version":[{"id":4561,"href":"https:\/\/showerglasshardware.com\/fr-fr\/wp-json\/wp\/v2\/pages\/199\/revisions\/4561"}],"wp:attachment":[{"href":"https:\/\/showerglasshardware.com\/fr-fr\/wp-json\/wp\/v2\/media?parent=199"}],"curies":[{"name":"wp","href":"https:\/\/api.w.org\/{rel}","templated":true}]}}