{"id":32,"date":"2024-03-20T01:19:06","date_gmt":"2024-03-20T01:19:06","guid":{"rendered":"https:\/\/showerglasshardware.com\/?page_id=32"},"modified":"2025-09-25T14:34:31","modified_gmt":"2025-09-25T14:34:31","slug":"contact","status":"publish","type":"page","link":"https:\/\/showerglasshardware.com\/fr-fr\/contact\/","title":{"rendered":"Contact"},"content":{"rendered":"<div data-elementor-type=\"wp-page\" data-elementor-id=\"32\" class=\"elementor elementor-32\" data-elementor-post-type=\"page\">\n\t\t\t\t<div class=\"elementor-element elementor-element-600f5997 e-flex e-con-boxed e-con e-parent\" data-id=\"600f5997\" data-element_type=\"container\" data-e-type=\"container\" data-settings=\"{&quot;background_background&quot;:&quot;classic&quot;}\">\n\t\t\t\t\t<div class=\"e-con-inner\">\n\t\t\t\t<div class=\"elementor-element elementor-element-1a54671a elementor-widget__width-initial elementor-widget elementor-widget-heading\" data-id=\"1a54671a\" data-element_type=\"widget\" data-e-type=\"widget\" data-widget_type=\"heading.default\">\n\t\t\t\t\t<h1 class=\"elementor-heading-title elementor-size-default\">Nous contacter<\/h1>\t\t\t\t<\/div>\n\t\t\t\t<div class=\"elementor-element elementor-element-64d41f30 elementor-widget__width-initial elementor-widget elementor-widget-text-editor\" data-id=\"64d41f30\" data-element_type=\"widget\" data-e-type=\"widget\" data-widget_type=\"text-editor.default\">\n\t\t\t\t\t\t\t\t\t<p>Laissez Shower Glass Hardware \u00eatre votre partenaire de confiance pour cr\u00e9er l\u2019espace de douche parfait. D\u00e9couvrez la diff\u00e9rence avec notre mat\u00e9riel de qualit\u00e9 sup\u00e9rieure et notre service exceptionnel.<\/p>\t\t\t\t\t\t\t\t<\/div>\n\t\t\t\t\t<\/div>\n\t\t\t\t<\/div>\n\t\t<div class=\"elementor-element elementor-element-8d1c1b5 e-flex e-con-boxed e-con e-parent\" data-id=\"8d1c1b5\" data-element_type=\"container\" data-e-type=\"container\">\n\t\t\t\t\t<div class=\"e-con-inner\">\n\t\t<div class=\"elementor-element elementor-element-ab13eb8 e-con-full e-flex e-con e-child\" data-id=\"ab13eb8\" data-element_type=\"container\" data-e-type=\"container\">\n\t\t\t\t<div class=\"elementor-element elementor-element-0b96aa0 elementor-widget elementor-widget-heading\" data-id=\"0b96aa0\" data-element_type=\"widget\" data-e-type=\"widget\" data-widget_type=\"heading.default\">\n\t\t\t\t\t<h2 class=\"elementor-heading-title elementor-size-default\">Comment pouvons nous aider?<\/h2>\t\t\t\t<\/div>\n\t\t\t\t<\/div>\n\t\t<div class=\"elementor-element elementor-element-bf4e39f e-con-full e-flex e-con e-child\" data-id=\"bf4e39f\" data-element_type=\"container\" data-e-type=\"container\">\n\t\t\t\t<div class=\"elementor-element elementor-element-40653d35 elementor-widget elementor-widget-heading\" data-id=\"40653d35\" data-element_type=\"widget\" data-e-type=\"widget\" data-widget_type=\"heading.default\">\n\t\t\t\t\t<h2 class=\"elementor-heading-title elementor-size-default\">Nous sommes pr\u00eats \u00e0 vous aider<\/h2>\t\t\t\t<\/div>\n\t\t\t\t<div class=\"elementor-element elementor-element-2a861825 elementor-widget__width-initial elementor-widget elementor-widget-text-editor\" data-id=\"2a861825\" data-element_type=\"widget\" data-e-type=\"widget\" data-widget_type=\"text-editor.default\">\n\t\t\t\t\t\t\t\t\t<p>N&#039;h\u00e9sitez pas, nous sommes l\u00e0 pour vous aider avec tout ce dont vous avez besoin<\/p>\t\t\t\t\t\t\t\t<\/div>\n\t\t\t\t<div class=\"elementor-element elementor-element-157abfb3 elementor-invisible elementor-widget elementor-widget-image-box\" data-id=\"157abfb3\" data-element_type=\"widget\" data-e-type=\"widget\" data-settings=\"{&quot;_animation&quot;:&quot;slideInUp&quot;,&quot;_animation_delay&quot;:100}\" data-widget_type=\"image-box.default\">\n\t\t\t\t\t<div class=\"elementor-image-box-wrapper\"><div class=\"elementor-image-box-content\"><h3 class=\"elementor-image-box-title\">Contact par e-mail<\/h3><p class=\"elementor-image-box-description\">info@showerglasshardware.com<\/p><\/div><\/div>\t\t\t\t<\/div>\n\t\t\t\t<div class=\"elementor-element elementor-element-d0525e elementor-invisible elementor-widget elementor-widget-image-box\" data-id=\"d0525e\" data-element_type=\"widget\" data-e-type=\"widget\" data-settings=\"{&quot;_animation&quot;:&quot;slideInUp&quot;,&quot;_animation_delay&quot;:300}\" data-widget_type=\"image-box.default\">\n\t\t\t\t\t<div class=\"elementor-image-box-wrapper\"><div class=\"elementor-image-box-content\"><h3 class=\"elementor-image-box-title\">Temps de travail<\/h3><p class=\"elementor-image-box-description\">Du lundi au vendredi<br>\n10h00 - 18h00<\/p><\/div><\/div>\t\t\t\t<\/div>\n\t\t\t\t<div class=\"elementor-element elementor-element-5689c7e elementor-invisible elementor-widget elementor-widget-image-box\" data-id=\"5689c7e\" data-element_type=\"widget\" data-e-type=\"widget\" data-settings=\"{&quot;_animation&quot;:&quot;slideInUp&quot;,&quot;_animation_delay&quot;:300}\" data-widget_type=\"image-box.default\">\n\t\t\t\t\t<div class=\"elementor-image-box-wrapper\"><div class=\"elementor-image-box-content\"><h3 class=\"elementor-image-box-title\">Adresse<\/h3><p class=\"elementor-image-box-description\">Sha shui Village, Laobian Community, Danzao Town, Nanhai, Foshan, Guangdong, Chine<\/p><\/div><\/div>\t\t\t\t<\/div>\n\t\t\t\t<\/div>\n\t\t\t\t\t<\/div>\n\t\t\t\t<\/div>\n\t\t\t\t<\/div>","protected":false},"excerpt":{"rendered":"<p>Contacts Laissez Shower Glass Hardware \u00eatre votre partenaire de confiance dans la cr\u00e9ation de l'espace douche parfait. Faites l'exp\u00e9rience de la diff\u00e9rence avec notre quincaillerie de premi\u00e8re qualit\u00e9 et notre service exceptionnel. Comment pouvons-nous vous aider ? \u8bf7\u5728\u6d4f\u89c8\u5668\u4e2d\u542f\u7528JavaScript\u6765\u5b8c\u6210\u6b64\u8868\u5355\u3002\u8bf7\u5728\u6d4f\u89c8\u5668\u4e2d\u542f\u7528JavaScript\u6765\u5b8c\u6210\u6b64\u8868\u5355\u3002Name *Email *Commentaire ou message Soumettre Nous sommes pr\u00eats \u00e0 vous aider N'h\u00e9sitez pas - nous sommes l\u00e0 pour vous aider, quel que soit votre besoin Contact e-mail [...]<\/p>","protected":false},"author":1,"featured_media":0,"parent":0,"menu_order":0,"comment_status":"closed","ping_status":"closed","template":"","meta":{"_acf_changed":false,"footnotes":""},"class_list":["post-32","page","type-page","status-publish","hentry"],"acf":[],"_links":{"self":[{"href":"https:\/\/showerglasshardware.com\/fr-fr\/wp-json\/wp\/v2\/pages\/32","targetHints":{"allow":["GET"]}}],"collection":[{"href":"https:\/\/showerglasshardware.com\/fr-fr\/wp-json\/wp\/v2\/pages"}],"about":[{"href":"https:\/\/showerglasshardware.com\/fr-fr\/wp-json\/wp\/v2\/types\/page"}],"author":[{"embeddable":true,"href":"https:\/\/showerglasshardware.com\/fr-fr\/wp-json\/wp\/v2\/users\/1"}],"replies":[{"embeddable":true,"href":"https:\/\/showerglasshardware.com\/fr-fr\/wp-json\/wp\/v2\/comments?post=32"}],"version-history":[{"count":10,"href":"https:\/\/showerglasshardware.com\/fr-fr\/wp-json\/wp\/v2\/pages\/32\/revisions"}],"predecessor-version":[{"id":4783,"href":"https:\/\/showerglasshardware.com\/fr-fr\/wp-json\/wp\/v2\/pages\/32\/revisions\/4783"}],"wp:attachment":[{"href":"https:\/\/showerglasshardware.com\/fr-fr\/wp-json\/wp\/v2\/media?parent=32"}],"curies":[{"name":"wp","href":"https:\/\/api.w.org\/{rel}","templated":true}]}}