{"id":3436,"date":"2024-09-26T04:10:28","date_gmt":"2024-09-26T04:10:28","guid":{"rendered":"https:\/\/showerglasshardware.com\/?page_id=3436"},"modified":"2024-11-07T06:51:48","modified_gmt":"2024-11-07T06:51:48","slug":"line-shower-enclosure","status":"publish","type":"page","link":"https:\/\/showerglasshardware.com\/fr-fr\/line-shower-enclosure\/","title":{"rendered":"Line Shower Enclosure"},"content":{"rendered":"<div data-elementor-type=\"wp-page\" data-elementor-id=\"3436\" class=\"elementor elementor-3436\" data-elementor-post-type=\"page\">\n\t\t\t\t<div class=\"elementor-element elementor-element-73207bb6 e-con-full e-flex e-con e-parent\" data-id=\"73207bb6\" data-element_type=\"container\" data-e-type=\"container\" data-settings=\"{&quot;background_background&quot;:&quot;classic&quot;}\">\n\t\t<div class=\"elementor-element elementor-element-1ea432b0 e-flex e-con-boxed e-con e-child\" data-id=\"1ea432b0\" data-element_type=\"container\" data-e-type=\"container\">\n\t\t\t\t\t<div class=\"e-con-inner\">\n\t\t\t\t<div class=\"elementor-element elementor-element-44e6f158 animated-slow elementor-invisible elementor-widget elementor-widget-heading\" data-id=\"44e6f158\" data-element_type=\"widget\" data-e-type=\"widget\" data-settings=\"{&quot;_animation&quot;:&quot;slideInUp&quot;}\" data-widget_type=\"heading.default\">\n\t\t\t\t\t<h1 class=\"elementor-heading-title elementor-size-default\">Cabine de douche lin\u00e9aire<\/h1>\t\t\t\t<\/div>\n\t\t\t\t\t<\/div>\n\t\t\t\t<\/div>\n\t\t<div class=\"elementor-element elementor-element-18fdb236 e-con-full e-flex e-con e-child\" data-id=\"18fdb236\" data-element_type=\"container\" data-e-type=\"container\">\n\t\t<div class=\"elementor-element elementor-element-26d6461e animated-slow e-con-full e-flex elementor-invisible e-con e-child\" data-id=\"26d6461e\" data-element_type=\"container\" data-e-type=\"container\" data-settings=\"{&quot;background_background&quot;:&quot;classic&quot;,&quot;animation&quot;:&quot;fadeInUp&quot;,&quot;animation_delay&quot;:600}\">\n\t\t\t\t<\/div>\n\t\t<div class=\"elementor-element elementor-element-72c480a7 e-con-full e-flex e-con e-child\" data-id=\"72c480a7\" data-element_type=\"container\" data-e-type=\"container\">\n\t\t\t\t<div class=\"elementor-element elementor-element-2bf05c9 elementor-widget elementor-widget-text-editor\" data-id=\"2bf05c9\" data-element_type=\"widget\" data-e-type=\"widget\" data-widget_type=\"text-editor.default\">\n\t\t\t\t\t\t\t\t\t<p>Une cabine de douche en ligne est un type de syst\u00e8me de douche en verre qui comporte un panneau de porte en verre reli\u00e9 \u00e0 un ou plusieurs panneaux de verre fixes \u00e0 un angle de 180 degr\u00e9s. Cette configuration lin\u00e9aire permet une cabine de douche sans interruption et esth\u00e9tiquement agr\u00e9able pouvant s'\u00e9tendre sur toute la largeur de la salle de bain.<\/p>\t\t\t\t\t\t\t\t<\/div>\n\t\t\t\t<div class=\"elementor-element elementor-element-42d1d24 elementor-widget elementor-widget-heading\" data-id=\"42d1d24\" data-element_type=\"widget\" data-e-type=\"widget\" data-widget_type=\"heading.default\">\n\t\t\t\t\t<h2 class=\"elementor-heading-title elementor-size-default\">Avantages des cabines de douche en ligne<\/h2>\t\t\t\t<\/div>\n\t\t\t\t<div class=\"elementor-element elementor-element-68ab9a6 elementor-widget elementor-widget-text-editor\" data-id=\"68ab9a6\" data-element_type=\"widget\" data-e-type=\"widget\" data-widget_type=\"text-editor.default\">\n\t\t\t\t\t\t\t\t\t<ul><li><span data-immersive-translate-walked=\"da5775a3-1162-4993-801e-90b9ec445f51\"><strong data-immersive-translate-walked=\"da5775a3-1162-4993-801e-90b9ec445f51\">Apparence am\u00e9lior\u00e9e<\/strong><\/span><span data-immersive-translate-walked=\"da5775a3-1162-4993-801e-90b9ec445f51\">: Les cabines de douche en ligne offrent un aspect plus luxueux et haut de gamme par rapport aux rideaux de douche.<\/span><\/li><li><span data-immersive-translate-walked=\"da5775a3-1162-4993-801e-90b9ec445f51\"><strong data-immersive-translate-walked=\"da5775a3-1162-4993-801e-90b9ec445f51\">Commodit\u00e9 et facilit\u00e9 de nettoyage<\/strong><\/span><span data-immersive-translate-walked=\"da5775a3-1162-4993-801e-90b9ec445f51\">: <a href=\"https:\/\/showerglasshardware.com\/fr-fr\/shower-glass-hardware\/\"  data-wpil-monitor-id=\"903\">Douche en verre<\/a> offrent des caract\u00e9ristiques et des avantages in\u00e9gal\u00e9s par rapport aux rideaux et aux anciens syst\u00e8mes de portes.<\/span><\/li><li><span data-immersive-translate-walked=\"da5775a3-1162-4993-801e-90b9ec445f51\"><strong data-immersive-translate-walked=\"da5775a3-1162-4993-801e-90b9ec445f51\">Options de personnalisation<\/strong><\/span><span data-immersive-translate-walked=\"da5775a3-1162-4993-801e-90b9ec445f51\">: Les cabines de douche en ligne peuvent \u00eatre adapt\u00e9es \u00e0 des configurations de douche uniques, avec des options pour des tailles, formes et types de verre sur mesure.<\/span><\/li><\/ul>\t\t\t\t\t\t\t\t<\/div>\n\t\t\t\t<div class=\"elementor-element elementor-element-907c4b7 elementor-widget elementor-widget-button\" data-id=\"907c4b7\" data-element_type=\"widget\" data-e-type=\"widget\" data-widget_type=\"button.default\">\n\t\t\t\t\t\t\t\t\t\t<a class=\"elementor-button elementor-button-link elementor-size-sm\" href=\"https:\/\/showerglasshardware.com\/fr-fr\/contact\/\">\n\t\t\t\t\t\t<span class=\"elementor-button-content-wrapper\">\n\t\t\t\t\t\t\t\t\t<span class=\"elementor-button-text\">Demander un devis pour des parois de douche en ligne<\/span>\n\t\t\t\t\t<\/span>\n\t\t\t\t\t<\/a>\n\t\t\t\t\t\t\t\t<\/div>\n\t\t\t\t<\/div>\n\t\t\t\t<\/div>\n\t\t\t\t<\/div>\n\t\t<div class=\"elementor-element elementor-element-41bd636 e-flex e-con-boxed e-con e-parent\" data-id=\"41bd636\" data-element_type=\"container\" data-e-type=\"container\">\n\t\t\t\t\t<div class=\"e-con-inner\">\n\t\t\t\t<div class=\"elementor-element elementor-element-160701f elementor-widget elementor-widget-heading\" data-id=\"160701f\" data-element_type=\"widget\" data-e-type=\"widget\" data-widget_type=\"heading.default\">\n\t\t\t\t\t<h2 class=\"elementor-heading-title elementor-size-default\">Biblioth\u00e8que de cas clients<\/h2>\t\t\t\t<\/div>\n\t\t\t\t\t<\/div>\n\t\t\t\t<\/div>\n\t\t<div class=\"elementor-element elementor-element-5ade45d e-flex e-con-boxed e-con e-parent\" data-id=\"5ade45d\" data-element_type=\"container\" data-e-type=\"container\">\n\t\t\t\t\t<div class=\"e-con-inner\">\n\t\t\t\t\t<\/div>\n\t\t\t\t<\/div>\n\t\t\t\t<\/div>","protected":false},"excerpt":{"rendered":"<p>Line Shower Enclosure\u200b\u200b An in-line shower enclosure is a type of glass shower system that features a glass door panel connected to one or more fixed glass panels at a 180-degree angle. This linear configuration allows for a seamless and visually appealing shower enclosure that can span the width of a bathroom Benefits of In-Line [&hellip;]<\/p>","protected":false},"author":1,"featured_media":0,"parent":0,"menu_order":0,"comment_status":"closed","ping_status":"closed","template":"","meta":{"_acf_changed":false,"footnotes":""},"class_list":["post-3436","page","type-page","status-publish","hentry"],"acf":[],"_links":{"self":[{"href":"https:\/\/showerglasshardware.com\/fr-fr\/wp-json\/wp\/v2\/pages\/3436","targetHints":{"allow":["GET"]}}],"collection":[{"href":"https:\/\/showerglasshardware.com\/fr-fr\/wp-json\/wp\/v2\/pages"}],"about":[{"href":"https:\/\/showerglasshardware.com\/fr-fr\/wp-json\/wp\/v2\/types\/page"}],"author":[{"embeddable":true,"href":"https:\/\/showerglasshardware.com\/fr-fr\/wp-json\/wp\/v2\/users\/1"}],"replies":[{"embeddable":true,"href":"https:\/\/showerglasshardware.com\/fr-fr\/wp-json\/wp\/v2\/comments?post=3436"}],"version-history":[{"count":11,"href":"https:\/\/showerglasshardware.com\/fr-fr\/wp-json\/wp\/v2\/pages\/3436\/revisions"}],"predecessor-version":[{"id":3461,"href":"https:\/\/showerglasshardware.com\/fr-fr\/wp-json\/wp\/v2\/pages\/3436\/revisions\/3461"}],"wp:attachment":[{"href":"https:\/\/showerglasshardware.com\/fr-fr\/wp-json\/wp\/v2\/media?parent=3436"}],"curies":[{"name":"wp","href":"https:\/\/api.w.org\/{rel}","templated":true}]}}