{"id":1043,"date":"2024-04-23T01:41:49","date_gmt":"2024-04-23T01:41:49","guid":{"rendered":"https:\/\/showerglasshardware.com\/?post_type=product&#038;p=1043"},"modified":"2025-10-12T15:36:56","modified_gmt":"2025-10-12T15:36:56","slug":"brass-shower-door-clamps-sgh-1001l","status":"publish","type":"product","link":"https:\/\/showerglasshardware.com\/fr-fr\/product\/brass-shower-door-clamps-sgh-1001l\/","title":{"rendered":"Colliers de serrage pour porte de douche en laiton Verre au mur avec couvercle 90 degr\u00e9s SGH-SD1001L"},"content":{"rendered":"<p data-start=\"525\" data-end=\"786\">La pince de porte de douche en laiton SGH-1001L est une solution de quincaillerie haut de gamme pour fixer les portes de douche en verre sans cadre au mur \u00e0 un angle de 90\u00b0. Fabriqu\u00e9e en laiton massif, elle offre une durabilit\u00e9 exceptionnelle, une r\u00e9sistance \u00e0 la corrosion et un aspect haut de gamme.<\/p>\n<p data-start=\"788\" data-end=\"978\">Sa conception verre-mur avec un couvercle de protection dissimule les vis pour une finition propre et moderne, ce qui la rend id\u00e9ale pour les salles de bains r\u00e9sidentielles de luxe et les installations commerciales \u00e0 fort trafic.<\/p>\n<p data-start=\"980\" data-end=\"1190\">Compatibles avec du verre de 6 \u00e0 10 mm d'\u00e9paisseur, deux pinces peuvent soutenir en toute s\u00e9curit\u00e9 des portes pesant jusqu'\u00e0 40 kg, garantissant une stabilit\u00e9 et des performances \u00e0 long terme. Plusieurs finitions sont disponibles pour s'adapter au style de votre salle de bains.<\/p>\n<p data-start=\"1192\" data-end=\"1211\"><strong data-start=\"1192\" data-end=\"1209\">Principales caract\u00e9ristiques:<\/strong><\/p>\n<ul data-start=\"1212\" data-end=\"1644\">\n<li data-start=\"1212\" data-end=\"1288\">\n<p data-start=\"1214\" data-end=\"1288\"><strong data-start=\"1214\" data-end=\"1227\">Mat\u00e9riel:<\/strong> Laiton massif pour une solidit\u00e9 et une r\u00e9sistance \u00e0 la corrosion sup\u00e9rieures<\/p>\n<\/li>\n<li data-start=\"1289\" data-end=\"1362\">\n<p data-start=\"1291\" data-end=\"1362\"><strong data-start=\"1291\" data-end=\"1302\">Conception :<\/strong> Collier de serrage 90\u00b0 entre le verre et le mur avec couvercle pour une apparence \u00e9l\u00e9gante<\/p>\n<\/li>\n<li data-start=\"1363\" data-end=\"1415\">\n<p data-start=\"1365\" data-end=\"1415\"><strong data-start=\"1365\" data-end=\"1389\">Compatibilit\u00e9 du verre\u00a0:<\/strong> Convient au verre d'une \u00e9paisseur de 6 \u00e0 10 mm<\/p>\n<\/li>\n<li data-start=\"1416\" data-end=\"1458\">\n<p data-start=\"1418\" data-end=\"1458\"><strong data-start=\"1418\" data-end=\"1436\">Capacit\u00e9 de charge :<\/strong> 40kg par deux pinces<\/p>\n<\/li>\n<li data-start=\"1459\" data-end=\"1557\">\n<p data-start=\"1461\" data-end=\"1557\"><strong data-start=\"1461\" data-end=\"1484\">Finitions disponibles :<\/strong> Chrome poli, Or poli, Nickel bross\u00e9, M\u00e9tal Gun, Noir mat<\/p>\n<\/li>\n<li data-start=\"1558\" data-end=\"1644\">\n<p data-start=\"1560\" data-end=\"1644\"><strong data-start=\"1560\" data-end=\"1576\">Application:<\/strong> Portes de douche en verre sans cadre dans les espaces r\u00e9sidentiels et commerciaux<\/p>\n<\/li>\n<\/ul>\n<p data-start=\"1646\" data-end=\"1667\"><strong data-start=\"1646\" data-end=\"1665\">Caract\u00e9ristiques:<\/strong><\/p>\n<ul data-start=\"1668\" data-end=\"1996\">\n<li data-start=\"1668\" data-end=\"1692\">\n<p data-start=\"1670\" data-end=\"1692\"><strong data-start=\"1670\" data-end=\"1680\">Mod\u00e8le :<\/strong> SGH-1001L<\/p>\n<\/li>\n<li data-start=\"1693\" data-end=\"1716\">\n<p data-start=\"1695\" data-end=\"1716\"><strong data-start=\"1695\" data-end=\"1708\">Mat\u00e9riel:<\/strong> Laiton<\/p>\n<\/li>\n<li data-start=\"1717\" data-end=\"1777\">\n<p data-start=\"1719\" data-end=\"1777\"><strong data-start=\"1719\" data-end=\"1728\">Taper:<\/strong> Collier de serrage 90\u00b0 verre-mur pour porte de douche avec couvercle<\/p>\n<\/li>\n<li data-start=\"1778\" data-end=\"1814\">\n<p data-start=\"1780\" data-end=\"1814\"><strong data-start=\"1780\" data-end=\"1805\">S'adapte \u00e0 l'\u00e9paisseur du verre :<\/strong> 6-10mm<\/p>\n<\/li>\n<li data-start=\"1815\" data-end=\"1857\">\n<p data-start=\"1817\" data-end=\"1857\"><strong data-start=\"1817\" data-end=\"1835\">Capacit\u00e9 de charge :<\/strong> 40kg par deux pinces<\/p>\n<\/li>\n<li data-start=\"1858\" data-end=\"1946\">\n<p data-start=\"1860\" data-end=\"1946\"><strong data-start=\"1860\" data-end=\"1873\">Finitions :<\/strong> Chrome poli, Or poli, Nickel bross\u00e9, M\u00e9tal Gun, Noir mat<\/p>\n<\/li>\n<li data-start=\"1947\" data-end=\"1996\">\n<p data-start=\"1949\" data-end=\"1996\"><strong data-start=\"1949\" data-end=\"1965\">Application:<\/strong> Portes de douche en verre sans cadre<\/p>\n<\/li>\n<\/ul>\n<h2 id=\"tablepress-5-name\" class=\"tablepress-table-name tablepress-table-name-id-5\">Pinces de porte de douche en laiton S\u00e9rie SD10xx<\/h2>\n\n<table id=\"tablepress-5\" class=\"tablepress tablepress-id-5\" aria-labelledby=\"tablepress-5-name\">\n<thead>\n<tr class=\"row-1\">\n\t<th class=\"column-1\"><strong>Mod\u00e8le<\/strong><\/th><th class=\"column-2\"><strong>Image<\/strong><\/th><th class=\"column-3\"><strong>Taper<\/strong><\/th><th class=\"column-4\"><strong>Angle<\/strong><\/th><th class=\"column-5\"><strong>Forme<\/strong><\/th><th class=\"column-6\"><strong>Fonctionnalit\u00e9<\/strong><\/th>\n<\/tr>\n<\/thead>\n<tbody class=\"row-striping row-hover\">\n<tr class=\"row-2\">\n\t<td class=\"column-1\"><a href=\"https:\/\/showerglasshardware.com\/fr-fr\/product\/glass-to-wall-clamps-with-cover-180-degree-sgh-1000l\/\">SD1000L<\/a><\/td><td class=\"column-2\"><a href=\"https:\/\/showerglasshardware.com\/wp-content\/uploads\/2024\/04\/FC1000-Black.jpg\"><img decoding=\"async\" src=\"https:\/\/showerglasshardware.com\/wp-content\/uploads\/2024\/04\/FC1000-Black-300x300.jpg\" alt=\"Pince noire pour verre \u00e0 verre avec couvercle\" width=\"60\" height=\"60\" class=\"alignnone size-medium wp-image-2305\" title=\"\" srcset=\"https:\/\/showerglasshardware.com\/wp-content\/uploads\/2024\/04\/FC1000-Black-300x300.jpg 300w, https:\/\/showerglasshardware.com\/wp-content\/uploads\/2024\/04\/FC1000-Black-100x100.jpg 100w, https:\/\/showerglasshardware.com\/wp-content\/uploads\/2024\/04\/FC1000-Black-150x150.jpg 150w, https:\/\/showerglasshardware.com\/wp-content\/uploads\/2024\/04\/FC1000-Black-12x12.jpg 12w, https:\/\/showerglasshardware.com\/wp-content\/uploads\/2024\/04\/FC1000-Black.jpg 500w\" sizes=\"(max-width: 60px) 100vw, 60px\" \/><\/a><\/td><td class=\"column-3\">Du verre au mur<\/td><td class=\"column-4\">180\u00b0<\/td><td class=\"column-5\">Rectangle<\/td><td class=\"column-6\">Avec couverture<\/td>\n<\/tr>\n<tr class=\"row-3\">\n\t<td class=\"column-1\"><a href=\"https:\/\/showerglasshardware.com\/fr-fr\/product\/brass-shower-door-clamps-sgh-1001l\/\">SD1001L<\/a><\/td><td class=\"column-2\"><a href=\"https:\/\/showerglasshardware.com\/wp-content\/uploads\/2024\/04\/SGH1001L-Black.jpg\"><img decoding=\"async\" src=\"https:\/\/showerglasshardware.com\/wp-content\/uploads\/2024\/04\/SGH1001L-Black-300x300.jpg\" alt=\"Pince de porte de douche en laiton avec couvercle noir maintenant le verre \u00e0 90 degr\u00e9s\" width=\"60\" height=\"60\" class=\"alignnone size-medium wp-image-2367\" title=\"\" srcset=\"https:\/\/showerglasshardware.com\/wp-content\/uploads\/2024\/04\/SGH1001L-Black-300x300.jpg 300w, https:\/\/showerglasshardware.com\/wp-content\/uploads\/2024\/04\/SGH1001L-Black-100x100.jpg 100w, https:\/\/showerglasshardware.com\/wp-content\/uploads\/2024\/04\/SGH1001L-Black-150x150.jpg 150w, https:\/\/showerglasshardware.com\/wp-content\/uploads\/2024\/04\/SGH1001L-Black-12x12.jpg 12w, https:\/\/showerglasshardware.com\/wp-content\/uploads\/2024\/04\/SGH1001L-Black.jpg 500w\" sizes=\"(max-width: 60px) 100vw, 60px\" \/><\/a><\/td><td class=\"column-3\">Du verre au mur<\/td><td class=\"column-4\">90\u00b0<\/td><td class=\"column-5\">Rectangle<\/td><td class=\"column-6\">Avec couverture<\/td>\n<\/tr>\n<tr class=\"row-4\">\n\t<td class=\"column-1\"><a href=\"https:\/\/showerglasshardware.com\/fr-fr\/product\/glass-to-glass-clamps-with-cover-90-degree-sgh1002\/\">SD1002<\/a><\/td><td class=\"column-2\"><a href=\"https:\/\/showerglasshardware.com\/wp-content\/uploads\/2024\/04\/SGH-1002_Black.jpg\"><img decoding=\"async\" src=\"https:\/\/showerglasshardware.com\/wp-content\/uploads\/2024\/04\/SGH-1002_Black-300x300.jpg\" alt=\"Pince pour porte de douche en verre avec couvercle 90 degr\u00e9s SGH-1002 Noir\" width=\"60\" height=\"60\" class=\"alignnone size-medium wp-image-2356\" title=\"\" srcset=\"https:\/\/showerglasshardware.com\/wp-content\/uploads\/2024\/04\/SGH-1002_Black-300x300.jpg 300w, https:\/\/showerglasshardware.com\/wp-content\/uploads\/2024\/04\/SGH-1002_Black-100x100.jpg 100w, https:\/\/showerglasshardware.com\/wp-content\/uploads\/2024\/04\/SGH-1002_Black-150x150.jpg 150w, https:\/\/showerglasshardware.com\/wp-content\/uploads\/2024\/04\/SGH-1002_Black-12x12.jpg 12w, https:\/\/showerglasshardware.com\/wp-content\/uploads\/2024\/04\/SGH-1002_Black.jpg 500w\" sizes=\"(max-width: 60px) 100vw, 60px\" \/><\/a><\/td><td class=\"column-3\">De verre \u00e0 verre<\/td><td class=\"column-4\">90\u00b0<\/td><td class=\"column-5\">Rectangle<\/td><td class=\"column-6\">Avec couverture<\/td>\n<\/tr>\n<tr class=\"row-5\">\n\t<td class=\"column-1\"><a href=\"https:\/\/showerglasshardware.com\/fr-fr\/product\/glass-to-glass-clamps-with-cover-135-degree-sgh-1003\/\">SD1003<\/a><\/td><td class=\"column-2\"><a href=\"https:\/\/showerglasshardware.com\/wp-content\/uploads\/2024\/04\/SGH1003-Black.jpg\"><img loading=\"lazy\" decoding=\"async\" src=\"https:\/\/showerglasshardware.com\/wp-content\/uploads\/2024\/04\/SGH1003-Black-300x300.jpg\" alt=\"Pince noire pour porte de douche sans cadre avec couvercle \u00e0 un angle de 135 degr\u00e9s\" width=\"60\" height=\"60\" class=\"alignnone size-medium wp-image-2345\" title=\"\" srcset=\"https:\/\/showerglasshardware.com\/wp-content\/uploads\/2024\/04\/SGH1003-Black-300x300.jpg 300w, https:\/\/showerglasshardware.com\/wp-content\/uploads\/2024\/04\/SGH1003-Black-100x100.jpg 100w, https:\/\/showerglasshardware.com\/wp-content\/uploads\/2024\/04\/SGH1003-Black-150x150.jpg 150w, https:\/\/showerglasshardware.com\/wp-content\/uploads\/2024\/04\/SGH1003-Black-12x12.jpg 12w, https:\/\/showerglasshardware.com\/wp-content\/uploads\/2024\/04\/SGH1003-Black.jpg 500w\" sizes=\"(max-width: 60px) 100vw, 60px\" \/><\/a><\/td><td class=\"column-3\">De verre \u00e0 verre<\/td><td class=\"column-4\">135\u00b0<\/td><td class=\"column-5\">Rectangle<\/td><td class=\"column-6\">Avec couverture<\/td>\n<\/tr>\n<tr class=\"row-6\">\n\t<td class=\"column-1\"><a href=\"https:\/\/showerglasshardware.com\/fr-fr\/product\/glass-to-glass-clamps-with-cover-180-degree-sgh-1004\/\">SD1004<\/a><\/td><td class=\"column-2\"><a href=\"https:\/\/showerglasshardware.com\/wp-content\/uploads\/2024\/04\/SGH1004-Black.jpg\"><img loading=\"lazy\" decoding=\"async\" src=\"https:\/\/showerglasshardware.com\/wp-content\/uploads\/2024\/04\/SGH1004-Black-300x300.jpg\" alt=\"Pince noire verre-verre avec couvercle \u00e0 180 degr\u00e9s\" width=\"60\" height=\"60\" class=\"alignnone size-medium wp-image-2316\" title=\"\" srcset=\"https:\/\/showerglasshardware.com\/wp-content\/uploads\/2024\/04\/SGH1004-Black-300x300.jpg 300w, https:\/\/showerglasshardware.com\/wp-content\/uploads\/2024\/04\/SGH1004-Black-100x100.jpg 100w, https:\/\/showerglasshardware.com\/wp-content\/uploads\/2024\/04\/SGH1004-Black-150x150.jpg 150w, https:\/\/showerglasshardware.com\/wp-content\/uploads\/2024\/04\/SGH1004-Black-12x12.jpg 12w, https:\/\/showerglasshardware.com\/wp-content\/uploads\/2024\/04\/SGH1004-Black.jpg 500w\" sizes=\"(max-width: 60px) 100vw, 60px\" \/><\/a><\/td><td class=\"column-3\">De verre \u00e0 verre<\/td><td class=\"column-4\">180\u00b0<\/td><td class=\"column-5\">Rectangle<\/td><td class=\"column-6\">Avec couverture<\/td>\n<\/tr>\n<\/tbody>\n<\/table>\n<!-- #tablepress-5 from cache -->","protected":false},"excerpt":{"rendered":"<ul>\n<li>Mat\u00e9riau en laiton<\/li>\n<li>Pince \u00e0 verre avec couvercle<\/li>\n<li>Attaches de porte de douche 90\u00b0 en laiton<\/li>\n<li>\u00c9paisseur du verre : 6-10 mm ;<\/li>\n<li>Poids maximum de la porte vitr\u00e9e : 40 kg (2 pi\u00e8ces) ;<\/li>\n<li>Fini : Chrome poli ; Or poli\u00a0; Nickel bross\u00e9; M\u00e9tal \u00e0 canon\u00a0; Noir mat<\/li>\n<\/ul>\n<p><!-- notionvc: 5d8ef03b-8726-45ed-97aa-03865ac595dd --><\/p>","protected":false},"featured_media":4778,"comment_status":"open","ping_status":"closed","template":"","meta":{"_acf_changed":false},"product_brand":[],"product_cat":[24,110],"product_tag":[55],"class_list":{"0":"post-1043","1":"product","2":"type-product","3":"status-publish","4":"has-post-thumbnail","6":"product_cat-shower-glass-clamps","7":"product_cat-wall-mount-clamps","8":"product_tag-90-degree-glass-to-wall-clamp","9":"pa_finish-brushed-nickel","10":"pa_finish-chrome","11":"pa_finish-gold","12":"pa_finish-gun-metal","13":"pa_finish-black","14":"pa_glass-thickness-1-4-inch-6mm","15":"pa_glass-thickness-3-8-inch-10mm","16":"pa_glass-thickness-5-16-inch-8mm","17":"pa_material-brass","19":"first","20":"instock","21":"purchasable","22":"product-type-variable"},"acf":[],"_links":{"self":[{"href":"https:\/\/showerglasshardware.com\/fr-fr\/wp-json\/wp\/v2\/product\/1043","targetHints":{"allow":["GET"]}}],"collection":[{"href":"https:\/\/showerglasshardware.com\/fr-fr\/wp-json\/wp\/v2\/product"}],"about":[{"href":"https:\/\/showerglasshardware.com\/fr-fr\/wp-json\/wp\/v2\/types\/product"}],"replies":[{"embeddable":true,"href":"https:\/\/showerglasshardware.com\/fr-fr\/wp-json\/wp\/v2\/comments?post=1043"}],"version-history":[{"count":6,"href":"https:\/\/showerglasshardware.com\/fr-fr\/wp-json\/wp\/v2\/product\/1043\/revisions"}],"predecessor-version":[{"id":4879,"href":"https:\/\/showerglasshardware.com\/fr-fr\/wp-json\/wp\/v2\/product\/1043\/revisions\/4879"}],"wp:featuredmedia":[{"embeddable":true,"href":"https:\/\/showerglasshardware.com\/fr-fr\/wp-json\/wp\/v2\/media\/4778"}],"wp:attachment":[{"href":"https:\/\/showerglasshardware.com\/fr-fr\/wp-json\/wp\/v2\/media?parent=1043"}],"wp:term":[{"taxonomy":"product_brand","embeddable":true,"href":"https:\/\/showerglasshardware.com\/fr-fr\/wp-json\/wp\/v2\/product_brand?post=1043"},{"taxonomy":"product_cat","embeddable":true,"href":"https:\/\/showerglasshardware.com\/fr-fr\/wp-json\/wp\/v2\/product_cat?post=1043"},{"taxonomy":"product_tag","embeddable":true,"href":"https:\/\/showerglasshardware.com\/fr-fr\/wp-json\/wp\/v2\/product_tag?post=1043"}],"curies":[{"name":"wp","href":"https:\/\/api.w.org\/{rel}","templated":true}]}}