{"id":1059,"date":"2024-04-23T02:13:32","date_gmt":"2024-04-23T02:13:32","guid":{"rendered":"https:\/\/showerglasshardware.com\/?post_type=product&#038;p=1059"},"modified":"2025-10-12T15:36:25","modified_gmt":"2025-10-12T15:36:25","slug":"glass-to-glass-clamps-with-cover-135-degree-sgh-1003","status":"publish","type":"product","link":"https:\/\/showerglasshardware.com\/fr-fr\/product\/glass-to-glass-clamps-with-cover-135-degree-sgh-1003\/","title":{"rendered":"Attaches de porte de douche sans cadre verre \u00e0 verre avec couvercle 135 degr\u00e9s SGH-SD1003"},"content":{"rendered":"<p data-start=\"579\" data-end=\"763\">Le <strong data-start=\"583\" data-end=\"641\">SGH-SD1003 Pince pour porte de douche sans cadre verre-verre<\/strong> sont con\u00e7us pour relier des panneaux de verre \u00e0 un <strong data-start=\"688\" data-end=\"702\">Angle de 135<\/strong>Ils sont donc id\u00e9aux pour les cabines de douche d'angle sans cadre.<\/p>\n<p data-start=\"765\" data-end=\"1046\">Fabriqu\u00e9 \u00e0 partir de <strong data-start=\"775\" data-end=\"790\">laiton massif<\/strong>Ces colliers offrent une excellente solidit\u00e9 et une grande r\u00e9sistance \u00e0 la corrosion, garantissant une fiabilit\u00e9 \u00e0 long terme dans les salles de bains humides. Les <strong data-start=\"923\" data-end=\"943\">couverture d\u00e9corative<\/strong> offre une finition propre et professionnelle tout en dissimulant les vis et les d\u00e9tails de montage pour une apparence \u00e9l\u00e9gante.<\/p>\n<p data-start=\"1048\" data-end=\"1340\">Convient pour <strong data-start=\"1061\" data-end=\"1084\">Panneaux de verre de 6 \u00e0 10 mm<\/strong>chaque paire de pinces peut supporter jusqu'\u00e0 <strong data-start=\"1124\" data-end=\"1132\">40 kg<\/strong>Ils sont donc parfaits pour les portes de douche sans cadre de taille moyenne. Disponibles dans une gamme de finitions, ces pinces se coordonnent parfaitement avec d'autres accessoires de douche en laiton, pour un style de salle de bains moderne et coh\u00e9rent.<\/p>\n<p data-start=\"1342\" data-end=\"1361\"><strong data-start=\"1342\" data-end=\"1359\">Principales caract\u00e9ristiques:<\/strong><\/p>\n<ul data-start=\"1362\" data-end=\"1776\">\n<li data-start=\"1362\" data-end=\"1431\">\n<p data-start=\"1364\" data-end=\"1431\"><strong data-start=\"1364\" data-end=\"1373\">Taper:<\/strong> Colliers de serrage 135\u00b0 en laiton pour porte de douche verre-verre avec couvercle<\/p>\n<\/li>\n<li data-start=\"1432\" data-end=\"1496\">\n<p data-start=\"1434\" data-end=\"1496\"><strong data-start=\"1434\" data-end=\"1447\">Mat\u00e9riel:<\/strong> Laiton massif pour la durabilit\u00e9 et la r\u00e9sistance \u00e0 la rouille<\/p>\n<\/li>\n<li data-start=\"1497\" data-end=\"1549\">\n<p data-start=\"1499\" data-end=\"1549\"><strong data-start=\"1499\" data-end=\"1523\">Compatibilit\u00e9 du verre\u00a0:<\/strong> Convient au verre d'une \u00e9paisseur de 6 \u00e0 10 mm<\/p>\n<\/li>\n<li data-start=\"1550\" data-end=\"1607\">\n<p data-start=\"1552\" data-end=\"1607\"><strong data-start=\"1552\" data-end=\"1570\">Capacit\u00e9 de charge :<\/strong> Supporte jusqu'\u00e0 40 kg par deux pinces<\/p>\n<\/li>\n<li data-start=\"1608\" data-end=\"1685\">\n<p data-start=\"1610\" data-end=\"1685\"><strong data-start=\"1610\" data-end=\"1621\">Conception :<\/strong> Conception sans cadre avec couvercle d\u00e9coratif pour un aspect propre<\/p>\n<\/li>\n<li data-start=\"1686\" data-end=\"1776\">\n<p data-start=\"1688\" data-end=\"1776\"><strong data-start=\"1688\" data-end=\"1705\">Applications :<\/strong> Id\u00e9al pour les cabines de douche en verre sans cadre et les installations en angle<\/p>\n<\/li>\n<\/ul>\n<p data-start=\"1778\" data-end=\"1799\"><strong data-start=\"1778\" data-end=\"1797\">Caract\u00e9ristiques:<\/strong><\/p>\n<ul data-start=\"1800\" data-end=\"2070\">\n<li data-start=\"1800\" data-end=\"1825\">\n<p data-start=\"1802\" data-end=\"1825\"><strong data-start=\"1802\" data-end=\"1812\">Mod\u00e8le :<\/strong> SGH-SD1003<\/p>\n<\/li>\n<li data-start=\"1826\" data-end=\"1877\">\n<p data-start=\"1828\" data-end=\"1877\"><strong data-start=\"1828\" data-end=\"1837\">Taper:<\/strong> Pince verre-verre, 135\u00b0 avec couvercle<\/p>\n<\/li>\n<li data-start=\"1878\" data-end=\"1901\">\n<p data-start=\"1880\" data-end=\"1901\"><strong data-start=\"1880\" data-end=\"1893\">Mat\u00e9riel:<\/strong> Laiton<\/p>\n<\/li>\n<li data-start=\"1902\" data-end=\"1938\">\n<p data-start=\"1904\" data-end=\"1938\"><strong data-start=\"1904\" data-end=\"1929\">S'adapte \u00e0 l'\u00e9paisseur du verre :<\/strong> 6-10mm<\/p>\n<\/li>\n<li data-start=\"1939\" data-end=\"1975\">\n<p data-start=\"1941\" data-end=\"1975\"><strong data-start=\"1941\" data-end=\"1961\">Poids maximal de la porte :<\/strong> 40kg \/ 2pcs<\/p>\n<\/li>\n<li data-start=\"1976\" data-end=\"2070\">\n<p data-start=\"1978\" data-end=\"2070\"><strong data-start=\"1978\" data-end=\"1997\">Options de finition :<\/strong> Chrome poli, Or poli, Nickel bross\u00e9, M\u00e9tal Gun, Noir mat<\/p>\n<\/li>\n<\/ul>\n<h2 id=\"tablepress-5-name\" class=\"tablepress-table-name tablepress-table-name-id-5\">Pinces de porte de douche en laiton S\u00e9rie SD10xx<\/h2>\n\n<table id=\"tablepress-5\" class=\"tablepress tablepress-id-5\" aria-labelledby=\"tablepress-5-name\">\n<thead>\n<tr class=\"row-1\">\n\t<th class=\"column-1\"><strong>Mod\u00e8le<\/strong><\/th><th class=\"column-2\"><strong>Image<\/strong><\/th><th class=\"column-3\"><strong>Taper<\/strong><\/th><th class=\"column-4\"><strong>Angle<\/strong><\/th><th class=\"column-5\"><strong>Forme<\/strong><\/th><th class=\"column-6\"><strong>Fonctionnalit\u00e9<\/strong><\/th>\n<\/tr>\n<\/thead>\n<tbody class=\"row-striping row-hover\">\n<tr class=\"row-2\">\n\t<td class=\"column-1\"><a href=\"https:\/\/showerglasshardware.com\/fr-fr\/product\/glass-to-wall-clamps-with-cover-180-degree-sgh-1000l\/\">SD1000L<\/a><\/td><td class=\"column-2\"><a href=\"https:\/\/showerglasshardware.com\/wp-content\/uploads\/2024\/04\/FC1000-Black.jpg\"><img decoding=\"async\" src=\"https:\/\/showerglasshardware.com\/wp-content\/uploads\/2024\/04\/FC1000-Black-300x300.jpg\" alt=\"Pince noire pour verre \u00e0 verre avec couvercle\" width=\"60\" height=\"60\" class=\"alignnone size-medium wp-image-2305\" title=\"\" srcset=\"https:\/\/showerglasshardware.com\/wp-content\/uploads\/2024\/04\/FC1000-Black-300x300.jpg 300w, https:\/\/showerglasshardware.com\/wp-content\/uploads\/2024\/04\/FC1000-Black-100x100.jpg 100w, https:\/\/showerglasshardware.com\/wp-content\/uploads\/2024\/04\/FC1000-Black-150x150.jpg 150w, https:\/\/showerglasshardware.com\/wp-content\/uploads\/2024\/04\/FC1000-Black-12x12.jpg 12w, https:\/\/showerglasshardware.com\/wp-content\/uploads\/2024\/04\/FC1000-Black.jpg 500w\" sizes=\"(max-width: 60px) 100vw, 60px\" \/><\/a><\/td><td class=\"column-3\">Du verre au mur<\/td><td class=\"column-4\">180\u00b0<\/td><td class=\"column-5\">Rectangle<\/td><td class=\"column-6\">Avec couverture<\/td>\n<\/tr>\n<tr class=\"row-3\">\n\t<td class=\"column-1\"><a href=\"https:\/\/showerglasshardware.com\/fr-fr\/product\/brass-shower-door-clamps-sgh-1001l\/\">SD1001L<\/a><\/td><td class=\"column-2\"><a href=\"https:\/\/showerglasshardware.com\/wp-content\/uploads\/2024\/04\/SGH1001L-Black.jpg\"><img decoding=\"async\" src=\"https:\/\/showerglasshardware.com\/wp-content\/uploads\/2024\/04\/SGH1001L-Black-300x300.jpg\" alt=\"Pince de porte de douche en laiton avec couvercle noir maintenant le verre \u00e0 90 degr\u00e9s\" width=\"60\" height=\"60\" class=\"alignnone size-medium wp-image-2367\" title=\"\" srcset=\"https:\/\/showerglasshardware.com\/wp-content\/uploads\/2024\/04\/SGH1001L-Black-300x300.jpg 300w, https:\/\/showerglasshardware.com\/wp-content\/uploads\/2024\/04\/SGH1001L-Black-100x100.jpg 100w, https:\/\/showerglasshardware.com\/wp-content\/uploads\/2024\/04\/SGH1001L-Black-150x150.jpg 150w, https:\/\/showerglasshardware.com\/wp-content\/uploads\/2024\/04\/SGH1001L-Black-12x12.jpg 12w, https:\/\/showerglasshardware.com\/wp-content\/uploads\/2024\/04\/SGH1001L-Black.jpg 500w\" sizes=\"(max-width: 60px) 100vw, 60px\" \/><\/a><\/td><td class=\"column-3\">Du verre au mur<\/td><td class=\"column-4\">90\u00b0<\/td><td class=\"column-5\">Rectangle<\/td><td class=\"column-6\">Avec couverture<\/td>\n<\/tr>\n<tr class=\"row-4\">\n\t<td class=\"column-1\"><a href=\"https:\/\/showerglasshardware.com\/fr-fr\/product\/glass-to-glass-clamps-with-cover-90-degree-sgh1002\/\">SD1002<\/a><\/td><td class=\"column-2\"><a href=\"https:\/\/showerglasshardware.com\/wp-content\/uploads\/2024\/04\/SGH-1002_Black.jpg\"><img decoding=\"async\" src=\"https:\/\/showerglasshardware.com\/wp-content\/uploads\/2024\/04\/SGH-1002_Black-300x300.jpg\" alt=\"Pince pour porte de douche en verre avec couvercle 90 degr\u00e9s SGH-1002 Noir\" width=\"60\" height=\"60\" class=\"alignnone size-medium wp-image-2356\" title=\"\" srcset=\"https:\/\/showerglasshardware.com\/wp-content\/uploads\/2024\/04\/SGH-1002_Black-300x300.jpg 300w, https:\/\/showerglasshardware.com\/wp-content\/uploads\/2024\/04\/SGH-1002_Black-100x100.jpg 100w, https:\/\/showerglasshardware.com\/wp-content\/uploads\/2024\/04\/SGH-1002_Black-150x150.jpg 150w, https:\/\/showerglasshardware.com\/wp-content\/uploads\/2024\/04\/SGH-1002_Black-12x12.jpg 12w, https:\/\/showerglasshardware.com\/wp-content\/uploads\/2024\/04\/SGH-1002_Black.jpg 500w\" sizes=\"(max-width: 60px) 100vw, 60px\" \/><\/a><\/td><td class=\"column-3\">De verre \u00e0 verre<\/td><td class=\"column-4\">90\u00b0<\/td><td class=\"column-5\">Rectangle<\/td><td class=\"column-6\">Avec couverture<\/td>\n<\/tr>\n<tr class=\"row-5\">\n\t<td class=\"column-1\"><a href=\"https:\/\/showerglasshardware.com\/fr-fr\/product\/glass-to-glass-clamps-with-cover-135-degree-sgh-1003\/\">SD1003<\/a><\/td><td class=\"column-2\"><a href=\"https:\/\/showerglasshardware.com\/wp-content\/uploads\/2024\/04\/SGH1003-Black.jpg\"><img loading=\"lazy\" decoding=\"async\" src=\"https:\/\/showerglasshardware.com\/wp-content\/uploads\/2024\/04\/SGH1003-Black-300x300.jpg\" alt=\"Pince noire pour porte de douche sans cadre avec couvercle \u00e0 un angle de 135 degr\u00e9s\" width=\"60\" height=\"60\" class=\"alignnone size-medium wp-image-2345\" title=\"\" srcset=\"https:\/\/showerglasshardware.com\/wp-content\/uploads\/2024\/04\/SGH1003-Black-300x300.jpg 300w, https:\/\/showerglasshardware.com\/wp-content\/uploads\/2024\/04\/SGH1003-Black-100x100.jpg 100w, https:\/\/showerglasshardware.com\/wp-content\/uploads\/2024\/04\/SGH1003-Black-150x150.jpg 150w, https:\/\/showerglasshardware.com\/wp-content\/uploads\/2024\/04\/SGH1003-Black-12x12.jpg 12w, https:\/\/showerglasshardware.com\/wp-content\/uploads\/2024\/04\/SGH1003-Black.jpg 500w\" sizes=\"(max-width: 60px) 100vw, 60px\" \/><\/a><\/td><td class=\"column-3\">De verre \u00e0 verre<\/td><td class=\"column-4\">135\u00b0<\/td><td class=\"column-5\">Rectangle<\/td><td class=\"column-6\">Avec couverture<\/td>\n<\/tr>\n<tr class=\"row-6\">\n\t<td class=\"column-1\"><a href=\"https:\/\/showerglasshardware.com\/fr-fr\/product\/glass-to-glass-clamps-with-cover-180-degree-sgh-1004\/\">SD1004<\/a><\/td><td class=\"column-2\"><a href=\"https:\/\/showerglasshardware.com\/wp-content\/uploads\/2024\/04\/SGH1004-Black.jpg\"><img loading=\"lazy\" decoding=\"async\" src=\"https:\/\/showerglasshardware.com\/wp-content\/uploads\/2024\/04\/SGH1004-Black-300x300.jpg\" alt=\"Pince noire verre-verre avec couvercle \u00e0 180 degr\u00e9s\" width=\"60\" height=\"60\" class=\"alignnone size-medium wp-image-2316\" title=\"\" srcset=\"https:\/\/showerglasshardware.com\/wp-content\/uploads\/2024\/04\/SGH1004-Black-300x300.jpg 300w, https:\/\/showerglasshardware.com\/wp-content\/uploads\/2024\/04\/SGH1004-Black-100x100.jpg 100w, https:\/\/showerglasshardware.com\/wp-content\/uploads\/2024\/04\/SGH1004-Black-150x150.jpg 150w, https:\/\/showerglasshardware.com\/wp-content\/uploads\/2024\/04\/SGH1004-Black-12x12.jpg 12w, https:\/\/showerglasshardware.com\/wp-content\/uploads\/2024\/04\/SGH1004-Black.jpg 500w\" sizes=\"(max-width: 60px) 100vw, 60px\" \/><\/a><\/td><td class=\"column-3\">De verre \u00e0 verre<\/td><td class=\"column-4\">180\u00b0<\/td><td class=\"column-5\">Rectangle<\/td><td class=\"column-6\">Avec couverture<\/td>\n<\/tr>\n<\/tbody>\n<\/table>\n<!-- #tablepress-5 from cache -->","protected":false},"excerpt":{"rendered":"<ul>\n<li>Mat\u00e9riau en laiton<\/li>\n<li>Pince \u00e0 verre avec couvercle<\/li>\n<li>Colliers de serrage pour portes de douche sans cadre 135<\/li>\n<li>\u00c9paisseur du verre : 6-10 mm ;<\/li>\n<li>Poids maximum de la porte vitr\u00e9e : 40 kg (2 pi\u00e8ces) ;<\/li>\n<li>Fini : Chrome poli ; Or poli\u00a0; Nickel bross\u00e9; M\u00e9tal \u00e0 canon\u00a0; Noir mat<\/li>\n<\/ul>\n<p><!-- notionvc: 5d8ef03b-8726-45ed-97aa-03865ac595dd --><\/p>","protected":false},"featured_media":4788,"comment_status":"open","ping_status":"closed","template":"","meta":{"_acf_changed":false},"product_brand":[],"product_cat":[109,24],"product_tag":[59],"class_list":{"0":"post-1059","1":"product","2":"type-product","3":"status-publish","4":"has-post-thumbnail","6":"product_cat-glass-to-glass-clamps","7":"product_cat-shower-glass-clamps","8":"product_tag-135-degree-glass-to-glass-clamps","9":"pa_finish-brushed-nickel","10":"pa_finish-chrome","11":"pa_finish-gold","12":"pa_finish-gun-metal","13":"pa_finish-black","14":"pa_glass-thickness-1-4-inch-6mm","15":"pa_glass-thickness-3-8-inch-10mm","16":"pa_glass-thickness-5-16-inch-8mm","17":"pa_material-brass","19":"first","20":"instock","21":"purchasable","22":"product-type-variable"},"acf":[],"_links":{"self":[{"href":"https:\/\/showerglasshardware.com\/fr-fr\/wp-json\/wp\/v2\/product\/1059","targetHints":{"allow":["GET"]}}],"collection":[{"href":"https:\/\/showerglasshardware.com\/fr-fr\/wp-json\/wp\/v2\/product"}],"about":[{"href":"https:\/\/showerglasshardware.com\/fr-fr\/wp-json\/wp\/v2\/types\/product"}],"replies":[{"embeddable":true,"href":"https:\/\/showerglasshardware.com\/fr-fr\/wp-json\/wp\/v2\/comments?post=1059"}],"version-history":[{"count":6,"href":"https:\/\/showerglasshardware.com\/fr-fr\/wp-json\/wp\/v2\/product\/1059\/revisions"}],"predecessor-version":[{"id":4877,"href":"https:\/\/showerglasshardware.com\/fr-fr\/wp-json\/wp\/v2\/product\/1059\/revisions\/4877"}],"wp:featuredmedia":[{"embeddable":true,"href":"https:\/\/showerglasshardware.com\/fr-fr\/wp-json\/wp\/v2\/media\/4788"}],"wp:attachment":[{"href":"https:\/\/showerglasshardware.com\/fr-fr\/wp-json\/wp\/v2\/media?parent=1059"}],"wp:term":[{"taxonomy":"product_brand","embeddable":true,"href":"https:\/\/showerglasshardware.com\/fr-fr\/wp-json\/wp\/v2\/product_brand?post=1059"},{"taxonomy":"product_cat","embeddable":true,"href":"https:\/\/showerglasshardware.com\/fr-fr\/wp-json\/wp\/v2\/product_cat?post=1059"},{"taxonomy":"product_tag","embeddable":true,"href":"https:\/\/showerglasshardware.com\/fr-fr\/wp-json\/wp\/v2\/product_tag?post=1059"}],"curies":[{"name":"wp","href":"https:\/\/api.w.org\/{rel}","templated":true}]}}