{"id":1067,"date":"2024-04-23T02:29:30","date_gmt":"2024-04-23T02:29:30","guid":{"rendered":"https:\/\/showerglasshardware.com\/?post_type=product&#038;p=1067"},"modified":"2025-10-12T15:36:05","modified_gmt":"2025-10-12T15:36:05","slug":"glass-to-wall-clamps-with-cover-180-degree-sgh-1000l","status":"publish","type":"product","link":"https:\/\/showerglasshardware.com\/fr-fr\/product\/glass-to-wall-clamps-with-cover-180-degree-sgh-1000l\/","title":{"rendered":"Colliers de serrage verre-mur avec couvercle 180 degr\u00e9s SGH-SD1000L"},"content":{"rendered":"<p data-start=\"509\" data-end=\"678\">Le <strong data-start=\"513\" data-end=\"558\">SGH-1000L Colliers de serrage verre-mur avec couvercle<\/strong> offrent une solution fiable et \u00e9l\u00e9gante pour les cabines de douche sans cadre qui n\u00e9cessitent un entretien particulier. <strong data-start=\"641\" data-end=\"675\">Raccords verre-mur \u00e0 180<\/strong>.<\/p>\n<p data-start=\"680\" data-end=\"980\">Fabriqu\u00e9 en <strong data-start=\"693\" data-end=\"708\">laiton massif<\/strong>Ces colliers sont robustes et r\u00e9sistants \u00e0 la corrosion, ce qui leur conf\u00e8re une longue dur\u00e9e de vie dans les salles de bains. Les <strong data-start=\"830\" data-end=\"850\">couverture d\u00e9corative<\/strong> dissimule le mat\u00e9riel de montage pour un aspect propre et haut de gamme, ce qui les rend appropri\u00e9s pour les projets r\u00e9sidentiels et commerciaux.<\/p>\n<p data-start=\"982\" data-end=\"1258\">Con\u00e7u pour s'adapter <strong data-start=\"998\" data-end=\"1020\">Verre de 6 \u00e0 10 mm d'\u00e9paisseur<\/strong>chaque paire de pinces peut supporter jusqu'\u00e0 <strong data-start=\"1060\" data-end=\"1068\">40 kg<\/strong>Le SGH-1000L offre une installation s\u00e9curis\u00e9e pour les portes de douche sans cadre de taille moyenne. Avec plusieurs finitions disponibles, le SGH-1000L s'int\u00e8gre parfaitement \u00e0 une large gamme de styles de quincaillerie de salle de bains.<\/p>\n<p data-start=\"1260\" data-end=\"1279\"><strong data-start=\"1260\" data-end=\"1277\">Principales caract\u00e9ristiques:<\/strong><\/p>\n<ul data-start=\"1280\" data-end=\"1674\">\n<li data-start=\"1280\" data-end=\"1343\">\n<p data-start=\"1282\" data-end=\"1343\"><strong data-start=\"1282\" data-end=\"1291\">Taper:<\/strong> Colliers de douche en laiton 180\u00b0 verre-mur avec couvercle<\/p>\n<\/li>\n<li data-start=\"1344\" data-end=\"1408\">\n<p data-start=\"1346\" data-end=\"1408\"><strong data-start=\"1346\" data-end=\"1359\">Mat\u00e9riel:<\/strong> Laiton massif pour la durabilit\u00e9 et la r\u00e9sistance \u00e0 la rouille<\/p>\n<\/li>\n<li data-start=\"1409\" data-end=\"1461\">\n<p data-start=\"1411\" data-end=\"1461\"><strong data-start=\"1411\" data-end=\"1435\">Compatibilit\u00e9 du verre\u00a0:<\/strong> Convient au verre d'une \u00e9paisseur de 6 \u00e0 10 mm<\/p>\n<\/li>\n<li data-start=\"1462\" data-end=\"1519\">\n<p data-start=\"1464\" data-end=\"1519\"><strong data-start=\"1464\" data-end=\"1482\">Capacit\u00e9 de charge :<\/strong> Supporte jusqu'\u00e0 40 kg par deux pinces<\/p>\n<\/li>\n<li data-start=\"1520\" data-end=\"1592\">\n<p data-start=\"1522\" data-end=\"1592\"><strong data-start=\"1522\" data-end=\"1533\">Conception :<\/strong> Style sans cadre avec couvercle d\u00e9coratif pour une finition \u00e9l\u00e9gante<\/p>\n<\/li>\n<li data-start=\"1593\" data-end=\"1674\">\n<p data-start=\"1595\" data-end=\"1674\"><strong data-start=\"1595\" data-end=\"1612\">Applications :<\/strong> Id\u00e9al pour les portes de douche sans cadre dans les maisons, les h\u00f4tels et les spas<\/p>\n<\/li>\n<\/ul>\n<p data-start=\"1676\" data-end=\"1697\"><strong data-start=\"1676\" data-end=\"1695\">Caract\u00e9ristiques:<\/strong><\/p>\n<ul data-start=\"1698\" data-end=\"1966\">\n<li data-start=\"1698\" data-end=\"1722\">\n<p data-start=\"1700\" data-end=\"1722\"><strong data-start=\"1700\" data-end=\"1710\">Mod\u00e8le :<\/strong> SGH-1000L<\/p>\n<\/li>\n<li data-start=\"1723\" data-end=\"1773\">\n<p data-start=\"1725\" data-end=\"1773\"><strong data-start=\"1725\" data-end=\"1734\">Taper:<\/strong> Pince verre-mur, 180\u00b0 avec couvercle<\/p>\n<\/li>\n<li data-start=\"1774\" data-end=\"1797\">\n<p data-start=\"1776\" data-end=\"1797\"><strong data-start=\"1776\" data-end=\"1789\">Mat\u00e9riel:<\/strong> Laiton<\/p>\n<\/li>\n<li data-start=\"1798\" data-end=\"1834\">\n<p data-start=\"1800\" data-end=\"1834\"><strong data-start=\"1800\" data-end=\"1825\">S'adapte \u00e0 l'\u00e9paisseur du verre :<\/strong> 6-10mm<\/p>\n<\/li>\n<li data-start=\"1835\" data-end=\"1871\">\n<p data-start=\"1837\" data-end=\"1871\"><strong data-start=\"1837\" data-end=\"1857\">Poids maximal de la porte :<\/strong> 40kg \/ 2pcs<\/p>\n<\/li>\n<li data-start=\"1872\" data-end=\"1966\">\n<p data-start=\"1874\" data-end=\"1966\"><strong data-start=\"1874\" data-end=\"1893\">Options de finition :<\/strong> Chrome poli, Or poli, Nickel bross\u00e9, M\u00e9tal Gun, Noir mat<\/p>\n<\/li>\n<\/ul>\n<h2 id=\"tablepress-5-name\" class=\"tablepress-table-name tablepress-table-name-id-5\">Pinces de porte de douche en laiton S\u00e9rie SD10xx<\/h2>\n\n<table id=\"tablepress-5\" class=\"tablepress tablepress-id-5\" aria-labelledby=\"tablepress-5-name\">\n<thead>\n<tr class=\"row-1\">\n\t<th class=\"column-1\"><strong>Mod\u00e8le<\/strong><\/th><th class=\"column-2\"><strong>Image<\/strong><\/th><th class=\"column-3\"><strong>Taper<\/strong><\/th><th class=\"column-4\"><strong>Angle<\/strong><\/th><th class=\"column-5\"><strong>Forme<\/strong><\/th><th class=\"column-6\"><strong>Fonctionnalit\u00e9<\/strong><\/th>\n<\/tr>\n<\/thead>\n<tbody class=\"row-striping row-hover\">\n<tr class=\"row-2\">\n\t<td class=\"column-1\"><a href=\"https:\/\/showerglasshardware.com\/fr-fr\/product\/glass-to-wall-clamps-with-cover-180-degree-sgh-1000l\/\">SD1000L<\/a><\/td><td class=\"column-2\"><a href=\"https:\/\/showerglasshardware.com\/wp-content\/uploads\/2024\/04\/FC1000-Black.jpg\"><img decoding=\"async\" src=\"https:\/\/showerglasshardware.com\/wp-content\/uploads\/2024\/04\/FC1000-Black-300x300.jpg\" alt=\"Pince noire pour verre \u00e0 verre avec couvercle\" width=\"60\" height=\"60\" class=\"alignnone size-medium wp-image-2305\" title=\"\" srcset=\"https:\/\/showerglasshardware.com\/wp-content\/uploads\/2024\/04\/FC1000-Black-300x300.jpg 300w, https:\/\/showerglasshardware.com\/wp-content\/uploads\/2024\/04\/FC1000-Black-100x100.jpg 100w, https:\/\/showerglasshardware.com\/wp-content\/uploads\/2024\/04\/FC1000-Black-150x150.jpg 150w, https:\/\/showerglasshardware.com\/wp-content\/uploads\/2024\/04\/FC1000-Black-12x12.jpg 12w, https:\/\/showerglasshardware.com\/wp-content\/uploads\/2024\/04\/FC1000-Black.jpg 500w\" sizes=\"(max-width: 60px) 100vw, 60px\" \/><\/a><\/td><td class=\"column-3\">Du verre au mur<\/td><td class=\"column-4\">180\u00b0<\/td><td class=\"column-5\">Rectangle<\/td><td class=\"column-6\">Avec couverture<\/td>\n<\/tr>\n<tr class=\"row-3\">\n\t<td class=\"column-1\"><a href=\"https:\/\/showerglasshardware.com\/fr-fr\/product\/brass-shower-door-clamps-sgh-1001l\/\">SD1001L<\/a><\/td><td class=\"column-2\"><a href=\"https:\/\/showerglasshardware.com\/wp-content\/uploads\/2024\/04\/SGH1001L-Black.jpg\"><img decoding=\"async\" src=\"https:\/\/showerglasshardware.com\/wp-content\/uploads\/2024\/04\/SGH1001L-Black-300x300.jpg\" alt=\"Pince de porte de douche en laiton avec couvercle noir maintenant le verre \u00e0 90 degr\u00e9s\" width=\"60\" height=\"60\" class=\"alignnone size-medium wp-image-2367\" title=\"\" srcset=\"https:\/\/showerglasshardware.com\/wp-content\/uploads\/2024\/04\/SGH1001L-Black-300x300.jpg 300w, https:\/\/showerglasshardware.com\/wp-content\/uploads\/2024\/04\/SGH1001L-Black-100x100.jpg 100w, https:\/\/showerglasshardware.com\/wp-content\/uploads\/2024\/04\/SGH1001L-Black-150x150.jpg 150w, https:\/\/showerglasshardware.com\/wp-content\/uploads\/2024\/04\/SGH1001L-Black-12x12.jpg 12w, https:\/\/showerglasshardware.com\/wp-content\/uploads\/2024\/04\/SGH1001L-Black.jpg 500w\" sizes=\"(max-width: 60px) 100vw, 60px\" \/><\/a><\/td><td class=\"column-3\">Du verre au mur<\/td><td class=\"column-4\">90\u00b0<\/td><td class=\"column-5\">Rectangle<\/td><td class=\"column-6\">Avec couverture<\/td>\n<\/tr>\n<tr class=\"row-4\">\n\t<td class=\"column-1\"><a href=\"https:\/\/showerglasshardware.com\/fr-fr\/product\/glass-to-glass-clamps-with-cover-90-degree-sgh1002\/\">SD1002<\/a><\/td><td class=\"column-2\"><a href=\"https:\/\/showerglasshardware.com\/wp-content\/uploads\/2024\/04\/SGH-1002_Black.jpg\"><img decoding=\"async\" src=\"https:\/\/showerglasshardware.com\/wp-content\/uploads\/2024\/04\/SGH-1002_Black-300x300.jpg\" alt=\"Pince pour porte de douche en verre avec couvercle 90 degr\u00e9s SGH-1002 Noir\" width=\"60\" height=\"60\" class=\"alignnone size-medium wp-image-2356\" title=\"\" srcset=\"https:\/\/showerglasshardware.com\/wp-content\/uploads\/2024\/04\/SGH-1002_Black-300x300.jpg 300w, https:\/\/showerglasshardware.com\/wp-content\/uploads\/2024\/04\/SGH-1002_Black-100x100.jpg 100w, https:\/\/showerglasshardware.com\/wp-content\/uploads\/2024\/04\/SGH-1002_Black-150x150.jpg 150w, https:\/\/showerglasshardware.com\/wp-content\/uploads\/2024\/04\/SGH-1002_Black-12x12.jpg 12w, https:\/\/showerglasshardware.com\/wp-content\/uploads\/2024\/04\/SGH-1002_Black.jpg 500w\" sizes=\"(max-width: 60px) 100vw, 60px\" \/><\/a><\/td><td class=\"column-3\">De verre \u00e0 verre<\/td><td class=\"column-4\">90\u00b0<\/td><td class=\"column-5\">Rectangle<\/td><td class=\"column-6\">Avec couverture<\/td>\n<\/tr>\n<tr class=\"row-5\">\n\t<td class=\"column-1\"><a href=\"https:\/\/showerglasshardware.com\/fr-fr\/product\/glass-to-glass-clamps-with-cover-135-degree-sgh-1003\/\">SD1003<\/a><\/td><td class=\"column-2\"><a href=\"https:\/\/showerglasshardware.com\/wp-content\/uploads\/2024\/04\/SGH1003-Black.jpg\"><img loading=\"lazy\" decoding=\"async\" src=\"https:\/\/showerglasshardware.com\/wp-content\/uploads\/2024\/04\/SGH1003-Black-300x300.jpg\" alt=\"Pince noire pour porte de douche sans cadre avec couvercle \u00e0 un angle de 135 degr\u00e9s\" width=\"60\" height=\"60\" class=\"alignnone size-medium wp-image-2345\" title=\"\" srcset=\"https:\/\/showerglasshardware.com\/wp-content\/uploads\/2024\/04\/SGH1003-Black-300x300.jpg 300w, https:\/\/showerglasshardware.com\/wp-content\/uploads\/2024\/04\/SGH1003-Black-100x100.jpg 100w, https:\/\/showerglasshardware.com\/wp-content\/uploads\/2024\/04\/SGH1003-Black-150x150.jpg 150w, https:\/\/showerglasshardware.com\/wp-content\/uploads\/2024\/04\/SGH1003-Black-12x12.jpg 12w, https:\/\/showerglasshardware.com\/wp-content\/uploads\/2024\/04\/SGH1003-Black.jpg 500w\" sizes=\"(max-width: 60px) 100vw, 60px\" \/><\/a><\/td><td class=\"column-3\">De verre \u00e0 verre<\/td><td class=\"column-4\">135\u00b0<\/td><td class=\"column-5\">Rectangle<\/td><td class=\"column-6\">Avec couverture<\/td>\n<\/tr>\n<tr class=\"row-6\">\n\t<td class=\"column-1\"><a href=\"https:\/\/showerglasshardware.com\/fr-fr\/product\/glass-to-glass-clamps-with-cover-180-degree-sgh-1004\/\">SD1004<\/a><\/td><td class=\"column-2\"><a href=\"https:\/\/showerglasshardware.com\/wp-content\/uploads\/2024\/04\/SGH1004-Black.jpg\"><img loading=\"lazy\" decoding=\"async\" src=\"https:\/\/showerglasshardware.com\/wp-content\/uploads\/2024\/04\/SGH1004-Black-300x300.jpg\" alt=\"Pince noire verre-verre avec couvercle \u00e0 180 degr\u00e9s\" width=\"60\" height=\"60\" class=\"alignnone size-medium wp-image-2316\" title=\"\" srcset=\"https:\/\/showerglasshardware.com\/wp-content\/uploads\/2024\/04\/SGH1004-Black-300x300.jpg 300w, https:\/\/showerglasshardware.com\/wp-content\/uploads\/2024\/04\/SGH1004-Black-100x100.jpg 100w, https:\/\/showerglasshardware.com\/wp-content\/uploads\/2024\/04\/SGH1004-Black-150x150.jpg 150w, https:\/\/showerglasshardware.com\/wp-content\/uploads\/2024\/04\/SGH1004-Black-12x12.jpg 12w, https:\/\/showerglasshardware.com\/wp-content\/uploads\/2024\/04\/SGH1004-Black.jpg 500w\" sizes=\"(max-width: 60px) 100vw, 60px\" \/><\/a><\/td><td class=\"column-3\">De verre \u00e0 verre<\/td><td class=\"column-4\">180\u00b0<\/td><td class=\"column-5\">Rectangle<\/td><td class=\"column-6\">Avec couverture<\/td>\n<\/tr>\n<\/tbody>\n<\/table>\n<!-- #tablepress-5 from cache -->","protected":false},"excerpt":{"rendered":"<ul>\n<li>Mat\u00e9riau en laiton<\/li>\n<li>Pince \u00e0 verre avec couvercle<\/li>\n<li>Pinces verre \u00e0 mur 180\u00b0<\/li>\n<li>\u00c9paisseur du verre : 6-10 mm ;<\/li>\n<li>Poids maximum de la porte vitr\u00e9e : 40 kg (2 pi\u00e8ces) ;<\/li>\n<li>Fini : Chrome poli ; Or poli\u00a0; Nickel bross\u00e9; M\u00e9tal \u00e0 canon\u00a0; Noir mat<\/li>\n<\/ul>\n<p><!-- notionvc: 5d8ef03b-8726-45ed-97aa-03865ac595dd --><\/p>","protected":false},"featured_media":2315,"comment_status":"open","ping_status":"closed","template":"","meta":{"_acf_changed":false},"product_brand":[],"product_cat":[24,110],"product_tag":[56],"class_list":{"0":"post-1067","1":"product","2":"type-product","3":"status-publish","4":"has-post-thumbnail","6":"product_cat-shower-glass-clamps","7":"product_cat-wall-mount-clamps","8":"product_tag-180-degree-glass-to-wall-clamp","9":"pa_finish-brushed-nickel","10":"pa_finish-chrome","11":"pa_finish-gold","12":"pa_finish-gun-metal","13":"pa_finish-black","14":"pa_glass-thickness-1-4-inch-6mm","15":"pa_glass-thickness-3-8-inch-10mm","16":"pa_glass-thickness-5-16-inch-8mm","17":"pa_material-brass","19":"first","20":"instock","21":"purchasable","22":"product-type-variable"},"acf":[],"_links":{"self":[{"href":"https:\/\/showerglasshardware.com\/fr-fr\/wp-json\/wp\/v2\/product\/1067","targetHints":{"allow":["GET"]}}],"collection":[{"href":"https:\/\/showerglasshardware.com\/fr-fr\/wp-json\/wp\/v2\/product"}],"about":[{"href":"https:\/\/showerglasshardware.com\/fr-fr\/wp-json\/wp\/v2\/types\/product"}],"replies":[{"embeddable":true,"href":"https:\/\/showerglasshardware.com\/fr-fr\/wp-json\/wp\/v2\/comments?post=1067"}],"version-history":[{"count":5,"href":"https:\/\/showerglasshardware.com\/fr-fr\/wp-json\/wp\/v2\/product\/1067\/revisions"}],"predecessor-version":[{"id":4876,"href":"https:\/\/showerglasshardware.com\/fr-fr\/wp-json\/wp\/v2\/product\/1067\/revisions\/4876"}],"wp:featuredmedia":[{"embeddable":true,"href":"https:\/\/showerglasshardware.com\/fr-fr\/wp-json\/wp\/v2\/media\/2315"}],"wp:attachment":[{"href":"https:\/\/showerglasshardware.com\/fr-fr\/wp-json\/wp\/v2\/media?parent=1067"}],"wp:term":[{"taxonomy":"product_brand","embeddable":true,"href":"https:\/\/showerglasshardware.com\/fr-fr\/wp-json\/wp\/v2\/product_brand?post=1067"},{"taxonomy":"product_cat","embeddable":true,"href":"https:\/\/showerglasshardware.com\/fr-fr\/wp-json\/wp\/v2\/product_cat?post=1067"},{"taxonomy":"product_tag","embeddable":true,"href":"https:\/\/showerglasshardware.com\/fr-fr\/wp-json\/wp\/v2\/product_tag?post=1067"}],"curies":[{"name":"wp","href":"https:\/\/api.w.org\/{rel}","templated":true}]}}