{"id":1069,"date":"2024-04-23T02:32:03","date_gmt":"2024-04-23T02:32:03","guid":{"rendered":"https:\/\/showerglasshardware.com\/?post_type=product&#038;p=1069"},"modified":"2025-10-12T15:35:51","modified_gmt":"2025-10-12T15:35:51","slug":"glass-to-glass-clamps-with-cover-180-degree-sgh-1004","status":"publish","type":"product","link":"https:\/\/showerglasshardware.com\/fr-fr\/product\/glass-to-glass-clamps-with-cover-180-degree-sgh-1004\/","title":{"rendered":"Colliers de serrage verre-verre avec couvercle 180 degr\u00e9s SGH-SD1004"},"content":{"rendered":"<p data-start=\"457\" data-end=\"632\">Le SGH-1004 180\u00b0 Glass to Glass Shower Door Clamps with Cover est con\u00e7u pour des connexions s\u00fbres et \u00e9l\u00e9gantes entre deux panneaux de douche en verre sans cadre \u00e0 un angle de 180\u00b0.<\/p>\n<p data-start=\"634\" data-end=\"913\">Fabriqu\u00e9s en laiton massif, ces colliers offrent une solidit\u00e9 exceptionnelle, une r\u00e9sistance \u00e0 la corrosion et une durabilit\u00e9 \u00e0 long terme. Le couvercle int\u00e9gr\u00e9 dissimule les vis pour un aspect propre et moderne, ce qui les rend id\u00e9ales pour les salles de bains r\u00e9sidentielles haut de gamme et les cabines de douche commerciales.<\/p>\n<p data-start=\"915\" data-end=\"1182\">Compatibles avec le verre de 6 \u00e0 10 mm d'\u00e9paisseur, deux pinces peuvent supporter jusqu'\u00e0 40 kg en toute s\u00e9curit\u00e9, garantissant ainsi stabilit\u00e9 et fiabilit\u00e9. Disponible en chrome poli, or poli, nickel bross\u00e9, m\u00e9tal arm\u00e9 et noir mat pour s'adapter aux diff\u00e9rents styles de salle de bains.<\/p>\n<p data-start=\"1184\" data-end=\"1203\"><strong data-start=\"1184\" data-end=\"1201\">Principales caract\u00e9ristiques:<\/strong><\/p>\n<ul data-start=\"1204\" data-end=\"1641\">\n<li data-start=\"1204\" data-end=\"1271\">\n<p data-start=\"1206\" data-end=\"1271\"><strong data-start=\"1206\" data-end=\"1219\">Mat\u00e9riel:<\/strong> Laiton massif pour la solidit\u00e9 et la r\u00e9sistance \u00e0 la corrosion<\/p>\n<\/li>\n<li data-start=\"1272\" data-end=\"1347\">\n<p data-start=\"1274\" data-end=\"1347\"><strong data-start=\"1274\" data-end=\"1285\">Conception :<\/strong> Pince verre-verre \u00e0 180\u00b0 avec couvercle pour une apparence \u00e9l\u00e9gante<\/p>\n<\/li>\n<li data-start=\"1348\" data-end=\"1400\">\n<p data-start=\"1350\" data-end=\"1400\"><strong data-start=\"1350\" data-end=\"1374\">Compatibilit\u00e9 du verre\u00a0:<\/strong> Convient au verre d'une \u00e9paisseur de 6 \u00e0 10 mm<\/p>\n<\/li>\n<li data-start=\"1401\" data-end=\"1452\">\n<p data-start=\"1403\" data-end=\"1452\"><strong data-start=\"1403\" data-end=\"1421\">Capacit\u00e9 de charge :<\/strong> Supporte 40 kg par deux pinces<\/p>\n<\/li>\n<li data-start=\"1453\" data-end=\"1547\">\n<p data-start=\"1455\" data-end=\"1547\"><strong data-start=\"1455\" data-end=\"1474\">Options de finition :<\/strong> Chrome poli, Or poli, Nickel bross\u00e9, M\u00e9tal Gun, Noir mat<\/p>\n<\/li>\n<li data-start=\"1548\" data-end=\"1641\">\n<p data-start=\"1550\" data-end=\"1641\"><strong data-start=\"1550\" data-end=\"1567\">Applications :<\/strong> Cabines de douche en verre sans cadre pour les particuliers, les h\u00f4tels et les commerces<\/p>\n<\/li>\n<\/ul>\n<p data-start=\"1643\" data-end=\"1664\"><strong data-start=\"1643\" data-end=\"1662\">Caract\u00e9ristiques:<\/strong><\/p>\n<ul data-start=\"1665\" data-end=\"1993\">\n<li data-start=\"1665\" data-end=\"1688\">\n<p data-start=\"1667\" data-end=\"1688\"><strong data-start=\"1667\" data-end=\"1677\">Mod\u00e8le :<\/strong> SGH-1004<\/p>\n<\/li>\n<li data-start=\"1689\" data-end=\"1739\">\n<p data-start=\"1691\" data-end=\"1739\"><strong data-start=\"1691\" data-end=\"1700\">Taper:<\/strong> Pince verre-verre 180\u00b0 avec couvercle<\/p>\n<\/li>\n<li data-start=\"1740\" data-end=\"1763\">\n<p data-start=\"1742\" data-end=\"1763\"><strong data-start=\"1742\" data-end=\"1755\">Mat\u00e9riel:<\/strong> Laiton<\/p>\n<\/li>\n<li data-start=\"1764\" data-end=\"1800\">\n<p data-start=\"1766\" data-end=\"1800\"><strong data-start=\"1766\" data-end=\"1791\">S'adapte \u00e0 l'\u00e9paisseur du verre :<\/strong> 6-10mm<\/p>\n<\/li>\n<li data-start=\"1801\" data-end=\"1843\">\n<p data-start=\"1803\" data-end=\"1843\"><strong data-start=\"1803\" data-end=\"1821\">Capacit\u00e9 de charge :<\/strong> 40kg par deux pinces<\/p>\n<\/li>\n<li data-start=\"1844\" data-end=\"1932\">\n<p data-start=\"1846\" data-end=\"1932\"><strong data-start=\"1846\" data-end=\"1859\">Finitions :<\/strong> Chrome poli, Or poli, Nickel bross\u00e9, M\u00e9tal Gun, Noir mat<\/p>\n<\/li>\n<li data-start=\"1933\" data-end=\"1993\">\n<p data-start=\"1935\" data-end=\"1993\"><strong data-start=\"1935\" data-end=\"1951\">Application:<\/strong> Portes et panneaux de douche en verre sans cadre<\/p>\n<\/li>\n<\/ul>\n<h2 id=\"tablepress-5-name\" class=\"tablepress-table-name tablepress-table-name-id-5\">Pinces de porte de douche en laiton S\u00e9rie SD10xx<\/h2>\n\n<table id=\"tablepress-5\" class=\"tablepress tablepress-id-5\" aria-labelledby=\"tablepress-5-name\">\n<thead>\n<tr class=\"row-1\">\n\t<th class=\"column-1\"><strong>Mod\u00e8le<\/strong><\/th><th class=\"column-2\"><strong>Image<\/strong><\/th><th class=\"column-3\"><strong>Taper<\/strong><\/th><th class=\"column-4\"><strong>Angle<\/strong><\/th><th class=\"column-5\"><strong>Forme<\/strong><\/th><th class=\"column-6\"><strong>Fonctionnalit\u00e9<\/strong><\/th>\n<\/tr>\n<\/thead>\n<tbody class=\"row-striping row-hover\">\n<tr class=\"row-2\">\n\t<td class=\"column-1\"><a href=\"https:\/\/showerglasshardware.com\/fr-fr\/product\/glass-to-wall-clamps-with-cover-180-degree-sgh-1000l\/\">SD1000L<\/a><\/td><td class=\"column-2\"><a href=\"https:\/\/showerglasshardware.com\/wp-content\/uploads\/2024\/04\/FC1000-Black.jpg\"><img decoding=\"async\" src=\"https:\/\/showerglasshardware.com\/wp-content\/uploads\/2024\/04\/FC1000-Black-300x300.jpg\" alt=\"Pince noire pour verre \u00e0 verre avec couvercle\" width=\"60\" height=\"60\" class=\"alignnone size-medium wp-image-2305\" title=\"\" srcset=\"https:\/\/showerglasshardware.com\/wp-content\/uploads\/2024\/04\/FC1000-Black-300x300.jpg 300w, https:\/\/showerglasshardware.com\/wp-content\/uploads\/2024\/04\/FC1000-Black-100x100.jpg 100w, https:\/\/showerglasshardware.com\/wp-content\/uploads\/2024\/04\/FC1000-Black-150x150.jpg 150w, https:\/\/showerglasshardware.com\/wp-content\/uploads\/2024\/04\/FC1000-Black-12x12.jpg 12w, https:\/\/showerglasshardware.com\/wp-content\/uploads\/2024\/04\/FC1000-Black.jpg 500w\" sizes=\"(max-width: 60px) 100vw, 60px\" \/><\/a><\/td><td class=\"column-3\">Du verre au mur<\/td><td class=\"column-4\">180\u00b0<\/td><td class=\"column-5\">Rectangle<\/td><td class=\"column-6\">Avec couverture<\/td>\n<\/tr>\n<tr class=\"row-3\">\n\t<td class=\"column-1\"><a href=\"https:\/\/showerglasshardware.com\/fr-fr\/product\/brass-shower-door-clamps-sgh-1001l\/\">SD1001L<\/a><\/td><td class=\"column-2\"><a href=\"https:\/\/showerglasshardware.com\/wp-content\/uploads\/2024\/04\/SGH1001L-Black.jpg\"><img decoding=\"async\" src=\"https:\/\/showerglasshardware.com\/wp-content\/uploads\/2024\/04\/SGH1001L-Black-300x300.jpg\" alt=\"Pince de porte de douche en laiton avec couvercle noir maintenant le verre \u00e0 90 degr\u00e9s\" width=\"60\" height=\"60\" class=\"alignnone size-medium wp-image-2367\" title=\"\" srcset=\"https:\/\/showerglasshardware.com\/wp-content\/uploads\/2024\/04\/SGH1001L-Black-300x300.jpg 300w, https:\/\/showerglasshardware.com\/wp-content\/uploads\/2024\/04\/SGH1001L-Black-100x100.jpg 100w, https:\/\/showerglasshardware.com\/wp-content\/uploads\/2024\/04\/SGH1001L-Black-150x150.jpg 150w, https:\/\/showerglasshardware.com\/wp-content\/uploads\/2024\/04\/SGH1001L-Black-12x12.jpg 12w, https:\/\/showerglasshardware.com\/wp-content\/uploads\/2024\/04\/SGH1001L-Black.jpg 500w\" sizes=\"(max-width: 60px) 100vw, 60px\" \/><\/a><\/td><td class=\"column-3\">Du verre au mur<\/td><td class=\"column-4\">90\u00b0<\/td><td class=\"column-5\">Rectangle<\/td><td class=\"column-6\">Avec couverture<\/td>\n<\/tr>\n<tr class=\"row-4\">\n\t<td class=\"column-1\"><a href=\"https:\/\/showerglasshardware.com\/fr-fr\/product\/glass-to-glass-clamps-with-cover-90-degree-sgh1002\/\">SD1002<\/a><\/td><td class=\"column-2\"><a href=\"https:\/\/showerglasshardware.com\/wp-content\/uploads\/2024\/04\/SGH-1002_Black.jpg\"><img decoding=\"async\" src=\"https:\/\/showerglasshardware.com\/wp-content\/uploads\/2024\/04\/SGH-1002_Black-300x300.jpg\" alt=\"Pince pour porte de douche en verre avec couvercle 90 degr\u00e9s SGH-1002 Noir\" width=\"60\" height=\"60\" class=\"alignnone size-medium wp-image-2356\" title=\"\" srcset=\"https:\/\/showerglasshardware.com\/wp-content\/uploads\/2024\/04\/SGH-1002_Black-300x300.jpg 300w, https:\/\/showerglasshardware.com\/wp-content\/uploads\/2024\/04\/SGH-1002_Black-100x100.jpg 100w, https:\/\/showerglasshardware.com\/wp-content\/uploads\/2024\/04\/SGH-1002_Black-150x150.jpg 150w, https:\/\/showerglasshardware.com\/wp-content\/uploads\/2024\/04\/SGH-1002_Black-12x12.jpg 12w, https:\/\/showerglasshardware.com\/wp-content\/uploads\/2024\/04\/SGH-1002_Black.jpg 500w\" sizes=\"(max-width: 60px) 100vw, 60px\" \/><\/a><\/td><td class=\"column-3\">De verre \u00e0 verre<\/td><td class=\"column-4\">90\u00b0<\/td><td class=\"column-5\">Rectangle<\/td><td class=\"column-6\">Avec couverture<\/td>\n<\/tr>\n<tr class=\"row-5\">\n\t<td class=\"column-1\"><a href=\"https:\/\/showerglasshardware.com\/fr-fr\/product\/glass-to-glass-clamps-with-cover-135-degree-sgh-1003\/\">SD1003<\/a><\/td><td class=\"column-2\"><a href=\"https:\/\/showerglasshardware.com\/wp-content\/uploads\/2024\/04\/SGH1003-Black.jpg\"><img loading=\"lazy\" decoding=\"async\" src=\"https:\/\/showerglasshardware.com\/wp-content\/uploads\/2024\/04\/SGH1003-Black-300x300.jpg\" alt=\"Pince noire pour porte de douche sans cadre avec couvercle \u00e0 un angle de 135 degr\u00e9s\" width=\"60\" height=\"60\" class=\"alignnone size-medium wp-image-2345\" title=\"\" srcset=\"https:\/\/showerglasshardware.com\/wp-content\/uploads\/2024\/04\/SGH1003-Black-300x300.jpg 300w, https:\/\/showerglasshardware.com\/wp-content\/uploads\/2024\/04\/SGH1003-Black-100x100.jpg 100w, https:\/\/showerglasshardware.com\/wp-content\/uploads\/2024\/04\/SGH1003-Black-150x150.jpg 150w, https:\/\/showerglasshardware.com\/wp-content\/uploads\/2024\/04\/SGH1003-Black-12x12.jpg 12w, https:\/\/showerglasshardware.com\/wp-content\/uploads\/2024\/04\/SGH1003-Black.jpg 500w\" sizes=\"(max-width: 60px) 100vw, 60px\" \/><\/a><\/td><td class=\"column-3\">De verre \u00e0 verre<\/td><td class=\"column-4\">135\u00b0<\/td><td class=\"column-5\">Rectangle<\/td><td class=\"column-6\">Avec couverture<\/td>\n<\/tr>\n<tr class=\"row-6\">\n\t<td class=\"column-1\"><a href=\"https:\/\/showerglasshardware.com\/fr-fr\/product\/glass-to-glass-clamps-with-cover-180-degree-sgh-1004\/\">SD1004<\/a><\/td><td class=\"column-2\"><a href=\"https:\/\/showerglasshardware.com\/wp-content\/uploads\/2024\/04\/SGH1004-Black.jpg\"><img loading=\"lazy\" decoding=\"async\" src=\"https:\/\/showerglasshardware.com\/wp-content\/uploads\/2024\/04\/SGH1004-Black-300x300.jpg\" alt=\"Pince noire verre-verre avec couvercle \u00e0 180 degr\u00e9s\" width=\"60\" height=\"60\" class=\"alignnone size-medium wp-image-2316\" title=\"\" srcset=\"https:\/\/showerglasshardware.com\/wp-content\/uploads\/2024\/04\/SGH1004-Black-300x300.jpg 300w, https:\/\/showerglasshardware.com\/wp-content\/uploads\/2024\/04\/SGH1004-Black-100x100.jpg 100w, https:\/\/showerglasshardware.com\/wp-content\/uploads\/2024\/04\/SGH1004-Black-150x150.jpg 150w, https:\/\/showerglasshardware.com\/wp-content\/uploads\/2024\/04\/SGH1004-Black-12x12.jpg 12w, https:\/\/showerglasshardware.com\/wp-content\/uploads\/2024\/04\/SGH1004-Black.jpg 500w\" sizes=\"(max-width: 60px) 100vw, 60px\" \/><\/a><\/td><td class=\"column-3\">De verre \u00e0 verre<\/td><td class=\"column-4\">180\u00b0<\/td><td class=\"column-5\">Rectangle<\/td><td class=\"column-6\">Avec couverture<\/td>\n<\/tr>\n<\/tbody>\n<\/table>\n<!-- #tablepress-5 from cache -->","protected":false},"excerpt":{"rendered":"<ul>\n<li>Mat\u00e9riau en laiton<\/li>\n<li>Pince \u00e0 verre avec couvercle<\/li>\n<li>Pinces verre \u00e0 verre 180\u00b0<\/li>\n<li>\u00c9paisseur du verre : 6-10 mm ;<\/li>\n<li>Poids maximum de la porte vitr\u00e9e : 40 kg (2 pi\u00e8ces) ;<\/li>\n<li>Fini : Chrome poli ; Or poli\u00a0; Nickel bross\u00e9; M\u00e9tal \u00e0 canon\u00a0; Noir mat<\/li>\n<\/ul>\n<p><!-- notionvc: 5d8ef03b-8726-45ed-97aa-03865ac595dd --><\/p>","protected":false},"featured_media":4786,"comment_status":"open","ping_status":"closed","template":"","meta":{"_acf_changed":false},"product_brand":[],"product_cat":[24,109],"product_tag":[60],"class_list":{"0":"post-1069","1":"product","2":"type-product","3":"status-publish","4":"has-post-thumbnail","6":"product_cat-shower-glass-clamps","7":"product_cat-glass-to-glass-clamps","8":"product_tag-180-degree-glass-to-glass-clamps","9":"pa_finish-brushed-nickel","10":"pa_finish-chrome","11":"pa_finish-gold","12":"pa_finish-gun-metal","13":"pa_finish-black","14":"pa_glass-thickness-1-4-inch-6mm","15":"pa_glass-thickness-3-8-inch-10mm","16":"pa_glass-thickness-5-16-inch-8mm","17":"pa_material-brass","19":"first","20":"instock","21":"purchasable","22":"product-type-variable","23":"has-default-attributes"},"acf":[],"_links":{"self":[{"href":"https:\/\/showerglasshardware.com\/fr-fr\/wp-json\/wp\/v2\/product\/1069","targetHints":{"allow":["GET"]}}],"collection":[{"href":"https:\/\/showerglasshardware.com\/fr-fr\/wp-json\/wp\/v2\/product"}],"about":[{"href":"https:\/\/showerglasshardware.com\/fr-fr\/wp-json\/wp\/v2\/types\/product"}],"replies":[{"embeddable":true,"href":"https:\/\/showerglasshardware.com\/fr-fr\/wp-json\/wp\/v2\/comments?post=1069"}],"version-history":[{"count":5,"href":"https:\/\/showerglasshardware.com\/fr-fr\/wp-json\/wp\/v2\/product\/1069\/revisions"}],"predecessor-version":[{"id":4874,"href":"https:\/\/showerglasshardware.com\/fr-fr\/wp-json\/wp\/v2\/product\/1069\/revisions\/4874"}],"wp:featuredmedia":[{"embeddable":true,"href":"https:\/\/showerglasshardware.com\/fr-fr\/wp-json\/wp\/v2\/media\/4786"}],"wp:attachment":[{"href":"https:\/\/showerglasshardware.com\/fr-fr\/wp-json\/wp\/v2\/media?parent=1069"}],"wp:term":[{"taxonomy":"product_brand","embeddable":true,"href":"https:\/\/showerglasshardware.com\/fr-fr\/wp-json\/wp\/v2\/product_brand?post=1069"},{"taxonomy":"product_cat","embeddable":true,"href":"https:\/\/showerglasshardware.com\/fr-fr\/wp-json\/wp\/v2\/product_cat?post=1069"},{"taxonomy":"product_tag","embeddable":true,"href":"https:\/\/showerglasshardware.com\/fr-fr\/wp-json\/wp\/v2\/product_tag?post=1069"}],"curies":[{"name":"wp","href":"https:\/\/api.w.org\/{rel}","templated":true}]}}