{"id":1088,"date":"2024-04-24T07:40:09","date_gmt":"2024-04-24T07:40:09","guid":{"rendered":"https:\/\/showerglasshardware.com\/?post_type=product&#038;p=1088"},"modified":"2025-09-25T08:29:14","modified_gmt":"2025-09-25T08:29:14","slug":"brass-glass-shower-door-knobs-sgh-k11b","status":"publish","type":"product","link":"https:\/\/showerglasshardware.com\/fr-fr\/product\/brass-glass-shower-door-knobs-sgh-k11b\/","title":{"rendered":"Boutons de porte de douche en verre en laiton SGH-K11B"},"content":{"rendered":"<p data-start=\"473\" data-end=\"596\">Les boutons de porte de douche en laiton SGH-K11B sont un choix \u00e9l\u00e9gant et fonctionnel pour les cabines de douche en verre sans cadre.<\/p>\n<p data-start=\"598\" data-end=\"936\">Fabriqu\u00e9s en laiton massif, ces boutons sont durables et r\u00e9sistants \u00e0 la corrosion, ce qui garantit des performances durables dans les salles de bains humides. Leur conception dos \u00e0 dos permet une utilisation facile des deux c\u00f4t\u00e9s de la porte, tandis que la taille compacte \u03a630 \u00d7 25mm les rend adapt\u00e9s \u00e0 une large gamme d'applications de portes de douche.<\/p>\n<p data-start=\"938\" data-end=\"1186\">Disponibles en chrome poli, or poli et nickel bross\u00e9, les boutons SGH-K11B s'harmonisent avec diff\u00e9rentes finitions de quincaillerie de douche et diff\u00e9rents styles de salle de bains. Con\u00e7us pour un verre de 6 \u00e0 12 mm d'\u00e9paisseur, ils offrent une installation s\u00fbre et une prise en main confortable.<\/p>\n<p data-start=\"1188\" data-end=\"1207\"><strong data-start=\"1188\" data-end=\"1205\">Principales caract\u00e9ristiques:<\/strong><\/p>\n<ul data-start=\"1208\" data-end=\"1605\">\n<li data-start=\"1208\" data-end=\"1258\">\n<p data-start=\"1210\" data-end=\"1258\"><strong data-start=\"1210\" data-end=\"1219\">Taper:<\/strong> Boutons de porte de douche en verre dos \u00e0 dos<\/p>\n<\/li>\n<li data-start=\"1259\" data-end=\"1326\">\n<p data-start=\"1261\" data-end=\"1326\"><strong data-start=\"1261\" data-end=\"1274\">Mat\u00e9riel:<\/strong> Laiton massif pour la solidit\u00e9 et la r\u00e9sistance \u00e0 la corrosion<\/p>\n<\/li>\n<li data-start=\"1327\" data-end=\"1351\">\n<p data-start=\"1329\" data-end=\"1351\"><strong data-start=\"1329\" data-end=\"1338\">Taille :<\/strong> \u03a630 \u00d7 25 mm<\/p>\n<\/li>\n<li data-start=\"1352\" data-end=\"1404\">\n<p data-start=\"1354\" data-end=\"1404\"><strong data-start=\"1354\" data-end=\"1378\">Compatibilit\u00e9 du verre\u00a0:<\/strong> Convient au verre d'une \u00e9paisseur de 6 \u00e0 12 mm<\/p>\n<\/li>\n<li data-start=\"1405\" data-end=\"1457\">\n<p data-start=\"1407\" data-end=\"1457\"><strong data-start=\"1407\" data-end=\"1418\">Conception :<\/strong> Style dos \u00e0 dos pour une manipulation ais\u00e9e<\/p>\n<\/li>\n<li data-start=\"1458\" data-end=\"1528\">\n<p data-start=\"1460\" data-end=\"1528\"><strong data-start=\"1460\" data-end=\"1479\">Options de finition :<\/strong> Chrome poli, Or poli, Nickel bross\u00e9<\/p>\n<\/li>\n<li data-start=\"1529\" data-end=\"1605\">\n<p data-start=\"1531\" data-end=\"1605\"><strong data-start=\"1531\" data-end=\"1548\">Applications :<\/strong> Cabines de douche sans cadre dans les maisons, les h\u00f4tels et les spas<\/p>\n<\/li>\n<\/ul>\n<p data-start=\"1607\" data-end=\"1628\"><strong data-start=\"1607\" data-end=\"1626\">Caract\u00e9ristiques:<\/strong><\/p>\n<ul data-start=\"1629\" data-end=\"1848\">\n<li data-start=\"1629\" data-end=\"1652\">\n<p data-start=\"1631\" data-end=\"1652\"><strong data-start=\"1631\" data-end=\"1641\">Mod\u00e8le :<\/strong> SGH-K11B<\/p>\n<\/li>\n<li data-start=\"1653\" data-end=\"1697\">\n<p data-start=\"1655\" data-end=\"1697\"><strong data-start=\"1655\" data-end=\"1664\">Taper:<\/strong> Bouton de porte de douche, dos \u00e0 dos<\/p>\n<\/li>\n<li data-start=\"1698\" data-end=\"1721\">\n<p data-start=\"1700\" data-end=\"1721\"><strong data-start=\"1700\" data-end=\"1713\">Mat\u00e9riel:<\/strong> Laiton<\/p>\n<\/li>\n<li data-start=\"1722\" data-end=\"1746\">\n<p data-start=\"1724\" data-end=\"1746\"><strong data-start=\"1724\" data-end=\"1733\">Taille :<\/strong> \u03a630 \u00d7 25 mm<\/p>\n<\/li>\n<li data-start=\"1747\" data-end=\"1783\">\n<p data-start=\"1749\" data-end=\"1783\"><strong data-start=\"1749\" data-end=\"1774\">S'adapte \u00e0 l'\u00e9paisseur du verre :<\/strong> 6-12mm<\/p>\n<\/li>\n<li data-start=\"1784\" data-end=\"1848\">\n<p data-start=\"1786\" data-end=\"1848\"><strong data-start=\"1786\" data-end=\"1799\">Finitions :<\/strong> Chrome poli, Or poli, Nickel bross\u00e9<\/p>\n<\/li>\n<\/ul>","protected":false},"excerpt":{"rendered":"<ul>\n<li>SGH-K11B<\/li>\n<li>\u03a630 \u00d7 25 mm<\/li>\n<li>Mat\u00e9riau en laiton<\/li>\n<li>Boutons de porte de douche dos \u00e0 dos<\/li>\n<li>\u00c9paisseur du verre : 6-12 mm ;<\/li>\n<li>Fini : Chrome poli ; Or poli\u00a0; Nickel bross\u00e9<\/li>\n<\/ul>\n<p><!-- notionvc: 9788d432-087f-4fa0-88dc-86333bad9bb6 --><\/p>","protected":false},"featured_media":4732,"comment_status":"open","ping_status":"closed","template":"","meta":{"_acf_changed":false},"product_brand":[],"product_cat":[26,111],"product_tag":[],"class_list":{"0":"post-1088","1":"product","2":"type-product","3":"status-publish","4":"has-post-thumbnail","6":"product_cat-shower-door-knobs","7":"product_cat-back-to-back-knobs","8":"pa_finish-brushed-nickel","9":"pa_finish-chrome","10":"pa_finish-gold","11":"pa_finish-gun-metal","12":"pa_finish-black","13":"pa_glass-thickness-1-2-inch-12mm","14":"pa_glass-thickness-1-4-inch-6mm","15":"pa_glass-thickness-3-8-inch-10mm","16":"pa_glass-thickness-5-16-inch-8mm","17":"pa_material-brass","19":"first","20":"instock","21":"purchasable","22":"product-type-variable"},"acf":[],"_links":{"self":[{"href":"https:\/\/showerglasshardware.com\/fr-fr\/wp-json\/wp\/v2\/product\/1088","targetHints":{"allow":["GET"]}}],"collection":[{"href":"https:\/\/showerglasshardware.com\/fr-fr\/wp-json\/wp\/v2\/product"}],"about":[{"href":"https:\/\/showerglasshardware.com\/fr-fr\/wp-json\/wp\/v2\/types\/product"}],"replies":[{"embeddable":true,"href":"https:\/\/showerglasshardware.com\/fr-fr\/wp-json\/wp\/v2\/comments?post=1088"}],"version-history":[{"count":3,"href":"https:\/\/showerglasshardware.com\/fr-fr\/wp-json\/wp\/v2\/product\/1088\/revisions"}],"predecessor-version":[{"id":4731,"href":"https:\/\/showerglasshardware.com\/fr-fr\/wp-json\/wp\/v2\/product\/1088\/revisions\/4731"}],"wp:featuredmedia":[{"embeddable":true,"href":"https:\/\/showerglasshardware.com\/fr-fr\/wp-json\/wp\/v2\/media\/4732"}],"wp:attachment":[{"href":"https:\/\/showerglasshardware.com\/fr-fr\/wp-json\/wp\/v2\/media?parent=1088"}],"wp:term":[{"taxonomy":"product_brand","embeddable":true,"href":"https:\/\/showerglasshardware.com\/fr-fr\/wp-json\/wp\/v2\/product_brand?post=1088"},{"taxonomy":"product_cat","embeddable":true,"href":"https:\/\/showerglasshardware.com\/fr-fr\/wp-json\/wp\/v2\/product_cat?post=1088"},{"taxonomy":"product_tag","embeddable":true,"href":"https:\/\/showerglasshardware.com\/fr-fr\/wp-json\/wp\/v2\/product_tag?post=1088"}],"curies":[{"name":"wp","href":"https:\/\/api.w.org\/{rel}","templated":true}]}}