{"id":1101,"date":"2024-04-24T07:48:32","date_gmt":"2024-04-24T07:48:32","guid":{"rendered":"https:\/\/showerglasshardware.com\/?post_type=product&#038;p=1101"},"modified":"2025-09-25T08:43:47","modified_gmt":"2025-09-25T08:43:47","slug":"brass-glass-shower-door-knob-sgh-k11f","status":"publish","type":"product","link":"https:\/\/showerglasshardware.com\/fr-fr\/product\/brass-glass-shower-door-knob-sgh-k11f\/","title":{"rendered":"Bouton de porte de douche en verre en laiton SGH-K11F"},"content":{"rendered":"<p data-start=\"504\" data-end=\"630\">Le bouton de porte de douche en laiton SGH-K11F est un bouton haut de gamme con\u00e7u pour les cabines de douche en verre sans cadre.<\/p>\n<p data-start=\"632\" data-end=\"952\">Fabriqu\u00e9 en laiton massif, ce bouton offre solidit\u00e9, durabilit\u00e9 et r\u00e9sistance \u00e0 la corrosion pour une utilisation durable dans les salles de bains humides. Sa configuration dos \u00e0 dos assure une utilisation facile des deux c\u00f4t\u00e9s de la porte, tandis que la taille \u03a647 \u00d7 42mm offre une prise en main confortable et un accent d\u00e9coratif audacieux.<\/p>\n<p data-start=\"954\" data-end=\"1198\">Disponible en chrome poli, or poli et nickel bross\u00e9, le SGH-K11F compl\u00e8te une large gamme de mat\u00e9riel de douche et de styles de salle de bains. Con\u00e7ue pour un verre de 6 \u00e0 12 mm d'\u00e9paisseur, elle offre une installation s\u00e9curis\u00e9e et un style moderne.<\/p>\n<p data-start=\"1200\" data-end=\"1219\"><strong data-start=\"1200\" data-end=\"1217\">Principales caract\u00e9ristiques:<\/strong><\/p>\n<ul data-start=\"1220\" data-end=\"1637\">\n<li data-start=\"1220\" data-end=\"1269\">\n<p data-start=\"1222\" data-end=\"1269\"><strong data-start=\"1222\" data-end=\"1231\">Taper:<\/strong> Bouton de porte de douche en verre dos \u00e0 dos<\/p>\n<\/li>\n<li data-start=\"1270\" data-end=\"1323\">\n<p data-start=\"1272\" data-end=\"1323\"><strong data-start=\"1272\" data-end=\"1285\">Mat\u00e9riel:<\/strong> Laiton massif pour une durabilit\u00e9 sup\u00e9rieure<\/p>\n<\/li>\n<li data-start=\"1324\" data-end=\"1348\">\n<p data-start=\"1326\" data-end=\"1348\"><strong data-start=\"1326\" data-end=\"1335\">Taille :<\/strong> \u03a647 \u00d7 42 mm<\/p>\n<\/li>\n<li data-start=\"1349\" data-end=\"1401\">\n<p data-start=\"1351\" data-end=\"1401\"><strong data-start=\"1351\" data-end=\"1375\">Compatibilit\u00e9 du verre\u00a0:<\/strong> Convient au verre d'une \u00e9paisseur de 6 \u00e0 12 mm<\/p>\n<\/li>\n<li data-start=\"1402\" data-end=\"1460\">\n<p data-start=\"1404\" data-end=\"1460\"><strong data-start=\"1404\" data-end=\"1415\">Conception :<\/strong> Style dos \u00e0 dos pour un fonctionnement double face<\/p>\n<\/li>\n<li data-start=\"1461\" data-end=\"1531\">\n<p data-start=\"1463\" data-end=\"1531\"><strong data-start=\"1463\" data-end=\"1482\">Options de finition :<\/strong> Chrome poli, Or poli, Nickel bross\u00e9<\/p>\n<\/li>\n<li data-start=\"1532\" data-end=\"1637\">\n<p data-start=\"1534\" data-end=\"1637\"><strong data-start=\"1534\" data-end=\"1551\">Applications :<\/strong> Convient pour les cabines de douche sans cadre dans les maisons, les h\u00f4tels et les salles de bains commerciales.<\/p>\n<\/li>\n<\/ul>\n<p data-start=\"1639\" data-end=\"1660\"><strong data-start=\"1639\" data-end=\"1658\">Caract\u00e9ristiques:<\/strong><\/p>\n<ul data-start=\"1661\" data-end=\"1880\">\n<li data-start=\"1661\" data-end=\"1684\">\n<p data-start=\"1663\" data-end=\"1684\"><strong data-start=\"1663\" data-end=\"1673\">Mod\u00e8le :<\/strong> SGH-K11F<\/p>\n<\/li>\n<li data-start=\"1685\" data-end=\"1729\">\n<p data-start=\"1687\" data-end=\"1729\"><strong data-start=\"1687\" data-end=\"1696\">Taper:<\/strong> Bouton de porte de douche, dos \u00e0 dos<\/p>\n<\/li>\n<li data-start=\"1730\" data-end=\"1753\">\n<p data-start=\"1732\" data-end=\"1753\"><strong data-start=\"1732\" data-end=\"1745\">Mat\u00e9riel:<\/strong> Laiton<\/p>\n<\/li>\n<li data-start=\"1754\" data-end=\"1778\">\n<p data-start=\"1756\" data-end=\"1778\"><strong data-start=\"1756\" data-end=\"1765\">Taille :<\/strong> \u03a647 \u00d7 42 mm<\/p>\n<\/li>\n<li data-start=\"1779\" data-end=\"1815\">\n<p data-start=\"1781\" data-end=\"1815\"><strong data-start=\"1781\" data-end=\"1806\">S'adapte \u00e0 l'\u00e9paisseur du verre :<\/strong> 6-12mm<\/p>\n<\/li>\n<li data-start=\"1816\" data-end=\"1880\">\n<p data-start=\"1818\" data-end=\"1880\"><strong data-start=\"1818\" data-end=\"1831\">Finitions :<\/strong> Chrome poli, Or poli, Nickel bross\u00e9<\/p>\n<\/li>\n<\/ul>","protected":false},"excerpt":{"rendered":"<ul>\n<li>SGH-K11F<\/li>\n<li>\u03a647 \u00d7 42 mm<\/li>\n<li>Mat\u00e9riau en laiton<\/li>\n<li>Dos \u00e0 dos<\/li>\n<li>\u00c9paisseur du verre : 6-12 mm ;<\/li>\n<li>Fini : Chrome poli ; Or poli\u00a0; Nickel bross\u00e9<\/li>\n<\/ul>\n<p><!-- notionvc: 9788d432-087f-4fa0-88dc-86333bad9bb6 --><\/p>","protected":false},"featured_media":4734,"comment_status":"open","ping_status":"closed","template":"","meta":{"_acf_changed":false},"product_brand":[],"product_cat":[26,111],"product_tag":[],"class_list":{"0":"post-1101","1":"product","2":"type-product","3":"status-publish","4":"has-post-thumbnail","6":"product_cat-shower-door-knobs","7":"product_cat-back-to-back-knobs","8":"pa_finish-brushed-nickel","9":"pa_finish-chrome","10":"pa_finish-gold","11":"pa_finish-gun-metal","12":"pa_finish-black","13":"pa_glass-thickness-1-2-inch-12mm","14":"pa_glass-thickness-1-4-inch-6mm","15":"pa_glass-thickness-3-8-inch-10mm","16":"pa_glass-thickness-5-16-inch-8mm","17":"pa_material-brass","19":"first","20":"instock","21":"purchasable","22":"product-type-variable"},"acf":[],"_links":{"self":[{"href":"https:\/\/showerglasshardware.com\/fr-fr\/wp-json\/wp\/v2\/product\/1101","targetHints":{"allow":["GET"]}}],"collection":[{"href":"https:\/\/showerglasshardware.com\/fr-fr\/wp-json\/wp\/v2\/product"}],"about":[{"href":"https:\/\/showerglasshardware.com\/fr-fr\/wp-json\/wp\/v2\/types\/product"}],"replies":[{"embeddable":true,"href":"https:\/\/showerglasshardware.com\/fr-fr\/wp-json\/wp\/v2\/comments?post=1101"}],"version-history":[{"count":3,"href":"https:\/\/showerglasshardware.com\/fr-fr\/wp-json\/wp\/v2\/product\/1101\/revisions"}],"predecessor-version":[{"id":4735,"href":"https:\/\/showerglasshardware.com\/fr-fr\/wp-json\/wp\/v2\/product\/1101\/revisions\/4735"}],"wp:featuredmedia":[{"embeddable":true,"href":"https:\/\/showerglasshardware.com\/fr-fr\/wp-json\/wp\/v2\/media\/4734"}],"wp:attachment":[{"href":"https:\/\/showerglasshardware.com\/fr-fr\/wp-json\/wp\/v2\/media?parent=1101"}],"wp:term":[{"taxonomy":"product_brand","embeddable":true,"href":"https:\/\/showerglasshardware.com\/fr-fr\/wp-json\/wp\/v2\/product_brand?post=1101"},{"taxonomy":"product_cat","embeddable":true,"href":"https:\/\/showerglasshardware.com\/fr-fr\/wp-json\/wp\/v2\/product_cat?post=1101"},{"taxonomy":"product_tag","embeddable":true,"href":"https:\/\/showerglasshardware.com\/fr-fr\/wp-json\/wp\/v2\/product_tag?post=1101"}],"curies":[{"name":"wp","href":"https:\/\/api.w.org\/{rel}","templated":true}]}}