{"id":1124,"date":"2024-04-26T02:41:28","date_gmt":"2024-04-26T02:41:28","guid":{"rendered":"https:\/\/showerglasshardware.com\/?post_type=product&#038;p=1124"},"modified":"2025-09-25T13:21:54","modified_gmt":"2025-09-25T13:21:54","slug":"brass-glass-shower-door-knob-sgh-k14j","status":"publish","type":"product","link":"https:\/\/showerglasshardware.com\/fr-fr\/product\/brass-glass-shower-door-knob-sgh-k14j\/","title":{"rendered":"Boutons de porte de douche en verre en laiton SGH-K14J"},"content":{"rendered":"<p data-start=\"512\" data-end=\"648\">Les boutons de porte de douche en laiton SGH-K14J offrent une solution durable, \u00e9l\u00e9gante et pratique pour les cabines de douche en verre sans cadre.<\/p>\n<p data-start=\"650\" data-end=\"991\">Fabriqu\u00e9s en laiton massif, ces boutons sont robustes et r\u00e9sistants \u00e0 la corrosion, ce qui garantit des performances \u00e0 long terme dans les salles de bains humides. Leur conception dos \u00e0 dos permet de les utiliser des deux c\u00f4t\u00e9s de la porte en verre, tandis que leur taille compacte de \u03a627 \u00d7 30 mm en fait un choix parfait pour les portes de douche sans cadre plus petites ou plus l\u00e9g\u00e8res.<\/p>\n<p data-start=\"993\" data-end=\"1278\">Disponible en chrome poli, or poli et nickel bross\u00e9, le bouton SGH-K14J s'adapte \u00e0 une grande vari\u00e9t\u00e9 de styles de salles de bains et se coordonne avec d'autres accessoires de douche en laiton. Con\u00e7us pour un verre d'une \u00e9paisseur de 6 \u00e0 12 mm, ces boutons offrent une installation s\u00fbre et un aspect moderne.<\/p>\n<p data-start=\"1280\" data-end=\"1299\"><strong data-start=\"1280\" data-end=\"1297\">Principales caract\u00e9ristiques:<\/strong><\/p>\n<ul data-start=\"1300\" data-end=\"1720\">\n<li data-start=\"1300\" data-end=\"1356\">\n<p data-start=\"1302\" data-end=\"1356\"><strong data-start=\"1302\" data-end=\"1311\">Taper:<\/strong> Boutons de porte de douche en laiton dos \u00e0 dos<\/p>\n<\/li>\n<li data-start=\"1357\" data-end=\"1421\">\n<p data-start=\"1359\" data-end=\"1421\"><strong data-start=\"1359\" data-end=\"1372\">Mat\u00e9riel:<\/strong> Laiton massif pour la durabilit\u00e9 et la r\u00e9sistance \u00e0 la rouille<\/p>\n<\/li>\n<li data-start=\"1422\" data-end=\"1446\">\n<p data-start=\"1424\" data-end=\"1446\"><strong data-start=\"1424\" data-end=\"1433\">Taille :<\/strong> \u03a627 \u00d7 30 mm<\/p>\n<\/li>\n<li data-start=\"1447\" data-end=\"1499\">\n<p data-start=\"1449\" data-end=\"1499\"><strong data-start=\"1449\" data-end=\"1473\">Compatibilit\u00e9 du verre\u00a0:<\/strong> Convient au verre d'une \u00e9paisseur de 6 \u00e0 12 mm<\/p>\n<\/li>\n<li data-start=\"1500\" data-end=\"1558\">\n<p data-start=\"1502\" data-end=\"1558\"><strong data-start=\"1502\" data-end=\"1513\">Conception :<\/strong> Style dos \u00e0 dos pour un fonctionnement double face<\/p>\n<\/li>\n<li data-start=\"1559\" data-end=\"1629\">\n<p data-start=\"1561\" data-end=\"1629\"><strong data-start=\"1561\" data-end=\"1580\">Options de finition :<\/strong> Chrome poli, Or poli, Nickel bross\u00e9<\/p>\n<\/li>\n<li data-start=\"1630\" data-end=\"1720\">\n<p data-start=\"1632\" data-end=\"1720\"><strong data-start=\"1632\" data-end=\"1649\">Applications :<\/strong> Portes de douche en verre sans cadre dans les salles de bains r\u00e9sidentielles et commerciales<\/p>\n<\/li>\n<\/ul>\n<p data-start=\"1722\" data-end=\"1743\"><strong data-start=\"1722\" data-end=\"1741\">Caract\u00e9ristiques:<\/strong><\/p>\n<ul data-start=\"1744\" data-end=\"1963\">\n<li data-start=\"1744\" data-end=\"1767\">\n<p data-start=\"1746\" data-end=\"1767\"><strong data-start=\"1746\" data-end=\"1756\">Mod\u00e8le :<\/strong> SGH-K14J<\/p>\n<\/li>\n<li data-start=\"1768\" data-end=\"1812\">\n<p data-start=\"1770\" data-end=\"1812\"><strong data-start=\"1770\" data-end=\"1779\">Taper:<\/strong> Bouton de porte de douche, dos \u00e0 dos<\/p>\n<\/li>\n<li data-start=\"1813\" data-end=\"1836\">\n<p data-start=\"1815\" data-end=\"1836\"><strong data-start=\"1815\" data-end=\"1828\">Mat\u00e9riel:<\/strong> Laiton<\/p>\n<\/li>\n<li data-start=\"1837\" data-end=\"1861\">\n<p data-start=\"1839\" data-end=\"1861\"><strong data-start=\"1839\" data-end=\"1848\">Taille :<\/strong> \u03a627 \u00d7 30 mm<\/p>\n<\/li>\n<li data-start=\"1862\" data-end=\"1898\">\n<p data-start=\"1864\" data-end=\"1898\"><strong data-start=\"1864\" data-end=\"1889\">S'adapte \u00e0 l'\u00e9paisseur du verre :<\/strong> 6-12mm<\/p>\n<\/li>\n<li data-start=\"1899\" data-end=\"1963\">\n<p data-start=\"1901\" data-end=\"1963\"><strong data-start=\"1901\" data-end=\"1914\">Finitions :<\/strong> Chrome poli, Or poli, Nickel bross\u00e9<\/p>\n<\/li>\n<\/ul>\n<h2 id=\"tablepress-2-name\" class=\"tablepress-table-name tablepress-table-name-id-2\">Boutons de porte de douche en laiton S\u00e9rie K14<\/h2>\n\n<table id=\"tablepress-2\" class=\"tablepress tablepress-id-2\" aria-labelledby=\"tablepress-2-name\">\n<thead>\n<tr class=\"row-1\">\n\t<th class=\"column-1\"><strong>Mod\u00e8le<\/strong><\/th><th class=\"column-2\"><strong>Image<\/strong><\/th><th class=\"column-3\"><strong>Taille (mm)<\/strong><\/th><th class=\"column-4\"><strong>Forme<\/strong><\/th><th class=\"column-5\"><strong>Mat\u00e9riel<\/strong><\/th><th class=\"column-6\"><strong>Structure<\/strong><\/th><th class=\"column-7\"><strong>\u00c9paisseur du verre<\/strong><\/th><th class=\"column-8\"><strong>Finitions<\/strong><\/th>\n<\/tr>\n<\/thead>\n<tbody class=\"row-striping row-hover\">\n<tr class=\"row-2\">\n\t<td class=\"column-1\"><a href=\"https:\/\/showerglasshardware.com\/fr-fr\/product\/brass-glass-shower-door-knob-sgh-k14j\/\">K14J<\/a><\/td><td class=\"column-2\"><a href=\"https:\/\/showerglasshardware.com\/wp-content\/uploads\/2024\/04\/Brass-Glass-Shower-Door-Knobs-K14J.png\"><img decoding=\"async\" src=\"https:\/\/showerglasshardware.com\/wp-content\/uploads\/2024\/04\/Brass-Glass-Shower-Door-Knobs-K14J-300x300.png\" alt=\"Boutons de porte de douche en laiton, dos \u00e0 dos, SGH-K14J. Taille \u03a627 \u00d7 30mm, convient au verre de 6 \u00e0 12mm. Disponible en chrome, or et nickel bross\u00e9.\" width=\"60\" height=\"60\" class=\"alignnone size-medium wp-image-4737\" title=\"\" srcset=\"https:\/\/showerglasshardware.com\/wp-content\/uploads\/2024\/04\/Brass-Glass-Shower-Door-Knobs-K14J-300x300.png 300w, https:\/\/showerglasshardware.com\/wp-content\/uploads\/2024\/04\/Brass-Glass-Shower-Door-Knobs-K14J-150x150.png 150w, https:\/\/showerglasshardware.com\/wp-content\/uploads\/2024\/04\/Brass-Glass-Shower-Door-Knobs-K14J-768x768.png 768w, https:\/\/showerglasshardware.com\/wp-content\/uploads\/2024\/04\/Brass-Glass-Shower-Door-Knobs-K14J-12x12.png 12w, https:\/\/showerglasshardware.com\/wp-content\/uploads\/2024\/04\/Brass-Glass-Shower-Door-Knobs-K14J-600x600.png 600w, https:\/\/showerglasshardware.com\/wp-content\/uploads\/2024\/04\/Brass-Glass-Shower-Door-Knobs-K14J-100x100.png 100w, https:\/\/showerglasshardware.com\/wp-content\/uploads\/2024\/04\/Brass-Glass-Shower-Door-Knobs-K14J.png 800w\" sizes=\"(max-width: 60px) 100vw, 60px\" \/><\/a><\/td><td class=\"column-3\">\u03a627 \u00d7 30<\/td><td class=\"column-4\">Rond<\/td><td class=\"column-5\">Laiton<\/td><td class=\"column-6\">Dos \u00e0 dos<\/td><td class=\"column-7\">6-12mm<\/td><td class=\"column-8\">Noir mat ou autre<\/td>\n<\/tr>\n<tr class=\"row-3\">\n\t<td class=\"column-1\"><a href=\"https:\/\/showerglasshardware.com\/fr-fr\/product\/modern-brass-glass-shower-door-knobs-sgh-k14k\/\">K14K<\/a><\/td><td class=\"column-2\"><a href=\"https:\/\/showerglasshardware.com\/wp-content\/uploads\/2024\/04\/Modern-Brass-Glass-Shower-Door-Knobs-SGH-K14K-800.png\"><img decoding=\"async\" src=\"https:\/\/showerglasshardware.com\/wp-content\/uploads\/2024\/04\/Modern-Brass-Glass-Shower-Door-Knobs-SGH-K14K-800-300x300.png\" alt=\"SGH-K14K boutons de porte de douche en laiton. Design dos \u00e0 dos, \u03a630 \u00d7 30mm, convient au verre de 6 \u00e0 12mm. Disponible en chrome, or et nickel bross\u00e9.\" width=\"60\" height=\"60\" class=\"alignnone size-medium wp-image-4740\" title=\"\" srcset=\"https:\/\/showerglasshardware.com\/wp-content\/uploads\/2024\/04\/Modern-Brass-Glass-Shower-Door-Knobs-SGH-K14K-800-300x300.png 300w, https:\/\/showerglasshardware.com\/wp-content\/uploads\/2024\/04\/Modern-Brass-Glass-Shower-Door-Knobs-SGH-K14K-800-150x150.png 150w, https:\/\/showerglasshardware.com\/wp-content\/uploads\/2024\/04\/Modern-Brass-Glass-Shower-Door-Knobs-SGH-K14K-800-768x768.png 768w, https:\/\/showerglasshardware.com\/wp-content\/uploads\/2024\/04\/Modern-Brass-Glass-Shower-Door-Knobs-SGH-K14K-800-12x12.png 12w, https:\/\/showerglasshardware.com\/wp-content\/uploads\/2024\/04\/Modern-Brass-Glass-Shower-Door-Knobs-SGH-K14K-800-600x600.png 600w, https:\/\/showerglasshardware.com\/wp-content\/uploads\/2024\/04\/Modern-Brass-Glass-Shower-Door-Knobs-SGH-K14K-800-100x100.png 100w, https:\/\/showerglasshardware.com\/wp-content\/uploads\/2024\/04\/Modern-Brass-Glass-Shower-Door-Knobs-SGH-K14K-800.png 800w\" sizes=\"(max-width: 60px) 100vw, 60px\" \/><\/a><\/td><td class=\"column-3\">\u03a630 \u00d7 30<\/td><td class=\"column-4\">Rond<\/td><td class=\"column-5\">Laiton<\/td><td class=\"column-6\">Dos \u00e0 dos<\/td><td class=\"column-7\">6-12mm<\/td><td class=\"column-8\">Noir mat ou autre<\/td>\n<\/tr>\n<tr class=\"row-4\">\n\t<td class=\"column-1\"><a href=\"https:\/\/showerglasshardware.com\/fr-fr\/product\/luxury-brass-glass-shower-door-knobs-sgh-k14m\/\">K14M<\/a><\/td><td class=\"column-2\"><a href=\"https:\/\/showerglasshardware.com\/wp-content\/uploads\/2024\/04\/Luxury-Brass-Glass-Shower-Door-Knobs-SGH-K14M-800.png\"><img decoding=\"async\" src=\"https:\/\/showerglasshardware.com\/wp-content\/uploads\/2024\/04\/Luxury-Brass-Glass-Shower-Door-Knobs-SGH-K14M-800-300x300.png\" alt=\"SGH-K14M boutons de porte de douche en laiton. Conception dos \u00e0 dos, \u03a630 \u00d7 40mm, convient au verre de 6 \u00e0 12mm. Disponible en chrome, or et nickel bross\u00e9.\" width=\"60\" height=\"60\" class=\"alignnone size-medium wp-image-4746\" title=\"\" srcset=\"https:\/\/showerglasshardware.com\/wp-content\/uploads\/2024\/04\/Luxury-Brass-Glass-Shower-Door-Knobs-SGH-K14M-800-300x300.png 300w, https:\/\/showerglasshardware.com\/wp-content\/uploads\/2024\/04\/Luxury-Brass-Glass-Shower-Door-Knobs-SGH-K14M-800-150x150.png 150w, https:\/\/showerglasshardware.com\/wp-content\/uploads\/2024\/04\/Luxury-Brass-Glass-Shower-Door-Knobs-SGH-K14M-800-768x768.png 768w, https:\/\/showerglasshardware.com\/wp-content\/uploads\/2024\/04\/Luxury-Brass-Glass-Shower-Door-Knobs-SGH-K14M-800-12x12.png 12w, https:\/\/showerglasshardware.com\/wp-content\/uploads\/2024\/04\/Luxury-Brass-Glass-Shower-Door-Knobs-SGH-K14M-800-600x600.png 600w, https:\/\/showerglasshardware.com\/wp-content\/uploads\/2024\/04\/Luxury-Brass-Glass-Shower-Door-Knobs-SGH-K14M-800-100x100.png 100w, https:\/\/showerglasshardware.com\/wp-content\/uploads\/2024\/04\/Luxury-Brass-Glass-Shower-Door-Knobs-SGH-K14M-800.png 800w\" sizes=\"(max-width: 60px) 100vw, 60px\" \/><\/a><\/td><td class=\"column-3\">\u03a630 \u00d7 40<\/td><td class=\"column-4\">Rond<\/td><td class=\"column-5\">Laiton<\/td><td class=\"column-6\">Dos \u00e0 dos<\/td><td class=\"column-7\">6-12mm<\/td><td class=\"column-8\">Noir mat ou autre<\/td>\n<\/tr>\n<tr class=\"row-5\">\n\t<td class=\"column-1\"><a href=\"https:\/\/showerglasshardware.com\/fr-fr\/product\/modern-brass-glass-shower-door-knobs-sgh-k14h\/\">K14H<\/a><\/td><td class=\"column-2\"><a href=\"https:\/\/showerglasshardware.com\/wp-content\/uploads\/2024\/04\/Modern-Brass-Glass-Shower-Door-Knob-K14H-800.png\"><img loading=\"lazy\" decoding=\"async\" src=\"https:\/\/showerglasshardware.com\/wp-content\/uploads\/2024\/04\/Modern-Brass-Glass-Shower-Door-Knob-K14H-800-300x300.png\" alt=\"\" width=\"60\" height=\"60\" class=\"alignnone size-medium wp-image-4749\" title=\"\" srcset=\"https:\/\/showerglasshardware.com\/wp-content\/uploads\/2024\/04\/Modern-Brass-Glass-Shower-Door-Knob-K14H-800-300x300.png 300w, https:\/\/showerglasshardware.com\/wp-content\/uploads\/2024\/04\/Modern-Brass-Glass-Shower-Door-Knob-K14H-800-150x150.png 150w, https:\/\/showerglasshardware.com\/wp-content\/uploads\/2024\/04\/Modern-Brass-Glass-Shower-Door-Knob-K14H-800-768x768.png 768w, https:\/\/showerglasshardware.com\/wp-content\/uploads\/2024\/04\/Modern-Brass-Glass-Shower-Door-Knob-K14H-800-12x12.png 12w, https:\/\/showerglasshardware.com\/wp-content\/uploads\/2024\/04\/Modern-Brass-Glass-Shower-Door-Knob-K14H-800-600x600.png 600w, https:\/\/showerglasshardware.com\/wp-content\/uploads\/2024\/04\/Modern-Brass-Glass-Shower-Door-Knob-K14H-800-100x100.png 100w, https:\/\/showerglasshardware.com\/wp-content\/uploads\/2024\/04\/Modern-Brass-Glass-Shower-Door-Knob-K14H-800.png 800w\" sizes=\"(max-width: 60px) 100vw, 60px\" \/><\/a><\/td><td class=\"column-3\">\u03a625 \u00d7 30<\/td><td class=\"column-4\">Rond<\/td><td class=\"column-5\">Laiton<\/td><td class=\"column-6\">Dos \u00e0 dos<\/td><td class=\"column-7\">6-12mm<\/td><td class=\"column-8\">Noir mat ou autre<\/td>\n<\/tr>\n<\/tbody>\n<\/table>\n<!-- #tablepress-2 from cache -->","protected":false},"excerpt":{"rendered":"<ul>\n<li>SGH-K14J<\/li>\n<li>\u03a627 \u00d7 30 mm<\/li>\n<li>Mat\u00e9riau en laiton<\/li>\n<li>Dos \u00e0 dos<\/li>\n<li>\u00c9paisseur du verre : 6-12 mm ;<\/li>\n<li>Fini : Chrome poli ; Or poli\u00a0; Nickel bross\u00e9<\/li>\n<\/ul>\n<p><!-- notionvc: 9788d432-087f-4fa0-88dc-86333bad9bb6 --><\/p>","protected":false},"featured_media":4737,"comment_status":"open","ping_status":"closed","template":"","meta":{"_acf_changed":false},"product_brand":[],"product_cat":[26,111],"product_tag":[],"class_list":{"0":"post-1124","1":"product","2":"type-product","3":"status-publish","4":"has-post-thumbnail","6":"product_cat-shower-door-knobs","7":"product_cat-back-to-back-knobs","8":"pa_finish-brushed-nickel","9":"pa_finish-chrome","10":"pa_finish-gold","11":"pa_finish-gun-metal","12":"pa_finish-black","13":"pa_glass-thickness-6-12mm","14":"pa_material-brass","16":"first","17":"instock","18":"purchasable","19":"product-type-variable"},"acf":[],"_links":{"self":[{"href":"https:\/\/showerglasshardware.com\/fr-fr\/wp-json\/wp\/v2\/product\/1124","targetHints":{"allow":["GET"]}}],"collection":[{"href":"https:\/\/showerglasshardware.com\/fr-fr\/wp-json\/wp\/v2\/product"}],"about":[{"href":"https:\/\/showerglasshardware.com\/fr-fr\/wp-json\/wp\/v2\/types\/product"}],"replies":[{"embeddable":true,"href":"https:\/\/showerglasshardware.com\/fr-fr\/wp-json\/wp\/v2\/comments?post=1124"}],"version-history":[{"count":3,"href":"https:\/\/showerglasshardware.com\/fr-fr\/wp-json\/wp\/v2\/product\/1124\/revisions"}],"predecessor-version":[{"id":4764,"href":"https:\/\/showerglasshardware.com\/fr-fr\/wp-json\/wp\/v2\/product\/1124\/revisions\/4764"}],"wp:featuredmedia":[{"embeddable":true,"href":"https:\/\/showerglasshardware.com\/fr-fr\/wp-json\/wp\/v2\/media\/4737"}],"wp:attachment":[{"href":"https:\/\/showerglasshardware.com\/fr-fr\/wp-json\/wp\/v2\/media?parent=1124"}],"wp:term":[{"taxonomy":"product_brand","embeddable":true,"href":"https:\/\/showerglasshardware.com\/fr-fr\/wp-json\/wp\/v2\/product_brand?post=1124"},{"taxonomy":"product_cat","embeddable":true,"href":"https:\/\/showerglasshardware.com\/fr-fr\/wp-json\/wp\/v2\/product_cat?post=1124"},{"taxonomy":"product_tag","embeddable":true,"href":"https:\/\/showerglasshardware.com\/fr-fr\/wp-json\/wp\/v2\/product_tag?post=1124"}],"curies":[{"name":"wp","href":"https:\/\/api.w.org\/{rel}","templated":true}]}}