{"id":1137,"date":"2024-04-26T02:50:25","date_gmt":"2024-04-26T02:50:25","guid":{"rendered":"https:\/\/showerglasshardware.com\/?post_type=product&#038;p=1137"},"modified":"2025-09-25T13:23:02","modified_gmt":"2025-09-25T13:23:02","slug":"modern-brass-glass-shower-door-knobs-sgh-k14k","status":"publish","type":"product","link":"https:\/\/showerglasshardware.com\/fr-fr\/product\/modern-brass-glass-shower-door-knobs-sgh-k14k\/","title":{"rendered":"Boutons de porte de douche en verre et laiton modernes SGH-K14K"},"content":{"rendered":"<p data-start=\"531\" data-end=\"710\">Les boutons de porte de douche en laiton SGH-K14K allient un design minimaliste \u00e0 des mat\u00e9riaux de qualit\u00e9 sup\u00e9rieure, ce qui en fait un choix id\u00e9al pour les cabines de douche contemporaines sans cadre.<\/p>\n<p data-start=\"712\" data-end=\"1029\">Fabriqu\u00e9s en laiton massif pour une solidit\u00e9 et une r\u00e9sistance \u00e0 la corrosion exceptionnelles, ces boutons sont con\u00e7us pour fonctionner de mani\u00e8re fiable dans les salles de bains humides. Leur style cylindrique moderne ajoute une touche \u00e9l\u00e9gante, tandis que la configuration dos \u00e0 dos assure une utilisation pratique des deux c\u00f4t\u00e9s de la porte de la douche.<\/p>\n<p data-start=\"1031\" data-end=\"1311\">D'une taille pratique de \u03a630 \u00d7 30 mm, ces boutons offrent une prise confortable sans dominer l'aspect \u00e9pur\u00e9 du panneau de verre. Disponible en chrome poli, or poli et nickel bross\u00e9, le SGH-K14K s'harmonise facilement avec les autres accessoires de douche pour un design coh\u00e9rent de la salle de bains.<\/p>\n<p data-start=\"1313\" data-end=\"1332\"><strong data-start=\"1313\" data-end=\"1330\">Principales caract\u00e9ristiques:<\/strong><\/p>\n<ul data-start=\"1333\" data-end=\"1776\">\n<li data-start=\"1333\" data-end=\"1397\">\n<p data-start=\"1335\" data-end=\"1397\"><strong data-start=\"1335\" data-end=\"1344\">Taper:<\/strong> Boutons de porte de douche modernes en laiton, dos \u00e0 dos<\/p>\n<\/li>\n<li data-start=\"1398\" data-end=\"1467\">\n<p data-start=\"1400\" data-end=\"1467\"><strong data-start=\"1400\" data-end=\"1413\">Mat\u00e9riel:<\/strong> Laiton massif pour la durabilit\u00e9 et la r\u00e9sistance \u00e0 la corrosion<\/p>\n<\/li>\n<li data-start=\"1468\" data-end=\"1492\">\n<p data-start=\"1470\" data-end=\"1492\"><strong data-start=\"1470\" data-end=\"1479\">Taille :<\/strong> \u03a630 \u00d7 30 mm<\/p>\n<\/li>\n<li data-start=\"1493\" data-end=\"1545\">\n<p data-start=\"1495\" data-end=\"1545\"><strong data-start=\"1495\" data-end=\"1519\">Compatibilit\u00e9 du verre\u00a0:<\/strong> Convient au verre d'une \u00e9paisseur de 6 \u00e0 12 mm<\/p>\n<\/li>\n<li data-start=\"1546\" data-end=\"1620\">\n<p data-start=\"1548\" data-end=\"1620\"><strong data-start=\"1548\" data-end=\"1559\">Conception :<\/strong> Style cylindrique \u00e9l\u00e9gant et moderne avec fonction dos \u00e0 dos<\/p>\n<\/li>\n<li data-start=\"1621\" data-end=\"1691\">\n<p data-start=\"1623\" data-end=\"1691\"><strong data-start=\"1623\" data-end=\"1642\">Options de finition :<\/strong> Chrome poli, Or poli, Nickel bross\u00e9<\/p>\n<\/li>\n<li data-start=\"1692\" data-end=\"1776\">\n<p data-start=\"1694\" data-end=\"1776\"><strong data-start=\"1694\" data-end=\"1711\">Applications :<\/strong> Portes de douche sans cadre dans les salles de bains r\u00e9sidentielles et commerciales<\/p>\n<\/li>\n<\/ul>\n<p data-start=\"1778\" data-end=\"1799\"><strong data-start=\"1778\" data-end=\"1797\">Caract\u00e9ristiques:<\/strong><\/p>\n<ul data-start=\"1800\" data-end=\"2025\">\n<li data-start=\"1800\" data-end=\"1823\">\n<p data-start=\"1802\" data-end=\"1823\"><strong data-start=\"1802\" data-end=\"1812\">Mod\u00e8le :<\/strong> SGH-K14K<\/p>\n<\/li>\n<li data-start=\"1824\" data-end=\"1874\">\n<p data-start=\"1826\" data-end=\"1874\"><strong data-start=\"1826\" data-end=\"1835\">Taper:<\/strong> Bouton de porte de douche moderne dos \u00e0 dos<\/p>\n<\/li>\n<li data-start=\"1875\" data-end=\"1898\">\n<p data-start=\"1877\" data-end=\"1898\"><strong data-start=\"1877\" data-end=\"1890\">Mat\u00e9riel:<\/strong> Laiton<\/p>\n<\/li>\n<li data-start=\"1899\" data-end=\"1923\">\n<p data-start=\"1901\" data-end=\"1923\"><strong data-start=\"1901\" data-end=\"1910\">Taille :<\/strong> \u03a630 \u00d7 30 mm<\/p>\n<\/li>\n<li data-start=\"1924\" data-end=\"1960\">\n<p data-start=\"1926\" data-end=\"1960\"><strong data-start=\"1926\" data-end=\"1951\">S'adapte \u00e0 l'\u00e9paisseur du verre :<\/strong> 6-12mm<\/p>\n<\/li>\n<li data-start=\"1961\" data-end=\"2025\">\n<p data-start=\"1963\" data-end=\"2025\"><strong data-start=\"1963\" data-end=\"1976\">Finitions :<\/strong> Chrome poli, Or poli, Nickel bross\u00e9<\/p>\n<\/li>\n<\/ul>\n<h2 id=\"tablepress-2-name\" class=\"tablepress-table-name tablepress-table-name-id-2\">Boutons de porte de douche en laiton S\u00e9rie K14<\/h2>\n\n<table id=\"tablepress-2\" class=\"tablepress tablepress-id-2\" aria-labelledby=\"tablepress-2-name\">\n<thead>\n<tr class=\"row-1\">\n\t<th class=\"column-1\"><strong>Mod\u00e8le<\/strong><\/th><th class=\"column-2\"><strong>Image<\/strong><\/th><th class=\"column-3\"><strong>Taille (mm)<\/strong><\/th><th class=\"column-4\"><strong>Forme<\/strong><\/th><th class=\"column-5\"><strong>Mat\u00e9riel<\/strong><\/th><th class=\"column-6\"><strong>Structure<\/strong><\/th><th class=\"column-7\"><strong>\u00c9paisseur du verre<\/strong><\/th><th class=\"column-8\"><strong>Finitions<\/strong><\/th>\n<\/tr>\n<\/thead>\n<tbody class=\"row-striping row-hover\">\n<tr class=\"row-2\">\n\t<td class=\"column-1\"><a href=\"https:\/\/showerglasshardware.com\/fr-fr\/product\/brass-glass-shower-door-knob-sgh-k14j\/\">K14J<\/a><\/td><td class=\"column-2\"><a href=\"https:\/\/showerglasshardware.com\/wp-content\/uploads\/2024\/04\/Brass-Glass-Shower-Door-Knobs-K14J.png\"><img decoding=\"async\" src=\"https:\/\/showerglasshardware.com\/wp-content\/uploads\/2024\/04\/Brass-Glass-Shower-Door-Knobs-K14J-300x300.png\" alt=\"Boutons de porte de douche en laiton, dos \u00e0 dos, SGH-K14J. Taille \u03a627 \u00d7 30mm, convient au verre de 6 \u00e0 12mm. Disponible en chrome, or et nickel bross\u00e9.\" width=\"60\" height=\"60\" class=\"alignnone size-medium wp-image-4737\" title=\"\" srcset=\"https:\/\/showerglasshardware.com\/wp-content\/uploads\/2024\/04\/Brass-Glass-Shower-Door-Knobs-K14J-300x300.png 300w, https:\/\/showerglasshardware.com\/wp-content\/uploads\/2024\/04\/Brass-Glass-Shower-Door-Knobs-K14J-150x150.png 150w, https:\/\/showerglasshardware.com\/wp-content\/uploads\/2024\/04\/Brass-Glass-Shower-Door-Knobs-K14J-768x768.png 768w, https:\/\/showerglasshardware.com\/wp-content\/uploads\/2024\/04\/Brass-Glass-Shower-Door-Knobs-K14J-12x12.png 12w, https:\/\/showerglasshardware.com\/wp-content\/uploads\/2024\/04\/Brass-Glass-Shower-Door-Knobs-K14J-600x600.png 600w, https:\/\/showerglasshardware.com\/wp-content\/uploads\/2024\/04\/Brass-Glass-Shower-Door-Knobs-K14J-100x100.png 100w, https:\/\/showerglasshardware.com\/wp-content\/uploads\/2024\/04\/Brass-Glass-Shower-Door-Knobs-K14J.png 800w\" sizes=\"(max-width: 60px) 100vw, 60px\" \/><\/a><\/td><td class=\"column-3\">\u03a627 \u00d7 30<\/td><td class=\"column-4\">Rond<\/td><td class=\"column-5\">Laiton<\/td><td class=\"column-6\">Dos \u00e0 dos<\/td><td class=\"column-7\">6-12mm<\/td><td class=\"column-8\">Noir mat ou autre<\/td>\n<\/tr>\n<tr class=\"row-3\">\n\t<td class=\"column-1\"><a href=\"https:\/\/showerglasshardware.com\/fr-fr\/product\/modern-brass-glass-shower-door-knobs-sgh-k14k\/\">K14K<\/a><\/td><td class=\"column-2\"><a href=\"https:\/\/showerglasshardware.com\/wp-content\/uploads\/2024\/04\/Modern-Brass-Glass-Shower-Door-Knobs-SGH-K14K-800.png\"><img decoding=\"async\" src=\"https:\/\/showerglasshardware.com\/wp-content\/uploads\/2024\/04\/Modern-Brass-Glass-Shower-Door-Knobs-SGH-K14K-800-300x300.png\" alt=\"SGH-K14K boutons de porte de douche en laiton. Design dos \u00e0 dos, \u03a630 \u00d7 30mm, convient au verre de 6 \u00e0 12mm. Disponible en chrome, or et nickel bross\u00e9.\" width=\"60\" height=\"60\" class=\"alignnone size-medium wp-image-4740\" title=\"\" srcset=\"https:\/\/showerglasshardware.com\/wp-content\/uploads\/2024\/04\/Modern-Brass-Glass-Shower-Door-Knobs-SGH-K14K-800-300x300.png 300w, https:\/\/showerglasshardware.com\/wp-content\/uploads\/2024\/04\/Modern-Brass-Glass-Shower-Door-Knobs-SGH-K14K-800-150x150.png 150w, https:\/\/showerglasshardware.com\/wp-content\/uploads\/2024\/04\/Modern-Brass-Glass-Shower-Door-Knobs-SGH-K14K-800-768x768.png 768w, https:\/\/showerglasshardware.com\/wp-content\/uploads\/2024\/04\/Modern-Brass-Glass-Shower-Door-Knobs-SGH-K14K-800-12x12.png 12w, https:\/\/showerglasshardware.com\/wp-content\/uploads\/2024\/04\/Modern-Brass-Glass-Shower-Door-Knobs-SGH-K14K-800-600x600.png 600w, https:\/\/showerglasshardware.com\/wp-content\/uploads\/2024\/04\/Modern-Brass-Glass-Shower-Door-Knobs-SGH-K14K-800-100x100.png 100w, https:\/\/showerglasshardware.com\/wp-content\/uploads\/2024\/04\/Modern-Brass-Glass-Shower-Door-Knobs-SGH-K14K-800.png 800w\" sizes=\"(max-width: 60px) 100vw, 60px\" \/><\/a><\/td><td class=\"column-3\">\u03a630 \u00d7 30<\/td><td class=\"column-4\">Rond<\/td><td class=\"column-5\">Laiton<\/td><td class=\"column-6\">Dos \u00e0 dos<\/td><td class=\"column-7\">6-12mm<\/td><td class=\"column-8\">Noir mat ou autre<\/td>\n<\/tr>\n<tr class=\"row-4\">\n\t<td class=\"column-1\"><a href=\"https:\/\/showerglasshardware.com\/fr-fr\/product\/luxury-brass-glass-shower-door-knobs-sgh-k14m\/\">K14M<\/a><\/td><td class=\"column-2\"><a href=\"https:\/\/showerglasshardware.com\/wp-content\/uploads\/2024\/04\/Luxury-Brass-Glass-Shower-Door-Knobs-SGH-K14M-800.png\"><img decoding=\"async\" src=\"https:\/\/showerglasshardware.com\/wp-content\/uploads\/2024\/04\/Luxury-Brass-Glass-Shower-Door-Knobs-SGH-K14M-800-300x300.png\" alt=\"SGH-K14M boutons de porte de douche en laiton. Conception dos \u00e0 dos, \u03a630 \u00d7 40mm, convient au verre de 6 \u00e0 12mm. Disponible en chrome, or et nickel bross\u00e9.\" width=\"60\" height=\"60\" class=\"alignnone size-medium wp-image-4746\" title=\"\" srcset=\"https:\/\/showerglasshardware.com\/wp-content\/uploads\/2024\/04\/Luxury-Brass-Glass-Shower-Door-Knobs-SGH-K14M-800-300x300.png 300w, https:\/\/showerglasshardware.com\/wp-content\/uploads\/2024\/04\/Luxury-Brass-Glass-Shower-Door-Knobs-SGH-K14M-800-150x150.png 150w, https:\/\/showerglasshardware.com\/wp-content\/uploads\/2024\/04\/Luxury-Brass-Glass-Shower-Door-Knobs-SGH-K14M-800-768x768.png 768w, https:\/\/showerglasshardware.com\/wp-content\/uploads\/2024\/04\/Luxury-Brass-Glass-Shower-Door-Knobs-SGH-K14M-800-12x12.png 12w, https:\/\/showerglasshardware.com\/wp-content\/uploads\/2024\/04\/Luxury-Brass-Glass-Shower-Door-Knobs-SGH-K14M-800-600x600.png 600w, https:\/\/showerglasshardware.com\/wp-content\/uploads\/2024\/04\/Luxury-Brass-Glass-Shower-Door-Knobs-SGH-K14M-800-100x100.png 100w, https:\/\/showerglasshardware.com\/wp-content\/uploads\/2024\/04\/Luxury-Brass-Glass-Shower-Door-Knobs-SGH-K14M-800.png 800w\" sizes=\"(max-width: 60px) 100vw, 60px\" \/><\/a><\/td><td class=\"column-3\">\u03a630 \u00d7 40<\/td><td class=\"column-4\">Rond<\/td><td class=\"column-5\">Laiton<\/td><td class=\"column-6\">Dos \u00e0 dos<\/td><td class=\"column-7\">6-12mm<\/td><td class=\"column-8\">Noir mat ou autre<\/td>\n<\/tr>\n<tr class=\"row-5\">\n\t<td class=\"column-1\"><a href=\"https:\/\/showerglasshardware.com\/fr-fr\/product\/modern-brass-glass-shower-door-knobs-sgh-k14h\/\">K14H<\/a><\/td><td class=\"column-2\"><a href=\"https:\/\/showerglasshardware.com\/wp-content\/uploads\/2024\/04\/Modern-Brass-Glass-Shower-Door-Knob-K14H-800.png\"><img loading=\"lazy\" decoding=\"async\" src=\"https:\/\/showerglasshardware.com\/wp-content\/uploads\/2024\/04\/Modern-Brass-Glass-Shower-Door-Knob-K14H-800-300x300.png\" alt=\"\" width=\"60\" height=\"60\" class=\"alignnone size-medium wp-image-4749\" title=\"\" srcset=\"https:\/\/showerglasshardware.com\/wp-content\/uploads\/2024\/04\/Modern-Brass-Glass-Shower-Door-Knob-K14H-800-300x300.png 300w, https:\/\/showerglasshardware.com\/wp-content\/uploads\/2024\/04\/Modern-Brass-Glass-Shower-Door-Knob-K14H-800-150x150.png 150w, https:\/\/showerglasshardware.com\/wp-content\/uploads\/2024\/04\/Modern-Brass-Glass-Shower-Door-Knob-K14H-800-768x768.png 768w, https:\/\/showerglasshardware.com\/wp-content\/uploads\/2024\/04\/Modern-Brass-Glass-Shower-Door-Knob-K14H-800-12x12.png 12w, https:\/\/showerglasshardware.com\/wp-content\/uploads\/2024\/04\/Modern-Brass-Glass-Shower-Door-Knob-K14H-800-600x600.png 600w, https:\/\/showerglasshardware.com\/wp-content\/uploads\/2024\/04\/Modern-Brass-Glass-Shower-Door-Knob-K14H-800-100x100.png 100w, https:\/\/showerglasshardware.com\/wp-content\/uploads\/2024\/04\/Modern-Brass-Glass-Shower-Door-Knob-K14H-800.png 800w\" sizes=\"(max-width: 60px) 100vw, 60px\" \/><\/a><\/td><td class=\"column-3\">\u03a625 \u00d7 30<\/td><td class=\"column-4\">Rond<\/td><td class=\"column-5\">Laiton<\/td><td class=\"column-6\">Dos \u00e0 dos<\/td><td class=\"column-7\">6-12mm<\/td><td class=\"column-8\">Noir mat ou autre<\/td>\n<\/tr>\n<\/tbody>\n<\/table>\n<!-- #tablepress-2 from cache -->","protected":false},"excerpt":{"rendered":"<ul>\n<li>SGH-K14K<\/li>\n<li>\u03a630 \u00d7 30 mm<\/li>\n<li>Mat\u00e9riau en laiton<\/li>\n<li>Dos \u00e0 dos<\/li>\n<li>\u00c9paisseur du verre : 6-12 mm ;<\/li>\n<li>Fini : Chrome poli ; Or poli\u00a0; Nickel bross\u00e9<\/li>\n<\/ul>\n<p>&nbsp;<\/p>\n<p><!-- notionvc: 9788d432-087f-4fa0-88dc-86333bad9bb6 --><\/p>","protected":false},"featured_media":4740,"comment_status":"open","ping_status":"closed","template":"","meta":{"_acf_changed":false},"product_brand":[],"product_cat":[26,111],"product_tag":[],"class_list":{"0":"post-1137","1":"product","2":"type-product","3":"status-publish","4":"has-post-thumbnail","6":"product_cat-shower-door-knobs","7":"product_cat-back-to-back-knobs","8":"pa_finish-brushed-nickel","9":"pa_finish-chrome","10":"pa_finish-gold","11":"pa_finish-gun-metal","12":"pa_finish-black","13":"pa_glass-thickness-1-2-inch-12mm","14":"pa_glass-thickness-1-4-inch-6mm","15":"pa_glass-thickness-3-8-inch-10mm","16":"pa_glass-thickness-5-16-inch-8mm","17":"pa_material-brass","19":"first","20":"instock","21":"purchasable","22":"product-type-variable"},"acf":[],"_links":{"self":[{"href":"https:\/\/showerglasshardware.com\/fr-fr\/wp-json\/wp\/v2\/product\/1137","targetHints":{"allow":["GET"]}}],"collection":[{"href":"https:\/\/showerglasshardware.com\/fr-fr\/wp-json\/wp\/v2\/product"}],"about":[{"href":"https:\/\/showerglasshardware.com\/fr-fr\/wp-json\/wp\/v2\/types\/product"}],"replies":[{"embeddable":true,"href":"https:\/\/showerglasshardware.com\/fr-fr\/wp-json\/wp\/v2\/comments?post=1137"}],"version-history":[{"count":5,"href":"https:\/\/showerglasshardware.com\/fr-fr\/wp-json\/wp\/v2\/product\/1137\/revisions"}],"predecessor-version":[{"id":4766,"href":"https:\/\/showerglasshardware.com\/fr-fr\/wp-json\/wp\/v2\/product\/1137\/revisions\/4766"}],"wp:featuredmedia":[{"embeddable":true,"href":"https:\/\/showerglasshardware.com\/fr-fr\/wp-json\/wp\/v2\/media\/4740"}],"wp:attachment":[{"href":"https:\/\/showerglasshardware.com\/fr-fr\/wp-json\/wp\/v2\/media?parent=1137"}],"wp:term":[{"taxonomy":"product_brand","embeddable":true,"href":"https:\/\/showerglasshardware.com\/fr-fr\/wp-json\/wp\/v2\/product_brand?post=1137"},{"taxonomy":"product_cat","embeddable":true,"href":"https:\/\/showerglasshardware.com\/fr-fr\/wp-json\/wp\/v2\/product_cat?post=1137"},{"taxonomy":"product_tag","embeddable":true,"href":"https:\/\/showerglasshardware.com\/fr-fr\/wp-json\/wp\/v2\/product_tag?post=1137"}],"curies":[{"name":"wp","href":"https:\/\/api.w.org\/{rel}","templated":true}]}}