{"id":1150,"date":"2024-04-26T02:58:23","date_gmt":"2024-04-26T02:58:23","guid":{"rendered":"https:\/\/showerglasshardware.com\/?post_type=product&#038;p=1150"},"modified":"2025-09-25T09:29:50","modified_gmt":"2025-09-25T09:29:50","slug":"retro-brass-glass-shower-door-knobs-sgh-k11c","status":"publish","type":"product","link":"https:\/\/showerglasshardware.com\/fr-fr\/product\/retro-brass-glass-shower-door-knobs-sgh-k11c\/","title":{"rendered":"Boutons de porte de douche en verre et laiton r\u00e9tro SGH-K11C"},"content":{"rendered":"<p data-start=\"530\" data-end=\"714\">Les boutons de porte de douche en verre SGH-K11C Retro Brass allient un design intemporel \u00e0 des mat\u00e9riaux durables, offrant une solution classique et fonctionnelle pour les cabines de douche en verre sans cadre.<\/p>\n<p data-start=\"716\" data-end=\"1045\">Fabriqu\u00e9s en laiton massif, ces boutons offrent une excellente durabilit\u00e9 et une r\u00e9sistance \u00e0 la corrosion, ce qui les rend parfaits pour les salles de bains humides. Le design d'inspiration r\u00e9tro ajoute une touche d\u00e9corative unique, tandis que la configuration dos \u00e0 dos garantit un fonctionnement en douceur des deux c\u00f4t\u00e9s de la porte de douche.<\/p>\n<p data-start=\"1047\" data-end=\"1324\">D'une taille de \u03a630 \u00d7 26 mm, les boutons SGH-K11C offrent une prise confortable et sont con\u00e7us pour s'adapter en toute s\u00e9curit\u00e9 au verre d'une \u00e9paisseur de 6 \u00e0 12 mm. Disponibles en chrome poli, or poli et nickel bross\u00e9, ils s'harmonisent parfaitement avec une large gamme de finitions de quincaillerie de salle de bains.<\/p>\n<p data-start=\"1326\" data-end=\"1345\"><strong data-start=\"1326\" data-end=\"1343\">Principales caract\u00e9ristiques:<\/strong><\/p>\n<ul data-start=\"1346\" data-end=\"1771\">\n<li data-start=\"1346\" data-end=\"1409\">\n<p data-start=\"1348\" data-end=\"1409\"><strong data-start=\"1348\" data-end=\"1357\">Taper:<\/strong> Boutons de porte de douche r\u00e9tro en laiton, dos \u00e0 dos<\/p>\n<\/li>\n<li data-start=\"1410\" data-end=\"1477\">\n<p data-start=\"1412\" data-end=\"1477\"><strong data-start=\"1412\" data-end=\"1425\">Mat\u00e9riel:<\/strong> Laiton massif pour la solidit\u00e9 et la r\u00e9sistance \u00e0 la corrosion<\/p>\n<\/li>\n<li data-start=\"1478\" data-end=\"1502\">\n<p data-start=\"1480\" data-end=\"1502\"><strong data-start=\"1480\" data-end=\"1489\">Taille :<\/strong> \u03a630 \u00d7 26 mm<\/p>\n<\/li>\n<li data-start=\"1503\" data-end=\"1555\">\n<p data-start=\"1505\" data-end=\"1555\"><strong data-start=\"1505\" data-end=\"1529\">Compatibilit\u00e9 du verre\u00a0:<\/strong> Convient au verre d'une \u00e9paisseur de 6 \u00e0 12 mm<\/p>\n<\/li>\n<li data-start=\"1556\" data-end=\"1614\">\n<p data-start=\"1558\" data-end=\"1614\"><strong data-start=\"1558\" data-end=\"1569\">Conception :<\/strong> Finition r\u00e9tro, fonctionnement dos \u00e0 dos<\/p>\n<\/li>\n<li data-start=\"1615\" data-end=\"1685\">\n<p data-start=\"1617\" data-end=\"1685\"><strong data-start=\"1617\" data-end=\"1636\">Options de finition :<\/strong> Chrome poli, Or poli, Nickel bross\u00e9<\/p>\n<\/li>\n<li data-start=\"1686\" data-end=\"1771\">\n<p data-start=\"1688\" data-end=\"1771\"><strong data-start=\"1688\" data-end=\"1705\">Applications :<\/strong> Portes de douche sans cadre pour les salles de bains anciennes, classiques ou modernes<\/p>\n<\/li>\n<\/ul>\n<p data-start=\"1773\" data-end=\"1794\"><strong data-start=\"1773\" data-end=\"1792\">Caract\u00e9ristiques:<\/strong><\/p>\n<ul data-start=\"1795\" data-end=\"2019\">\n<li data-start=\"1795\" data-end=\"1818\">\n<p data-start=\"1797\" data-end=\"1818\"><strong data-start=\"1797\" data-end=\"1807\">Mod\u00e8le :<\/strong> SGH-K11C<\/p>\n<\/li>\n<li data-start=\"1819\" data-end=\"1868\">\n<p data-start=\"1821\" data-end=\"1868\"><strong data-start=\"1821\" data-end=\"1830\">Taper:<\/strong> Bouton de porte de douche r\u00e9tro dos \u00e0 dos<\/p>\n<\/li>\n<li data-start=\"1869\" data-end=\"1892\">\n<p data-start=\"1871\" data-end=\"1892\"><strong data-start=\"1871\" data-end=\"1884\">Mat\u00e9riel:<\/strong> Laiton<\/p>\n<\/li>\n<li data-start=\"1893\" data-end=\"1917\">\n<p data-start=\"1895\" data-end=\"1917\"><strong data-start=\"1895\" data-end=\"1904\">Taille :<\/strong> \u03a630 \u00d7 26 mm<\/p>\n<\/li>\n<li data-start=\"1918\" data-end=\"1954\">\n<p data-start=\"1920\" data-end=\"1954\"><strong data-start=\"1920\" data-end=\"1945\">S'adapte \u00e0 l'\u00e9paisseur du verre :<\/strong> 6-12mm<\/p>\n<\/li>\n<li data-start=\"1955\" data-end=\"2019\">\n<p data-start=\"1957\" data-end=\"2019\"><strong data-start=\"1957\" data-end=\"1970\">Finitions :<\/strong> Chrome poli, Or poli, Nickel bross\u00e9<\/p>\n<\/li>\n<\/ul>","protected":false},"excerpt":{"rendered":"<ul>\n<li>SGH-K11C<\/li>\n<li>\u03a630 \u00d7 26 mm<\/li>\n<li>Mat\u00e9riau en laiton<\/li>\n<li>Dos \u00e0 dos<\/li>\n<li>\u00c9paisseur du verre : 6-12 mm ;<\/li>\n<li>Fini : Chrome poli ; Or poli\u00a0; Nickel bross\u00e9<\/li>\n<\/ul>\n<p><!-- notionvc: 9788d432-087f-4fa0-88dc-86333bad9bb6 --><\/p>","protected":false},"featured_media":4743,"comment_status":"open","ping_status":"closed","template":"","meta":{"_acf_changed":false},"product_brand":[],"product_cat":[111,26],"product_tag":[],"class_list":{"0":"post-1150","1":"product","2":"type-product","3":"status-publish","4":"has-post-thumbnail","6":"product_cat-back-to-back-knobs","7":"product_cat-shower-door-knobs","8":"pa_finish-brushed-nickel","9":"pa_finish-chrome","10":"pa_finish-gold","11":"pa_finish-gun-metal","12":"pa_finish-black","13":"pa_glass-thickness-1-2-inch-12mm","14":"pa_glass-thickness-1-4-inch-6mm","15":"pa_glass-thickness-3-8-inch-10mm","16":"pa_glass-thickness-5-16-inch-8mm","17":"pa_material-brass","19":"first","20":"instock","21":"purchasable","22":"product-type-variable"},"acf":[],"_links":{"self":[{"href":"https:\/\/showerglasshardware.com\/fr-fr\/wp-json\/wp\/v2\/product\/1150","targetHints":{"allow":["GET"]}}],"collection":[{"href":"https:\/\/showerglasshardware.com\/fr-fr\/wp-json\/wp\/v2\/product"}],"about":[{"href":"https:\/\/showerglasshardware.com\/fr-fr\/wp-json\/wp\/v2\/types\/product"}],"replies":[{"embeddable":true,"href":"https:\/\/showerglasshardware.com\/fr-fr\/wp-json\/wp\/v2\/comments?post=1150"}],"version-history":[{"count":3,"href":"https:\/\/showerglasshardware.com\/fr-fr\/wp-json\/wp\/v2\/product\/1150\/revisions"}],"predecessor-version":[{"id":4744,"href":"https:\/\/showerglasshardware.com\/fr-fr\/wp-json\/wp\/v2\/product\/1150\/revisions\/4744"}],"wp:featuredmedia":[{"embeddable":true,"href":"https:\/\/showerglasshardware.com\/fr-fr\/wp-json\/wp\/v2\/media\/4743"}],"wp:attachment":[{"href":"https:\/\/showerglasshardware.com\/fr-fr\/wp-json\/wp\/v2\/media?parent=1150"}],"wp:term":[{"taxonomy":"product_brand","embeddable":true,"href":"https:\/\/showerglasshardware.com\/fr-fr\/wp-json\/wp\/v2\/product_brand?post=1150"},{"taxonomy":"product_cat","embeddable":true,"href":"https:\/\/showerglasshardware.com\/fr-fr\/wp-json\/wp\/v2\/product_cat?post=1150"},{"taxonomy":"product_tag","embeddable":true,"href":"https:\/\/showerglasshardware.com\/fr-fr\/wp-json\/wp\/v2\/product_tag?post=1150"}],"curies":[{"name":"wp","href":"https:\/\/api.w.org\/{rel}","templated":true}]}}