{"id":1163,"date":"2024-04-26T03:07:50","date_gmt":"2024-04-26T03:07:50","guid":{"rendered":"https:\/\/showerglasshardware.com\/?post_type=product&#038;p=1163"},"modified":"2025-09-25T13:22:11","modified_gmt":"2025-09-25T13:22:11","slug":"luxury-brass-glass-shower-door-knobs-sgh-k14m","status":"publish","type":"product","link":"https:\/\/showerglasshardware.com\/fr-fr\/product\/luxury-brass-glass-shower-door-knobs-sgh-k14m\/","title":{"rendered":"Boutons de porte de douche en verre et laiton de luxe SGH-K14M"},"content":{"rendered":"<p data-start=\"525\" data-end=\"687\">Les boutons de porte de douche en laiton de luxe SGH-K14M sont con\u00e7us pour ajouter une touche haut de gamme aux cabines de douche sans cadre, en alliant \u00e9l\u00e9gance et fonctionnalit\u00e9.<\/p>\n<p data-start=\"689\" data-end=\"1010\">Fabriqu\u00e9s en laiton massif, ces boutons offrent une durabilit\u00e9 et une r\u00e9sistance \u00e0 la corrosion sup\u00e9rieures, ce qui les rend id\u00e9aux pour une utilisation \u00e0 long terme dans les salles de bains. Leur conception dos \u00e0 dos assure un fonctionnement pratique des deux c\u00f4t\u00e9s de la porte en verre, tandis que la taille \u03a630 \u00d7 40mm offre une prise en main confortable et s\u00fbre.<\/p>\n<p data-start=\"1012\" data-end=\"1279\">Avec son style luxueux, le SGH-K14M est parfait pour les projets de salles de bains modernes et haut de gamme. Disponibles en chrome poli, or poli et nickel bross\u00e9, ces boutons se coordonnent parfaitement avec les autres accessoires de douche en laiton pour une finition coh\u00e9rente et \u00e9l\u00e9gante.<\/p>\n<p data-start=\"1281\" data-end=\"1300\"><strong data-start=\"1281\" data-end=\"1298\">Principales caract\u00e9ristiques:<\/strong><\/p>\n<ul data-start=\"1301\" data-end=\"1733\">\n<li data-start=\"1301\" data-end=\"1365\">\n<p data-start=\"1303\" data-end=\"1365\"><strong data-start=\"1303\" data-end=\"1312\">Taper:<\/strong> Boutons de porte de douche en laiton, dos \u00e0 dos<\/p>\n<\/li>\n<li data-start=\"1366\" data-end=\"1428\">\n<p data-start=\"1368\" data-end=\"1428\"><strong data-start=\"1368\" data-end=\"1381\">Mat\u00e9riel:<\/strong> Laiton massif pour la solidit\u00e9 et la r\u00e9sistance \u00e0 la rouille<\/p>\n<\/li>\n<li data-start=\"1429\" data-end=\"1453\">\n<p data-start=\"1431\" data-end=\"1453\"><strong data-start=\"1431\" data-end=\"1440\">Taille :<\/strong> \u03a630 \u00d7 40 mm<\/p>\n<\/li>\n<li data-start=\"1454\" data-end=\"1506\">\n<p data-start=\"1456\" data-end=\"1506\"><strong data-start=\"1456\" data-end=\"1480\">Compatibilit\u00e9 du verre\u00a0:<\/strong> Convient au verre d'une \u00e9paisseur de 6 \u00e0 12 mm<\/p>\n<\/li>\n<li data-start=\"1507\" data-end=\"1575\">\n<p data-start=\"1509\" data-end=\"1575\"><strong data-start=\"1509\" data-end=\"1520\">Conception :<\/strong> Style \u00e9l\u00e9gant et luxueux avec une configuration dos \u00e0 dos<\/p>\n<\/li>\n<li data-start=\"1576\" data-end=\"1646\">\n<p data-start=\"1578\" data-end=\"1646\"><strong data-start=\"1578\" data-end=\"1597\">Options de finition :<\/strong> Chrome poli, Or poli, Nickel bross\u00e9<\/p>\n<\/li>\n<li data-start=\"1647\" data-end=\"1733\">\n<p data-start=\"1649\" data-end=\"1733\"><strong data-start=\"1649\" data-end=\"1666\">Applications :<\/strong> Portes de douche sans cadre dans les salles de bains des r\u00e9sidences de luxe et des h\u00f4tels<\/p>\n<\/li>\n<\/ul>\n<p data-start=\"1735\" data-end=\"1756\"><strong data-start=\"1735\" data-end=\"1754\">Caract\u00e9ristiques:<\/strong><\/p>\n<ul data-start=\"1757\" data-end=\"1982\">\n<li data-start=\"1757\" data-end=\"1780\">\n<p data-start=\"1759\" data-end=\"1780\"><strong data-start=\"1759\" data-end=\"1769\">Mod\u00e8le :<\/strong> SGH-K14M<\/p>\n<\/li>\n<li data-start=\"1781\" data-end=\"1831\">\n<p data-start=\"1783\" data-end=\"1831\"><strong data-start=\"1783\" data-end=\"1792\">Taper:<\/strong> Bouton de porte de douche dos \u00e0 dos de luxe<\/p>\n<\/li>\n<li data-start=\"1832\" data-end=\"1855\">\n<p data-start=\"1834\" data-end=\"1855\"><strong data-start=\"1834\" data-end=\"1847\">Mat\u00e9riel:<\/strong> Laiton<\/p>\n<\/li>\n<li data-start=\"1856\" data-end=\"1880\">\n<p data-start=\"1858\" data-end=\"1880\"><strong data-start=\"1858\" data-end=\"1867\">Taille :<\/strong> \u03a630 \u00d7 40 mm<\/p>\n<\/li>\n<li data-start=\"1881\" data-end=\"1917\">\n<p data-start=\"1883\" data-end=\"1917\"><strong data-start=\"1883\" data-end=\"1908\">S'adapte \u00e0 l'\u00e9paisseur du verre :<\/strong> 6-12mm<\/p>\n<\/li>\n<li data-start=\"1918\" data-end=\"1982\">\n<p data-start=\"1920\" data-end=\"1982\"><strong data-start=\"1920\" data-end=\"1933\">Finitions :<\/strong> Chrome poli, Or poli, Nickel bross\u00e9<\/p>\n<\/li>\n<\/ul>\n<h2 id=\"tablepress-2-name\" class=\"tablepress-table-name tablepress-table-name-id-2\">Boutons de porte de douche en laiton S\u00e9rie K14<\/h2>\n\n<table id=\"tablepress-2\" class=\"tablepress tablepress-id-2\" aria-labelledby=\"tablepress-2-name\">\n<thead>\n<tr class=\"row-1\">\n\t<th class=\"column-1\"><strong>Mod\u00e8le<\/strong><\/th><th class=\"column-2\"><strong>Image<\/strong><\/th><th class=\"column-3\"><strong>Taille (mm)<\/strong><\/th><th class=\"column-4\"><strong>Forme<\/strong><\/th><th class=\"column-5\"><strong>Mat\u00e9riel<\/strong><\/th><th class=\"column-6\"><strong>Structure<\/strong><\/th><th class=\"column-7\"><strong>\u00c9paisseur du verre<\/strong><\/th><th class=\"column-8\"><strong>Finitions<\/strong><\/th>\n<\/tr>\n<\/thead>\n<tbody class=\"row-striping row-hover\">\n<tr class=\"row-2\">\n\t<td class=\"column-1\"><a href=\"https:\/\/showerglasshardware.com\/fr-fr\/product\/brass-glass-shower-door-knob-sgh-k14j\/\">K14J<\/a><\/td><td class=\"column-2\"><a href=\"https:\/\/showerglasshardware.com\/wp-content\/uploads\/2024\/04\/Brass-Glass-Shower-Door-Knobs-K14J.png\"><img decoding=\"async\" src=\"https:\/\/showerglasshardware.com\/wp-content\/uploads\/2024\/04\/Brass-Glass-Shower-Door-Knobs-K14J-300x300.png\" alt=\"Boutons de porte de douche en laiton, dos \u00e0 dos, SGH-K14J. Taille \u03a627 \u00d7 30mm, convient au verre de 6 \u00e0 12mm. Disponible en chrome, or et nickel bross\u00e9.\" width=\"60\" height=\"60\" class=\"alignnone size-medium wp-image-4737\" title=\"\" srcset=\"https:\/\/showerglasshardware.com\/wp-content\/uploads\/2024\/04\/Brass-Glass-Shower-Door-Knobs-K14J-300x300.png 300w, https:\/\/showerglasshardware.com\/wp-content\/uploads\/2024\/04\/Brass-Glass-Shower-Door-Knobs-K14J-150x150.png 150w, https:\/\/showerglasshardware.com\/wp-content\/uploads\/2024\/04\/Brass-Glass-Shower-Door-Knobs-K14J-768x768.png 768w, https:\/\/showerglasshardware.com\/wp-content\/uploads\/2024\/04\/Brass-Glass-Shower-Door-Knobs-K14J-12x12.png 12w, https:\/\/showerglasshardware.com\/wp-content\/uploads\/2024\/04\/Brass-Glass-Shower-Door-Knobs-K14J-600x600.png 600w, https:\/\/showerglasshardware.com\/wp-content\/uploads\/2024\/04\/Brass-Glass-Shower-Door-Knobs-K14J-100x100.png 100w, https:\/\/showerglasshardware.com\/wp-content\/uploads\/2024\/04\/Brass-Glass-Shower-Door-Knobs-K14J.png 800w\" sizes=\"(max-width: 60px) 100vw, 60px\" \/><\/a><\/td><td class=\"column-3\">\u03a627 \u00d7 30<\/td><td class=\"column-4\">Rond<\/td><td class=\"column-5\">Laiton<\/td><td class=\"column-6\">Dos \u00e0 dos<\/td><td class=\"column-7\">6-12mm<\/td><td class=\"column-8\">Noir mat ou autre<\/td>\n<\/tr>\n<tr class=\"row-3\">\n\t<td class=\"column-1\"><a href=\"https:\/\/showerglasshardware.com\/fr-fr\/product\/modern-brass-glass-shower-door-knobs-sgh-k14k\/\">K14K<\/a><\/td><td class=\"column-2\"><a href=\"https:\/\/showerglasshardware.com\/wp-content\/uploads\/2024\/04\/Modern-Brass-Glass-Shower-Door-Knobs-SGH-K14K-800.png\"><img decoding=\"async\" src=\"https:\/\/showerglasshardware.com\/wp-content\/uploads\/2024\/04\/Modern-Brass-Glass-Shower-Door-Knobs-SGH-K14K-800-300x300.png\" alt=\"SGH-K14K boutons de porte de douche en laiton. Design dos \u00e0 dos, \u03a630 \u00d7 30mm, convient au verre de 6 \u00e0 12mm. Disponible en chrome, or et nickel bross\u00e9.\" width=\"60\" height=\"60\" class=\"alignnone size-medium wp-image-4740\" title=\"\" srcset=\"https:\/\/showerglasshardware.com\/wp-content\/uploads\/2024\/04\/Modern-Brass-Glass-Shower-Door-Knobs-SGH-K14K-800-300x300.png 300w, https:\/\/showerglasshardware.com\/wp-content\/uploads\/2024\/04\/Modern-Brass-Glass-Shower-Door-Knobs-SGH-K14K-800-150x150.png 150w, https:\/\/showerglasshardware.com\/wp-content\/uploads\/2024\/04\/Modern-Brass-Glass-Shower-Door-Knobs-SGH-K14K-800-768x768.png 768w, https:\/\/showerglasshardware.com\/wp-content\/uploads\/2024\/04\/Modern-Brass-Glass-Shower-Door-Knobs-SGH-K14K-800-12x12.png 12w, https:\/\/showerglasshardware.com\/wp-content\/uploads\/2024\/04\/Modern-Brass-Glass-Shower-Door-Knobs-SGH-K14K-800-600x600.png 600w, https:\/\/showerglasshardware.com\/wp-content\/uploads\/2024\/04\/Modern-Brass-Glass-Shower-Door-Knobs-SGH-K14K-800-100x100.png 100w, https:\/\/showerglasshardware.com\/wp-content\/uploads\/2024\/04\/Modern-Brass-Glass-Shower-Door-Knobs-SGH-K14K-800.png 800w\" sizes=\"(max-width: 60px) 100vw, 60px\" \/><\/a><\/td><td class=\"column-3\">\u03a630 \u00d7 30<\/td><td class=\"column-4\">Rond<\/td><td class=\"column-5\">Laiton<\/td><td class=\"column-6\">Dos \u00e0 dos<\/td><td class=\"column-7\">6-12mm<\/td><td class=\"column-8\">Noir mat ou autre<\/td>\n<\/tr>\n<tr class=\"row-4\">\n\t<td class=\"column-1\"><a href=\"https:\/\/showerglasshardware.com\/fr-fr\/product\/luxury-brass-glass-shower-door-knobs-sgh-k14m\/\">K14M<\/a><\/td><td class=\"column-2\"><a href=\"https:\/\/showerglasshardware.com\/wp-content\/uploads\/2024\/04\/Luxury-Brass-Glass-Shower-Door-Knobs-SGH-K14M-800.png\"><img decoding=\"async\" src=\"https:\/\/showerglasshardware.com\/wp-content\/uploads\/2024\/04\/Luxury-Brass-Glass-Shower-Door-Knobs-SGH-K14M-800-300x300.png\" alt=\"SGH-K14M boutons de porte de douche en laiton. Conception dos \u00e0 dos, \u03a630 \u00d7 40mm, convient au verre de 6 \u00e0 12mm. Disponible en chrome, or et nickel bross\u00e9.\" width=\"60\" height=\"60\" class=\"alignnone size-medium wp-image-4746\" title=\"\" srcset=\"https:\/\/showerglasshardware.com\/wp-content\/uploads\/2024\/04\/Luxury-Brass-Glass-Shower-Door-Knobs-SGH-K14M-800-300x300.png 300w, https:\/\/showerglasshardware.com\/wp-content\/uploads\/2024\/04\/Luxury-Brass-Glass-Shower-Door-Knobs-SGH-K14M-800-150x150.png 150w, https:\/\/showerglasshardware.com\/wp-content\/uploads\/2024\/04\/Luxury-Brass-Glass-Shower-Door-Knobs-SGH-K14M-800-768x768.png 768w, https:\/\/showerglasshardware.com\/wp-content\/uploads\/2024\/04\/Luxury-Brass-Glass-Shower-Door-Knobs-SGH-K14M-800-12x12.png 12w, https:\/\/showerglasshardware.com\/wp-content\/uploads\/2024\/04\/Luxury-Brass-Glass-Shower-Door-Knobs-SGH-K14M-800-600x600.png 600w, https:\/\/showerglasshardware.com\/wp-content\/uploads\/2024\/04\/Luxury-Brass-Glass-Shower-Door-Knobs-SGH-K14M-800-100x100.png 100w, https:\/\/showerglasshardware.com\/wp-content\/uploads\/2024\/04\/Luxury-Brass-Glass-Shower-Door-Knobs-SGH-K14M-800.png 800w\" sizes=\"(max-width: 60px) 100vw, 60px\" \/><\/a><\/td><td class=\"column-3\">\u03a630 \u00d7 40<\/td><td class=\"column-4\">Rond<\/td><td class=\"column-5\">Laiton<\/td><td class=\"column-6\">Dos \u00e0 dos<\/td><td class=\"column-7\">6-12mm<\/td><td class=\"column-8\">Noir mat ou autre<\/td>\n<\/tr>\n<tr class=\"row-5\">\n\t<td class=\"column-1\"><a href=\"https:\/\/showerglasshardware.com\/fr-fr\/product\/modern-brass-glass-shower-door-knobs-sgh-k14h\/\">K14H<\/a><\/td><td class=\"column-2\"><a href=\"https:\/\/showerglasshardware.com\/wp-content\/uploads\/2024\/04\/Modern-Brass-Glass-Shower-Door-Knob-K14H-800.png\"><img loading=\"lazy\" decoding=\"async\" src=\"https:\/\/showerglasshardware.com\/wp-content\/uploads\/2024\/04\/Modern-Brass-Glass-Shower-Door-Knob-K14H-800-300x300.png\" alt=\"\" width=\"60\" height=\"60\" class=\"alignnone size-medium wp-image-4749\" title=\"\" srcset=\"https:\/\/showerglasshardware.com\/wp-content\/uploads\/2024\/04\/Modern-Brass-Glass-Shower-Door-Knob-K14H-800-300x300.png 300w, https:\/\/showerglasshardware.com\/wp-content\/uploads\/2024\/04\/Modern-Brass-Glass-Shower-Door-Knob-K14H-800-150x150.png 150w, https:\/\/showerglasshardware.com\/wp-content\/uploads\/2024\/04\/Modern-Brass-Glass-Shower-Door-Knob-K14H-800-768x768.png 768w, https:\/\/showerglasshardware.com\/wp-content\/uploads\/2024\/04\/Modern-Brass-Glass-Shower-Door-Knob-K14H-800-12x12.png 12w, https:\/\/showerglasshardware.com\/wp-content\/uploads\/2024\/04\/Modern-Brass-Glass-Shower-Door-Knob-K14H-800-600x600.png 600w, https:\/\/showerglasshardware.com\/wp-content\/uploads\/2024\/04\/Modern-Brass-Glass-Shower-Door-Knob-K14H-800-100x100.png 100w, https:\/\/showerglasshardware.com\/wp-content\/uploads\/2024\/04\/Modern-Brass-Glass-Shower-Door-Knob-K14H-800.png 800w\" sizes=\"(max-width: 60px) 100vw, 60px\" \/><\/a><\/td><td class=\"column-3\">\u03a625 \u00d7 30<\/td><td class=\"column-4\">Rond<\/td><td class=\"column-5\">Laiton<\/td><td class=\"column-6\">Dos \u00e0 dos<\/td><td class=\"column-7\">6-12mm<\/td><td class=\"column-8\">Noir mat ou autre<\/td>\n<\/tr>\n<\/tbody>\n<\/table>\n<!-- #tablepress-2 from cache -->","protected":false},"excerpt":{"rendered":"<ul>\n<li>SGH-K14M<\/li>\n<li>\u03a630 \u00d7 40 mm<\/li>\n<li>Mat\u00e9riau en laiton<\/li>\n<li>Dos \u00e0 dos<\/li>\n<li>\u00c9paisseur du verre : 6-12 mm ;<\/li>\n<li>Fini : Chrome poli ; Or poli\u00a0; Nickel bross\u00e9<\/li>\n<\/ul>\n<p><!-- notionvc: 9788d432-087f-4fa0-88dc-86333bad9bb6 --><\/p>","protected":false},"featured_media":4746,"comment_status":"open","ping_status":"closed","template":"","meta":{"_acf_changed":false},"product_brand":[],"product_cat":[26,111],"product_tag":[],"class_list":{"0":"post-1163","1":"product","2":"type-product","3":"status-publish","4":"has-post-thumbnail","6":"product_cat-shower-door-knobs","7":"product_cat-back-to-back-knobs","8":"pa_finish-brushed-nickel","9":"pa_finish-chrome","10":"pa_finish-gold","11":"pa_finish-gun-metal","12":"pa_finish-black","13":"pa_glass-thickness-1-2-inch-12mm","14":"pa_glass-thickness-1-4-inch-6mm","15":"pa_glass-thickness-3-8-inch-10mm","16":"pa_glass-thickness-5-16-inch-8mm","17":"pa_glass-thickness-6-12mm","18":"pa_material-brass","20":"first","21":"instock","22":"taxable","23":"shipping-taxable","24":"purchasable","25":"product-type-variable"},"acf":[],"_links":{"self":[{"href":"https:\/\/showerglasshardware.com\/fr-fr\/wp-json\/wp\/v2\/product\/1163","targetHints":{"allow":["GET"]}}],"collection":[{"href":"https:\/\/showerglasshardware.com\/fr-fr\/wp-json\/wp\/v2\/product"}],"about":[{"href":"https:\/\/showerglasshardware.com\/fr-fr\/wp-json\/wp\/v2\/types\/product"}],"replies":[{"embeddable":true,"href":"https:\/\/showerglasshardware.com\/fr-fr\/wp-json\/wp\/v2\/comments?post=1163"}],"version-history":[{"count":4,"href":"https:\/\/showerglasshardware.com\/fr-fr\/wp-json\/wp\/v2\/product\/1163\/revisions"}],"predecessor-version":[{"id":4762,"href":"https:\/\/showerglasshardware.com\/fr-fr\/wp-json\/wp\/v2\/product\/1163\/revisions\/4762"}],"wp:featuredmedia":[{"embeddable":true,"href":"https:\/\/showerglasshardware.com\/fr-fr\/wp-json\/wp\/v2\/media\/4746"}],"wp:attachment":[{"href":"https:\/\/showerglasshardware.com\/fr-fr\/wp-json\/wp\/v2\/media?parent=1163"}],"wp:term":[{"taxonomy":"product_brand","embeddable":true,"href":"https:\/\/showerglasshardware.com\/fr-fr\/wp-json\/wp\/v2\/product_brand?post=1163"},{"taxonomy":"product_cat","embeddable":true,"href":"https:\/\/showerglasshardware.com\/fr-fr\/wp-json\/wp\/v2\/product_cat?post=1163"},{"taxonomy":"product_tag","embeddable":true,"href":"https:\/\/showerglasshardware.com\/fr-fr\/wp-json\/wp\/v2\/product_tag?post=1163"}],"curies":[{"name":"wp","href":"https:\/\/api.w.org\/{rel}","templated":true}]}}