{"id":1176,"date":"2024-04-26T03:17:38","date_gmt":"2024-04-26T03:17:38","guid":{"rendered":"https:\/\/showerglasshardware.com\/?post_type=product&#038;p=1176"},"modified":"2025-09-25T13:22:01","modified_gmt":"2025-09-25T13:22:01","slug":"modern-brass-glass-shower-door-knobs-sgh-k14h","status":"publish","type":"product","link":"https:\/\/showerglasshardware.com\/fr-fr\/product\/modern-brass-glass-shower-door-knobs-sgh-k14h\/","title":{"rendered":"Bouton de porte de douche en verre et laiton moderne SGH-K14H"},"content":{"rendered":"<p data-start=\"540\" data-end=\"719\">Le bouton de porte de douche en laiton SGH-K14H allie un design minimaliste \u00e0 une construction solide, offrant \u00e0 la fois \u00e9l\u00e9gance et praticit\u00e9 pour les cabines de douche sans cadre.<\/p>\n<p data-start=\"721\" data-end=\"1080\">Fabriqu\u00e9 en laiton massif, ce bouton offre solidit\u00e9 et r\u00e9sistance \u00e0 la corrosion, garantissant des performances durables dans les salles de bains humides. Sa conception dos \u00e0 dos permet une utilisation pratique des deux c\u00f4t\u00e9s du verre, tandis que la taille compacte \u03a625 \u00d7 30mm offre une solution \u00e9l\u00e9gante et peu encombrante qui s'int\u00e8gre parfaitement dans les int\u00e9rieurs modernes.<\/p>\n<p data-start=\"1082\" data-end=\"1361\">Disponible en chrome poli, or poli et nickel bross\u00e9, le bouton SGH-K14H s'accorde sans effort avec d'autres accessoires de douche en laiton pour un style de salle de bains coordonn\u00e9. Adapt\u00e9 au verre de 6 \u00e0 12 mm d'\u00e9paisseur, ce pommeau est parfait pour les portes de douche sans cadre de petite taille ou minimalistes.<\/p>\n<p data-start=\"1363\" data-end=\"1382\"><strong data-start=\"1363\" data-end=\"1380\">Principales caract\u00e9ristiques:<\/strong><\/p>\n<ul data-start=\"1383\" data-end=\"1837\">\n<li data-start=\"1383\" data-end=\"1446\">\n<p data-start=\"1385\" data-end=\"1446\"><strong data-start=\"1385\" data-end=\"1394\">Taper:<\/strong> Bouton de porte de douche moderne en laiton, dos \u00e0 dos<\/p>\n<\/li>\n<li data-start=\"1447\" data-end=\"1511\">\n<p data-start=\"1449\" data-end=\"1511\"><strong data-start=\"1449\" data-end=\"1462\">Mat\u00e9riel:<\/strong> Laiton massif pour la durabilit\u00e9 et la r\u00e9sistance \u00e0 la rouille<\/p>\n<\/li>\n<li data-start=\"1512\" data-end=\"1546\">\n<p data-start=\"1514\" data-end=\"1546\"><strong data-start=\"1514\" data-end=\"1523\">Taille :<\/strong> \u03a625 \u00d7 30mm (compact)<\/p>\n<\/li>\n<li data-start=\"1547\" data-end=\"1599\">\n<p data-start=\"1549\" data-end=\"1599\"><strong data-start=\"1549\" data-end=\"1573\">Compatibilit\u00e9 du verre\u00a0:<\/strong> Convient au verre d'une \u00e9paisseur de 6 \u00e0 12 mm<\/p>\n<\/li>\n<li data-start=\"1600\" data-end=\"1670\">\n<p data-start=\"1602\" data-end=\"1670\"><strong data-start=\"1602\" data-end=\"1613\">Conception :<\/strong> Aspect moderne et minimaliste avec la configuration dos \u00e0 dos<\/p>\n<\/li>\n<li data-start=\"1671\" data-end=\"1741\">\n<p data-start=\"1673\" data-end=\"1741\"><strong data-start=\"1673\" data-end=\"1692\">Options de finition :<\/strong> Chrome poli, Or poli, Nickel bross\u00e9<\/p>\n<\/li>\n<li data-start=\"1742\" data-end=\"1837\">\n<p data-start=\"1744\" data-end=\"1837\"><strong data-start=\"1744\" data-end=\"1761\">Applications :<\/strong> Parois de douche sans cadre dans les maisons, les h\u00f4tels et les salles de bains modernes<\/p>\n<\/li>\n<\/ul>\n<p data-start=\"1839\" data-end=\"1860\"><strong data-start=\"1839\" data-end=\"1858\">Caract\u00e9ristiques:<\/strong><\/p>\n<ul data-start=\"1861\" data-end=\"2086\">\n<li data-start=\"1861\" data-end=\"1884\">\n<p data-start=\"1863\" data-end=\"1884\"><strong data-start=\"1863\" data-end=\"1873\">Mod\u00e8le :<\/strong> SGH-K14H<\/p>\n<\/li>\n<li data-start=\"1885\" data-end=\"1935\">\n<p data-start=\"1887\" data-end=\"1935\"><strong data-start=\"1887\" data-end=\"1896\">Taper:<\/strong> Bouton de porte de douche moderne dos \u00e0 dos<\/p>\n<\/li>\n<li data-start=\"1936\" data-end=\"1959\">\n<p data-start=\"1938\" data-end=\"1959\"><strong data-start=\"1938\" data-end=\"1951\">Mat\u00e9riel:<\/strong> Laiton<\/p>\n<\/li>\n<li data-start=\"1960\" data-end=\"1984\">\n<p data-start=\"1962\" data-end=\"1984\"><strong data-start=\"1962\" data-end=\"1971\">Taille :<\/strong> \u03a625 \u00d7 30 mm<\/p>\n<\/li>\n<li data-start=\"1985\" data-end=\"2021\">\n<p data-start=\"1987\" data-end=\"2021\"><strong data-start=\"1987\" data-end=\"2012\">S'adapte \u00e0 l'\u00e9paisseur du verre :<\/strong> 6-12mm<\/p>\n<\/li>\n<li data-start=\"2022\" data-end=\"2086\">\n<p data-start=\"2024\" data-end=\"2086\"><strong data-start=\"2024\" data-end=\"2037\">Finitions :<\/strong> Chrome poli, Or poli, Nickel bross\u00e9<\/p>\n<\/li>\n<\/ul>\n<h2 id=\"tablepress-2-name\" class=\"tablepress-table-name tablepress-table-name-id-2\">Boutons de porte de douche en laiton S\u00e9rie K14<\/h2>\n\n<table id=\"tablepress-2\" class=\"tablepress tablepress-id-2\" aria-labelledby=\"tablepress-2-name\">\n<thead>\n<tr class=\"row-1\">\n\t<th class=\"column-1\"><strong>Mod\u00e8le<\/strong><\/th><th class=\"column-2\"><strong>Image<\/strong><\/th><th class=\"column-3\"><strong>Taille (mm)<\/strong><\/th><th class=\"column-4\"><strong>Forme<\/strong><\/th><th class=\"column-5\"><strong>Mat\u00e9riel<\/strong><\/th><th class=\"column-6\"><strong>Structure<\/strong><\/th><th class=\"column-7\"><strong>\u00c9paisseur du verre<\/strong><\/th><th class=\"column-8\"><strong>Finitions<\/strong><\/th>\n<\/tr>\n<\/thead>\n<tbody class=\"row-striping row-hover\">\n<tr class=\"row-2\">\n\t<td class=\"column-1\"><a href=\"https:\/\/showerglasshardware.com\/fr-fr\/product\/brass-glass-shower-door-knob-sgh-k14j\/\">K14J<\/a><\/td><td class=\"column-2\"><a href=\"https:\/\/showerglasshardware.com\/wp-content\/uploads\/2024\/04\/Brass-Glass-Shower-Door-Knobs-K14J.png\"><img decoding=\"async\" src=\"https:\/\/showerglasshardware.com\/wp-content\/uploads\/2024\/04\/Brass-Glass-Shower-Door-Knobs-K14J-300x300.png\" alt=\"Boutons de porte de douche en laiton, dos \u00e0 dos, SGH-K14J. Taille \u03a627 \u00d7 30mm, convient au verre de 6 \u00e0 12mm. Disponible en chrome, or et nickel bross\u00e9.\" width=\"60\" height=\"60\" class=\"alignnone size-medium wp-image-4737\" title=\"\" srcset=\"https:\/\/showerglasshardware.com\/wp-content\/uploads\/2024\/04\/Brass-Glass-Shower-Door-Knobs-K14J-300x300.png 300w, https:\/\/showerglasshardware.com\/wp-content\/uploads\/2024\/04\/Brass-Glass-Shower-Door-Knobs-K14J-150x150.png 150w, https:\/\/showerglasshardware.com\/wp-content\/uploads\/2024\/04\/Brass-Glass-Shower-Door-Knobs-K14J-768x768.png 768w, https:\/\/showerglasshardware.com\/wp-content\/uploads\/2024\/04\/Brass-Glass-Shower-Door-Knobs-K14J-12x12.png 12w, https:\/\/showerglasshardware.com\/wp-content\/uploads\/2024\/04\/Brass-Glass-Shower-Door-Knobs-K14J-600x600.png 600w, https:\/\/showerglasshardware.com\/wp-content\/uploads\/2024\/04\/Brass-Glass-Shower-Door-Knobs-K14J-100x100.png 100w, https:\/\/showerglasshardware.com\/wp-content\/uploads\/2024\/04\/Brass-Glass-Shower-Door-Knobs-K14J.png 800w\" sizes=\"(max-width: 60px) 100vw, 60px\" \/><\/a><\/td><td class=\"column-3\">\u03a627 \u00d7 30<\/td><td class=\"column-4\">Rond<\/td><td class=\"column-5\">Laiton<\/td><td class=\"column-6\">Dos \u00e0 dos<\/td><td class=\"column-7\">6-12mm<\/td><td class=\"column-8\">Noir mat ou autre<\/td>\n<\/tr>\n<tr class=\"row-3\">\n\t<td class=\"column-1\"><a href=\"https:\/\/showerglasshardware.com\/fr-fr\/product\/modern-brass-glass-shower-door-knobs-sgh-k14k\/\">K14K<\/a><\/td><td class=\"column-2\"><a href=\"https:\/\/showerglasshardware.com\/wp-content\/uploads\/2024\/04\/Modern-Brass-Glass-Shower-Door-Knobs-SGH-K14K-800.png\"><img decoding=\"async\" src=\"https:\/\/showerglasshardware.com\/wp-content\/uploads\/2024\/04\/Modern-Brass-Glass-Shower-Door-Knobs-SGH-K14K-800-300x300.png\" alt=\"SGH-K14K boutons de porte de douche en laiton. Design dos \u00e0 dos, \u03a630 \u00d7 30mm, convient au verre de 6 \u00e0 12mm. Disponible en chrome, or et nickel bross\u00e9.\" width=\"60\" height=\"60\" class=\"alignnone size-medium wp-image-4740\" title=\"\" srcset=\"https:\/\/showerglasshardware.com\/wp-content\/uploads\/2024\/04\/Modern-Brass-Glass-Shower-Door-Knobs-SGH-K14K-800-300x300.png 300w, https:\/\/showerglasshardware.com\/wp-content\/uploads\/2024\/04\/Modern-Brass-Glass-Shower-Door-Knobs-SGH-K14K-800-150x150.png 150w, https:\/\/showerglasshardware.com\/wp-content\/uploads\/2024\/04\/Modern-Brass-Glass-Shower-Door-Knobs-SGH-K14K-800-768x768.png 768w, https:\/\/showerglasshardware.com\/wp-content\/uploads\/2024\/04\/Modern-Brass-Glass-Shower-Door-Knobs-SGH-K14K-800-12x12.png 12w, https:\/\/showerglasshardware.com\/wp-content\/uploads\/2024\/04\/Modern-Brass-Glass-Shower-Door-Knobs-SGH-K14K-800-600x600.png 600w, https:\/\/showerglasshardware.com\/wp-content\/uploads\/2024\/04\/Modern-Brass-Glass-Shower-Door-Knobs-SGH-K14K-800-100x100.png 100w, https:\/\/showerglasshardware.com\/wp-content\/uploads\/2024\/04\/Modern-Brass-Glass-Shower-Door-Knobs-SGH-K14K-800.png 800w\" sizes=\"(max-width: 60px) 100vw, 60px\" \/><\/a><\/td><td class=\"column-3\">\u03a630 \u00d7 30<\/td><td class=\"column-4\">Rond<\/td><td class=\"column-5\">Laiton<\/td><td class=\"column-6\">Dos \u00e0 dos<\/td><td class=\"column-7\">6-12mm<\/td><td class=\"column-8\">Noir mat ou autre<\/td>\n<\/tr>\n<tr class=\"row-4\">\n\t<td class=\"column-1\"><a href=\"https:\/\/showerglasshardware.com\/fr-fr\/product\/luxury-brass-glass-shower-door-knobs-sgh-k14m\/\">K14M<\/a><\/td><td class=\"column-2\"><a href=\"https:\/\/showerglasshardware.com\/wp-content\/uploads\/2024\/04\/Luxury-Brass-Glass-Shower-Door-Knobs-SGH-K14M-800.png\"><img decoding=\"async\" src=\"https:\/\/showerglasshardware.com\/wp-content\/uploads\/2024\/04\/Luxury-Brass-Glass-Shower-Door-Knobs-SGH-K14M-800-300x300.png\" alt=\"SGH-K14M boutons de porte de douche en laiton. Conception dos \u00e0 dos, \u03a630 \u00d7 40mm, convient au verre de 6 \u00e0 12mm. Disponible en chrome, or et nickel bross\u00e9.\" width=\"60\" height=\"60\" class=\"alignnone size-medium wp-image-4746\" title=\"\" srcset=\"https:\/\/showerglasshardware.com\/wp-content\/uploads\/2024\/04\/Luxury-Brass-Glass-Shower-Door-Knobs-SGH-K14M-800-300x300.png 300w, https:\/\/showerglasshardware.com\/wp-content\/uploads\/2024\/04\/Luxury-Brass-Glass-Shower-Door-Knobs-SGH-K14M-800-150x150.png 150w, https:\/\/showerglasshardware.com\/wp-content\/uploads\/2024\/04\/Luxury-Brass-Glass-Shower-Door-Knobs-SGH-K14M-800-768x768.png 768w, https:\/\/showerglasshardware.com\/wp-content\/uploads\/2024\/04\/Luxury-Brass-Glass-Shower-Door-Knobs-SGH-K14M-800-12x12.png 12w, https:\/\/showerglasshardware.com\/wp-content\/uploads\/2024\/04\/Luxury-Brass-Glass-Shower-Door-Knobs-SGH-K14M-800-600x600.png 600w, https:\/\/showerglasshardware.com\/wp-content\/uploads\/2024\/04\/Luxury-Brass-Glass-Shower-Door-Knobs-SGH-K14M-800-100x100.png 100w, https:\/\/showerglasshardware.com\/wp-content\/uploads\/2024\/04\/Luxury-Brass-Glass-Shower-Door-Knobs-SGH-K14M-800.png 800w\" sizes=\"(max-width: 60px) 100vw, 60px\" \/><\/a><\/td><td class=\"column-3\">\u03a630 \u00d7 40<\/td><td class=\"column-4\">Rond<\/td><td class=\"column-5\">Laiton<\/td><td class=\"column-6\">Dos \u00e0 dos<\/td><td class=\"column-7\">6-12mm<\/td><td class=\"column-8\">Noir mat ou autre<\/td>\n<\/tr>\n<tr class=\"row-5\">\n\t<td class=\"column-1\"><a href=\"https:\/\/showerglasshardware.com\/fr-fr\/product\/modern-brass-glass-shower-door-knobs-sgh-k14h\/\">K14H<\/a><\/td><td class=\"column-2\"><a href=\"https:\/\/showerglasshardware.com\/wp-content\/uploads\/2024\/04\/Modern-Brass-Glass-Shower-Door-Knob-K14H-800.png\"><img loading=\"lazy\" decoding=\"async\" src=\"https:\/\/showerglasshardware.com\/wp-content\/uploads\/2024\/04\/Modern-Brass-Glass-Shower-Door-Knob-K14H-800-300x300.png\" alt=\"\" width=\"60\" height=\"60\" class=\"alignnone size-medium wp-image-4749\" title=\"\" srcset=\"https:\/\/showerglasshardware.com\/wp-content\/uploads\/2024\/04\/Modern-Brass-Glass-Shower-Door-Knob-K14H-800-300x300.png 300w, https:\/\/showerglasshardware.com\/wp-content\/uploads\/2024\/04\/Modern-Brass-Glass-Shower-Door-Knob-K14H-800-150x150.png 150w, https:\/\/showerglasshardware.com\/wp-content\/uploads\/2024\/04\/Modern-Brass-Glass-Shower-Door-Knob-K14H-800-768x768.png 768w, https:\/\/showerglasshardware.com\/wp-content\/uploads\/2024\/04\/Modern-Brass-Glass-Shower-Door-Knob-K14H-800-12x12.png 12w, https:\/\/showerglasshardware.com\/wp-content\/uploads\/2024\/04\/Modern-Brass-Glass-Shower-Door-Knob-K14H-800-600x600.png 600w, https:\/\/showerglasshardware.com\/wp-content\/uploads\/2024\/04\/Modern-Brass-Glass-Shower-Door-Knob-K14H-800-100x100.png 100w, https:\/\/showerglasshardware.com\/wp-content\/uploads\/2024\/04\/Modern-Brass-Glass-Shower-Door-Knob-K14H-800.png 800w\" sizes=\"(max-width: 60px) 100vw, 60px\" \/><\/a><\/td><td class=\"column-3\">\u03a625 \u00d7 30<\/td><td class=\"column-4\">Rond<\/td><td class=\"column-5\">Laiton<\/td><td class=\"column-6\">Dos \u00e0 dos<\/td><td class=\"column-7\">6-12mm<\/td><td class=\"column-8\">Noir mat ou autre<\/td>\n<\/tr>\n<\/tbody>\n<\/table>\n<!-- #tablepress-2 from cache -->","protected":false},"excerpt":{"rendered":"<ul>\n<li>SGH-K14H<\/li>\n<li>\u03a625 \u00d7 30 mm<\/li>\n<li>Mat\u00e9riau en laiton<\/li>\n<li>Dos \u00e0 dos<\/li>\n<li>\u00c9paisseur du verre : 6-12 mm ;<\/li>\n<li>Fini : Chrome poli ; Or poli\u00a0; Nickel bross\u00e9<\/li>\n<\/ul>\n<p><!-- notionvc: 9788d432-087f-4fa0-88dc-86333bad9bb6 --><\/p>","protected":false},"featured_media":4749,"comment_status":"open","ping_status":"closed","template":"","meta":{"_acf_changed":false},"product_brand":[],"product_cat":[26,111],"product_tag":[],"class_list":{"0":"post-1176","1":"product","2":"type-product","3":"status-publish","4":"has-post-thumbnail","6":"product_cat-shower-door-knobs","7":"product_cat-back-to-back-knobs","8":"pa_finish-brushed-nickel","9":"pa_finish-chrome","10":"pa_finish-gold","11":"pa_finish-gun-metal","12":"pa_finish-black","13":"pa_glass-thickness-1-2-inch-12mm","14":"pa_glass-thickness-1-4-inch-6mm","15":"pa_glass-thickness-3-8-inch-10mm","16":"pa_glass-thickness-5-16-inch-8mm","17":"pa_material-brass","19":"first","20":"instock","21":"purchasable","22":"product-type-variable"},"acf":[],"_links":{"self":[{"href":"https:\/\/showerglasshardware.com\/fr-fr\/wp-json\/wp\/v2\/product\/1176","targetHints":{"allow":["GET"]}}],"collection":[{"href":"https:\/\/showerglasshardware.com\/fr-fr\/wp-json\/wp\/v2\/product"}],"about":[{"href":"https:\/\/showerglasshardware.com\/fr-fr\/wp-json\/wp\/v2\/types\/product"}],"replies":[{"embeddable":true,"href":"https:\/\/showerglasshardware.com\/fr-fr\/wp-json\/wp\/v2\/comments?post=1176"}],"version-history":[{"count":3,"href":"https:\/\/showerglasshardware.com\/fr-fr\/wp-json\/wp\/v2\/product\/1176\/revisions"}],"predecessor-version":[{"id":4765,"href":"https:\/\/showerglasshardware.com\/fr-fr\/wp-json\/wp\/v2\/product\/1176\/revisions\/4765"}],"wp:featuredmedia":[{"embeddable":true,"href":"https:\/\/showerglasshardware.com\/fr-fr\/wp-json\/wp\/v2\/media\/4749"}],"wp:attachment":[{"href":"https:\/\/showerglasshardware.com\/fr-fr\/wp-json\/wp\/v2\/media?parent=1176"}],"wp:term":[{"taxonomy":"product_brand","embeddable":true,"href":"https:\/\/showerglasshardware.com\/fr-fr\/wp-json\/wp\/v2\/product_brand?post=1176"},{"taxonomy":"product_cat","embeddable":true,"href":"https:\/\/showerglasshardware.com\/fr-fr\/wp-json\/wp\/v2\/product_cat?post=1176"},{"taxonomy":"product_tag","embeddable":true,"href":"https:\/\/showerglasshardware.com\/fr-fr\/wp-json\/wp\/v2\/product_tag?post=1176"}],"curies":[{"name":"wp","href":"https:\/\/api.w.org\/{rel}","templated":true}]}}