{"id":1189,"date":"2024-04-26T03:27:47","date_gmt":"2024-04-26T03:27:47","guid":{"rendered":"https:\/\/showerglasshardware.com\/?post_type=product&#038;p=1189"},"modified":"2025-09-25T12:16:04","modified_gmt":"2025-09-25T12:16:04","slug":"square-brass-glass-shower-door-knob-sgh-k15b","status":"publish","type":"product","link":"https:\/\/showerglasshardware.com\/fr-fr\/product\/square-brass-glass-shower-door-knob-sgh-k15b\/","title":{"rendered":"Bouton de porte de douche en verre carr\u00e9 en laiton SGH-K15B"},"content":{"rendered":"<p data-start=\"523\" data-end=\"651\">Le bouton carr\u00e9 de porte de douche en laiton SGH-K15B offre un style moderne et g\u00e9om\u00e9trique tout en \u00e9tant durable et confortable.<\/p>\n<p data-start=\"653\" data-end=\"956\">Fabriqu\u00e9 en laiton massif, ce bouton garantit une solidit\u00e9 durable et une r\u00e9sistance \u00e0 la corrosion dans les salles de bains humides. Son design carr\u00e9 ajoute une touche contemporaine aux cabines de douche sans cadre, tandis que la configuration dos \u00e0 dos permet une utilisation facile des deux c\u00f4t\u00e9s de la porte en verre.<\/p>\n<p data-start=\"958\" data-end=\"1288\">D'une taille de 22 \u00d7 35 mm, ce bouton est compact mais fonctionnel, offrant une prise s\u00fbre sans compromettre l'aspect minimaliste des portes de douche en verre. Adapt\u00e9 au verre d'une \u00e9paisseur de 6 \u00e0 12 mm, le SGH-K15B est disponible dans une vari\u00e9t\u00e9 de finitions pour s'adapter au d\u00e9cor de votre salle de bains, notamment le chrome poli, l'or poli et le nickel bross\u00e9.<\/p>\n<p data-start=\"1290\" data-end=\"1309\"><strong data-start=\"1290\" data-end=\"1307\">Principales caract\u00e9ristiques:<\/strong><\/p>\n<ul data-start=\"1310\" data-end=\"1744\">\n<li data-start=\"1310\" data-end=\"1374\">\n<p data-start=\"1312\" data-end=\"1374\"><strong data-start=\"1312\" data-end=\"1321\">Taper:<\/strong> Poign\u00e9e de porte de douche carr\u00e9e en laiton, design dos \u00e0 dos<\/p>\n<\/li>\n<li data-start=\"1375\" data-end=\"1437\">\n<p data-start=\"1377\" data-end=\"1437\"><strong data-start=\"1377\" data-end=\"1390\">Mat\u00e9riel:<\/strong> Laiton massif pour la solidit\u00e9 et la r\u00e9sistance \u00e0 la rouille<\/p>\n<\/li>\n<li data-start=\"1438\" data-end=\"1461\">\n<p data-start=\"1440\" data-end=\"1461\"><strong data-start=\"1440\" data-end=\"1449\">Taille :<\/strong> 22 \u00d7 35 mm<\/p>\n<\/li>\n<li data-start=\"1462\" data-end=\"1514\">\n<p data-start=\"1464\" data-end=\"1514\"><strong data-start=\"1464\" data-end=\"1488\">Compatibilit\u00e9 du verre\u00a0:<\/strong> Convient au verre d'une \u00e9paisseur de 6 \u00e0 12 mm<\/p>\n<\/li>\n<li data-start=\"1515\" data-end=\"1581\">\n<p data-start=\"1517\" data-end=\"1581\"><strong data-start=\"1517\" data-end=\"1528\">Conception :<\/strong> Forme carr\u00e9e moderne au style \u00e9pur\u00e9 et minimaliste<\/p>\n<\/li>\n<li data-start=\"1582\" data-end=\"1652\">\n<p data-start=\"1584\" data-end=\"1652\"><strong data-start=\"1584\" data-end=\"1603\">Options de finition :<\/strong> Chrome poli, Or poli, Nickel bross\u00e9<\/p>\n<\/li>\n<li data-start=\"1653\" data-end=\"1744\">\n<p data-start=\"1655\" data-end=\"1744\"><strong data-start=\"1655\" data-end=\"1672\">Applications :<\/strong> Cabines de douche sans cadre dans les maisons, les h\u00f4tels et les projets commerciaux<\/p>\n<\/li>\n<\/ul>\n<p data-start=\"1746\" data-end=\"1767\"><strong data-start=\"1746\" data-end=\"1765\">Caract\u00e9ristiques:<\/strong><\/p>\n<ul data-start=\"1768\" data-end=\"1993\">\n<li data-start=\"1768\" data-end=\"1791\">\n<p data-start=\"1770\" data-end=\"1791\"><strong data-start=\"1770\" data-end=\"1780\">Mod\u00e8le :<\/strong> SGH-K15B<\/p>\n<\/li>\n<li data-start=\"1792\" data-end=\"1843\">\n<p data-start=\"1794\" data-end=\"1843\"><strong data-start=\"1794\" data-end=\"1803\">Taper:<\/strong> Bouton de porte de douche carr\u00e9, dos \u00e0 dos<\/p>\n<\/li>\n<li data-start=\"1844\" data-end=\"1867\">\n<p data-start=\"1846\" data-end=\"1867\"><strong data-start=\"1846\" data-end=\"1859\">Mat\u00e9riel:<\/strong> Laiton<\/p>\n<\/li>\n<li data-start=\"1868\" data-end=\"1891\">\n<p data-start=\"1870\" data-end=\"1891\"><strong data-start=\"1870\" data-end=\"1879\">Taille :<\/strong> 22 \u00d7 35 mm<\/p>\n<\/li>\n<li data-start=\"1892\" data-end=\"1928\">\n<p data-start=\"1894\" data-end=\"1928\"><strong data-start=\"1894\" data-end=\"1919\">S'adapte \u00e0 l'\u00e9paisseur du verre :<\/strong> 6-12mm<\/p>\n<\/li>\n<li data-start=\"1929\" data-end=\"1993\">\n<p data-start=\"1931\" data-end=\"1993\"><strong data-start=\"1931\" data-end=\"1944\">Finitions :<\/strong> Chrome poli, Or poli, Nickel bross\u00e9<\/p>\n<\/li>\n<\/ul>","protected":false},"excerpt":{"rendered":"<ul>\n<li>SGH-K15B<\/li>\n<li>22 \u00d7 35 mm<\/li>\n<li>Mat\u00e9riau en laiton<\/li>\n<li>Dos \u00e0 dos<\/li>\n<li>\u00c9paisseur du verre : 6-12 mm ;<\/li>\n<li>Fini : Chrome poli ; Or poli\u00a0; Nickel bross\u00e9<\/li>\n<\/ul>\n<p><!-- notionvc: 9788d432-087f-4fa0-88dc-86333bad9bb6 --><\/p>","protected":false},"featured_media":4756,"comment_status":"open","ping_status":"closed","template":"","meta":{"_acf_changed":false},"product_brand":[],"product_cat":[26,112],"product_tag":[],"class_list":{"0":"post-1189","1":"product","2":"type-product","3":"status-publish","4":"has-post-thumbnail","6":"product_cat-shower-door-knobs","7":"product_cat-single-sided-knobs","8":"pa_finish-brushed-nickel","9":"pa_finish-chrome","10":"pa_finish-gold","11":"pa_finish-gun-metal","12":"pa_finish-black","13":"pa_glass-thickness-1-2-inch-12mm","14":"pa_glass-thickness-1-4-inch-6mm","15":"pa_glass-thickness-3-8-inch-10mm","16":"pa_glass-thickness-5-16-inch-8mm","17":"pa_material-brass","19":"first","20":"instock","21":"sale","22":"purchasable","23":"product-type-variable"},"acf":[],"_links":{"self":[{"href":"https:\/\/showerglasshardware.com\/fr-fr\/wp-json\/wp\/v2\/product\/1189","targetHints":{"allow":["GET"]}}],"collection":[{"href":"https:\/\/showerglasshardware.com\/fr-fr\/wp-json\/wp\/v2\/product"}],"about":[{"href":"https:\/\/showerglasshardware.com\/fr-fr\/wp-json\/wp\/v2\/types\/product"}],"replies":[{"embeddable":true,"href":"https:\/\/showerglasshardware.com\/fr-fr\/wp-json\/wp\/v2\/comments?post=1189"}],"version-history":[{"count":3,"href":"https:\/\/showerglasshardware.com\/fr-fr\/wp-json\/wp\/v2\/product\/1189\/revisions"}],"predecessor-version":[{"id":4755,"href":"https:\/\/showerglasshardware.com\/fr-fr\/wp-json\/wp\/v2\/product\/1189\/revisions\/4755"}],"wp:featuredmedia":[{"embeddable":true,"href":"https:\/\/showerglasshardware.com\/fr-fr\/wp-json\/wp\/v2\/media\/4756"}],"wp:attachment":[{"href":"https:\/\/showerglasshardware.com\/fr-fr\/wp-json\/wp\/v2\/media?parent=1189"}],"wp:term":[{"taxonomy":"product_brand","embeddable":true,"href":"https:\/\/showerglasshardware.com\/fr-fr\/wp-json\/wp\/v2\/product_brand?post=1189"},{"taxonomy":"product_cat","embeddable":true,"href":"https:\/\/showerglasshardware.com\/fr-fr\/wp-json\/wp\/v2\/product_cat?post=1189"},{"taxonomy":"product_tag","embeddable":true,"href":"https:\/\/showerglasshardware.com\/fr-fr\/wp-json\/wp\/v2\/product_tag?post=1189"}],"curies":[{"name":"wp","href":"https:\/\/api.w.org\/{rel}","templated":true}]}}