{"id":1202,"date":"2024-04-26T03:38:34","date_gmt":"2024-04-26T03:38:34","guid":{"rendered":"https:\/\/showerglasshardware.com\/?post_type=product&#038;p=1202"},"modified":"2025-09-25T12:58:14","modified_gmt":"2025-09-25T12:58:14","slug":"round-brass-glass-shower-door-knob-sgh-k11k","status":"publish","type":"product","link":"https:\/\/showerglasshardware.com\/fr-fr\/product\/round-brass-glass-shower-door-knob-sgh-k11k\/","title":{"rendered":"Bouton de porte de douche en verre rond en laiton SGH-K11K"},"content":{"rendered":"<p data-start=\"514\" data-end=\"640\">Le bouton rond de porte de douche en laiton SGH-K11K est une option \u00e9l\u00e9gante et pratique pour les cabines de douche en verre sans cadre.<\/p>\n<p data-start=\"642\" data-end=\"953\">Fabriqu\u00e9 en laiton massif, ce bouton garantit une durabilit\u00e9, une r\u00e9sistance \u00e0 la corrosion et des performances durables dans les environnements humides des salles de bains. Son design rond et ergonomique offre une prise en main confortable, tandis que ses dimensions compactes \u03a630 \u00d7 22 \u00d7 \u03a619 mm lui permettent de s'adapter \u00e0 un large \u00e9ventail de tailles de portes de douche.<\/p>\n<p data-start=\"955\" data-end=\"1222\">Con\u00e7u pour un verre d'une \u00e9paisseur de 6 \u00e0 12 mm, le SGH-K11K offre une installation s\u00e9curis\u00e9e et un look \u00e9pur\u00e9 sans cadre. Disponible en chrome poli, or poli et nickel bross\u00e9, elle se coordonne parfaitement avec les autres accessoires de douche en laiton pour un style de salle de bains coh\u00e9rent.<\/p>\n<p data-start=\"1224\" data-end=\"1243\"><strong data-start=\"1224\" data-end=\"1241\">Principales caract\u00e9ristiques:<\/strong><\/p>\n<ul data-start=\"1244\" data-end=\"1667\">\n<li data-start=\"1244\" data-end=\"1292\">\n<p data-start=\"1246\" data-end=\"1292\"><strong data-start=\"1246\" data-end=\"1255\">Taper:<\/strong> Bouton de porte de douche en laiton rond<\/p>\n<\/li>\n<li data-start=\"1293\" data-end=\"1357\">\n<p data-start=\"1295\" data-end=\"1357\"><strong data-start=\"1295\" data-end=\"1308\">Mat\u00e9riel:<\/strong> Laiton massif pour la durabilit\u00e9 et la r\u00e9sistance \u00e0 la rouille<\/p>\n<\/li>\n<li data-start=\"1358\" data-end=\"1389\">\n<p data-start=\"1360\" data-end=\"1389\"><strong data-start=\"1360\" data-end=\"1369\">Taille :<\/strong> \u03a630 \u00d7 22 \u00d7 \u03a619 mm<\/p>\n<\/li>\n<li data-start=\"1390\" data-end=\"1442\">\n<p data-start=\"1392\" data-end=\"1442\"><strong data-start=\"1392\" data-end=\"1416\">Compatibilit\u00e9 du verre\u00a0:<\/strong> Convient au verre d'une \u00e9paisseur de 6 \u00e0 12 mm<\/p>\n<\/li>\n<li data-start=\"1443\" data-end=\"1507\">\n<p data-start=\"1445\" data-end=\"1507\"><strong data-start=\"1445\" data-end=\"1456\">Conception :<\/strong> Forme ronde confortable avec un look moderne et \u00e9pur\u00e9<\/p>\n<\/li>\n<li data-start=\"1508\" data-end=\"1578\">\n<p data-start=\"1510\" data-end=\"1578\"><strong data-start=\"1510\" data-end=\"1529\">Options de finition :<\/strong> Chrome poli, Or poli, Nickel bross\u00e9<\/p>\n<\/li>\n<li data-start=\"1579\" data-end=\"1667\">\n<p data-start=\"1581\" data-end=\"1667\"><strong data-start=\"1581\" data-end=\"1598\">Applications :<\/strong> Cabines de douche sans cadre pour les projets r\u00e9sidentiels, h\u00f4teliers ou de spa<\/p>\n<\/li>\n<\/ul>\n<p data-start=\"1669\" data-end=\"1690\"><strong data-start=\"1669\" data-end=\"1688\">Caract\u00e9ristiques:<\/strong><\/p>\n<ul data-start=\"1691\" data-end=\"1909\">\n<li data-start=\"1691\" data-end=\"1714\">\n<p data-start=\"1693\" data-end=\"1714\"><strong data-start=\"1693\" data-end=\"1703\">Mod\u00e8le :<\/strong> SGH-K11K<\/p>\n<\/li>\n<li data-start=\"1715\" data-end=\"1751\">\n<p data-start=\"1717\" data-end=\"1751\"><strong data-start=\"1717\" data-end=\"1726\">Taper:<\/strong> Bouton de porte de douche rond<\/p>\n<\/li>\n<li data-start=\"1752\" data-end=\"1775\">\n<p data-start=\"1754\" data-end=\"1775\"><strong data-start=\"1754\" data-end=\"1767\">Mat\u00e9riel:<\/strong> Laiton<\/p>\n<\/li>\n<li data-start=\"1776\" data-end=\"1807\">\n<p data-start=\"1778\" data-end=\"1807\"><strong data-start=\"1778\" data-end=\"1787\">Taille :<\/strong> \u03a630 \u00d7 22 \u00d7 \u03a619 mm<\/p>\n<\/li>\n<li data-start=\"1808\" data-end=\"1844\">\n<p data-start=\"1810\" data-end=\"1844\"><strong data-start=\"1810\" data-end=\"1835\">S'adapte \u00e0 l'\u00e9paisseur du verre :<\/strong> 6-12mm<\/p>\n<\/li>\n<li data-start=\"1845\" data-end=\"1909\">\n<p data-start=\"1847\" data-end=\"1909\"><strong data-start=\"1847\" data-end=\"1860\">Finitions :<\/strong> Chrome poli, Or poli, Nickel bross\u00e9<\/p>\n<\/li>\n<\/ul>\n<h2 id=\"tablepress-1-name\" class=\"tablepress-table-name tablepress-table-name-id-1\">Boutons de porte de douche en laiton S\u00e9rie K11<\/h2>\n\n<table id=\"tablepress-1\" class=\"tablepress tablepress-id-1\" aria-labelledby=\"tablepress-1-name\">\n<thead>\n<tr class=\"row-1\">\n\t<th class=\"column-1\"><strong>Mod\u00e8le<\/strong><\/th><th class=\"column-2\"><strong>Image<\/strong><\/th><th class=\"column-3\"><strong>Taille (mm)<\/strong><\/th><th class=\"column-4\"><strong>Forme<\/strong><\/th><th class=\"column-5\"><strong>Mat\u00e9riel<\/strong><\/th><th class=\"column-6\"><strong>Structure<\/strong><\/th><th class=\"column-7\"><strong>\u00c9paisseur du verre<\/strong><\/th><th class=\"column-8\"><strong>Finitions<\/strong><\/th>\n<\/tr>\n<\/thead>\n<tbody class=\"row-striping row-hover\">\n<tr class=\"row-2\">\n\t<td class=\"column-1\"><a href=\"https:\/\/showerglasshardware.com\/fr-fr\/product\/brass-glass-shower-door-knobs-sgh-k11b\/\">K11B<\/a><\/td><td class=\"column-2\"><a href=\"https:\/\/showerglasshardware.com\/wp-content\/uploads\/2024\/04\/Brass-Glass-Shower-Door-Knobs-SGH-K11B.png\"><img decoding=\"async\" src=\"https:\/\/showerglasshardware.com\/wp-content\/uploads\/2024\/04\/Brass-Glass-Shower-Door-Knobs-SGH-K11B-300x300.png\" alt=\"Boutons de porte de douche en laiton, dos \u00e0 dos, taille \u03a630 \u00d7 25mm. Convient au verre de 6 \u00e0 12 mm, disponible en chrome, or poli et nickel bross\u00e9.\" width=\"60\" height=\"60\" class=\"alignnone size-medium wp-image-4732\" title=\"\" srcset=\"https:\/\/showerglasshardware.com\/wp-content\/uploads\/2024\/04\/Brass-Glass-Shower-Door-Knobs-SGH-K11B-300x300.png 300w, https:\/\/showerglasshardware.com\/wp-content\/uploads\/2024\/04\/Brass-Glass-Shower-Door-Knobs-SGH-K11B-150x150.png 150w, https:\/\/showerglasshardware.com\/wp-content\/uploads\/2024\/04\/Brass-Glass-Shower-Door-Knobs-SGH-K11B-768x768.png 768w, https:\/\/showerglasshardware.com\/wp-content\/uploads\/2024\/04\/Brass-Glass-Shower-Door-Knobs-SGH-K11B-12x12.png 12w, https:\/\/showerglasshardware.com\/wp-content\/uploads\/2024\/04\/Brass-Glass-Shower-Door-Knobs-SGH-K11B-600x600.png 600w, https:\/\/showerglasshardware.com\/wp-content\/uploads\/2024\/04\/Brass-Glass-Shower-Door-Knobs-SGH-K11B-100x100.png 100w, https:\/\/showerglasshardware.com\/wp-content\/uploads\/2024\/04\/Brass-Glass-Shower-Door-Knobs-SGH-K11B.png 800w\" sizes=\"(max-width: 60px) 100vw, 60px\" \/><\/a><\/td><td class=\"column-3\">\u03a630 \u00d7 25<\/td><td class=\"column-4\">Rond<\/td><td class=\"column-5\">Laiton<\/td><td class=\"column-6\">Dos \u00e0 dos<\/td><td class=\"column-7\">6-12mm<\/td><td class=\"column-8\">Noir mat ou autre<\/td>\n<\/tr>\n<tr class=\"row-3\">\n\t<td class=\"column-1\"><a href=\"https:\/\/showerglasshardware.com\/fr-fr\/product\/brass-glass-shower-door-knob-sgh-k11f\/\">K11F<\/a><\/td><td class=\"column-2\"><a href=\"https:\/\/showerglasshardware.com\/wp-content\/uploads\/2024\/04\/Brass-Glass-Shower-Door-Knob-K11F.png\"><img decoding=\"async\" src=\"https:\/\/showerglasshardware.com\/wp-content\/uploads\/2024\/04\/Brass-Glass-Shower-Door-Knob-K11F-300x300.png\" alt=\"Grand bouton de porte de douche en laiton, dos \u00e0 dos, taille \u03a647 \u00d7 42mm. Convient au verre de 6 \u00e0 12 mm. Disponible en chrome, or poli et nickel bross\u00e9.\" width=\"60\" height=\"60\" class=\"alignnone size-medium wp-image-4734\" title=\"\" srcset=\"https:\/\/showerglasshardware.com\/wp-content\/uploads\/2024\/04\/Brass-Glass-Shower-Door-Knob-K11F-300x300.png 300w, https:\/\/showerglasshardware.com\/wp-content\/uploads\/2024\/04\/Brass-Glass-Shower-Door-Knob-K11F-150x150.png 150w, https:\/\/showerglasshardware.com\/wp-content\/uploads\/2024\/04\/Brass-Glass-Shower-Door-Knob-K11F-768x768.png 768w, https:\/\/showerglasshardware.com\/wp-content\/uploads\/2024\/04\/Brass-Glass-Shower-Door-Knob-K11F-12x12.png 12w, https:\/\/showerglasshardware.com\/wp-content\/uploads\/2024\/04\/Brass-Glass-Shower-Door-Knob-K11F-600x600.png 600w, https:\/\/showerglasshardware.com\/wp-content\/uploads\/2024\/04\/Brass-Glass-Shower-Door-Knob-K11F-100x100.png 100w, https:\/\/showerglasshardware.com\/wp-content\/uploads\/2024\/04\/Brass-Glass-Shower-Door-Knob-K11F.png 800w\" sizes=\"(max-width: 60px) 100vw, 60px\" \/><\/a><\/td><td class=\"column-3\">\u03a647 \u00d7 42<\/td><td class=\"column-4\">Rond<\/td><td class=\"column-5\">Laiton<\/td><td class=\"column-6\">Dos \u00e0 dos<\/td><td class=\"column-7\">6-12mm<\/td><td class=\"column-8\">Noir mat ou autre<\/td>\n<\/tr>\n<tr class=\"row-4\">\n\t<td class=\"column-1\"><a href=\"https:\/\/showerglasshardware.com\/fr-fr\/product\/retro-brass-glass-shower-door-knobs-sgh-k11c\/\">K11C<\/a><\/td><td class=\"column-2\"><a href=\"https:\/\/showerglasshardware.com\/wp-content\/uploads\/2024\/04\/Retro-Brass-Glass-Shower-Door-Knobs-SGH-K11C.png\"><img decoding=\"async\" src=\"https:\/\/showerglasshardware.com\/wp-content\/uploads\/2024\/04\/Retro-Brass-Glass-Shower-Door-Knobs-SGH-K11C-300x300.png\" alt=\"SGH-K11C boutons de porte de douche en laiton r\u00e9tro. Design dos \u00e0 dos, \u03a630 \u00d7 26mm, convient au verre de 6 \u00e0 12mm. Disponible en chrome, or et nickel bross\u00e9.\" width=\"60\" height=\"60\" class=\"alignnone size-medium wp-image-4743\" title=\"\" srcset=\"https:\/\/showerglasshardware.com\/wp-content\/uploads\/2024\/04\/Retro-Brass-Glass-Shower-Door-Knobs-SGH-K11C-300x300.png 300w, https:\/\/showerglasshardware.com\/wp-content\/uploads\/2024\/04\/Retro-Brass-Glass-Shower-Door-Knobs-SGH-K11C-150x150.png 150w, https:\/\/showerglasshardware.com\/wp-content\/uploads\/2024\/04\/Retro-Brass-Glass-Shower-Door-Knobs-SGH-K11C-768x768.png 768w, https:\/\/showerglasshardware.com\/wp-content\/uploads\/2024\/04\/Retro-Brass-Glass-Shower-Door-Knobs-SGH-K11C-12x12.png 12w, https:\/\/showerglasshardware.com\/wp-content\/uploads\/2024\/04\/Retro-Brass-Glass-Shower-Door-Knobs-SGH-K11C-600x600.png 600w, https:\/\/showerglasshardware.com\/wp-content\/uploads\/2024\/04\/Retro-Brass-Glass-Shower-Door-Knobs-SGH-K11C-100x100.png 100w, https:\/\/showerglasshardware.com\/wp-content\/uploads\/2024\/04\/Retro-Brass-Glass-Shower-Door-Knobs-SGH-K11C.png 1024w\" sizes=\"(max-width: 60px) 100vw, 60px\" \/><\/a><\/td><td class=\"column-3\">\u03a630 \u00d7 26<\/td><td class=\"column-4\">Rond<\/td><td class=\"column-5\">Laiton<\/td><td class=\"column-6\">Dos \u00e0 dos<\/td><td class=\"column-7\">6-12mm<\/td><td class=\"column-8\">Noir mat ou autre<\/td>\n<\/tr>\n<tr class=\"row-5\">\n\t<td class=\"column-1\"><a href=\"https:\/\/showerglasshardware.com\/fr-fr\/product\/round-brass-glass-shower-door-knob-sgh-k11k\/\">K11K<\/a><\/td><td class=\"column-2\"><a href=\"https:\/\/showerglasshardware.com\/wp-content\/uploads\/2024\/04\/Round-Brass-Glass-Shower-Door-Knob-SGH-K11K.png\"><img loading=\"lazy\" decoding=\"async\" src=\"https:\/\/showerglasshardware.com\/wp-content\/uploads\/2024\/04\/Round-Brass-Glass-Shower-Door-Knob-SGH-K11K-300x300.png\" alt=\"SGH-K11K bouton rond en laiton pour porte de douche en verre. Design compact, \u03a630 \u00d7 22 \u00d7 \u03a619 mm, convient au verre de 6 \u00e0 12 mm. Disponible en chrome, or et nickel bross\u00e9.\" width=\"60\" height=\"60\" class=\"alignnone size-medium wp-image-4752\" title=\"\" srcset=\"https:\/\/showerglasshardware.com\/wp-content\/uploads\/2024\/04\/Round-Brass-Glass-Shower-Door-Knob-SGH-K11K-300x300.png 300w, https:\/\/showerglasshardware.com\/wp-content\/uploads\/2024\/04\/Round-Brass-Glass-Shower-Door-Knob-SGH-K11K-150x150.png 150w, https:\/\/showerglasshardware.com\/wp-content\/uploads\/2024\/04\/Round-Brass-Glass-Shower-Door-Knob-SGH-K11K-768x768.png 768w, https:\/\/showerglasshardware.com\/wp-content\/uploads\/2024\/04\/Round-Brass-Glass-Shower-Door-Knob-SGH-K11K-12x12.png 12w, https:\/\/showerglasshardware.com\/wp-content\/uploads\/2024\/04\/Round-Brass-Glass-Shower-Door-Knob-SGH-K11K-600x600.png 600w, https:\/\/showerglasshardware.com\/wp-content\/uploads\/2024\/04\/Round-Brass-Glass-Shower-Door-Knob-SGH-K11K-100x100.png 100w, https:\/\/showerglasshardware.com\/wp-content\/uploads\/2024\/04\/Round-Brass-Glass-Shower-Door-Knob-SGH-K11K.png 1024w\" sizes=\"(max-width: 60px) 100vw, 60px\" \/><\/a><\/td><td class=\"column-3\">\u03a630 \u00d7 22<\/td><td class=\"column-4\">Rond<\/td><td class=\"column-5\">Laiton<\/td><td class=\"column-6\">Simple face<\/td><td class=\"column-7\">6-12mm<\/td><td class=\"column-8\">Noir mat ou autre<\/td>\n<\/tr>\n<\/tbody>\n<\/table>\n<!-- #tablepress-1 from cache -->","protected":false},"excerpt":{"rendered":"<ul>\n<li>SGH-K11K<\/li>\n<li>\u03a630 \u00d7 22 \u00d7 \u03a619 mm<\/li>\n<li>Mat\u00e9riau en laiton<\/li>\n<li>\u00c9paisseur du verre : 6-12 mm ;<\/li>\n<li>Fini : Chrome poli ; Or poli\u00a0; Nickel bross\u00e9<\/li>\n<\/ul>\n<p><!-- notionvc: 9788d432-087f-4fa0-88dc-86333bad9bb6 --><\/p>","protected":false},"featured_media":4752,"comment_status":"open","ping_status":"closed","template":"","meta":{"_acf_changed":false},"product_brand":[],"product_cat":[26,112],"product_tag":[],"class_list":{"0":"post-1202","1":"product","2":"type-product","3":"status-publish","4":"has-post-thumbnail","6":"product_cat-shower-door-knobs","7":"product_cat-single-sided-knobs","8":"pa_finish-brushed-nickel","9":"pa_finish-chrome","10":"pa_finish-gold","11":"pa_finish-gun-metal","12":"pa_finish-black","13":"pa_glass-thickness-1-2-inch-12mm","14":"pa_glass-thickness-1-4-inch-6mm","15":"pa_glass-thickness-3-8-inch-10mm","16":"pa_glass-thickness-5-16-inch-8mm","17":"pa_material-brass","19":"first","20":"instock","21":"sale","22":"purchasable","23":"product-type-variable"},"acf":[],"_links":{"self":[{"href":"https:\/\/showerglasshardware.com\/fr-fr\/wp-json\/wp\/v2\/product\/1202","targetHints":{"allow":["GET"]}}],"collection":[{"href":"https:\/\/showerglasshardware.com\/fr-fr\/wp-json\/wp\/v2\/product"}],"about":[{"href":"https:\/\/showerglasshardware.com\/fr-fr\/wp-json\/wp\/v2\/types\/product"}],"replies":[{"embeddable":true,"href":"https:\/\/showerglasshardware.com\/fr-fr\/wp-json\/wp\/v2\/comments?post=1202"}],"version-history":[{"count":4,"href":"https:\/\/showerglasshardware.com\/fr-fr\/wp-json\/wp\/v2\/product\/1202\/revisions"}],"predecessor-version":[{"id":4759,"href":"https:\/\/showerglasshardware.com\/fr-fr\/wp-json\/wp\/v2\/product\/1202\/revisions\/4759"}],"wp:featuredmedia":[{"embeddable":true,"href":"https:\/\/showerglasshardware.com\/fr-fr\/wp-json\/wp\/v2\/media\/4752"}],"wp:attachment":[{"href":"https:\/\/showerglasshardware.com\/fr-fr\/wp-json\/wp\/v2\/media?parent=1202"}],"wp:term":[{"taxonomy":"product_brand","embeddable":true,"href":"https:\/\/showerglasshardware.com\/fr-fr\/wp-json\/wp\/v2\/product_brand?post=1202"},{"taxonomy":"product_cat","embeddable":true,"href":"https:\/\/showerglasshardware.com\/fr-fr\/wp-json\/wp\/v2\/product_cat?post=1202"},{"taxonomy":"product_tag","embeddable":true,"href":"https:\/\/showerglasshardware.com\/fr-fr\/wp-json\/wp\/v2\/product_tag?post=1202"}],"curies":[{"name":"wp","href":"https:\/\/api.w.org\/{rel}","templated":true}]}}