{"id":1486,"date":"2024-05-09T02:56:10","date_gmt":"2024-05-09T02:56:10","guid":{"rendered":"https:\/\/showerglasshardware.com\/?post_type=product&#038;p=1486"},"modified":"2025-11-21T06:56:49","modified_gmt":"2025-11-21T06:56:49","slug":"shower-door-hinges-180-degree-glass-to-glass-sgh-a204","status":"publish","type":"product","link":"https:\/\/showerglasshardware.com\/fr-fr\/product\/shower-door-hinges-180-degree-glass-to-glass-sgh-a204\/","title":{"rendered":"Charni\u00e8res de porte de douche 180\u00b0 verre \u00e0 verre | Laiton | 180\u00b0 SGH-A204"},"content":{"rendered":"<p data-start=\"475\" data-end=\"644\">Les charni\u00e8res de porte de douche verre-verre \u00e0 180\u00b0 SGH-A204 sont con\u00e7ues pour les cabines de douche sans cadre haut de gamme, alliant durabilit\u00e9, pr\u00e9cision et apparence \u00e9l\u00e9gante.<\/p>\n<p data-start=\"646\" data-end=\"938\">Fabriqu\u00e9es en laiton massif, ces charni\u00e8res offrent une solidit\u00e9 et une r\u00e9sistance \u00e0 la corrosion sup\u00e9rieures. Elles sont compatibles avec un verre de 6 \u00e0 10 mm d'\u00e9paisseur et peuvent supporter jusqu'\u00e0 45 kg par deux charni\u00e8res. Le m\u00e9canisme de fermeture automatique \u00e0 environ 30\u00b0 am\u00e9liore le contr\u00f4le de l'eau et le confort de l'utilisateur.<\/p>\n<p data-start=\"940\" data-end=\"1222\">Un angle de charni\u00e8re r\u00e9glable permet une installation pr\u00e9cise, tandis que des caches \u00e0 billes \u00e0 ressort dissimulent les vis pour un aspect propre et moderne. Disponible en chrome poli, or poli, nickel bross\u00e9, m\u00e9tal arm\u00e9 et noir mat pour s'harmoniser avec les diff\u00e9rents designs de salle de bains.<\/p>\n<p data-start=\"1224\" data-end=\"1243\"><strong data-start=\"1224\" data-end=\"1241\">Principales caract\u00e9ristiques:<\/strong><\/p>\n<ul data-start=\"1244\" data-end=\"1721\">\n<li data-start=\"1244\" data-end=\"1313\">\n<p data-start=\"1246\" data-end=\"1313\"><strong data-start=\"1246\" data-end=\"1259\">Mat\u00e9riel:<\/strong> Laiton massif pour la durabilit\u00e9 et la r\u00e9sistance \u00e0 la corrosion<\/p>\n<\/li>\n<li data-start=\"1314\" data-end=\"1377\">\n<p data-start=\"1316\" data-end=\"1377\"><strong data-start=\"1316\" data-end=\"1327\">Conception :<\/strong> Charni\u00e8re verre-verre de 180\u00b0 avec angle r\u00e9glable<\/p>\n<\/li>\n<li data-start=\"1378\" data-end=\"1433\">\n<p data-start=\"1380\" data-end=\"1433\"><strong data-start=\"1380\" data-end=\"1397\">Fermeture automatique :<\/strong> Fermeture automatique \u00e0 environ 30\u00b0.<\/p>\n<\/li>\n<li data-start=\"1434\" data-end=\"1485\">\n<p data-start=\"1436\" data-end=\"1485\"><strong data-start=\"1436\" data-end=\"1454\">Capacit\u00e9 de charge :<\/strong> Supporte 45 kg par deux charni\u00e8res<\/p>\n<\/li>\n<li data-start=\"1486\" data-end=\"1538\">\n<p data-start=\"1488\" data-end=\"1538\"><strong data-start=\"1488\" data-end=\"1512\">Compatibilit\u00e9 du verre\u00a0:<\/strong> Convient au verre d'une \u00e9paisseur de 6 \u00e0 10 mm<\/p>\n<\/li>\n<li data-start=\"1539\" data-end=\"1633\">\n<p data-start=\"1541\" data-end=\"1633\"><strong data-start=\"1541\" data-end=\"1560\">Options de finition :<\/strong> Chrome poli, Or poli, Nickel bross\u00e9, M\u00e9tal Gun, Noir mat<\/p>\n<\/li>\n<li data-start=\"1634\" data-end=\"1721\">\n<p data-start=\"1636\" data-end=\"1721\"><strong data-start=\"1636\" data-end=\"1653\">Applications :<\/strong> Portes de douche en verre sans cadre dans les espaces r\u00e9sidentiels et commerciaux<\/p>\n<\/li>\n<\/ul>\n<p data-start=\"1723\" data-end=\"1744\"><strong data-start=\"1723\" data-end=\"1742\">Caract\u00e9ristiques:<\/strong><\/p>\n<ul data-start=\"1745\" data-end=\"2108\">\n<li data-start=\"1745\" data-end=\"1768\">\n<p data-start=\"1747\" data-end=\"1768\"><strong data-start=\"1747\" data-end=\"1757\">Mod\u00e8le :<\/strong> SGH-A204<\/p>\n<\/li>\n<li data-start=\"1769\" data-end=\"1820\">\n<p data-start=\"1771\" data-end=\"1820\"><strong data-start=\"1771\" data-end=\"1780\">Taper:<\/strong> Charni\u00e8re 180\u00b0 pour porte de douche verre-verre<\/p>\n<\/li>\n<li data-start=\"1821\" data-end=\"1844\">\n<p data-start=\"1823\" data-end=\"1844\"><strong data-start=\"1823\" data-end=\"1836\">Mat\u00e9riel:<\/strong> Laiton<\/p>\n<\/li>\n<li data-start=\"1845\" data-end=\"1881\">\n<p data-start=\"1847\" data-end=\"1881\"><strong data-start=\"1847\" data-end=\"1872\">S'adapte \u00e0 l'\u00e9paisseur du verre :<\/strong> 6-10mm<\/p>\n<\/li>\n<li data-start=\"1882\" data-end=\"1921\">\n<p data-start=\"1884\" data-end=\"1921\"><strong data-start=\"1884\" data-end=\"1907\">Angle de fermeture automatique :<\/strong> Environ 30\u00b0.<\/p>\n<\/li>\n<li data-start=\"1922\" data-end=\"1964\">\n<p data-start=\"1924\" data-end=\"1964\"><strong data-start=\"1924\" data-end=\"1942\">Capacit\u00e9 de charge :<\/strong> 45kg par deux charni\u00e8res<\/p>\n<\/li>\n<li data-start=\"1965\" data-end=\"2053\">\n<p data-start=\"1967\" data-end=\"2053\"><strong data-start=\"1967\" data-end=\"1980\">Finitions :<\/strong> Chrome poli, Or poli, Nickel bross\u00e9, M\u00e9tal Gun, Noir mat<\/p>\n<\/li>\n<li data-start=\"2054\" data-end=\"2108\">\n<p data-start=\"2056\" data-end=\"2108\"><strong data-start=\"2056\" data-end=\"2072\">Application:<\/strong> Parois de douche en verre sans cadre<\/p>\n<\/li>\n<\/ul>","protected":false},"excerpt":{"rendered":"<ul>\n<li>Mat\u00e9riel: Laiton<\/li>\n<li>\u00c9paisseur du verre : 6 \u00e0 10 mm<\/li>\n<li>Fermeture automatique \u00e0 environ 30\u00b0<\/li>\n<li>Max. poids de la porte en verre : 45 kg \/ 2 pi\u00e8ces<\/li>\n<li>Verre \u00e0 Verre 180\u00b0<\/li>\n<li>Angle de charni\u00e8re r\u00e9glable<\/li>\n<li>Capuchons de protection \u00e0 bille \u00e0 ressort<\/li>\n<li>Finition : Chrome poli ; Or poli\u00a0; Nickel bross\u00e9\u00a0; M\u00e9tal \u00e0 canon\u00a0; Noir mat<\/li>\n<\/ul>","protected":false},"featured_media":3040,"comment_status":"open","ping_status":"closed","template":"","meta":{"_acf_changed":false},"product_brand":[],"product_cat":[20,22],"product_tag":[171],"class_list":{"0":"post-1486","1":"product","2":"type-product","3":"status-publish","4":"has-post-thumbnail","6":"product_cat-shower-door-hinges","7":"product_cat-glass-to-glass-hinges","8":"product_tag-glass-to-glass-hinges","9":"pa_finish-brushed-nickel","10":"pa_finish-chrome","11":"pa_finish-gold","12":"pa_finish-gun-metal","13":"pa_finish-black","14":"pa_glass-thickness-6-10-mm","15":"pa_load-bearing-45kg-2pcs","16":"pa_material-brass","18":"first","19":"instock","20":"purchasable","21":"product-type-variable","22":"has-default-attributes"},"acf":[],"_links":{"self":[{"href":"https:\/\/showerglasshardware.com\/fr-fr\/wp-json\/wp\/v2\/product\/1486","targetHints":{"allow":["GET"]}}],"collection":[{"href":"https:\/\/showerglasshardware.com\/fr-fr\/wp-json\/wp\/v2\/product"}],"about":[{"href":"https:\/\/showerglasshardware.com\/fr-fr\/wp-json\/wp\/v2\/types\/product"}],"replies":[{"embeddable":true,"href":"https:\/\/showerglasshardware.com\/fr-fr\/wp-json\/wp\/v2\/comments?post=1486"}],"version-history":[{"count":3,"href":"https:\/\/showerglasshardware.com\/fr-fr\/wp-json\/wp\/v2\/product\/1486\/revisions"}],"predecessor-version":[{"id":4644,"href":"https:\/\/showerglasshardware.com\/fr-fr\/wp-json\/wp\/v2\/product\/1486\/revisions\/4644"}],"wp:featuredmedia":[{"embeddable":true,"href":"https:\/\/showerglasshardware.com\/fr-fr\/wp-json\/wp\/v2\/media\/3040"}],"wp:attachment":[{"href":"https:\/\/showerglasshardware.com\/fr-fr\/wp-json\/wp\/v2\/media?parent=1486"}],"wp:term":[{"taxonomy":"product_brand","embeddable":true,"href":"https:\/\/showerglasshardware.com\/fr-fr\/wp-json\/wp\/v2\/product_brand?post=1486"},{"taxonomy":"product_cat","embeddable":true,"href":"https:\/\/showerglasshardware.com\/fr-fr\/wp-json\/wp\/v2\/product_cat?post=1486"},{"taxonomy":"product_tag","embeddable":true,"href":"https:\/\/showerglasshardware.com\/fr-fr\/wp-json\/wp\/v2\/product_tag?post=1486"}],"curies":[{"name":"wp","href":"https:\/\/api.w.org\/{rel}","templated":true}]}}