{"id":1515,"date":"2024-05-10T09:25:15","date_gmt":"2024-05-10T09:25:15","guid":{"rendered":"https:\/\/showerglasshardware.com\/?post_type=product&#038;p=1515"},"modified":"2025-11-21T06:53:40","modified_gmt":"2025-11-21T06:53:40","slug":"brass-heavy-duty-glass-shower-door-hinges-offset-sgh-1501l","status":"publish","type":"product","link":"https:\/\/showerglasshardware.com\/fr-fr\/product\/brass-heavy-duty-glass-shower-door-hinges-offset-sgh-1501l\/","title":{"rendered":"Charni\u00e8res de porte de douche en verre en laiton pour montage mural SGH-1501L"},"content":{"rendered":"<p data-start=\"474\" data-end=\"662\">Les charni\u00e8res de porte de douche en verre \u00e0 montage mural SGH-1501L en laiton sont con\u00e7ues pour offrir une r\u00e9sistance exceptionnelle, des performances fiables et une finition de qualit\u00e9 sup\u00e9rieure dans les cabines de douche sans cadre.<\/p>\n<p data-start=\"664\" data-end=\"957\">Fabriqu\u00e9es en laiton massif pour une meilleure r\u00e9sistance \u00e0 la corrosion, ces charni\u00e8res murales \u00e0 90\u00b0 sont dot\u00e9es d'une plaque d\u00e9cal\u00e9e pour une installation flexible dans diverses conditions structurelles. Adapt\u00e9es au verre de 6 \u00e0 12 mm d'\u00e9paisseur, elles peuvent supporter un poids de porte maximal de 45 kg par deux charni\u00e8res.<\/p>\n<p data-start=\"959\" data-end=\"1239\">Le m\u00e9canisme de fermeture automatique \u00e0 environ 30\u00b0 assure une fermeture en douceur de la porte, contribuant \u00e0 maintenir l'\u00e9tanch\u00e9it\u00e9 tout en am\u00e9liorant la facilit\u00e9 d'utilisation. Ces charni\u00e8res sont id\u00e9ales pour les installations de douches r\u00e9sidentielles, h\u00f4teli\u00e8res et thermales o\u00f9 la durabilit\u00e9 et l'esth\u00e9tique sont tout aussi importantes.<\/p>\n<p data-start=\"1241\" data-end=\"1260\"><strong data-start=\"1241\" data-end=\"1258\">Principales caract\u00e9ristiques:<\/strong><\/p>\n<ul data-start=\"1261\" data-end=\"1745\">\n<li data-start=\"1261\" data-end=\"1332\">\n<p data-start=\"1263\" data-end=\"1332\"><strong data-start=\"1263\" data-end=\"1272\">Taper:<\/strong> Charni\u00e8res murales 90\u00b0 en laiton pour portes de douche avec plaque de d\u00e9calage<\/p>\n<\/li>\n<li data-start=\"1333\" data-end=\"1395\">\n<p data-start=\"1335\" data-end=\"1395\"><strong data-start=\"1335\" data-end=\"1348\">Mat\u00e9riel:<\/strong> Laiton massif pour la solidit\u00e9 et la r\u00e9sistance \u00e0 la rouille<\/p>\n<\/li>\n<li data-start=\"1396\" data-end=\"1448\">\n<p data-start=\"1398\" data-end=\"1448\"><strong data-start=\"1398\" data-end=\"1422\">Compatibilit\u00e9 du verre\u00a0:<\/strong> Convient au verre d'une \u00e9paisseur de 6 \u00e0 12 mm<\/p>\n<\/li>\n<li data-start=\"1449\" data-end=\"1506\">\n<p data-start=\"1451\" data-end=\"1506\"><strong data-start=\"1451\" data-end=\"1469\">Capacit\u00e9 de charge :<\/strong> Supporte jusqu'\u00e0 45 kg par deux charni\u00e8res<\/p>\n<\/li>\n<li data-start=\"1507\" data-end=\"1579\">\n<p data-start=\"1509\" data-end=\"1579\"><strong data-start=\"1509\" data-end=\"1526\">Fermeture automatique :<\/strong> Fermeture automatique \u00e0 ~30\u00b0 pour un meilleur contr\u00f4le de l'eau<\/p>\n<\/li>\n<li data-start=\"1580\" data-end=\"1649\">\n<p data-start=\"1582\" data-end=\"1649\"><strong data-start=\"1582\" data-end=\"1593\">Conception :<\/strong> Plaque d\u00e9cal\u00e9e pour des applications polyvalentes de montage mural<\/p>\n<\/li>\n<li data-start=\"1650\" data-end=\"1745\">\n<p data-start=\"1652\" data-end=\"1745\"><strong data-start=\"1652\" data-end=\"1669\">Applications :<\/strong> Parfait pour les portes de douche sans cadre dans les environnements r\u00e9sidentiels et commerciaux<\/p>\n<\/li>\n<\/ul>\n<p data-start=\"1747\" data-end=\"1768\"><strong data-start=\"1747\" data-end=\"1766\">Caract\u00e9ristiques:<\/strong><\/p>\n<ul data-start=\"1769\" data-end=\"2096\">\n<li data-start=\"1769\" data-end=\"1793\">\n<p data-start=\"1771\" data-end=\"1793\"><strong data-start=\"1771\" data-end=\"1781\">Mod\u00e8le :<\/strong> SGH-1501L<\/p>\n<\/li>\n<li data-start=\"1794\" data-end=\"1843\">\n<p data-start=\"1796\" data-end=\"1843\"><strong data-start=\"1796\" data-end=\"1805\">Taper:<\/strong> Charni\u00e8re pour montage mural, plaque d\u00e9cal\u00e9e, 90\u00b0.<\/p>\n<\/li>\n<li data-start=\"1844\" data-end=\"1867\">\n<p data-start=\"1846\" data-end=\"1867\"><strong data-start=\"1846\" data-end=\"1859\">Mat\u00e9riel:<\/strong> Laiton<\/p>\n<\/li>\n<li data-start=\"1868\" data-end=\"1904\">\n<p data-start=\"1870\" data-end=\"1904\"><strong data-start=\"1870\" data-end=\"1895\">S'adapte \u00e0 l'\u00e9paisseur du verre :<\/strong> 6-12mm<\/p>\n<\/li>\n<li data-start=\"1905\" data-end=\"1941\">\n<p data-start=\"1907\" data-end=\"1941\"><strong data-start=\"1907\" data-end=\"1927\">Poids maximal de la porte :<\/strong> 45kg \/ 2pcs<\/p>\n<\/li>\n<li data-start=\"1942\" data-end=\"1974\">\n<p data-start=\"1944\" data-end=\"1974\"><strong data-start=\"1944\" data-end=\"1967\">Angle de fermeture automatique :<\/strong> ~30\u00b0<\/p>\n<\/li>\n<li data-start=\"1975\" data-end=\"2001\">\n<p data-start=\"1977\" data-end=\"2001\"><strong data-start=\"1977\" data-end=\"1995\">Plage d'ouverture :<\/strong> 90\u00b0<\/p>\n<\/li>\n<li data-start=\"2002\" data-end=\"2096\">\n<p data-start=\"2004\" data-end=\"2096\"><strong data-start=\"2004\" data-end=\"2023\">Options de finition :<\/strong> Chrome poli, Or poli, Nickel bross\u00e9, M\u00e9tal Gun, Noir mat<\/p>\n<\/li>\n<\/ul>","protected":false},"excerpt":{"rendered":"<ul>\n<li>Mat\u00e9riel: Laiton<\/li>\n<li>\u00c9paisseur du verre : 6 \u00e0 12 mm<\/li>\n<li>Fermeture automatique \u00e0 environ 30\u00b0<\/li>\n<li>Max. poids de la porte en verre : 45 kg \/ 2 pi\u00e8ces<\/li>\n<li>Plaque d\u00e9cal\u00e9e verre au mur \u00e0 90\u00b0<\/li>\n<li>Finition : Chrome poli ; Or poli\u00a0; Nickel bross\u00e9\u00a0; M\u00e9tal \u00e0 canon\u00a0; Noir mat<\/li>\n<\/ul>","protected":false},"featured_media":3039,"comment_status":"open","ping_status":"closed","template":"","meta":{"_acf_changed":false},"product_brand":[],"product_cat":[20,170],"product_tag":[129],"class_list":{"0":"post-1515","1":"product","2":"type-product","3":"status-publish","4":"has-post-thumbnail","6":"product_cat-shower-door-hinges","7":"product_cat-offset-wall-to-glass-hinges","8":"product_tag-offset-wall-mount-hinges","9":"pa_finish-brushed-nickel","10":"pa_finish-chrome","11":"pa_finish-gold","12":"pa_finish-gun-metal","13":"pa_finish-black","14":"pa_glass-thickness-6-12mm","15":"pa_load-bearing-45kg-2pcs","16":"pa_material-brass","18":"first","19":"instock","20":"purchasable","21":"product-type-variable"},"acf":[],"_links":{"self":[{"href":"https:\/\/showerglasshardware.com\/fr-fr\/wp-json\/wp\/v2\/product\/1515","targetHints":{"allow":["GET"]}}],"collection":[{"href":"https:\/\/showerglasshardware.com\/fr-fr\/wp-json\/wp\/v2\/product"}],"about":[{"href":"https:\/\/showerglasshardware.com\/fr-fr\/wp-json\/wp\/v2\/types\/product"}],"replies":[{"embeddable":true,"href":"https:\/\/showerglasshardware.com\/fr-fr\/wp-json\/wp\/v2\/comments?post=1515"}],"version-history":[{"count":3,"href":"https:\/\/showerglasshardware.com\/fr-fr\/wp-json\/wp\/v2\/product\/1515\/revisions"}],"predecessor-version":[{"id":3742,"href":"https:\/\/showerglasshardware.com\/fr-fr\/wp-json\/wp\/v2\/product\/1515\/revisions\/3742"}],"wp:featuredmedia":[{"embeddable":true,"href":"https:\/\/showerglasshardware.com\/fr-fr\/wp-json\/wp\/v2\/media\/3039"}],"wp:attachment":[{"href":"https:\/\/showerglasshardware.com\/fr-fr\/wp-json\/wp\/v2\/media?parent=1515"}],"wp:term":[{"taxonomy":"product_brand","embeddable":true,"href":"https:\/\/showerglasshardware.com\/fr-fr\/wp-json\/wp\/v2\/product_brand?post=1515"},{"taxonomy":"product_cat","embeddable":true,"href":"https:\/\/showerglasshardware.com\/fr-fr\/wp-json\/wp\/v2\/product_cat?post=1515"},{"taxonomy":"product_tag","embeddable":true,"href":"https:\/\/showerglasshardware.com\/fr-fr\/wp-json\/wp\/v2\/product_tag?post=1515"}],"curies":[{"name":"wp","href":"https:\/\/api.w.org\/{rel}","templated":true}]}}