{"id":1526,"date":"2024-05-14T05:51:45","date_gmt":"2024-05-14T05:51:45","guid":{"rendered":"https:\/\/showerglasshardware.com\/?post_type=product&#038;p=1526"},"modified":"2025-11-21T06:50:03","modified_gmt":"2025-11-21T06:50:03","slug":"brass-heavy-duty-glass-shower-door-hinges-90-degree-sgh-1502","status":"publish","type":"product","link":"https:\/\/showerglasshardware.com\/fr-fr\/product\/brass-heavy-duty-glass-shower-door-hinges-90-degree-sgh-1502\/","title":{"rendered":"Charni\u00e8res de porte de douche en verre robustes en laiton, 90 degr\u00e9s SGH-1502"},"content":{"rendered":"<p data-start=\"437\" data-end=\"598\">Les charni\u00e8res de porte de douche en verre SGH-1502 Brass Heavy Duty sont con\u00e7ues pour assurer la solidit\u00e9, des performances en douceur et une apparence de qualit\u00e9 dans les cabines de douche sans cadre.<\/p>\n<p data-start=\"600\" data-end=\"791\">Fabriqu\u00e9es en laiton massif pour une excellente r\u00e9sistance \u00e0 la corrosion, ces charni\u00e8res verre-verre \u00e0 90\u00b0 s'adaptent au verre d'une \u00e9paisseur de 6 \u00e0 12 mm et peuvent supporter un poids de porte maximal de 45 kg par deux charni\u00e8res.<\/p>\n<p data-start=\"793\" data-end=\"1089\">Le m\u00e9canisme de fermeture automatique \u00e0 environ 30\u00b0, con\u00e7u avec pr\u00e9cision, garantit que la porte se ferme en douceur et en toute s\u00e9curit\u00e9, ce qui permet d'\u00e9viter les fuites d'eau. La conception \u00e0 90\u00b0 est id\u00e9ale pour cr\u00e9er des connexions \u00e0 angle droit entre les panneaux de verre fixes et les portes battantes, offrant \u00e0 la fois stabilit\u00e9 et style.<\/p>\n<p data-start=\"1091\" data-end=\"1110\"><strong data-start=\"1091\" data-end=\"1108\">Principales caract\u00e9ristiques:<\/strong><\/p>\n<ul data-start=\"1111\" data-end=\"1519\">\n<li data-start=\"1111\" data-end=\"1173\">\n<p data-start=\"1113\" data-end=\"1173\"><strong data-start=\"1113\" data-end=\"1122\">Taper:<\/strong> Charni\u00e8res de porte de douche verre-verre \u00e0 90\u00b0 pour usage intensif<\/p>\n<\/li>\n<li data-start=\"1174\" data-end=\"1238\">\n<p data-start=\"1176\" data-end=\"1238\"><strong data-start=\"1176\" data-end=\"1189\">Mat\u00e9riel:<\/strong> Laiton massif pour la durabilit\u00e9 et la r\u00e9sistance \u00e0 la rouille<\/p>\n<\/li>\n<li data-start=\"1239\" data-end=\"1291\">\n<p data-start=\"1241\" data-end=\"1291\"><strong data-start=\"1241\" data-end=\"1265\">Compatibilit\u00e9 du verre\u00a0:<\/strong> Convient au verre d'une \u00e9paisseur de 6 \u00e0 12 mm<\/p>\n<\/li>\n<li data-start=\"1292\" data-end=\"1349\">\n<p data-start=\"1294\" data-end=\"1349\"><strong data-start=\"1294\" data-end=\"1312\">Capacit\u00e9 de charge :<\/strong> Supporte jusqu'\u00e0 45 kg par deux charni\u00e8res<\/p>\n<\/li>\n<li data-start=\"1350\" data-end=\"1422\">\n<p data-start=\"1352\" data-end=\"1422\"><strong data-start=\"1352\" data-end=\"1369\">Fermeture automatique :<\/strong> Fermeture automatique \u00e0 ~30\u00b0 pour un meilleur contr\u00f4le de l'eau<\/p>\n<\/li>\n<li data-start=\"1423\" data-end=\"1519\">\n<p data-start=\"1425\" data-end=\"1519\"><strong data-start=\"1425\" data-end=\"1442\">Applications :<\/strong> Parfait pour les portes de douche sans cadre dans les salles de bains r\u00e9sidentielles et commerciales<\/p>\n<\/li>\n<\/ul>\n<p data-start=\"1521\" data-end=\"1542\"><strong data-start=\"1521\" data-end=\"1540\">Caract\u00e9ristiques:<\/strong><\/p>\n<ul data-start=\"1543\" data-end=\"1859\">\n<li data-start=\"1543\" data-end=\"1566\">\n<p data-start=\"1545\" data-end=\"1566\"><strong data-start=\"1545\" data-end=\"1555\">Mod\u00e8le :<\/strong> SGH-1502<\/p>\n<\/li>\n<li data-start=\"1567\" data-end=\"1606\">\n<p data-start=\"1569\" data-end=\"1606\"><strong data-start=\"1569\" data-end=\"1578\">Taper:<\/strong> Charni\u00e8re verre-verre, 90<\/p>\n<\/li>\n<li data-start=\"1607\" data-end=\"1630\">\n<p data-start=\"1609\" data-end=\"1630\"><strong data-start=\"1609\" data-end=\"1622\">Mat\u00e9riel:<\/strong> Laiton<\/p>\n<\/li>\n<li data-start=\"1631\" data-end=\"1667\">\n<p data-start=\"1633\" data-end=\"1667\"><strong data-start=\"1633\" data-end=\"1658\">S'adapte \u00e0 l'\u00e9paisseur du verre :<\/strong> 6-12mm<\/p>\n<\/li>\n<li data-start=\"1668\" data-end=\"1704\">\n<p data-start=\"1670\" data-end=\"1704\"><strong data-start=\"1670\" data-end=\"1690\">Poids maximal de la porte :<\/strong> 45kg \/ 2pcs<\/p>\n<\/li>\n<li data-start=\"1705\" data-end=\"1737\">\n<p data-start=\"1707\" data-end=\"1737\"><strong data-start=\"1707\" data-end=\"1730\">Angle de fermeture automatique :<\/strong> ~30\u00b0<\/p>\n<\/li>\n<li data-start=\"1738\" data-end=\"1764\">\n<p data-start=\"1740\" data-end=\"1764\"><strong data-start=\"1740\" data-end=\"1758\">Plage d'ouverture :<\/strong> 90\u00b0<\/p>\n<\/li>\n<li data-start=\"1765\" data-end=\"1859\">\n<p data-start=\"1767\" data-end=\"1859\"><strong data-start=\"1767\" data-end=\"1786\">Options de finition :<\/strong> Chrome poli, Or poli, Nickel bross\u00e9, M\u00e9tal Gun, Noir mat<\/p>\n<\/li>\n<\/ul>","protected":false},"excerpt":{"rendered":"<ul>\n<li>Mat\u00e9riel: Laiton<\/li>\n<li>\u00c9paisseur du verre : 6 \u00e0 12 mm<\/li>\n<li>Fermeture automatique \u00e0 environ 30\u00b0<\/li>\n<li>Max. poids de la porte en verre : 45 kg \/ 2 pi\u00e8ces<\/li>\n<li>Charni\u00e8res de porte de douche verre \u00e0 verre 90\u00b0<\/li>\n<li>Finition : Chrome poli ; Or poli\u00a0; Nickel bross\u00e9\u00a0; M\u00e9tal \u00e0 canon\u00a0; Noir mat<\/li>\n<\/ul>","protected":false},"featured_media":3038,"comment_status":"open","ping_status":"closed","template":"","meta":{"_acf_changed":false},"product_brand":[],"product_cat":[20,22],"product_tag":[171],"class_list":{"0":"post-1526","1":"product","2":"type-product","3":"status-publish","4":"has-post-thumbnail","6":"product_cat-shower-door-hinges","7":"product_cat-glass-to-glass-hinges","8":"product_tag-glass-to-glass-hinges","9":"pa_finish-brushed-nickel","10":"pa_finish-chrome","11":"pa_finish-gold","12":"pa_finish-gun-metal","13":"pa_finish-black","14":"pa_glass-thickness-6-12mm","15":"pa_load-bearing-45kg-2pcs","16":"pa_material-brass","18":"first","19":"instock","20":"purchasable","21":"product-type-variable","22":"has-default-attributes"},"acf":[],"_links":{"self":[{"href":"https:\/\/showerglasshardware.com\/fr-fr\/wp-json\/wp\/v2\/product\/1526","targetHints":{"allow":["GET"]}}],"collection":[{"href":"https:\/\/showerglasshardware.com\/fr-fr\/wp-json\/wp\/v2\/product"}],"about":[{"href":"https:\/\/showerglasshardware.com\/fr-fr\/wp-json\/wp\/v2\/types\/product"}],"replies":[{"embeddable":true,"href":"https:\/\/showerglasshardware.com\/fr-fr\/wp-json\/wp\/v2\/comments?post=1526"}],"version-history":[{"count":3,"href":"https:\/\/showerglasshardware.com\/fr-fr\/wp-json\/wp\/v2\/product\/1526\/revisions"}],"predecessor-version":[{"id":4704,"href":"https:\/\/showerglasshardware.com\/fr-fr\/wp-json\/wp\/v2\/product\/1526\/revisions\/4704"}],"wp:featuredmedia":[{"embeddable":true,"href":"https:\/\/showerglasshardware.com\/fr-fr\/wp-json\/wp\/v2\/media\/3038"}],"wp:attachment":[{"href":"https:\/\/showerglasshardware.com\/fr-fr\/wp-json\/wp\/v2\/media?parent=1526"}],"wp:term":[{"taxonomy":"product_brand","embeddable":true,"href":"https:\/\/showerglasshardware.com\/fr-fr\/wp-json\/wp\/v2\/product_brand?post=1526"},{"taxonomy":"product_cat","embeddable":true,"href":"https:\/\/showerglasshardware.com\/fr-fr\/wp-json\/wp\/v2\/product_cat?post=1526"},{"taxonomy":"product_tag","embeddable":true,"href":"https:\/\/showerglasshardware.com\/fr-fr\/wp-json\/wp\/v2\/product_tag?post=1526"}],"curies":[{"name":"wp","href":"https:\/\/api.w.org\/{rel}","templated":true}]}}