{"id":1539,"date":"2024-05-14T06:15:24","date_gmt":"2024-05-14T06:15:24","guid":{"rendered":"https:\/\/showerglasshardware.com\/?post_type=product&#038;p=1539"},"modified":"2025-11-21T06:46:35","modified_gmt":"2025-11-21T06:46:35","slug":"brass-heavy-duty-glass-shower-door-hinges-180-degree-sgh-1504","status":"publish","type":"product","link":"https:\/\/showerglasshardware.com\/fr-fr\/product\/brass-heavy-duty-glass-shower-door-hinges-180-degree-sgh-1504\/","title":{"rendered":"Charni\u00e8res de porte de douche en verre robustes en laiton, 180 degr\u00e9s SGH-1504"},"content":{"rendered":"<p data-start=\"509\" data-end=\"677\">Les charni\u00e8res de porte de douche verre-verre SGH-1504 180\u00b0 en laiton sont con\u00e7ues pour assurer la solidit\u00e9, la durabilit\u00e9 et le bon fonctionnement des cabines de douche sans cadre.<\/p>\n<p data-start=\"679\" data-end=\"944\">Fabriqu\u00e9es en laiton massif, ces charni\u00e8res offrent une excellente r\u00e9sistance \u00e0 la corrosion et des performances durables. Con\u00e7ues pour des installations verre-verre \u00e0 180\u00b0, elles sont compatibles avec des panneaux de verre d'une \u00e9paisseur de 6 \u00e0 12 mm et peuvent supporter jusqu'\u00e0 45 kg par deux charni\u00e8res.<\/p>\n<p data-start=\"946\" data-end=\"1203\">Pour plus de commodit\u00e9 et un meilleur contr\u00f4le de l'eau, les charni\u00e8res sont dot\u00e9es d'un m\u00e9canisme de fermeture automatique \u00e0 environ 30\u00b0. Disponibles en chrome poli, or poli, nickel bross\u00e9, m\u00e9tal arm\u00e9 et noir mat, elles s'adaptent \u00e0 un large \u00e9ventail de styles de salles de bains.<\/p>\n<p data-start=\"1205\" data-end=\"1224\"><strong data-start=\"1205\" data-end=\"1222\">Principales caract\u00e9ristiques:<\/strong><\/p>\n<ul data-start=\"1225\" data-end=\"1701\">\n<li data-start=\"1225\" data-end=\"1300\">\n<p data-start=\"1227\" data-end=\"1300\"><strong data-start=\"1227\" data-end=\"1240\">Mat\u00e9riel:<\/strong> Laiton massif pour une solidit\u00e9 et une r\u00e9sistance \u00e0 la corrosion maximales<\/p>\n<\/li>\n<li data-start=\"1301\" data-end=\"1353\">\n<p data-start=\"1303\" data-end=\"1353\"><strong data-start=\"1303\" data-end=\"1314\">Conception :<\/strong> Charni\u00e8re robuste 180\u00b0 verre-verre<\/p>\n<\/li>\n<li data-start=\"1354\" data-end=\"1406\">\n<p data-start=\"1356\" data-end=\"1406\"><strong data-start=\"1356\" data-end=\"1380\">Compatibilit\u00e9 du verre\u00a0:<\/strong> Convient au verre d'une \u00e9paisseur de 6 \u00e0 12 mm<\/p>\n<\/li>\n<li data-start=\"1407\" data-end=\"1462\">\n<p data-start=\"1409\" data-end=\"1462\"><strong data-start=\"1409\" data-end=\"1426\">Fermeture automatique :<\/strong> Fermeture automatique \u00e0 environ 30\u00b0.<\/p>\n<\/li>\n<li data-start=\"1463\" data-end=\"1520\">\n<p data-start=\"1465\" data-end=\"1520\"><strong data-start=\"1465\" data-end=\"1483\">Capacit\u00e9 de charge :<\/strong> Supporte jusqu'\u00e0 45 kg par deux charni\u00e8res<\/p>\n<\/li>\n<li data-start=\"1521\" data-end=\"1615\">\n<p data-start=\"1523\" data-end=\"1615\"><strong data-start=\"1523\" data-end=\"1542\">Options de finition :<\/strong> Chrome poli, Or poli, Nickel bross\u00e9, M\u00e9tal Gun, Noir mat<\/p>\n<\/li>\n<li data-start=\"1616\" data-end=\"1701\">\n<p data-start=\"1618\" data-end=\"1701\"><strong data-start=\"1618\" data-end=\"1635\">Applications :<\/strong> Portes de douche en verre sans cadre pour usage r\u00e9sidentiel et commercial<\/p>\n<\/li>\n<\/ul>\n<p data-start=\"1703\" data-end=\"1724\"><strong data-start=\"1703\" data-end=\"1722\">Caract\u00e9ristiques:<\/strong><\/p>\n<ul data-start=\"1725\" data-end=\"2099\">\n<li data-start=\"1725\" data-end=\"1748\">\n<p data-start=\"1727\" data-end=\"1748\"><strong data-start=\"1727\" data-end=\"1737\">Mod\u00e8le :<\/strong> SGH-1504<\/p>\n<\/li>\n<li data-start=\"1749\" data-end=\"1811\">\n<p data-start=\"1751\" data-end=\"1811\"><strong data-start=\"1751\" data-end=\"1760\">Taper:<\/strong> Charni\u00e8re de porte de douche verre-verre 180\u00b0 tr\u00e8s r\u00e9sistante<\/p>\n<\/li>\n<li data-start=\"1812\" data-end=\"1835\">\n<p data-start=\"1814\" data-end=\"1835\"><strong data-start=\"1814\" data-end=\"1827\">Mat\u00e9riel:<\/strong> Laiton<\/p>\n<\/li>\n<li data-start=\"1836\" data-end=\"1872\">\n<p data-start=\"1838\" data-end=\"1872\"><strong data-start=\"1838\" data-end=\"1863\">S'adapte \u00e0 l'\u00e9paisseur du verre :<\/strong> 6-12mm<\/p>\n<\/li>\n<li data-start=\"1873\" data-end=\"1912\">\n<p data-start=\"1875\" data-end=\"1912\"><strong data-start=\"1875\" data-end=\"1898\">Angle de fermeture automatique :<\/strong> Environ 30\u00b0.<\/p>\n<\/li>\n<li data-start=\"1913\" data-end=\"1955\">\n<p data-start=\"1915\" data-end=\"1955\"><strong data-start=\"1915\" data-end=\"1933\">Capacit\u00e9 de charge :<\/strong> 45kg par deux charni\u00e8res<\/p>\n<\/li>\n<li data-start=\"1956\" data-end=\"2044\">\n<p data-start=\"1958\" data-end=\"2044\"><strong data-start=\"1958\" data-end=\"1971\">Finitions :<\/strong> Chrome poli, Or poli, Nickel bross\u00e9, M\u00e9tal Gun, Noir mat<\/p>\n<\/li>\n<li data-start=\"2045\" data-end=\"2099\">\n<p data-start=\"2047\" data-end=\"2099\"><strong data-start=\"2047\" data-end=\"2063\">Application:<\/strong> Parois de douche en verre sans cadre<\/p>\n<\/li>\n<\/ul>","protected":false},"excerpt":{"rendered":"<ul>\n<li>Mat\u00e9riel: Laiton<\/li>\n<li>\u00c9paisseur du verre : 6 \u00e0 12 mm<\/li>\n<li>Fermeture automatique \u00e0 environ 30\u00b0<\/li>\n<li>Max. poids de la porte en verre : 45 kg \/ 2 pi\u00e8ces<\/li>\n<li>Charni\u00e8res de porte de douche verre \u00e0 verre 180\u00b0<\/li>\n<li>Finition : Chrome poli ; Or poli\u00a0; Nickel bross\u00e9\u00a0; M\u00e9tal \u00e0 canon\u00a0; Noir mat<\/li>\n<\/ul>","protected":false},"featured_media":3037,"comment_status":"open","ping_status":"closed","template":"","meta":{"_acf_changed":false},"product_brand":[],"product_cat":[22,20],"product_tag":[171],"class_list":{"0":"post-1539","1":"product","2":"type-product","3":"status-publish","4":"has-post-thumbnail","6":"product_cat-glass-to-glass-hinges","7":"product_cat-shower-door-hinges","8":"product_tag-glass-to-glass-hinges","9":"pa_finish-brushed-nickel","10":"pa_finish-chrome","11":"pa_finish-gold","12":"pa_finish-gun-metal","13":"pa_finish-black","14":"pa_glass-thickness-6-12mm","15":"pa_load-bearing-45kg-2pcs","16":"pa_material-brass","18":"first","19":"instock","20":"purchasable","21":"product-type-variable","22":"has-default-attributes"},"acf":[],"_links":{"self":[{"href":"https:\/\/showerglasshardware.com\/fr-fr\/wp-json\/wp\/v2\/product\/1539","targetHints":{"allow":["GET"]}}],"collection":[{"href":"https:\/\/showerglasshardware.com\/fr-fr\/wp-json\/wp\/v2\/product"}],"about":[{"href":"https:\/\/showerglasshardware.com\/fr-fr\/wp-json\/wp\/v2\/types\/product"}],"replies":[{"embeddable":true,"href":"https:\/\/showerglasshardware.com\/fr-fr\/wp-json\/wp\/v2\/comments?post=1539"}],"version-history":[{"count":3,"href":"https:\/\/showerglasshardware.com\/fr-fr\/wp-json\/wp\/v2\/product\/1539\/revisions"}],"predecessor-version":[{"id":4596,"href":"https:\/\/showerglasshardware.com\/fr-fr\/wp-json\/wp\/v2\/product\/1539\/revisions\/4596"}],"wp:featuredmedia":[{"embeddable":true,"href":"https:\/\/showerglasshardware.com\/fr-fr\/wp-json\/wp\/v2\/media\/3037"}],"wp:attachment":[{"href":"https:\/\/showerglasshardware.com\/fr-fr\/wp-json\/wp\/v2\/media?parent=1539"}],"wp:term":[{"taxonomy":"product_brand","embeddable":true,"href":"https:\/\/showerglasshardware.com\/fr-fr\/wp-json\/wp\/v2\/product_brand?post=1539"},{"taxonomy":"product_cat","embeddable":true,"href":"https:\/\/showerglasshardware.com\/fr-fr\/wp-json\/wp\/v2\/product_cat?post=1539"},{"taxonomy":"product_tag","embeddable":true,"href":"https:\/\/showerglasshardware.com\/fr-fr\/wp-json\/wp\/v2\/product_tag?post=1539"}],"curies":[{"name":"wp","href":"https:\/\/api.w.org\/{rel}","templated":true}]}}