{"id":1580,"date":"2024-05-15T03:36:39","date_gmt":"2024-05-15T03:36:39","guid":{"rendered":"https:\/\/showerglasshardware.com\/?post_type=product&#038;p=1580"},"modified":"2025-08-14T08:14:37","modified_gmt":"2025-08-14T08:14:37","slug":"adjustable-shower-door-support-bar-square-tube-sgh-617a","status":"publish","type":"product","link":"https:\/\/showerglasshardware.com\/fr-fr\/product\/adjustable-shower-door-support-bar-square-tube-sgh-617a\/","title":{"rendered":"Barre de support de porte de douche r\u00e9glable | Tube carr\u00e9 | SGH-617A"},"content":{"rendered":"<p data-start=\"491\" data-end=\"652\">La barre de support de porte de douche carr\u00e9e ajustable SGH-617A est con\u00e7ue pour fournir un renforcement solide et \u00e9l\u00e9gant pour les portes et panneaux de douche en verre sans cadre.<\/p>\n<p data-start=\"654\" data-end=\"906\">Fabriqu\u00e9e en laiton massif et en acier inoxydable 304, cette barre de soutien garantit la durabilit\u00e9, la r\u00e9sistance \u00e0 la corrosion et l'aspect moderne d'un tube carr\u00e9. Elle est dot\u00e9e d'un raccord verre-mur r\u00e9glable \u00e0 90\u00b0, ce qui permet une grande souplesse d'installation.<\/p>\n<p data-start=\"908\" data-end=\"1112\">Adapt\u00e9e aux verres de 6-8 mm et 10-12 mm d'\u00e9paisseur, la longueur peut \u00eatre facilement r\u00e9gl\u00e9e de 600 mm \u00e0 1000 mm, ce qui permet de l'adapter \u00e0 diverses configurations de douche dans les salles de bains r\u00e9sidentielles et commerciales.<\/p>\n<p data-start=\"1114\" data-end=\"1133\"><strong data-start=\"1114\" data-end=\"1131\">Principales caract\u00e9ristiques:<\/strong><\/p>\n<ul data-start=\"1134\" data-end=\"1504\">\n<li data-start=\"1134\" data-end=\"1217\">\n<p data-start=\"1136\" data-end=\"1217\"><strong data-start=\"1136\" data-end=\"1149\">Mat\u00e9riel:<\/strong> Laiton + acier inoxydable 304 pour la solidit\u00e9 et la r\u00e9sistance \u00e0 la corrosion<\/p>\n<\/li>\n<li data-start=\"1218\" data-end=\"1302\">\n<p data-start=\"1220\" data-end=\"1302\"><strong data-start=\"1220\" data-end=\"1231\">Conception :<\/strong> Barre de support r\u00e9glable en tube carr\u00e9 avec connexion verre-mur \u00e0 90<\/p>\n<\/li>\n<li data-start=\"1303\" data-end=\"1366\">\n<p data-start=\"1305\" data-end=\"1366\"><strong data-start=\"1305\" data-end=\"1329\">Compatibilit\u00e9 du verre\u00a0:<\/strong> Convient aux verres d'une \u00e9paisseur de 6 \u00e0 8 mm et de 10 \u00e0 12 mm<\/p>\n<\/li>\n<li data-start=\"1367\" data-end=\"1430\">\n<p data-start=\"1369\" data-end=\"1430\"><strong data-start=\"1369\" data-end=\"1391\">Longueur r\u00e9glable :<\/strong> 600-1000mm pour une installation flexible<\/p>\n<\/li>\n<li data-start=\"1431\" data-end=\"1504\">\n<p data-start=\"1433\" data-end=\"1504\"><strong data-start=\"1433\" data-end=\"1450\">Applications :<\/strong> Renforcement des portes et panneaux de douche sans cadre<\/p>\n<\/li>\n<\/ul>\n<p data-start=\"1506\" data-end=\"1527\"><strong data-start=\"1506\" data-end=\"1525\">Caract\u00e9ristiques:<\/strong><\/p>\n<ul data-start=\"1528\" data-end=\"1850\">\n<li data-start=\"1528\" data-end=\"1551\">\n<p data-start=\"1530\" data-end=\"1551\"><strong data-start=\"1530\" data-end=\"1540\">Mod\u00e8le :<\/strong> SGH-617A<\/p>\n<\/li>\n<li data-start=\"1552\" data-end=\"1607\">\n<p data-start=\"1554\" data-end=\"1607\"><strong data-start=\"1554\" data-end=\"1563\">Taper:<\/strong> Barre de support de porte de douche carr\u00e9e r\u00e9glable<\/p>\n<\/li>\n<li data-start=\"1608\" data-end=\"1655\">\n<p data-start=\"1610\" data-end=\"1655\"><strong data-start=\"1610\" data-end=\"1623\">Mat\u00e9riel:<\/strong> Laiton et acier inoxydable 304<\/p>\n<\/li>\n<li data-start=\"1656\" data-end=\"1702\">\n<p data-start=\"1658\" data-end=\"1702\"><strong data-start=\"1658\" data-end=\"1682\">Compatibilit\u00e9 du verre\u00a0:<\/strong> 6-8mm et 10-12mm<\/p>\n<\/li>\n<li data-start=\"1703\" data-end=\"1740\">\n<p data-start=\"1705\" data-end=\"1740\"><strong data-start=\"1705\" data-end=\"1727\">R\u00e9glage de la longueur :<\/strong> 600-1000mm<\/p>\n<\/li>\n<li data-start=\"1741\" data-end=\"1795\">\n<p data-start=\"1743\" data-end=\"1795\"><strong data-start=\"1743\" data-end=\"1763\">Type de connexion :<\/strong> Verre contre mur, r\u00e9glable \u00e0 90<\/p>\n<\/li>\n<li data-start=\"1796\" data-end=\"1850\">\n<p data-start=\"1798\" data-end=\"1850\"><strong data-start=\"1798\" data-end=\"1814\">Application:<\/strong> Parois de douche en verre sans cadre<\/p>\n<\/li>\n<\/ul>\n<p><img fetchpriority=\"high\" decoding=\"async\" src=\"https:\/\/showerglasshardware.com\/wp-content\/uploads\/2024\/05\/SGH-617A-5.jpg\" sizes=\"(max-width: 830px) 100vw, 830px\" srcset=\"https:\/\/showerglasshardware.com\/wp-content\/uploads\/2024\/05\/SGH-617A-5.jpg 830w, https:\/\/showerglasshardware.com\/wp-content\/uploads\/2024\/05\/SGH-617A-5-300x155.jpg 300w, https:\/\/showerglasshardware.com\/wp-content\/uploads\/2024\/05\/SGH-617A-5-768x396.jpg 768w, https:\/\/showerglasshardware.com\/wp-content\/uploads\/2024\/05\/SGH-617A-5-18x9.jpg 18w, https:\/\/showerglasshardware.com\/wp-content\/uploads\/2024\/05\/SGH-617A-5-600x309.jpg 600w\" alt=\"\" width=\"830\" height=\"428\" title=\"\"><\/p>\n<p>&nbsp;<\/p>\n<p>Con\u00e7ue pour une configuration verre-mur r\u00e9glable \u00e0 90\u00b0, cette barre de support convient aux \u00e9paisseurs de verre allant de 6 mm \u00e0 8 mm ou de 10 mm \u00e0 12 mm, offrant une polyvalence d&#039;installation. La longueur r\u00e9glable de 600 mm \u00e0 1 000 mm assure un ajustement parfait \u00e0 votre cabine de douche.<\/p>\n<p>Pour r\u00e9pondre aux diff\u00e9rents besoins des clients, cette barre de support peut \u00eatre jumel\u00e9e \u00e0 diff\u00e9rents connecteurs muraux.<\/p>\n<p>&nbsp;<\/p>\n<p><img decoding=\"async\" src=\"https:\/\/showerglasshardware.com\/wp-content\/uploads\/2024\/05\/RC39.jpg\" sizes=\"(max-width: 271px) 100vw, 271px\" srcset=\"https:\/\/showerglasshardware.com\/wp-content\/uploads\/2024\/05\/RC39.jpg 271w, https:\/\/showerglasshardware.com\/wp-content\/uploads\/2024\/05\/RC39-18x12.jpg 18w\" alt=\"\" width=\"271\" height=\"181\" title=\"\"><\/p>\n<h4>RC39<\/h4>\n<p>Connecteur r\u00e9glable tube-mur<!-- notionvc: 551eb328-f611-40b6-bf25-57fbdb725110 --><\/p>\n<p>&nbsp;<\/p>\n<p><img decoding=\"async\" src=\"https:\/\/showerglasshardware.com\/wp-content\/uploads\/2024\/05\/RC44.jpg\" sizes=\"(max-width: 261px) 100vw, 261px\" srcset=\"https:\/\/showerglasshardware.com\/wp-content\/uploads\/2024\/05\/RC44.jpg 261w, https:\/\/showerglasshardware.com\/wp-content\/uploads\/2024\/05\/RC44-18x12.jpg 18w\" alt=\"\" width=\"261\" height=\"181\" title=\"\"><\/p>\n<h4>RC44<\/h4>\n<p>Connecteur tube \u00e0 mur 90\u00b0<br \/>\n<!-- notionvc: 551eb328-f611-40b6-bf25-57fbdb725110 --><\/p>\n<p>&nbsp;<\/p>\n<p><img loading=\"lazy\" decoding=\"async\" src=\"https:\/\/showerglasshardware.com\/wp-content\/uploads\/2024\/05\/RC49.jpg\" sizes=\"(max-width: 266px) 100vw, 266px\" srcset=\"https:\/\/showerglasshardware.com\/wp-content\/uploads\/2024\/05\/RC49.jpg 266w, https:\/\/showerglasshardware.com\/wp-content\/uploads\/2024\/05\/RC49-18x12.jpg 18w\" alt=\"\" width=\"266\" height=\"178\" title=\"\"><\/p>\n<h4>RC49<\/h4>\n<p>Connecteur tube \u00e0 mur 45\u00b0<br \/>\n<!-- notionvc: 551eb328-f611-40b6-bf25-57fbdb725110 --><\/p>\n<p>&nbsp;<\/p>\n<p>La barre de support de porte de douche r\u00e9glable SGH-617A am\u00e9liorera votre exp\u00e9rience de douche en fusionnant parfaitement praticit\u00e9, durabilit\u00e9 et attrait esth\u00e9tique.<\/p>","protected":false},"excerpt":{"rendered":"<ul>\n<li>Barre de support carr\u00e9e r\u00e9glable ;<\/li>\n<li>Verre au mur r\u00e9glable \u00e0 90\u00b0<\/li>\n<li>Longueur r\u00e9glable\u00a0;<\/li>\n<li>Mat\u00e9riau : Laiton et acier inoxydable 304<\/li>\n<li>Convient au verre de 6 \u00e0 8 mm\/10 \u00e0 12 mm<\/li>\n<li>Longueur r\u00e9glable 600 ~ 1000 mm<\/li>\n<\/ul>","protected":false},"featured_media":1581,"comment_status":"open","ping_status":"closed","template":"","meta":{"_acf_changed":false},"product_brand":[],"product_cat":[47],"product_tag":[134],"class_list":{"0":"post-1580","1":"product","2":"type-product","3":"status-publish","4":"has-post-thumbnail","6":"product_cat-support-arms-and-bars","7":"product_tag-support-arms-and-bars","8":"pa_finish-brushed-nickel","9":"pa_finish-chrome","10":"pa_finish-gold","11":"pa_finish-gun-metal","12":"pa_finish-black","13":"pa_glass-thickness-suitable-for-6-8mm-10-12mm-glass","14":"pa_material-brass-and-stainless-steel-304","16":"first","17":"instock","18":"product-type-simple"},"acf":[],"_links":{"self":[{"href":"https:\/\/showerglasshardware.com\/fr-fr\/wp-json\/wp\/v2\/product\/1580","targetHints":{"allow":["GET"]}}],"collection":[{"href":"https:\/\/showerglasshardware.com\/fr-fr\/wp-json\/wp\/v2\/product"}],"about":[{"href":"https:\/\/showerglasshardware.com\/fr-fr\/wp-json\/wp\/v2\/types\/product"}],"replies":[{"embeddable":true,"href":"https:\/\/showerglasshardware.com\/fr-fr\/wp-json\/wp\/v2\/comments?post=1580"}],"version-history":[{"count":5,"href":"https:\/\/showerglasshardware.com\/fr-fr\/wp-json\/wp\/v2\/product\/1580\/revisions"}],"predecessor-version":[{"id":4652,"href":"https:\/\/showerglasshardware.com\/fr-fr\/wp-json\/wp\/v2\/product\/1580\/revisions\/4652"}],"wp:featuredmedia":[{"embeddable":true,"href":"https:\/\/showerglasshardware.com\/fr-fr\/wp-json\/wp\/v2\/media\/1581"}],"wp:attachment":[{"href":"https:\/\/showerglasshardware.com\/fr-fr\/wp-json\/wp\/v2\/media?parent=1580"}],"wp:term":[{"taxonomy":"product_brand","embeddable":true,"href":"https:\/\/showerglasshardware.com\/fr-fr\/wp-json\/wp\/v2\/product_brand?post=1580"},{"taxonomy":"product_cat","embeddable":true,"href":"https:\/\/showerglasshardware.com\/fr-fr\/wp-json\/wp\/v2\/product_cat?post=1580"},{"taxonomy":"product_tag","embeddable":true,"href":"https:\/\/showerglasshardware.com\/fr-fr\/wp-json\/wp\/v2\/product_tag?post=1580"}],"curies":[{"name":"wp","href":"https:\/\/api.w.org\/{rel}","templated":true}]}}