{"id":1596,"date":"2024-05-15T06:07:19","date_gmt":"2024-05-15T06:07:19","guid":{"rendered":"https:\/\/showerglasshardware.com\/?post_type=product&#038;p=1596"},"modified":"2024-12-17T09:36:23","modified_gmt":"2024-12-17T09:36:23","slug":"glass-to-glass-adjustable-shower-door-support-bar-square-tube-sgh-617d","status":"publish","type":"product","link":"https:\/\/showerglasshardware.com\/fr-fr\/product\/glass-to-glass-adjustable-shower-door-support-bar-square-tube-sgh-617d\/","title":{"rendered":"Barre de support de porte de douche r\u00e9glable verre \u00e0 verre | Tube carr\u00e9 | SGH-617D"},"content":{"rendered":"<div data-elementor-type=\"product-post\" data-elementor-id=\"1596\" class=\"elementor elementor-1596\" data-elementor-post-type=\"product\">\n\t\t\t\t<div class=\"elementor-element elementor-element-647e729 e-flex e-con-boxed e-con e-parent\" data-id=\"647e729\" data-element_type=\"container\" data-e-type=\"container\">\n\t\t\t\t\t<div class=\"e-con-inner\">\n\t\t\t\t<div class=\"elementor-element elementor-element-38d5889 elementor-widget elementor-widget-text-editor\" data-id=\"38d5889\" data-element_type=\"widget\" data-e-type=\"widget\" data-widget_type=\"text-editor.default\">\n\t\t\t\t\t\t\t\t\t<p>La barre de support de porte de douche r\u00e9glable verre \u00e0 verre SGH-617D am\u00e9liorera votre cabine de douche. Cette barre de support, fabriqu\u00e9e en laiton robuste et en acier inoxydable 304, conf\u00e8re \u00e0 votre installation de porte de douche \u00e0 la fois r\u00e9sistance et style.<\/p>\t\t\t\t\t\t\t\t<\/div>\n\t\t\t\t\t<\/div>\n\t\t\t\t<\/div>\n\t\t<div class=\"elementor-element elementor-element-c560227 e-flex e-con-boxed e-con e-parent\" data-id=\"c560227\" data-element_type=\"container\" data-e-type=\"container\">\n\t\t\t\t\t<div class=\"e-con-inner\">\n\t\t\t\t<div class=\"elementor-element elementor-element-cadd8a6 elementor-widget elementor-widget-text-editor\" data-id=\"cadd8a6\" data-element_type=\"widget\" data-e-type=\"widget\" data-widget_type=\"text-editor.default\">\n\t\t\t\t\t\t\t\t\t<p>Cette barre de support offre une libert\u00e9 d&#039;installation puisqu&#039;elle est con\u00e7ue pour une configuration verre \u00e0 verre modifiable \u00e0 90\u00b0. Il convient aux \u00e9paisseurs de verre allant de 6 mm \u00e0 8 mm ou de 10 mm \u00e0 12 mm.<\/p>\t\t\t\t\t\t\t\t<\/div>\n\t\t\t\t<div class=\"elementor-element elementor-element-eabd46a elementor-widget elementor-widget-text-editor\" data-id=\"eabd46a\" data-element_type=\"widget\" data-e-type=\"widget\" data-widget_type=\"text-editor.default\">\n\t\t\t\t\t\t\t\t\t<p>La longueur de cette barre de support peut \u00eatre ajust\u00e9e selon vos besoins avec pr\u00e9cision, garantissant un ajustement parfait \u00e0 votre cabine de douche. Avec la barre de support de porte de douche r\u00e9glable verre \u00e0 verre SGH-617D, vous pouvez combiner sans effort durabilit\u00e9, utilit\u00e9 et attrait esth\u00e9tique pour am\u00e9liorer votre exp\u00e9rience de douche.<\/p>\t\t\t\t\t\t\t\t<\/div>\n\t\t\t\t\t<\/div>\n\t\t\t\t<\/div>\n\t\t\t\t<\/div>","protected":false},"excerpt":{"rendered":"<ul>\n<li>La longueur peut \u00eatre faite par le client<\/li>\n<li>Mat\u00e9riau : Laiton et acier inoxydable 304<\/li>\n<li>Type : barre de support de porte de douche.<\/li>\n<li>Style : verre \u00e0 verre r\u00e9glable \u00e0 90\u00b0.<\/li>\n<li>\u00c9paisseur du verre : convient pour du verre de 6 \u00e0 8 mm\/10 \u00e0 12 mm.<\/li>\n<\/ul>","protected":false},"featured_media":1581,"comment_status":"open","ping_status":"closed","template":"","meta":{"_acf_changed":false},"product_brand":[],"product_cat":[47],"product_tag":[134],"class_list":{"0":"post-1596","1":"product","2":"type-product","3":"status-publish","4":"has-post-thumbnail","6":"product_cat-support-arms-and-bars","7":"product_tag-support-arms-and-bars","8":"pa_finish-brushed-nickel","9":"pa_finish-chrome","10":"pa_finish-gold","11":"pa_finish-gun-metal","12":"pa_finish-black","13":"pa_glass-thickness-suitable-for-6-8mm-10-12mm-glass","14":"pa_material-brass-and-stainless-steel-304","16":"first","17":"instock","18":"product-type-simple"},"acf":[],"_links":{"self":[{"href":"https:\/\/showerglasshardware.com\/fr-fr\/wp-json\/wp\/v2\/product\/1596","targetHints":{"allow":["GET"]}}],"collection":[{"href":"https:\/\/showerglasshardware.com\/fr-fr\/wp-json\/wp\/v2\/product"}],"about":[{"href":"https:\/\/showerglasshardware.com\/fr-fr\/wp-json\/wp\/v2\/types\/product"}],"replies":[{"embeddable":true,"href":"https:\/\/showerglasshardware.com\/fr-fr\/wp-json\/wp\/v2\/comments?post=1596"}],"version-history":[{"count":1,"href":"https:\/\/showerglasshardware.com\/fr-fr\/wp-json\/wp\/v2\/product\/1596\/revisions"}],"predecessor-version":[{"id":4052,"href":"https:\/\/showerglasshardware.com\/fr-fr\/wp-json\/wp\/v2\/product\/1596\/revisions\/4052"}],"wp:featuredmedia":[{"embeddable":true,"href":"https:\/\/showerglasshardware.com\/fr-fr\/wp-json\/wp\/v2\/media\/1581"}],"wp:attachment":[{"href":"https:\/\/showerglasshardware.com\/fr-fr\/wp-json\/wp\/v2\/media?parent=1596"}],"wp:term":[{"taxonomy":"product_brand","embeddable":true,"href":"https:\/\/showerglasshardware.com\/fr-fr\/wp-json\/wp\/v2\/product_brand?post=1596"},{"taxonomy":"product_cat","embeddable":true,"href":"https:\/\/showerglasshardware.com\/fr-fr\/wp-json\/wp\/v2\/product_cat?post=1596"},{"taxonomy":"product_tag","embeddable":true,"href":"https:\/\/showerglasshardware.com\/fr-fr\/wp-json\/wp\/v2\/product_tag?post=1596"}],"curies":[{"name":"wp","href":"https:\/\/api.w.org\/{rel}","templated":true}]}}