{"id":1604,"date":"2024-05-15T06:59:06","date_gmt":"2024-05-15T06:59:06","guid":{"rendered":"https:\/\/showerglasshardware.com\/?post_type=product&#038;p=1604"},"modified":"2024-07-06T02:29:12","modified_gmt":"2024-07-06T02:29:12","slug":"electric-towel-warmer-plug-in-square-tube-sgh-9005","status":"publish","type":"product","link":"https:\/\/showerglasshardware.com\/fr-fr\/product\/electric-towel-warmer-plug-in-square-tube-sgh-9005\/","title":{"rendered":"S\u00e8che-serviettes \u00e9lectrique tube carr\u00e9 enfichable SGH-9005"},"content":{"rendered":"<p>Am\u00e9liorez votre salle de bain avec le chauffe-serviettes \u00e9lectrique \u00e0 tube carr\u00e9 enfichable SGH-9005. Fabriqu\u00e9 en acier inoxydable, ce chauffe-serviettes offre \u00e0 la fois fonctionnalit\u00e9 et style \u00e0 votre salle de bain.<\/p>\n<p>Avec un indice d&#039;\u00e9tanch\u00e9it\u00e9 IP56, ce s\u00e8che-serviettes est con\u00e7u pour r\u00e9sister \u00e0 l&#039;humidit\u00e9 de la salle de bain. Il a une puissance nominale de 88 W et est disponible en options 200 V et 110 V pour s&#039;adapter \u00e0 votre syst\u00e8me \u00e9lectrique. La fr\u00e9quence d&#039;alimentation est de 50 Hz et atteint une temp\u00e9rature de 45 \u00b0C \u00b1 5, offrant une exp\u00e9rience chaleureuse et confortable pour vos serviettes.<\/p>\n<p>Le chauffe-serviettes a un temps de pr\u00e9chauffage rapide de 5 minutes, garantissant que vos serviettes sont pr\u00eates \u00e0 l&#039;emploi lorsque vous en avez besoin. Il a un poids net de 3,2 kg et un poids brut de 4,2 kg. La fiche est con\u00e7ue pour \u00eatre compatible avec la fiche utilis\u00e9e dans votre pays, offrant ainsi commodit\u00e9 et facilit\u00e9 d&#039;utilisation.<\/p>\n<p>Ce s\u00e8che-serviettes est certifi\u00e9 CE, ROHS, SAA et d&#039;autres certifications pertinentes, garantissant sa s\u00e9curit\u00e9 et sa qualit\u00e9. Am\u00e9liorez votre salle de bain avec le chauffe-serviettes \u00e9lectrique \u00e0 tube carr\u00e9 enfichable SGH-9005, ajoutant une touche de luxe et de confort \u00e0 votre routine quotidienne.<\/p>","protected":false},"excerpt":{"rendered":"<ul>\n<li>Mat\u00e9riel: acier inoxydable<\/li>\n<li>\u00c9tanch\u00e9it\u00e9 : IP56<\/li>\n<li>Puissance : 88W<\/li>\n<li>Tension: 200 V\/110 V<\/li>\n<li>Fr\u00e9quence d&#039;alimentation\u00a0: 50\u00a0Hz<\/li>\n<li>Temp\u00e9rature : 45\u00b0C\u00b15<\/li>\n<li>Temps d&#039;\u00e9chauffement : 5min<\/li>\n<li>NW\/GW\u00a0: 3,2\/4,2\u00a0KG<\/li>\n<li>Prise\u00a0: Comme la prise utilis\u00e9e dans votre pays<\/li>\n<li>Certificat : CE, ROHS, SAA, ETC.<\/li>\n<\/ul>","protected":false},"featured_media":1605,"comment_status":"open","ping_status":"closed","template":"","meta":{"_acf_changed":false},"product_brand":[],"product_cat":[95],"product_tag":[],"class_list":{"0":"post-1604","1":"product","2":"type-product","3":"status-publish","4":"has-post-thumbnail","6":"product_cat-electric-towel-warmer","7":"pa_material-304-stainless-steel","9":"first","10":"instock","11":"purchasable","12":"product-type-variable"},"acf":[],"_links":{"self":[{"href":"https:\/\/showerglasshardware.com\/fr-fr\/wp-json\/wp\/v2\/product\/1604","targetHints":{"allow":["GET"]}}],"collection":[{"href":"https:\/\/showerglasshardware.com\/fr-fr\/wp-json\/wp\/v2\/product"}],"about":[{"href":"https:\/\/showerglasshardware.com\/fr-fr\/wp-json\/wp\/v2\/types\/product"}],"replies":[{"embeddable":true,"href":"https:\/\/showerglasshardware.com\/fr-fr\/wp-json\/wp\/v2\/comments?post=1604"}],"version-history":[{"count":0,"href":"https:\/\/showerglasshardware.com\/fr-fr\/wp-json\/wp\/v2\/product\/1604\/revisions"}],"wp:featuredmedia":[{"embeddable":true,"href":"https:\/\/showerglasshardware.com\/fr-fr\/wp-json\/wp\/v2\/media\/1605"}],"wp:attachment":[{"href":"https:\/\/showerglasshardware.com\/fr-fr\/wp-json\/wp\/v2\/media?parent=1604"}],"wp:term":[{"taxonomy":"product_brand","embeddable":true,"href":"https:\/\/showerglasshardware.com\/fr-fr\/wp-json\/wp\/v2\/product_brand?post=1604"},{"taxonomy":"product_cat","embeddable":true,"href":"https:\/\/showerglasshardware.com\/fr-fr\/wp-json\/wp\/v2\/product_cat?post=1604"},{"taxonomy":"product_tag","embeddable":true,"href":"https:\/\/showerglasshardware.com\/fr-fr\/wp-json\/wp\/v2\/product_tag?post=1604"}],"curies":[{"name":"wp","href":"https:\/\/api.w.org\/{rel}","templated":true}]}}