{"id":207,"date":"2024-03-21T08:43:36","date_gmt":"2024-03-21T08:43:36","guid":{"rendered":"https:\/\/showerglasshardware.com\/?post_type=product&#038;p=207"},"modified":"2025-11-21T03:56:35","modified_gmt":"2025-11-21T03:56:35","slug":"90-degree-offset-brass-door-spring-hinges-a301b","status":"publish","type":"product","link":"https:\/\/showerglasshardware.com\/fr-fr\/product\/90-degree-offset-brass-door-spring-hinges-a301b\/","title":{"rendered":"Charni\u00e8res \u00e0 ressort pour porte de douche en laiton avec d\u00e9calage de 90 degr\u00e9s A301B"},"content":{"rendered":"<p data-start=\"456\" data-end=\"697\">Les charni\u00e8res \u00e0 ressort de porte de douche en laiton A301B, d\u00e9cal\u00e9es de 90\u00b0, sont con\u00e7ues pour assurer un fonctionnement s\u00fbr et souple des portes de douche sans cadre. Fabriqu\u00e9es en laiton massif, elles offrent une solidit\u00e9 sup\u00e9rieure, une r\u00e9sistance \u00e0 la corrosion et un aspect \u00e9l\u00e9gant et moderne.<\/p>\n<p data-start=\"699\" data-end=\"985\">Ces charni\u00e8res \u00e0 ressort sont dot\u00e9es d'un m\u00e9canisme de fermeture automatique \u00e0 environ 30\u00b0, ce qui permet de maintenir la porte de douche ferm\u00e9e pour une meilleure ma\u00eetrise de l'eau. La conception d\u00e9cal\u00e9e offre une grande souplesse d'installation, ce qui permet de l'utiliser pour les cabines de douche r\u00e9sidentielles et commerciales.<\/p>\n<p data-start=\"987\" data-end=\"1141\">Compatibles avec un verre de 8 \u00e0 12 mm d'\u00e9paisseur, deux charni\u00e8res peuvent supporter un poids de porte maximal de 40 kg, ce qui garantit la stabilit\u00e9 et la fiabilit\u00e9 des performances au fil du temps.<\/p>\n<p data-start=\"1143\" data-end=\"1162\"><strong data-start=\"1143\" data-end=\"1160\">Principales caract\u00e9ristiques:<\/strong><\/p>\n<ul data-start=\"1163\" data-end=\"1553\">\n<li data-start=\"1163\" data-end=\"1232\">\n<p data-start=\"1165\" data-end=\"1232\"><strong data-start=\"1165\" data-end=\"1178\">Mat\u00e9riel:<\/strong> Laiton massif pour la durabilit\u00e9 et la r\u00e9sistance \u00e0 la corrosion<\/p>\n<\/li>\n<li data-start=\"1233\" data-end=\"1301\">\n<p data-start=\"1235\" data-end=\"1301\"><strong data-start=\"1235\" data-end=\"1246\">Conception :<\/strong> Charni\u00e8re verre-mur d\u00e9cal\u00e9e de 90\u00b0 avec m\u00e9canisme \u00e0 ressort<\/p>\n<\/li>\n<li data-start=\"1302\" data-end=\"1357\">\n<p data-start=\"1304\" data-end=\"1357\"><strong data-start=\"1304\" data-end=\"1321\">Fermeture automatique :<\/strong> Fermeture automatique \u00e0 environ 30\u00b0.<\/p>\n<\/li>\n<li data-start=\"1358\" data-end=\"1410\">\n<p data-start=\"1360\" data-end=\"1410\"><strong data-start=\"1360\" data-end=\"1384\">Compatibilit\u00e9 du verre\u00a0:<\/strong> Convient au verre de 8 \u00e0 12 mm d'\u00e9paisseur<\/p>\n<\/li>\n<li data-start=\"1411\" data-end=\"1453\">\n<p data-start=\"1413\" data-end=\"1453\"><strong data-start=\"1413\" data-end=\"1431\">Capacit\u00e9 de charge :<\/strong> 40kg par deux charni\u00e8res<\/p>\n<\/li>\n<li data-start=\"1454\" data-end=\"1553\">\n<p data-start=\"1456\" data-end=\"1553\"><strong data-start=\"1456\" data-end=\"1473\">Applications :<\/strong> Id\u00e9al pour les cabines de douche sans cadre dans les maisons, les h\u00f4tels et les espaces commerciaux<\/p>\n<\/li>\n<\/ul>\n<p data-start=\"1555\" data-end=\"1576\"><strong data-start=\"1555\" data-end=\"1574\">Caract\u00e9ristiques:<\/strong><\/p>\n<ul data-start=\"1577\" data-end=\"1843\">\n<li data-start=\"1577\" data-end=\"1597\">\n<p data-start=\"1579\" data-end=\"1597\"><strong data-start=\"1579\" data-end=\"1589\">Mod\u00e8le :<\/strong> A301B<\/p>\n<\/li>\n<li data-start=\"1598\" data-end=\"1649\">\n<p data-start=\"1600\" data-end=\"1649\"><strong data-start=\"1600\" data-end=\"1609\">Taper:<\/strong> charni\u00e8re \u00e0 ressort 90\u00b0 verre-mur<\/p>\n<\/li>\n<li data-start=\"1650\" data-end=\"1673\">\n<p data-start=\"1652\" data-end=\"1673\"><strong data-start=\"1652\" data-end=\"1665\">Mat\u00e9riel:<\/strong> Laiton<\/p>\n<\/li>\n<li data-start=\"1674\" data-end=\"1710\">\n<p data-start=\"1676\" data-end=\"1710\"><strong data-start=\"1676\" data-end=\"1701\">S'adapte \u00e0 l'\u00e9paisseur du verre :<\/strong> 8-12mm<\/p>\n<\/li>\n<li data-start=\"1711\" data-end=\"1750\">\n<p data-start=\"1713\" data-end=\"1750\"><strong data-start=\"1713\" data-end=\"1736\">Angle de fermeture automatique :<\/strong> Environ 30\u00b0.<\/p>\n<\/li>\n<li data-start=\"1751\" data-end=\"1793\">\n<p data-start=\"1753\" data-end=\"1793\"><strong data-start=\"1753\" data-end=\"1771\">Capacit\u00e9 de charge :<\/strong> 40kg par deux charni\u00e8res<\/p>\n<\/li>\n<li data-start=\"1794\" data-end=\"1843\">\n<p data-start=\"1796\" data-end=\"1843\"><strong data-start=\"1796\" data-end=\"1812\">Application:<\/strong> Portes de douche en verre sans cadre<\/p>\n<\/li>\n<\/ul>","protected":false},"excerpt":{"rendered":"<ul>\n<li>Charni\u00e8res \u00e0 ressort\u00a0;<\/li>\n<li>Charni\u00e8res verre-mur \u00e0 90\u00b0\u00a0;<\/li>\n<li>Laiton<\/li>\n<li>\u00c9paisseur du verre : 8-12 mm ;<\/li>\n<li>Fermeture automatique \u00e0 environ 30\u00b0\u00a0;<\/li>\n<li>Poids maximum de la porte vitr\u00e9e : 40 kg (2 pi\u00e8ces) ;<\/li>\n<\/ul>","protected":false},"featured_media":2429,"comment_status":"open","ping_status":"closed","template":"","meta":{"_acf_changed":false},"product_brand":[],"product_cat":[20,21],"product_tag":[131],"class_list":{"0":"post-207","1":"product","2":"type-product","3":"status-publish","4":"has-post-thumbnail","6":"product_cat-shower-door-hinges","7":"product_cat-glass-to-wall-hinges","8":"product_tag-wall-mount-hinges","9":"pa_closing-type-self-closing-at-about-30","10":"pa_finish-brushed-nickel","11":"pa_finish-chrome","12":"pa_finish-gold","13":"pa_finish-gun-metal","14":"pa_finish-black","15":"pa_glass-thickness-8-12mm","16":"pa_hinge-swings-30","17":"pa_load-bearing-40kg","18":"pa_material-brass","20":"first","21":"instock","22":"purchasable","23":"product-type-variable","24":"has-default-attributes"},"acf":[],"_links":{"self":[{"href":"https:\/\/showerglasshardware.com\/fr-fr\/wp-json\/wp\/v2\/product\/207","targetHints":{"allow":["GET"]}}],"collection":[{"href":"https:\/\/showerglasshardware.com\/fr-fr\/wp-json\/wp\/v2\/product"}],"about":[{"href":"https:\/\/showerglasshardware.com\/fr-fr\/wp-json\/wp\/v2\/types\/product"}],"replies":[{"embeddable":true,"href":"https:\/\/showerglasshardware.com\/fr-fr\/wp-json\/wp\/v2\/comments?post=207"}],"version-history":[{"count":6,"href":"https:\/\/showerglasshardware.com\/fr-fr\/wp-json\/wp\/v2\/product\/207\/revisions"}],"predecessor-version":[{"id":4645,"href":"https:\/\/showerglasshardware.com\/fr-fr\/wp-json\/wp\/v2\/product\/207\/revisions\/4645"}],"wp:featuredmedia":[{"embeddable":true,"href":"https:\/\/showerglasshardware.com\/fr-fr\/wp-json\/wp\/v2\/media\/2429"}],"wp:attachment":[{"href":"https:\/\/showerglasshardware.com\/fr-fr\/wp-json\/wp\/v2\/media?parent=207"}],"wp:term":[{"taxonomy":"product_brand","embeddable":true,"href":"https:\/\/showerglasshardware.com\/fr-fr\/wp-json\/wp\/v2\/product_brand?post=207"},{"taxonomy":"product_cat","embeddable":true,"href":"https:\/\/showerglasshardware.com\/fr-fr\/wp-json\/wp\/v2\/product_cat?post=207"},{"taxonomy":"product_tag","embeddable":true,"href":"https:\/\/showerglasshardware.com\/fr-fr\/wp-json\/wp\/v2\/product_tag?post=207"}],"curies":[{"name":"wp","href":"https:\/\/api.w.org\/{rel}","templated":true}]}}