{"id":237,"date":"2024-03-22T02:56:19","date_gmt":"2024-03-22T02:56:19","guid":{"rendered":"https:\/\/showerglasshardware.com\/?post_type=product&#038;p=237"},"modified":"2025-11-21T03:54:02","modified_gmt":"2025-11-21T03:54:02","slug":"90-degree-adjustable-brass-glass-to-wall-hinge-ac1601a","status":"publish","type":"product","link":"https:\/\/showerglasshardware.com\/fr-fr\/product\/90-degree-adjustable-brass-glass-to-wall-hinge-ac1601a\/","title":{"rendered":"Charni\u00e8re en laiton r\u00e9glable \u00e0 90 degr\u00e9s entre le verre et le mur SD1601A"},"content":{"rendered":"<p data-start=\"462\" data-end=\"637\">Le SD1601A<strong data-start=\"466\" data-end=\"531\"> Charni\u00e8re ajustable 90\u00b0 en laiton entre le verre et le mur<\/strong> est con\u00e7u pour la pr\u00e9cision, la durabilit\u00e9 et une apparence moderne et \u00e9l\u00e9gante dans les installations de douche sans cadre.<\/p>\n<p data-start=\"639\" data-end=\"867\">Fabriqu\u00e9 en <strong data-start=\"652\" data-end=\"667\">laiton massif<\/strong>Cette charni\u00e8re est compatible avec <strong data-start=\"699\" data-end=\"720\">Verre de 6 \u00e0 8 mm d'\u00e9paisseur<\/strong> et dispose d'un <strong data-start=\"737\" data-end=\"758\">conception r\u00e9glable<\/strong> pour un alignement pr\u00e9cis de la porte. Les <strong data-start=\"791\" data-end=\"812\">couvertures d\u00e9coratives<\/strong> dissimulent le mat\u00e9riel de montage pour un aspect propre et raffin\u00e9.<\/p>\n<p data-start=\"869\" data-end=\"1121\">Avec un <strong data-start=\"876\" data-end=\"914\">Fonction de fermeture automatique \u00e0 environ 30\u00b0.<\/strong>Les charni\u00e8res de la cabine de douche permettent un fonctionnement en douceur de la porte tout en emp\u00eachant l'eau de p\u00e9n\u00e9trer \u00e0 l'int\u00e9rieur de la cabine. Chaque jeu de deux charni\u00e8res supporte jusqu'\u00e0 <strong data-start=\"1044\" data-end=\"1052\">35 kg<\/strong>Il est donc id\u00e9al pour les applications r\u00e9sidentielles et commerciales.<\/p>\n<p data-start=\"1123\" data-end=\"1142\"><strong data-start=\"1123\" data-end=\"1140\">Principales caract\u00e9ristiques:<\/strong><\/p>\n<ul data-start=\"1143\" data-end=\"1634\">\n<li data-start=\"1143\" data-end=\"1203\">\n<p data-start=\"1145\" data-end=\"1203\"><strong data-start=\"1145\" data-end=\"1154\">Taper:<\/strong> Charni\u00e8re verre-mur r\u00e9glable \u00e0 90\u00b0 avec caches<\/p>\n<\/li>\n<li data-start=\"1204\" data-end=\"1271\">\n<p data-start=\"1206\" data-end=\"1271\"><strong data-start=\"1206\" data-end=\"1219\">Mat\u00e9riel:<\/strong> Laiton massif pour la r\u00e9sistance \u00e0 la corrosion et la solidit\u00e9<\/p>\n<\/li>\n<li data-start=\"1272\" data-end=\"1323\">\n<p data-start=\"1274\" data-end=\"1323\"><strong data-start=\"1274\" data-end=\"1298\">Compatibilit\u00e9 du verre\u00a0:<\/strong> Convient au verre d'une \u00e9paisseur de 6 \u00e0 8 mm<\/p>\n<\/li>\n<li data-start=\"1324\" data-end=\"1381\">\n<p data-start=\"1326\" data-end=\"1381\"><strong data-start=\"1326\" data-end=\"1344\">Capacit\u00e9 de charge :<\/strong> Supporte jusqu'\u00e0 35 kg par deux charni\u00e8res<\/p>\n<\/li>\n<li data-start=\"1382\" data-end=\"1437\">\n<p data-start=\"1384\" data-end=\"1437\"><strong data-start=\"1384\" data-end=\"1401\">Fermeture automatique :<\/strong> Fermeture automatique \u00e0 environ 30\u00b0.<\/p>\n<\/li>\n<li data-start=\"1438\" data-end=\"1498\">\n<p data-start=\"1440\" data-end=\"1498\"><strong data-start=\"1440\" data-end=\"1451\">Conception :<\/strong> Angle de charni\u00e8re r\u00e9glable pour un alignement parfait<\/p>\n<\/li>\n<li data-start=\"1499\" data-end=\"1562\">\n<p data-start=\"1501\" data-end=\"1562\"><strong data-start=\"1501\" data-end=\"1512\">Couvertures :<\/strong> Les plaques d\u00e9coratives cachent les vis pour une finition soign\u00e9e.<\/p>\n<\/li>\n<li data-start=\"1563\" data-end=\"1634\">\n<p data-start=\"1565\" data-end=\"1634\"><strong data-start=\"1565\" data-end=\"1582\">Applications :<\/strong> Portes de douche sans cadre dans les maisons, les h\u00f4tels et les spas<\/p>\n<\/li>\n<\/ul>\n<p data-start=\"1636\" data-end=\"1657\"><strong data-start=\"1636\" data-end=\"1655\">Caract\u00e9ristiques:<\/strong><\/p>\n<ul data-start=\"1658\" data-end=\"1947\">\n<li data-start=\"1658\" data-end=\"1681\">\n<p data-start=\"1660\" data-end=\"1681\"><strong data-start=\"1660\" data-end=\"1670\">Mod\u00e8le :<\/strong> SD1601A<\/p>\n<\/li>\n<li data-start=\"1682\" data-end=\"1731\">\n<p data-start=\"1684\" data-end=\"1731\"><strong data-start=\"1684\" data-end=\"1693\">Taper:<\/strong> Charni\u00e8re verre-mur, r\u00e9glable \u00e0 90<\/p>\n<\/li>\n<li data-start=\"1732\" data-end=\"1755\">\n<p data-start=\"1734\" data-end=\"1755\"><strong data-start=\"1734\" data-end=\"1747\">Mat\u00e9riel:<\/strong> Laiton<\/p>\n<\/li>\n<li data-start=\"1756\" data-end=\"1791\">\n<p data-start=\"1758\" data-end=\"1791\"><strong data-start=\"1758\" data-end=\"1783\">S'adapte \u00e0 l'\u00e9paisseur du verre :<\/strong> 6-8mm<\/p>\n<\/li>\n<li data-start=\"1792\" data-end=\"1826\">\n<p data-start=\"1794\" data-end=\"1826\"><strong data-start=\"1794\" data-end=\"1812\">Capacit\u00e9 de charge :<\/strong> 35kg \/ 2pcs<\/p>\n<\/li>\n<li data-start=\"1827\" data-end=\"1859\">\n<p data-start=\"1829\" data-end=\"1859\"><strong data-start=\"1829\" data-end=\"1852\">Angle de fermeture automatique :<\/strong> ~30\u00b0<\/p>\n<\/li>\n<li data-start=\"1860\" data-end=\"1947\">\n<p data-start=\"1862\" data-end=\"1947\"><strong data-start=\"1862\" data-end=\"1881\">Options de finition :<\/strong> Chrome, nickel bross\u00e9, or, noir mat, m\u00e9tal arm\u00e9 (en option)<\/p>\n<\/li>\n<\/ul>\n<h2 id=\"tablepress-6-name\" class=\"tablepress-table-name tablepress-table-name-id-6\">Pinces de porte de douche en laiton S\u00e9rie SD16xx<\/h2>\n\n<table id=\"tablepress-6\" class=\"tablepress tablepress-id-6\" aria-labelledby=\"tablepress-6-name\">\n<thead>\n<tr class=\"row-1\">\n\t<th class=\"column-1\"><strong>Mod\u00e8le<\/strong><\/th><th class=\"column-2\"><strong>Image<\/strong><\/th><th class=\"column-3\"><strong>Type de montage<\/strong><\/th><th class=\"column-4\"><strong>Type de fermeture<\/strong><\/th><th class=\"column-5\"><strong>R\u00e9glable<\/strong><\/th><th class=\"column-6\"><strong>Fonctionnalit\u00e9<\/strong><\/th>\n<\/tr>\n<\/thead>\n<tbody class=\"row-striping row-hover\">\n<tr class=\"row-2\">\n\t<td class=\"column-1\"><a href=\"https:\/\/showerglasshardware.com\/fr-fr\/product\/90-degree-adjustable-brass-glass-to-wall-hinge-ac1601a\/\">SD1601A<\/a><\/td><td class=\"column-2\"><a href=\"https:\/\/showerglasshardware.com\/wp-content\/uploads\/2024\/05\/1601-5.jpg\"><img decoding=\"async\" src=\"https:\/\/showerglasshardware.com\/wp-content\/uploads\/2024\/05\/1601-5-300x300.jpg\" alt=\"Charni\u00e8re murale en laiton ajustable \u00e0 90 degr\u00e9s pour le verre, en noir mat\" width=\"60\" height=\"60\" class=\"alignnone size-medium wp-image-1846\" title=\"\" srcset=\"https:\/\/showerglasshardware.com\/wp-content\/uploads\/2024\/05\/1601-5-300x300.jpg 300w, https:\/\/showerglasshardware.com\/wp-content\/uploads\/2024\/05\/1601-5-100x100.jpg 100w, https:\/\/showerglasshardware.com\/wp-content\/uploads\/2024\/05\/1601-5-600x600.jpg 600w, https:\/\/showerglasshardware.com\/wp-content\/uploads\/2024\/05\/1601-5-150x150.jpg 150w, https:\/\/showerglasshardware.com\/wp-content\/uploads\/2024\/05\/1601-5-768x768.jpg 768w, https:\/\/showerglasshardware.com\/wp-content\/uploads\/2024\/05\/1601-5-12x12.jpg 12w, https:\/\/showerglasshardware.com\/wp-content\/uploads\/2024\/05\/1601-5.jpg 800w\" sizes=\"(max-width: 60px) 100vw, 60px\" \/><\/a><\/td><td class=\"column-3\">Plaque compl\u00e8te de 90\u00b0 entre le verre et le mur<\/td><td class=\"column-4\">Fermeture automatique \u00e0 environ 30\u00b0<\/td><td class=\"column-5\">Oui<\/td><td class=\"column-6\">Avec couverture<\/td>\n<\/tr>\n<tr class=\"row-3\">\n\t<td class=\"column-1\"><a href=\"https:\/\/showerglasshardware.com\/fr-fr\/product\/glass-to-wall-series-shower-glass-door-offset-hinge-brass-90\/\">SD1601L<\/a><\/td><td class=\"column-2\"><a href=\"https:\/\/showerglasshardware.com\/wp-content\/uploads\/2024\/04\/1601-5.jpg\"><img decoding=\"async\" src=\"https:\/\/showerglasshardware.com\/wp-content\/uploads\/2024\/04\/1601-5-300x300.jpg\" alt=\"Charni\u00e8re en laiton pour porte de douche en verre \u00e0 90 degr\u00e9s\" width=\"60\" height=\"60\" class=\"alignnone size-medium wp-image-1994\" title=\"\" srcset=\"https:\/\/showerglasshardware.com\/wp-content\/uploads\/2024\/04\/1601-5-300x300.jpg 300w, https:\/\/showerglasshardware.com\/wp-content\/uploads\/2024\/04\/1601-5-100x100.jpg 100w, https:\/\/showerglasshardware.com\/wp-content\/uploads\/2024\/04\/1601-5-600x600.jpg 600w, https:\/\/showerglasshardware.com\/wp-content\/uploads\/2024\/04\/1601-5-150x150.jpg 150w, https:\/\/showerglasshardware.com\/wp-content\/uploads\/2024\/04\/1601-5-768x768.jpg 768w, https:\/\/showerglasshardware.com\/wp-content\/uploads\/2024\/04\/1601-5-12x12.jpg 12w, https:\/\/showerglasshardware.com\/wp-content\/uploads\/2024\/04\/1601-5.jpg 800w\" sizes=\"(max-width: 60px) 100vw, 60px\" \/><\/a><\/td><td class=\"column-3\">Plaque d\u00e9cal\u00e9e verre au mur \u00e0 90\u00b0<\/td><td class=\"column-4\">Fermeture automatique \u00e0 environ 30\u00b0<\/td><td class=\"column-5\">Oui<\/td><td class=\"column-6\">Avec couverture<\/td>\n<\/tr>\n<tr class=\"row-4\">\n\t<td class=\"column-1\"><a href=\"https:\/\/showerglasshardware.com\/fr-fr\/product\/90-degree-glass-to-glass-spring-hinges-sgh-1602\/\">SD1602<\/a><\/td><td class=\"column-2\"><a href=\"https:\/\/showerglasshardware.com\/wp-content\/uploads\/2024\/05\/1602-5.jpg\"><img decoding=\"async\" src=\"https:\/\/showerglasshardware.com\/wp-content\/uploads\/2024\/05\/1602-5-300x300.jpg\" alt=\"Ressorts de charni\u00e8re de porte de douche sans cadre noir mat\" width=\"60\" height=\"60\" class=\"alignnone size-medium wp-image-1897\" title=\"\" srcset=\"https:\/\/showerglasshardware.com\/wp-content\/uploads\/2024\/05\/1602-5-300x300.jpg 300w, https:\/\/showerglasshardware.com\/wp-content\/uploads\/2024\/05\/1602-5-100x100.jpg 100w, https:\/\/showerglasshardware.com\/wp-content\/uploads\/2024\/05\/1602-5-600x600.jpg 600w, https:\/\/showerglasshardware.com\/wp-content\/uploads\/2024\/05\/1602-5-150x150.jpg 150w, https:\/\/showerglasshardware.com\/wp-content\/uploads\/2024\/05\/1602-5-768x768.jpg 768w, https:\/\/showerglasshardware.com\/wp-content\/uploads\/2024\/05\/1602-5-12x12.jpg 12w, https:\/\/showerglasshardware.com\/wp-content\/uploads\/2024\/05\/1602-5.jpg 800w\" sizes=\"(max-width: 60px) 100vw, 60px\" \/><\/a><\/td><td class=\"column-3\">Verre \u00e0 Verre 90\u00b0<\/td><td class=\"column-4\">Fermeture automatique \u00e0 environ 30\u00b0<\/td><td class=\"column-5\">Oui<\/td><td class=\"column-6\">Avec couverture<\/td>\n<\/tr>\n<tr class=\"row-5\">\n\t<td class=\"column-1\"><a href=\"https:\/\/showerglasshardware.com\/fr-fr\/product\/135-degree-glass-to-glass-spring-hinges-sgh-1603\/\">SD1603<\/a><\/td><td class=\"column-2\"><a href=\"https:\/\/showerglasshardware.com\/wp-content\/uploads\/2024\/03\/1603-5.jpg\"><img loading=\"lazy\" decoding=\"async\" src=\"https:\/\/showerglasshardware.com\/wp-content\/uploads\/2024\/03\/1603-5-300x300.jpg\" alt=\"Charni\u00e8re \u00e0 ressort pour porte verre-verre mod\u00e8le SGH-1603\" width=\"60\" height=\"60\" class=\"alignnone size-medium wp-image-1881\" title=\"\" srcset=\"https:\/\/showerglasshardware.com\/wp-content\/uploads\/2024\/03\/1603-5-300x300.jpg 300w, https:\/\/showerglasshardware.com\/wp-content\/uploads\/2024\/03\/1603-5-100x100.jpg 100w, https:\/\/showerglasshardware.com\/wp-content\/uploads\/2024\/03\/1603-5-600x600.jpg 600w, https:\/\/showerglasshardware.com\/wp-content\/uploads\/2024\/03\/1603-5-150x150.jpg 150w, https:\/\/showerglasshardware.com\/wp-content\/uploads\/2024\/03\/1603-5-768x768.jpg 768w, https:\/\/showerglasshardware.com\/wp-content\/uploads\/2024\/03\/1603-5-12x12.jpg 12w, https:\/\/showerglasshardware.com\/wp-content\/uploads\/2024\/03\/1603-5.jpg 800w\" sizes=\"(max-width: 60px) 100vw, 60px\" \/><\/a><\/td><td class=\"column-3\">Verre \u00e0 Verre 135\u00b0<\/td><td class=\"column-4\">Fermeture automatique \u00e0 environ 30\u00b0<\/td><td class=\"column-5\">Oui<\/td><td class=\"column-6\">Avec couverture<\/td>\n<\/tr>\n<tr class=\"row-6\">\n\t<td class=\"column-1\"><a href=\"https:\/\/showerglasshardware.com\/fr-fr\/product\/180-glass-to-glass-spring-hinges-brass-sgh-1064\/\">SD1604<\/a><\/td><td class=\"column-2\"><a href=\"https:\/\/showerglasshardware.com\/wp-content\/uploads\/2024\/03\/GHC1604A-6.jpg\"><img loading=\"lazy\" decoding=\"async\" src=\"https:\/\/showerglasshardware.com\/wp-content\/uploads\/2024\/03\/GHC1604A-6-300x300.jpg\" alt=\"Charni\u00e8re \u00e0 ressort en laiton reliant les panneaux de verre \u00e0 180 degr\u00e9s\" width=\"60\" height=\"60\" class=\"alignnone size-medium wp-image-1876\" title=\"\" srcset=\"https:\/\/showerglasshardware.com\/wp-content\/uploads\/2024\/03\/GHC1604A-6-300x300.jpg 300w, https:\/\/showerglasshardware.com\/wp-content\/uploads\/2024\/03\/GHC1604A-6-100x100.jpg 100w, https:\/\/showerglasshardware.com\/wp-content\/uploads\/2024\/03\/GHC1604A-6-600x600.jpg 600w, https:\/\/showerglasshardware.com\/wp-content\/uploads\/2024\/03\/GHC1604A-6-150x150.jpg 150w, https:\/\/showerglasshardware.com\/wp-content\/uploads\/2024\/03\/GHC1604A-6-768x768.jpg 768w, https:\/\/showerglasshardware.com\/wp-content\/uploads\/2024\/03\/GHC1604A-6-12x12.jpg 12w, https:\/\/showerglasshardware.com\/wp-content\/uploads\/2024\/03\/GHC1604A-6.jpg 800w\" sizes=\"(max-width: 60px) 100vw, 60px\" \/><\/a><\/td><td class=\"column-3\">Verre \u00e0 Verre 180\u00b0<\/td><td class=\"column-4\">Fermeture automatique \u00e0 environ 30\u00b0<\/td><td class=\"column-5\">Oui<\/td><td class=\"column-6\">Avec couverture<\/td>\n<\/tr>\n<tr class=\"row-7\">\n\t<td class=\"column-1\"><a href=\"https:\/\/showerglasshardware.com\/fr-fr\/product\/180-degree-glass-to-wall-spring-hinges-sgh-1605\/\">SD1605<\/a><\/td><td class=\"column-2\"><a href=\"https:\/\/showerglasshardware.com\/wp-content\/uploads\/2024\/03\/1605-5.jpg\"><img loading=\"lazy\" decoding=\"async\" src=\"https:\/\/showerglasshardware.com\/wp-content\/uploads\/2024\/03\/1605-5-300x300.jpg\" alt=\"Charni\u00e8re \u00e0 ressort entre le verre et le mur en position d&#039;ouverture \u00e0 180 degr\u00e9s\" width=\"60\" height=\"60\" class=\"alignnone size-medium wp-image-1902\" title=\"\" srcset=\"https:\/\/showerglasshardware.com\/wp-content\/uploads\/2024\/03\/1605-5-300x300.jpg 300w, https:\/\/showerglasshardware.com\/wp-content\/uploads\/2024\/03\/1605-5-100x100.jpg 100w, https:\/\/showerglasshardware.com\/wp-content\/uploads\/2024\/03\/1605-5-600x600.jpg 600w, https:\/\/showerglasshardware.com\/wp-content\/uploads\/2024\/03\/1605-5-150x150.jpg 150w, https:\/\/showerglasshardware.com\/wp-content\/uploads\/2024\/03\/1605-5-768x768.jpg 768w, https:\/\/showerglasshardware.com\/wp-content\/uploads\/2024\/03\/1605-5-12x12.jpg 12w, https:\/\/showerglasshardware.com\/wp-content\/uploads\/2024\/03\/1605-5.jpg 800w\" sizes=\"(max-width: 60px) 100vw, 60px\" \/><\/a><\/td><td class=\"column-3\">Verre au mur 180\u00b0<\/td><td class=\"column-4\">Fermeture automatique \u00e0 environ 30\u00b0<\/td><td class=\"column-5\">Oui<\/td><td class=\"column-6\">Avec couverture<\/td>\n<\/tr>\n<\/tbody>\n<\/table>\n<!-- #tablepress-6 from cache -->","protected":false},"excerpt":{"rendered":"<ul>\n<li>R\u00e9glable avec housses<\/li>\n<li>Mat\u00e9riau en laiton<\/li>\n<li>Epaisseur du verre 6-8mm<\/li>\n<li>Fermeture automatique \u00e0 environ 30\u00b0<\/li>\n<li>Poids maximum de la porte vitr\u00e9e 35kg \/2 charni\u00e8res<\/li>\n<\/ul>","protected":false},"featured_media":2428,"comment_status":"closed","ping_status":"closed","template":"","meta":{"_acf_changed":false},"product_brand":[],"product_cat":[20,21],"product_tag":[131],"class_list":{"0":"post-237","1":"product","2":"type-product","3":"status-publish","4":"has-post-thumbnail","6":"product_cat-shower-door-hinges","7":"product_cat-glass-to-wall-hinges","8":"product_tag-wall-mount-hinges","9":"pa_closing-type-self-closing-at-about-30","10":"pa_finish-brushed-nickel","11":"pa_finish-chrome","12":"pa_finish-gold","13":"pa_finish-gun-metal","14":"pa_finish-black","15":"pa_glass-thickness-1-2-inch-12mm","16":"pa_glass-thickness-1-4-inch-6mm","17":"pa_glass-thickness-3-8-inch-10mm","18":"pa_glass-thickness-5-16-inch-8mm","19":"pa_hinge-swings-30","20":"pa_load-bearing-35kg-2pcs","21":"pa_material-brass","22":"pa_size-585978mm","24":"first","25":"instock","26":"purchasable","27":"product-type-variable","28":"has-default-attributes"},"acf":[],"_links":{"self":[{"href":"https:\/\/showerglasshardware.com\/fr-fr\/wp-json\/wp\/v2\/product\/237","targetHints":{"allow":["GET"]}}],"collection":[{"href":"https:\/\/showerglasshardware.com\/fr-fr\/wp-json\/wp\/v2\/product"}],"about":[{"href":"https:\/\/showerglasshardware.com\/fr-fr\/wp-json\/wp\/v2\/types\/product"}],"replies":[{"embeddable":true,"href":"https:\/\/showerglasshardware.com\/fr-fr\/wp-json\/wp\/v2\/comments?post=237"}],"version-history":[{"count":13,"href":"https:\/\/showerglasshardware.com\/fr-fr\/wp-json\/wp\/v2\/product\/237\/revisions"}],"predecessor-version":[{"id":4894,"href":"https:\/\/showerglasshardware.com\/fr-fr\/wp-json\/wp\/v2\/product\/237\/revisions\/4894"}],"wp:featuredmedia":[{"embeddable":true,"href":"https:\/\/showerglasshardware.com\/fr-fr\/wp-json\/wp\/v2\/media\/2428"}],"wp:attachment":[{"href":"https:\/\/showerglasshardware.com\/fr-fr\/wp-json\/wp\/v2\/media?parent=237"}],"wp:term":[{"taxonomy":"product_brand","embeddable":true,"href":"https:\/\/showerglasshardware.com\/fr-fr\/wp-json\/wp\/v2\/product_brand?post=237"},{"taxonomy":"product_cat","embeddable":true,"href":"https:\/\/showerglasshardware.com\/fr-fr\/wp-json\/wp\/v2\/product_cat?post=237"},{"taxonomy":"product_tag","embeddable":true,"href":"https:\/\/showerglasshardware.com\/fr-fr\/wp-json\/wp\/v2\/product_tag?post=237"}],"curies":[{"name":"wp","href":"https:\/\/api.w.org\/{rel}","templated":true}]}}