{"id":241,"date":"2024-03-22T03:11:29","date_gmt":"2024-03-22T03:11:29","guid":{"rendered":"https:\/\/showerglasshardware.com\/?post_type=product&#038;p=241"},"modified":"2025-11-21T03:50:35","modified_gmt":"2025-11-21T03:50:35","slug":"glass-door-spring-hinge-brass-90-degrees-a101b","status":"publish","type":"product","link":"https:\/\/showerglasshardware.com\/fr-fr\/product\/glass-door-spring-hinge-brass-90-degrees-a101b\/","title":{"rendered":"Charni\u00e8re \u00e0 ressort pour porte en verre laiton 90 degr\u00e9s A101B"},"content":{"rendered":"<p data-start=\"435\" data-end=\"643\">La charni\u00e8re de porte de douche \u00e0 ressort 90\u00b0 en laiton A101B combine des performances fiables, une forte capacit\u00e9 de charge et une fermeture automatique en douceur, ce qui en fait un choix id\u00e9al pour les cabines de douche sans cadre.<\/p>\n<p data-start=\"645\" data-end=\"913\">Fabriqu\u00e9e en laiton massif pour une solidit\u00e9 et une r\u00e9sistance \u00e0 la corrosion sup\u00e9rieures, cette charni\u00e8re est compatible avec un verre d'une \u00e9paisseur de 8 \u00e0 12 mm. Le m\u00e9canisme \u00e0 ressort int\u00e9gr\u00e9 assure la fermeture automatique de la porte \u00e0 environ 30\u00b0, am\u00e9liorant ainsi la s\u00e9curit\u00e9 et le confinement de l'eau \u00e0 l'int\u00e9rieur de la douche.<\/p>\n<p data-start=\"915\" data-end=\"1057\">Avec une capacit\u00e9 de charge de 45 kg par deux charni\u00e8res, le A101B offre une stabilit\u00e9 durable pour les applications r\u00e9sidentielles et commerciales.<\/p>\n<p data-start=\"1059\" data-end=\"1078\"><strong data-start=\"1059\" data-end=\"1076\">Principales caract\u00e9ristiques:<\/strong><\/p>\n<ul data-start=\"1079\" data-end=\"1434\">\n<li data-start=\"1079\" data-end=\"1123\">\n<p data-start=\"1081\" data-end=\"1123\"><strong data-start=\"1081\" data-end=\"1090\">Taper:<\/strong> Charni\u00e8re \u00e0 ressort 90\u00b0 verre-mur<\/p>\n<\/li>\n<li data-start=\"1124\" data-end=\"1188\">\n<p data-start=\"1126\" data-end=\"1188\"><strong data-start=\"1126\" data-end=\"1139\">Mat\u00e9riel:<\/strong> Laiton massif pour la durabilit\u00e9 et la r\u00e9sistance \u00e0 la rouille<\/p>\n<\/li>\n<li data-start=\"1189\" data-end=\"1241\">\n<p data-start=\"1191\" data-end=\"1241\"><strong data-start=\"1191\" data-end=\"1215\">Compatibilit\u00e9 du verre\u00a0:<\/strong> Convient au verre de 8 \u00e0 12 mm d'\u00e9paisseur<\/p>\n<\/li>\n<li data-start=\"1242\" data-end=\"1299\">\n<p data-start=\"1244\" data-end=\"1299\"><strong data-start=\"1244\" data-end=\"1262\">Capacit\u00e9 de charge :<\/strong> Supporte jusqu'\u00e0 45 kg par deux charni\u00e8res<\/p>\n<\/li>\n<li data-start=\"1300\" data-end=\"1350\">\n<p data-start=\"1302\" data-end=\"1350\"><strong data-start=\"1302\" data-end=\"1319\">Fermeture automatique :<\/strong> Fermeture automatique \u00e0 ~30\u00b0.<\/p>\n<\/li>\n<li data-start=\"1351\" data-end=\"1434\">\n<p data-start=\"1353\" data-end=\"1434\"><strong data-start=\"1353\" data-end=\"1370\">Applications :<\/strong> Parfait pour les portes de douche sans cadre dans les maisons, les h\u00f4tels et les spas<\/p>\n<\/li>\n<\/ul>\n<p data-start=\"1436\" data-end=\"1457\"><strong data-start=\"1436\" data-end=\"1455\">Caract\u00e9ristiques:<\/strong><\/p>\n<ul data-start=\"1458\" data-end=\"1750\">\n<li data-start=\"1458\" data-end=\"1478\">\n<p data-start=\"1460\" data-end=\"1478\"><strong data-start=\"1460\" data-end=\"1470\">Mod\u00e8le :<\/strong> A101B<\/p>\n<\/li>\n<li data-start=\"1479\" data-end=\"1524\">\n<p data-start=\"1481\" data-end=\"1524\"><strong data-start=\"1481\" data-end=\"1490\">Taper:<\/strong> Charni\u00e8re \u00e0 ressort 90\u00b0, verre-mur<\/p>\n<\/li>\n<li data-start=\"1525\" data-end=\"1548\">\n<p data-start=\"1527\" data-end=\"1548\"><strong data-start=\"1527\" data-end=\"1540\">Mat\u00e9riel:<\/strong> Laiton<\/p>\n<\/li>\n<li data-start=\"1549\" data-end=\"1585\">\n<p data-start=\"1551\" data-end=\"1585\"><strong data-start=\"1551\" data-end=\"1576\">S'adapte \u00e0 l'\u00e9paisseur du verre :<\/strong> 8-12mm<\/p>\n<\/li>\n<li data-start=\"1586\" data-end=\"1620\">\n<p data-start=\"1588\" data-end=\"1620\"><strong data-start=\"1588\" data-end=\"1606\">Capacit\u00e9 de charge :<\/strong> 45kg \/ 2pcs<\/p>\n<\/li>\n<li data-start=\"1621\" data-end=\"1653\">\n<p data-start=\"1623\" data-end=\"1653\"><strong data-start=\"1623\" data-end=\"1646\">Angle de fermeture automatique :<\/strong> ~30\u00b0<\/p>\n<\/li>\n<li data-start=\"1654\" data-end=\"1750\">\n<p data-start=\"1656\" data-end=\"1750\"><strong data-start=\"1656\" data-end=\"1675\">Options de finition :<\/strong> Chrome poli, nickel bross\u00e9, or, noir mat, m\u00e9tal arm\u00e9 (en option)<\/p>\n<\/li>\n<\/ul>","protected":false},"excerpt":{"rendered":"<ul>\n<li>Charni\u00e8res verre-mur \u00e0 90\u00b0\u00a0;<\/li>\n<li>\u00c9paisseur du verre en laiton : 8-12 mm ;<\/li>\n<li>Fermeture automatique \u00e0 environ 30\u00b0\u00a0;<\/li>\n<li>Poids maximum de la porte vitr\u00e9e : 45 kg (2 pi\u00e8ces) ;<\/li>\n<\/ul>","protected":false},"featured_media":2430,"comment_status":"closed","ping_status":"closed","template":"","meta":{"_acf_changed":false},"product_brand":[],"product_cat":[20,170,21],"product_tag":[129],"class_list":{"0":"post-241","1":"product","2":"type-product","3":"status-publish","4":"has-post-thumbnail","6":"product_cat-shower-door-hinges","7":"product_cat-offset-wall-to-glass-hinges","8":"product_cat-glass-to-wall-hinges","9":"product_tag-offset-wall-mount-hinges","10":"pa_closing-type-self-closing-at-about-30","11":"pa_finish-brushed-nickel","12":"pa_finish-chrome","13":"pa_finish-gold","14":"pa_finish-gun-metal","15":"pa_finish-black","16":"pa_glass-thickness-8-12mm","17":"pa_hinge-swings-30","18":"pa_load-bearing-45kg-2pcs","19":"pa_material-brass","21":"first","22":"instock","23":"purchasable","24":"product-type-variable","25":"has-default-attributes"},"acf":[],"_links":{"self":[{"href":"https:\/\/showerglasshardware.com\/fr-fr\/wp-json\/wp\/v2\/product\/241","targetHints":{"allow":["GET"]}}],"collection":[{"href":"https:\/\/showerglasshardware.com\/fr-fr\/wp-json\/wp\/v2\/product"}],"about":[{"href":"https:\/\/showerglasshardware.com\/fr-fr\/wp-json\/wp\/v2\/types\/product"}],"replies":[{"embeddable":true,"href":"https:\/\/showerglasshardware.com\/fr-fr\/wp-json\/wp\/v2\/comments?post=241"}],"version-history":[{"count":5,"href":"https:\/\/showerglasshardware.com\/fr-fr\/wp-json\/wp\/v2\/product\/241\/revisions"}],"predecessor-version":[{"id":4690,"href":"https:\/\/showerglasshardware.com\/fr-fr\/wp-json\/wp\/v2\/product\/241\/revisions\/4690"}],"wp:featuredmedia":[{"embeddable":true,"href":"https:\/\/showerglasshardware.com\/fr-fr\/wp-json\/wp\/v2\/media\/2430"}],"wp:attachment":[{"href":"https:\/\/showerglasshardware.com\/fr-fr\/wp-json\/wp\/v2\/media?parent=241"}],"wp:term":[{"taxonomy":"product_brand","embeddable":true,"href":"https:\/\/showerglasshardware.com\/fr-fr\/wp-json\/wp\/v2\/product_brand?post=241"},{"taxonomy":"product_cat","embeddable":true,"href":"https:\/\/showerglasshardware.com\/fr-fr\/wp-json\/wp\/v2\/product_cat?post=241"},{"taxonomy":"product_tag","embeddable":true,"href":"https:\/\/showerglasshardware.com\/fr-fr\/wp-json\/wp\/v2\/product_tag?post=241"}],"curies":[{"name":"wp","href":"https:\/\/api.w.org\/{rel}","templated":true}]}}