{"id":2435,"date":"2024-06-20T06:30:21","date_gmt":"2024-06-20T06:30:21","guid":{"rendered":"https:\/\/showerglasshardware.com\/?post_type=product&#038;p=2435"},"modified":"2025-08-11T06:06:15","modified_gmt":"2025-08-11T06:06:15","slug":"360-degree-round-support-bar-u-bracket-sgh-r13","status":"publish","type":"product","link":"https:\/\/showerglasshardware.com\/fr-fr\/product\/360-degree-round-support-bar-u-bracket-sgh-r13\/","title":{"rendered":"Barre de support ronde \u00e0 360 degr\u00e9s, support en U SGH-R13"},"content":{"rendered":"<p data-start=\"427\" data-end=\"629\">Le support en U pour barre de soutien ronde \u00e0 360 degr\u00e9s SGH-R13 est con\u00e7u pour connecter solidement une barre de soutien ronde aux panneaux de verre de la douche sans cadre, assurant ainsi la stabilit\u00e9 et la durabilit\u00e9 de votre cabine de douche.<\/p>\n<p data-start=\"631\" data-end=\"795\">Compatible avec le verre tremp\u00e9 monolithique de 0,24\u2033 (6mm) et 0,39\u2033 (10mm), ce support accepte des barres de soutien rondes de \u03a619mm (3\/4\u2033) pour un ajustement pr\u00e9cis et stable.<\/p>\n<p data-start=\"797\" data-end=\"1010\">Fabriqu\u00e9 \u00e0 partir de mat\u00e9riaux de haute qualit\u00e9 et disponible dans plusieurs finitions attrayantes, il s'int\u00e8gre parfaitement \u00e0 la quincaillerie moderne de la salle de bains tout en offrant des performances fiables pour les applications r\u00e9sidentielles et commerciales.<\/p>\n<p data-start=\"1012\" data-end=\"1031\"><strong data-start=\"1012\" data-end=\"1029\">Principales caract\u00e9ristiques:<\/strong><\/p>\n<ul data-start=\"1032\" data-end=\"1478\">\n<li data-start=\"1032\" data-end=\"1106\">\n<p data-start=\"1034\" data-end=\"1106\"><strong data-start=\"1034\" data-end=\"1050\">Conception \u00e0 360\u00b0 :<\/strong> Permet un positionnement flexible pour un am\u00e9nagement personnalis\u00e9 de la douche<\/p>\n<\/li>\n<li data-start=\"1107\" data-end=\"1179\">\n<p data-start=\"1109\" data-end=\"1179\"><strong data-start=\"1109\" data-end=\"1133\">Compatibilit\u00e9 du verre\u00a0:<\/strong> Convient au verre tremp\u00e9 monolithique de 6 mm et 10 mm<\/p>\n<\/li>\n<li data-start=\"1180\" data-end=\"1244\">\n<p data-start=\"1182\" data-end=\"1244\"><strong data-start=\"1182\" data-end=\"1202\">Barre de soutien :<\/strong> Accepte les barres de support rondes \u03a619mm (3\/4\u2033)<\/p>\n<\/li>\n<li data-start=\"1245\" data-end=\"1317\">\n<p data-start=\"1247\" data-end=\"1317\"><strong data-start=\"1247\" data-end=\"1272\">Construction durable :<\/strong> Fabriqu\u00e9 pour la solidit\u00e9 et la r\u00e9sistance \u00e0 la corrosion<\/p>\n<\/li>\n<li data-start=\"1318\" data-end=\"1388\">\n<p data-start=\"1320\" data-end=\"1388\"><strong data-start=\"1320\" data-end=\"1342\">Finitions multiples :<\/strong> S'adapte \u00e0 une vari\u00e9t\u00e9 de styles de quincaillerie de douche<\/p>\n<\/li>\n<li data-start=\"1389\" data-end=\"1478\">\n<p data-start=\"1391\" data-end=\"1478\"><strong data-start=\"1391\" data-end=\"1408\">Applications :<\/strong> Parois de douche sans cadre dans les salles de bains r\u00e9sidentielles et commerciales<\/p>\n<\/li>\n<\/ul>\n<p data-start=\"1480\" data-end=\"1501\"><strong data-start=\"1480\" data-end=\"1499\">Caract\u00e9ristiques:<\/strong><\/p>\n<ul data-start=\"1502\" data-end=\"1818\">\n<li data-start=\"1502\" data-end=\"1524\">\n<p data-start=\"1504\" data-end=\"1524\"><strong data-start=\"1504\" data-end=\"1514\">Mod\u00e8le :<\/strong> SGH-R13<\/p>\n<\/li>\n<li data-start=\"1525\" data-end=\"1571\">\n<p data-start=\"1527\" data-end=\"1571\"><strong data-start=\"1527\" data-end=\"1536\">Taper:<\/strong> Barre de support ronde 360\u00b0 Support en U<\/p>\n<\/li>\n<li data-start=\"1572\" data-end=\"1630\">\n<p data-start=\"1574\" data-end=\"1630\"><strong data-start=\"1574\" data-end=\"1599\">S'adapte \u00e0 l'\u00e9paisseur du verre :<\/strong> 6mm (0.24\u2033) et 10mm (0.39\u2033)<\/p>\n<\/li>\n<li data-start=\"1631\" data-end=\"1672\">\n<p data-start=\"1633\" data-end=\"1672\"><strong data-start=\"1633\" data-end=\"1658\">Diam\u00e8tre de la barre de support :<\/strong> 19mm (3\/4\u2033)<\/p>\n<\/li>\n<li data-start=\"1673\" data-end=\"1718\">\n<p data-start=\"1675\" data-end=\"1718\"><strong data-start=\"1675\" data-end=\"1690\">Type de verre :<\/strong> Verre tremp\u00e9 monolithique<\/p>\n<\/li>\n<li data-start=\"1719\" data-end=\"1763\">\n<p data-start=\"1721\" data-end=\"1763\"><strong data-start=\"1721\" data-end=\"1734\">Finitions :<\/strong> Plusieurs options disponibles<\/p>\n<\/li>\n<li data-start=\"1764\" data-end=\"1818\">\n<p data-start=\"1766\" data-end=\"1818\"><strong data-start=\"1766\" data-end=\"1782\">Application:<\/strong> Parois de douche en verre sans cadre<\/p>\n<\/li>\n<\/ul>","protected":false},"excerpt":{"rendered":"<p>\u2022 Pour verre de 0,24\u2033 et 0,39\u2033 (6 et 10 mm)<br \/>\n\u2022\u00a0Utilisez du verre tremp\u00e9 monolithique<br \/>\n\u2022 Les supports acceptent une barre de support de \u03a6 19 mm.<br \/>\n\u2022 Disponible en plusieurs finitions attrayantes<\/p>","protected":false},"featured_media":2436,"comment_status":"open","ping_status":"closed","template":"","meta":{"_acf_changed":false},"product_brand":[],"product_cat":[107,47],"product_tag":[133],"class_list":{"0":"post-2435","1":"product","2":"type-product","3":"status-publish","4":"has-post-thumbnail","6":"product_cat-support-bar-brackets-for-round-bars","7":"product_cat-support-arms-and-bars","8":"product_tag-support-bar-brackets-for-round-bars","9":"pa_finish-brushed-nickel","10":"pa_finish-chrome","11":"pa_finish-gold","12":"pa_finish-gun-metal","13":"pa_finish-black","14":"pa_glass-thickness-6-10-mm","15":"pa_material-brass","17":"first","18":"instock","19":"purchasable","20":"product-type-variable"},"acf":[],"_links":{"self":[{"href":"https:\/\/showerglasshardware.com\/fr-fr\/wp-json\/wp\/v2\/product\/2435","targetHints":{"allow":["GET"]}}],"collection":[{"href":"https:\/\/showerglasshardware.com\/fr-fr\/wp-json\/wp\/v2\/product"}],"about":[{"href":"https:\/\/showerglasshardware.com\/fr-fr\/wp-json\/wp\/v2\/types\/product"}],"replies":[{"embeddable":true,"href":"https:\/\/showerglasshardware.com\/fr-fr\/wp-json\/wp\/v2\/comments?post=2435"}],"version-history":[{"count":2,"href":"https:\/\/showerglasshardware.com\/fr-fr\/wp-json\/wp\/v2\/product\/2435\/revisions"}],"predecessor-version":[{"id":4590,"href":"https:\/\/showerglasshardware.com\/fr-fr\/wp-json\/wp\/v2\/product\/2435\/revisions\/4590"}],"wp:featuredmedia":[{"embeddable":true,"href":"https:\/\/showerglasshardware.com\/fr-fr\/wp-json\/wp\/v2\/media\/2436"}],"wp:attachment":[{"href":"https:\/\/showerglasshardware.com\/fr-fr\/wp-json\/wp\/v2\/media?parent=2435"}],"wp:term":[{"taxonomy":"product_brand","embeddable":true,"href":"https:\/\/showerglasshardware.com\/fr-fr\/wp-json\/wp\/v2\/product_brand?post=2435"},{"taxonomy":"product_cat","embeddable":true,"href":"https:\/\/showerglasshardware.com\/fr-fr\/wp-json\/wp\/v2\/product_cat?post=2435"},{"taxonomy":"product_tag","embeddable":true,"href":"https:\/\/showerglasshardware.com\/fr-fr\/wp-json\/wp\/v2\/product_tag?post=2435"}],"curies":[{"name":"wp","href":"https:\/\/api.w.org\/{rel}","templated":true}]}}