{"id":244,"date":"2024-03-22T03:14:40","date_gmt":"2024-03-22T03:14:40","guid":{"rendered":"https:\/\/showerglasshardware.com\/?post_type=product&#038;p=244"},"modified":"2025-11-21T03:47:51","modified_gmt":"2025-11-21T03:47:51","slug":"adjustable-brass-shower-door-spring-hinge-a201c","status":"publish","type":"product","link":"https:\/\/showerglasshardware.com\/fr-fr\/product\/adjustable-brass-shower-door-spring-hinge-a201c\/","title":{"rendered":"Porte de douche sans cadre en laiton Charni\u00e8res dor\u00e9es SGH-A201C"},"content":{"rendered":"<p data-start=\"432\" data-end=\"612\">Les charni\u00e8res dor\u00e9es pour portes de douche sans cadre SGH-A201C en laiton allient \u00e9l\u00e9gance, durabilit\u00e9 et douceur de fonctionnement, ce qui en fait un choix de premier ordre pour les cabines de douche sans cadre de luxe.<\/p>\n<p data-start=\"614\" data-end=\"997\">Fabriqu\u00e9es en laiton massif avec une finition polie \u00e0 l'or, ces charni\u00e8res sont con\u00e7ues pour s'adapter \u00e0 un verre de 8 \u00e0 12 mm d'\u00e9paisseur et supportent jusqu'\u00e0 45 kg par deux charni\u00e8res. Le m\u00e9canisme de fermeture automatique \u00e0 environ 30\u00b0 assure une fermeture douce et contr\u00f4l\u00e9e de la porte, tandis que la conception \u00e0 double action permet \u00e0 la porte de pivoter \u00e0 90\u00b0 dans les deux sens, en restant ouverte \u00e0 l'angle maximum pour plus de commodit\u00e9.<\/p>\n<p data-start=\"999\" data-end=\"1124\">Id\u00e9al pour les salles de bains r\u00e9sidentielles et commerciales haut de gamme, le SGH-A201C offre des performances durables et un aspect raffin\u00e9.<\/p>\n<p data-start=\"1126\" data-end=\"1145\"><strong data-start=\"1126\" data-end=\"1143\">Principales caract\u00e9ristiques:<\/strong><\/p>\n<ul data-start=\"1146\" data-end=\"1680\">\n<li data-start=\"1146\" data-end=\"1213\">\n<p data-start=\"1148\" data-end=\"1213\"><strong data-start=\"1148\" data-end=\"1157\">Taper:<\/strong> Charni\u00e8re de porte de douche sans cadre \u00e0 double action et finition dor\u00e9e<\/p>\n<\/li>\n<li data-start=\"1214\" data-end=\"1281\">\n<p data-start=\"1216\" data-end=\"1281\"><strong data-start=\"1216\" data-end=\"1229\">Mat\u00e9riel:<\/strong> Laiton massif pour la solidit\u00e9 et la r\u00e9sistance \u00e0 la corrosion<\/p>\n<\/li>\n<li data-start=\"1282\" data-end=\"1334\">\n<p data-start=\"1284\" data-end=\"1334\"><strong data-start=\"1284\" data-end=\"1308\">Compatibilit\u00e9 du verre\u00a0:<\/strong> Convient au verre de 8 \u00e0 12 mm d'\u00e9paisseur<\/p>\n<\/li>\n<li data-start=\"1335\" data-end=\"1392\">\n<p data-start=\"1337\" data-end=\"1392\"><strong data-start=\"1337\" data-end=\"1355\">Capacit\u00e9 de charge :<\/strong> Supporte jusqu'\u00e0 45 kg par deux charni\u00e8res<\/p>\n<\/li>\n<li data-start=\"1393\" data-end=\"1448\">\n<p data-start=\"1395\" data-end=\"1448\"><strong data-start=\"1395\" data-end=\"1412\">Fermeture automatique :<\/strong> Fermeture automatique \u00e0 environ 30\u00b0.<\/p>\n<\/li>\n<li data-start=\"1449\" data-end=\"1532\">\n<p data-start=\"1451\" data-end=\"1532\"><strong data-start=\"1451\" data-end=\"1469\">Double action :<\/strong> S'ouvre \u00e0 90\u00b0 dans les deux sens et reste ouvert \u00e0 l'angle maximum<\/p>\n<\/li>\n<li data-start=\"1533\" data-end=\"1589\">\n<p data-start=\"1535\" data-end=\"1589\"><strong data-start=\"1535\" data-end=\"1546\">Finition :<\/strong> Or poli pour un aspect luxueux<\/p>\n<\/li>\n<li data-start=\"1590\" data-end=\"1680\">\n<p data-start=\"1592\" data-end=\"1680\"><strong data-start=\"1592\" data-end=\"1609\">Applications :<\/strong> Parfait pour les portes de douche sans cadre dans les maisons de luxe, les h\u00f4tels et les spas<\/p>\n<\/li>\n<\/ul>\n<p data-start=\"1682\" data-end=\"1703\"><strong data-start=\"1682\" data-end=\"1701\">Caract\u00e9ristiques:<\/strong><\/p>\n<ul data-start=\"1704\" data-end=\"1981\">\n<li data-start=\"1704\" data-end=\"1728\">\n<p data-start=\"1706\" data-end=\"1728\"><strong data-start=\"1706\" data-end=\"1716\">Mod\u00e8le :<\/strong> SGH-A201C<\/p>\n<\/li>\n<li data-start=\"1729\" data-end=\"1776\">\n<p data-start=\"1731\" data-end=\"1776\"><strong data-start=\"1731\" data-end=\"1740\">Taper:<\/strong> Charni\u00e8re \u00e0 double action entre le verre et la paroi<\/p>\n<\/li>\n<li data-start=\"1777\" data-end=\"1800\">\n<p data-start=\"1779\" data-end=\"1800\"><strong data-start=\"1779\" data-end=\"1792\">Mat\u00e9riel:<\/strong> Laiton<\/p>\n<\/li>\n<li data-start=\"1801\" data-end=\"1837\">\n<p data-start=\"1803\" data-end=\"1837\"><strong data-start=\"1803\" data-end=\"1828\">S'adapte \u00e0 l'\u00e9paisseur du verre :<\/strong> 8-12mm<\/p>\n<\/li>\n<li data-start=\"1838\" data-end=\"1872\">\n<p data-start=\"1840\" data-end=\"1872\"><strong data-start=\"1840\" data-end=\"1858\">Capacit\u00e9 de charge :<\/strong> 45kg \/ 2pcs<\/p>\n<\/li>\n<li data-start=\"1873\" data-end=\"1905\">\n<p data-start=\"1875\" data-end=\"1905\"><strong data-start=\"1875\" data-end=\"1898\">Angle de fermeture automatique :<\/strong> ~30\u00b0<\/p>\n<\/li>\n<li data-start=\"1906\" data-end=\"1951\">\n<p data-start=\"1908\" data-end=\"1951\"><strong data-start=\"1908\" data-end=\"1926\">Plage d'ouverture :<\/strong> 90\u00b0 dans les deux sens<\/p>\n<\/li>\n<li data-start=\"1952\" data-end=\"1981\">\n<p data-start=\"1954\" data-end=\"1981\"><strong data-start=\"1954\" data-end=\"1965\">Finition :<\/strong> Or poli<\/p>\n<\/li>\n<\/ul>","protected":false},"excerpt":{"rendered":"<ul>\n<li>Porte de douche sans cadre charni\u00e8res dor\u00e9es<\/li>\n<li>Mat\u00e9riel: Laiton<\/li>\n<li>Convient pour le verre de 8 \u00e0 12 mm<\/li>\n<li>Poids du roulement 45 kg\/2 pi\u00e8ces<\/li>\n<li>Fermeture automatique \u00e0 environ 30\u00b0<\/li>\n<li>Action double face sans main 90\u00b0 reste maximum<\/li>\n<\/ul>","protected":false},"featured_media":2304,"comment_status":"closed","ping_status":"closed","template":"","meta":{"_acf_changed":false},"product_brand":[],"product_cat":[20,21],"product_tag":[129],"class_list":{"0":"post-244","1":"product","2":"type-product","3":"status-publish","4":"has-post-thumbnail","6":"product_cat-shower-door-hinges","7":"product_cat-glass-to-wall-hinges","8":"product_tag-offset-wall-mount-hinges","9":"pa_closing-type-self-closing-at-about-30","10":"pa_finish-brushed-nickel","11":"pa_finish-chrome","12":"pa_finish-gold","13":"pa_finish-gun-metal","14":"pa_finish-black","15":"pa_glass-thickness-8-12mm","16":"pa_hinge-swings-30","17":"pa_load-bearing-45kg-2pcs","18":"pa_material-brass","20":"first","21":"instock","22":"purchasable","23":"product-type-variable","24":"has-default-attributes"},"acf":[],"_links":{"self":[{"href":"https:\/\/showerglasshardware.com\/fr-fr\/wp-json\/wp\/v2\/product\/244","targetHints":{"allow":["GET"]}}],"collection":[{"href":"https:\/\/showerglasshardware.com\/fr-fr\/wp-json\/wp\/v2\/product"}],"about":[{"href":"https:\/\/showerglasshardware.com\/fr-fr\/wp-json\/wp\/v2\/types\/product"}],"replies":[{"embeddable":true,"href":"https:\/\/showerglasshardware.com\/fr-fr\/wp-json\/wp\/v2\/comments?post=244"}],"version-history":[{"count":4,"href":"https:\/\/showerglasshardware.com\/fr-fr\/wp-json\/wp\/v2\/product\/244\/revisions"}],"predecessor-version":[{"id":3386,"href":"https:\/\/showerglasshardware.com\/fr-fr\/wp-json\/wp\/v2\/product\/244\/revisions\/3386"}],"wp:featuredmedia":[{"embeddable":true,"href":"https:\/\/showerglasshardware.com\/fr-fr\/wp-json\/wp\/v2\/media\/2304"}],"wp:attachment":[{"href":"https:\/\/showerglasshardware.com\/fr-fr\/wp-json\/wp\/v2\/media?parent=244"}],"wp:term":[{"taxonomy":"product_brand","embeddable":true,"href":"https:\/\/showerglasshardware.com\/fr-fr\/wp-json\/wp\/v2\/product_brand?post=244"},{"taxonomy":"product_cat","embeddable":true,"href":"https:\/\/showerglasshardware.com\/fr-fr\/wp-json\/wp\/v2\/product_cat?post=244"},{"taxonomy":"product_tag","embeddable":true,"href":"https:\/\/showerglasshardware.com\/fr-fr\/wp-json\/wp\/v2\/product_tag?post=244"}],"curies":[{"name":"wp","href":"https:\/\/api.w.org\/{rel}","templated":true}]}}