{"id":2448,"date":"2024-06-20T06:31:00","date_gmt":"2024-06-20T06:31:00","guid":{"rendered":"https:\/\/showerglasshardware.com\/?post_type=product&#038;p=2448"},"modified":"2025-08-11T06:39:14","modified_gmt":"2025-08-11T06:39:14","slug":"90-degree-adjustable-round-support-bar-u-bracket-sgh-r35","status":"publish","type":"product","link":"https:\/\/showerglasshardware.com\/fr-fr\/product\/90-degree-adjustable-round-support-bar-u-bracket-sgh-r35\/","title":{"rendered":"Barre de support ronde r\u00e9glable \u00e0 90 degr\u00e9s, support en U SGH-R35"},"content":{"rendered":"<p data-start=\"486\" data-end=\"672\">Le support en U pour barre de support ronde ajustable \u00e0 90 degr\u00e9s SGH-R35 est con\u00e7u pour fournir des connexions s\u00fbres et ajustables entre une barre de support ronde et des panneaux de verre de douche sans cadre.<\/p>\n<p data-start=\"674\" data-end=\"951\">Compatible avec le verre tremp\u00e9 monolithique de 0,24\u2033 (6mm) et 0,39\u2033 (10mm), ce support accepte les barres de support rondes \u03a619mm (3\/4\u2033) pour un ajustement pr\u00e9cis et stable. La conception r\u00e9glable \u00e0 90\u00b0 permet une flexibilit\u00e9 lors de l'installation, ce qui la rend id\u00e9ale pour les configurations de douche personnalis\u00e9es.<\/p>\n<p data-start=\"953\" data-end=\"1180\">Fabriqu\u00e9 \u00e0 partir de mat\u00e9riaux de haute qualit\u00e9 et disponible dans plusieurs finitions attrayantes, ce support en U s'int\u00e8gre parfaitement \u00e0 la quincaillerie de douche moderne tout en offrant des performances durables dans les environnements r\u00e9sidentiels et commerciaux.<\/p>\n<p data-start=\"1182\" data-end=\"1201\"><strong data-start=\"1182\" data-end=\"1199\">Principales caract\u00e9ristiques:<\/strong><\/p>\n<ul data-start=\"1202\" data-end=\"1647\">\n<li data-start=\"1202\" data-end=\"1278\">\n<p data-start=\"1204\" data-end=\"1278\"><strong data-start=\"1204\" data-end=\"1230\">Ajustable \u00e0 90\u00b0 Conception :<\/strong> Offre une grande souplesse pour l'agencement des douches<\/p>\n<\/li>\n<li data-start=\"1279\" data-end=\"1351\">\n<p data-start=\"1281\" data-end=\"1351\"><strong data-start=\"1281\" data-end=\"1305\">Compatibilit\u00e9 du verre\u00a0:<\/strong> Convient au verre tremp\u00e9 monolithique de 6 mm et 10 mm<\/p>\n<\/li>\n<li data-start=\"1352\" data-end=\"1416\">\n<p data-start=\"1354\" data-end=\"1416\"><strong data-start=\"1354\" data-end=\"1374\">Barre de soutien :<\/strong> Accepte les barres de support rondes \u03a619mm (3\/4\u2033)<\/p>\n<\/li>\n<li data-start=\"1417\" data-end=\"1477\">\n<p data-start=\"1419\" data-end=\"1477\"><strong data-start=\"1419\" data-end=\"1444\">Construction durable :<\/strong> Solide et r\u00e9sistant \u00e0 la corrosion<\/p>\n<\/li>\n<li data-start=\"1478\" data-end=\"1551\">\n<p data-start=\"1480\" data-end=\"1551\"><strong data-start=\"1480\" data-end=\"1502\">Finitions multiples :<\/strong> S'adapte \u00e0 un large \u00e9ventail de styles de quincaillerie de douche<\/p>\n<\/li>\n<li data-start=\"1552\" data-end=\"1647\">\n<p data-start=\"1554\" data-end=\"1647\"><strong data-start=\"1554\" data-end=\"1571\">Applications :<\/strong> Cabines de douche en verre sans cadre dans les maisons, les h\u00f4tels et les espaces commerciaux<\/p>\n<\/li>\n<\/ul>\n<p data-start=\"1649\" data-end=\"1670\"><strong data-start=\"1649\" data-end=\"1668\">Caract\u00e9ristiques:<\/strong><\/p>\n<ul data-start=\"1671\" data-end=\"1999\">\n<li data-start=\"1671\" data-end=\"1693\">\n<p data-start=\"1673\" data-end=\"1693\"><strong data-start=\"1673\" data-end=\"1683\">Mod\u00e8le :<\/strong> SGH-R35<\/p>\n<\/li>\n<li data-start=\"1694\" data-end=\"1750\">\n<p data-start=\"1696\" data-end=\"1750\"><strong data-start=\"1696\" data-end=\"1705\">Taper:<\/strong> Barre de support ronde r\u00e9glable \u00e0 90\u00b0 Support en U<\/p>\n<\/li>\n<li data-start=\"1751\" data-end=\"1809\">\n<p data-start=\"1753\" data-end=\"1809\"><strong data-start=\"1753\" data-end=\"1778\">S'adapte \u00e0 l'\u00e9paisseur du verre :<\/strong> 6mm (0.24\u2033) et 10mm (0.39\u2033)<\/p>\n<\/li>\n<li data-start=\"1810\" data-end=\"1851\">\n<p data-start=\"1812\" data-end=\"1851\"><strong data-start=\"1812\" data-end=\"1837\">Diam\u00e8tre de la barre de support :<\/strong> 19mm (3\/4\u2033)<\/p>\n<\/li>\n<li data-start=\"1852\" data-end=\"1897\">\n<p data-start=\"1854\" data-end=\"1897\"><strong data-start=\"1854\" data-end=\"1869\">Type de verre :<\/strong> Verre tremp\u00e9 monolithique<\/p>\n<\/li>\n<li data-start=\"1898\" data-end=\"1941\">\n<p data-start=\"1900\" data-end=\"1941\"><strong data-start=\"1900\" data-end=\"1913\">Finitions :<\/strong> Plusieurs options disponibles<\/p>\n<\/li>\n<li data-start=\"1942\" data-end=\"1999\">\n<p data-start=\"1944\" data-end=\"1999\"><strong data-start=\"1944\" data-end=\"1960\">Application:<\/strong> Installations de verre de douche sans cadre<\/p>\n<\/li>\n<\/ul>","protected":false},"excerpt":{"rendered":"<p>\u2022 Pour verre de 0,24\u2033 et 0,39\u2033 (6 et 10 mm)<br \/>\n\u2022\u00a0Utilisez du verre tremp\u00e9 monolithique<br \/>\n\u2022 Les supports acceptent une barre de support de \u03a6 19 mm.<br \/>\n\u2022 Disponible en plusieurs finitions attrayantes<\/p>","protected":false},"featured_media":2457,"comment_status":"open","ping_status":"closed","template":"","meta":{"_acf_changed":false},"product_brand":[],"product_cat":[107,47],"product_tag":[133],"class_list":{"0":"post-2448","1":"product","2":"type-product","3":"status-publish","4":"has-post-thumbnail","6":"product_cat-support-bar-brackets-for-round-bars","7":"product_cat-support-arms-and-bars","8":"product_tag-support-bar-brackets-for-round-bars","9":"pa_finish-brushed-nickel","10":"pa_finish-chrome","11":"pa_finish-gold","12":"pa_finish-gun-metal","13":"pa_finish-black","14":"pa_glass-thickness-6-10-mm","15":"pa_material-brass","17":"first","18":"instock","19":"purchasable","20":"product-type-variable","21":"has-default-attributes"},"acf":[],"_links":{"self":[{"href":"https:\/\/showerglasshardware.com\/fr-fr\/wp-json\/wp\/v2\/product\/2448","targetHints":{"allow":["GET"]}}],"collection":[{"href":"https:\/\/showerglasshardware.com\/fr-fr\/wp-json\/wp\/v2\/product"}],"about":[{"href":"https:\/\/showerglasshardware.com\/fr-fr\/wp-json\/wp\/v2\/types\/product"}],"replies":[{"embeddable":true,"href":"https:\/\/showerglasshardware.com\/fr-fr\/wp-json\/wp\/v2\/comments?post=2448"}],"version-history":[{"count":1,"href":"https:\/\/showerglasshardware.com\/fr-fr\/wp-json\/wp\/v2\/product\/2448\/revisions"}],"predecessor-version":[{"id":4591,"href":"https:\/\/showerglasshardware.com\/fr-fr\/wp-json\/wp\/v2\/product\/2448\/revisions\/4591"}],"wp:featuredmedia":[{"embeddable":true,"href":"https:\/\/showerglasshardware.com\/fr-fr\/wp-json\/wp\/v2\/media\/2457"}],"wp:attachment":[{"href":"https:\/\/showerglasshardware.com\/fr-fr\/wp-json\/wp\/v2\/media?parent=2448"}],"wp:term":[{"taxonomy":"product_brand","embeddable":true,"href":"https:\/\/showerglasshardware.com\/fr-fr\/wp-json\/wp\/v2\/product_brand?post=2448"},{"taxonomy":"product_cat","embeddable":true,"href":"https:\/\/showerglasshardware.com\/fr-fr\/wp-json\/wp\/v2\/product_cat?post=2448"},{"taxonomy":"product_tag","embeddable":true,"href":"https:\/\/showerglasshardware.com\/fr-fr\/wp-json\/wp\/v2\/product_tag?post=2448"}],"curies":[{"name":"wp","href":"https:\/\/api.w.org\/{rel}","templated":true}]}}