{"id":2487,"date":"2024-06-20T07:20:13","date_gmt":"2024-06-20T07:20:13","guid":{"rendered":"https:\/\/showerglasshardware.com\/?post_type=product&#038;p=2487"},"modified":"2025-08-14T08:39:50","modified_gmt":"2025-08-14T08:39:50","slug":"t-shaped-round-tube-to-tube-connector-sgh-r24","status":"publish","type":"product","link":"https:\/\/showerglasshardware.com\/fr-fr\/product\/t-shaped-round-tube-to-tube-connector-sgh-r24\/","title":{"rendered":"Connecteur tube rond en forme de T vers tube SGH-R24"},"content":{"rendered":"<p data-start=\"428\" data-end=\"615\">Le raccord de tube rond \u00e0 tube SGH-R24 est con\u00e7u pour cr\u00e9er des raccords solides et pr\u00e9cis \u00e0 90\u00b0 entre les barres de support de douche rondes dans les cabines de douche en verre sans cadre.<\/p>\n<p data-start=\"617\" data-end=\"872\">Fabriqu\u00e9 en laiton massif, ce connecteur garantit la durabilit\u00e9, la r\u00e9sistance \u00e0 la corrosion et la stabilit\u00e9 \u00e0 long terme. Il est compatible avec les barres de support rondes \u03a619mm (3\/4\u2033) et est disponible dans plusieurs finitions attrayantes pour compl\u00e9ter les designs modernes de la salle de bains.<\/p>\n<p data-start=\"874\" data-end=\"1021\">Id\u00e9al pour les installations r\u00e9sidentielles et commerciales, ce connecteur en forme de T permet de cr\u00e9er une structure de support de douche s\u00fbre et professionnelle.<\/p>\n<p data-start=\"1023\" data-end=\"1042\"><strong data-start=\"1023\" data-end=\"1040\">Principales caract\u00e9ristiques:<\/strong><\/p>\n<ul data-start=\"1043\" data-end=\"1388\">\n<li data-start=\"1043\" data-end=\"1110\">\n<p data-start=\"1045\" data-end=\"1110\"><strong data-start=\"1045\" data-end=\"1058\">Mat\u00e9riel:<\/strong> Laiton massif pour la solidit\u00e9 et la r\u00e9sistance \u00e0 la corrosion<\/p>\n<\/li>\n<li data-start=\"1111\" data-end=\"1166\">\n<p data-start=\"1113\" data-end=\"1166\"><strong data-start=\"1113\" data-end=\"1124\">Conception :<\/strong> Connecteur 90\u00b0 en forme de T pour tube rond<\/p>\n<\/li>\n<li data-start=\"1167\" data-end=\"1226\">\n<p data-start=\"1169\" data-end=\"1226\"><strong data-start=\"1169\" data-end=\"1187\">Compatibilit\u00e9 :<\/strong> Convient aux barres de support rondes \u03a619mm (3\/4\u2033)<\/p>\n<\/li>\n<li data-start=\"1227\" data-end=\"1292\">\n<p data-start=\"1229\" data-end=\"1292\"><strong data-start=\"1229\" data-end=\"1248\">Options de finition :<\/strong> Disponible en plusieurs finitions attrayantes<\/p>\n<\/li>\n<li data-start=\"1293\" data-end=\"1388\">\n<p data-start=\"1295\" data-end=\"1388\"><strong data-start=\"1295\" data-end=\"1312\">Applications :<\/strong> Cabines de douche en verre sans cadre dans les maisons, les h\u00f4tels et les espaces commerciaux<\/p>\n<\/li>\n<\/ul>\n<p data-start=\"1390\" data-end=\"1411\"><strong data-start=\"1390\" data-end=\"1409\">Caract\u00e9ristiques:<\/strong><\/p>\n<ul data-start=\"1412\" data-end=\"1664\">\n<li data-start=\"1412\" data-end=\"1434\">\n<p data-start=\"1414\" data-end=\"1434\"><strong data-start=\"1414\" data-end=\"1424\">Mod\u00e8le :<\/strong> SGH-R24<\/p>\n<\/li>\n<li data-start=\"1435\" data-end=\"1484\">\n<p data-start=\"1437\" data-end=\"1484\"><strong data-start=\"1437\" data-end=\"1446\">Taper:<\/strong> Connecteur en T \u00e0 90\u00b0 de tube \u00e0 tube<\/p>\n<\/li>\n<li data-start=\"1485\" data-end=\"1508\">\n<p data-start=\"1487\" data-end=\"1508\"><strong data-start=\"1487\" data-end=\"1500\">Mat\u00e9riel:<\/strong> Laiton<\/p>\n<\/li>\n<li data-start=\"1509\" data-end=\"1557\">\n<p data-start=\"1511\" data-end=\"1557\"><strong data-start=\"1511\" data-end=\"1532\">S'adapte \u00e0 la taille du tube :<\/strong> \u03a619mm (3\/4\u2033) barre ronde<\/p>\n<\/li>\n<li data-start=\"1558\" data-end=\"1601\">\n<p data-start=\"1560\" data-end=\"1601\"><strong data-start=\"1560\" data-end=\"1573\">Finitions :<\/strong> Plusieurs options disponibles<\/p>\n<\/li>\n<li data-start=\"1602\" data-end=\"1664\">\n<p data-start=\"1604\" data-end=\"1664\"><strong data-start=\"1604\" data-end=\"1620\">Application:<\/strong> Structures de support de douche en verre sans cadre<\/p>\n<\/li>\n<\/ul>","protected":false},"excerpt":{"rendered":"<ul>\n<li>Connecteur tube \u00e0 tube \u00e0 90 degr\u00e9s<\/li>\n<li>Les supports acceptent la barre de support de \u03a619 mm<\/li>\n<li>Disponible en plusieurs finitions attrayantes<\/li>\n<\/ul>","protected":false},"featured_media":2488,"comment_status":"open","ping_status":"closed","template":"","meta":{"_acf_changed":false},"product_brand":[],"product_cat":[107,47],"product_tag":[133],"class_list":{"0":"post-2487","1":"product","2":"type-product","3":"status-publish","4":"has-post-thumbnail","6":"product_cat-support-bar-brackets-for-round-bars","7":"product_cat-support-arms-and-bars","8":"product_tag-support-bar-brackets-for-round-bars","9":"pa_finish-brushed-nickel","10":"pa_finish-chrome","11":"pa_finish-gold","12":"pa_finish-gun-metal","13":"pa_finish-black","14":"pa_material-304-stainless-steel","16":"first","17":"instock","18":"purchasable","19":"product-type-variable","20":"has-default-attributes"},"acf":[],"_links":{"self":[{"href":"https:\/\/showerglasshardware.com\/fr-fr\/wp-json\/wp\/v2\/product\/2487","targetHints":{"allow":["GET"]}}],"collection":[{"href":"https:\/\/showerglasshardware.com\/fr-fr\/wp-json\/wp\/v2\/product"}],"about":[{"href":"https:\/\/showerglasshardware.com\/fr-fr\/wp-json\/wp\/v2\/types\/product"}],"replies":[{"embeddable":true,"href":"https:\/\/showerglasshardware.com\/fr-fr\/wp-json\/wp\/v2\/comments?post=2487"}],"version-history":[{"count":2,"href":"https:\/\/showerglasshardware.com\/fr-fr\/wp-json\/wp\/v2\/product\/2487\/revisions"}],"predecessor-version":[{"id":4661,"href":"https:\/\/showerglasshardware.com\/fr-fr\/wp-json\/wp\/v2\/product\/2487\/revisions\/4661"}],"wp:featuredmedia":[{"embeddable":true,"href":"https:\/\/showerglasshardware.com\/fr-fr\/wp-json\/wp\/v2\/media\/2488"}],"wp:attachment":[{"href":"https:\/\/showerglasshardware.com\/fr-fr\/wp-json\/wp\/v2\/media?parent=2487"}],"wp:term":[{"taxonomy":"product_brand","embeddable":true,"href":"https:\/\/showerglasshardware.com\/fr-fr\/wp-json\/wp\/v2\/product_brand?post=2487"},{"taxonomy":"product_cat","embeddable":true,"href":"https:\/\/showerglasshardware.com\/fr-fr\/wp-json\/wp\/v2\/product_cat?post=2487"},{"taxonomy":"product_tag","embeddable":true,"href":"https:\/\/showerglasshardware.com\/fr-fr\/wp-json\/wp\/v2\/product_tag?post=2487"}],"curies":[{"name":"wp","href":"https:\/\/api.w.org\/{rel}","templated":true}]}}