{"id":2536,"date":"2024-06-21T02:35:38","date_gmt":"2024-06-21T02:35:38","guid":{"rendered":"https:\/\/showerglasshardware.com\/?post_type=product&#038;p=2536"},"modified":"2025-04-30T02:57:48","modified_gmt":"2025-04-30T02:57:48","slug":"f-jamb-shower-door-seal","status":"publish","type":"product","link":"https:\/\/showerglasshardware.com\/fr-fr\/product\/f-jamb-shower-door-seal\/","title":{"rendered":"Joint de porte de douche \u00e0 montant F"},"content":{"rendered":"<p>Le produit de la bande d&#039;\u00e9tanch\u00e9it\u00e9 pour porte de douche est fabriqu\u00e9 en PVC. Le clip est dur et les bords sont souples, permettant une installation sans colle.<\/p>\n<p>La longueur d&#039;exp\u00e9dition peut \u00eatre r\u00e9duite de 2,2 m\u00e8tres \u00e0 1,1 m\u00e8tres. <a href=\"https:\/\/showerglasshardware.com\/index.php\/contact\/\">Veuillez contacter le service client<\/a>.<\/p>","protected":false},"excerpt":{"rendered":"<ul>\n<li>Joint de porte de douche pour montant F : Pour les portes d\u00e9cal\u00e9es, \u00e9carts de 90<\/li>\n<li>Choisissez en fonction de l&#039;\u00e9paisseur du verre.<\/li>\n<li>Plage d'\u00e9tanch\u00e9it\u00e9 : Scelle des espaces de 10 \u00e0 15 mm<\/li>\n<\/ul>","protected":false},"featured_media":2546,"comment_status":"open","ping_status":"closed","template":"","meta":{"_acf_changed":false},"product_brand":[],"product_cat":[114,154],"product_tag":[132],"class_list":{"0":"post-2536","1":"product","2":"type-product","3":"status-publish","4":"has-post-thumbnail","6":"product_cat-shower-door-seals","7":"product_cat-f-shape-shower-door-seal","8":"product_tag-shower-door-seal","9":"pa_finish-customized-colors","10":"pa_finish-black","11":"pa_finish-white","12":"pa_glass-thickness-1-2-inch-12mm","13":"pa_glass-thickness-3-8-inch-10mm","14":"pa_glass-thickness-5-16-inch-8mm","15":"pa_material-vinyl","17":"first","18":"instock","19":"purchasable","20":"product-type-variable"},"acf":[],"_links":{"self":[{"href":"https:\/\/showerglasshardware.com\/fr-fr\/wp-json\/wp\/v2\/product\/2536","targetHints":{"allow":["GET"]}}],"collection":[{"href":"https:\/\/showerglasshardware.com\/fr-fr\/wp-json\/wp\/v2\/product"}],"about":[{"href":"https:\/\/showerglasshardware.com\/fr-fr\/wp-json\/wp\/v2\/types\/product"}],"replies":[{"embeddable":true,"href":"https:\/\/showerglasshardware.com\/fr-fr\/wp-json\/wp\/v2\/comments?post=2536"}],"version-history":[{"count":2,"href":"https:\/\/showerglasshardware.com\/fr-fr\/wp-json\/wp\/v2\/product\/2536\/revisions"}],"predecessor-version":[{"id":4509,"href":"https:\/\/showerglasshardware.com\/fr-fr\/wp-json\/wp\/v2\/product\/2536\/revisions\/4509"}],"wp:featuredmedia":[{"embeddable":true,"href":"https:\/\/showerglasshardware.com\/fr-fr\/wp-json\/wp\/v2\/media\/2546"}],"wp:attachment":[{"href":"https:\/\/showerglasshardware.com\/fr-fr\/wp-json\/wp\/v2\/media?parent=2536"}],"wp:term":[{"taxonomy":"product_brand","embeddable":true,"href":"https:\/\/showerglasshardware.com\/fr-fr\/wp-json\/wp\/v2\/product_brand?post=2536"},{"taxonomy":"product_cat","embeddable":true,"href":"https:\/\/showerglasshardware.com\/fr-fr\/wp-json\/wp\/v2\/product_cat?post=2536"},{"taxonomy":"product_tag","embeddable":true,"href":"https:\/\/showerglasshardware.com\/fr-fr\/wp-json\/wp\/v2\/product_tag?post=2536"}],"curies":[{"name":"wp","href":"https:\/\/api.w.org\/{rel}","templated":true}]}}