{"id":2551,"date":"2024-06-21T03:08:55","date_gmt":"2024-06-21T03:08:55","guid":{"rendered":"https:\/\/showerglasshardware.com\/?post_type=product&#038;p=2551"},"modified":"2025-04-30T02:56:55","modified_gmt":"2025-04-30T02:56:55","slug":"translucent-u-shower-door-seal","status":"publish","type":"product","link":"https:\/\/showerglasshardware.com\/fr-fr\/product\/translucent-u-shower-door-seal\/","title":{"rendered":"Joint de porte de douche translucide en forme de U"},"content":{"rendered":"<p>Le produit de la bande d&#039;\u00e9tanch\u00e9it\u00e9 pour porte de douche est fabriqu\u00e9 en PVC. Le clip est dur et les bords sont souples, permettant une installation sans colle.<\/p>\n<p>La longueur d&#039;exp\u00e9dition peut \u00eatre r\u00e9duite de 2,2 m\u00e8tres \u00e0 1,1 m\u00e8tres. <a href=\"https:\/\/showerglasshardware.com\/index.php\/contact\/\">Veuillez contacter le service client<\/a>.<\/p>","protected":false},"excerpt":{"rendered":"<ul>\n<li>Joint de porte de douche translucide en forme de U : Convient \u00e0 divers types de portes en verre<\/li>\n<li>Choisissez en fonction de l&#039;\u00e9paisseur du verre.<\/li>\n<li>Plage d'\u00e9tanch\u00e9it\u00e9 : Espaces inf\u00e9rieurs \u00e0 7 mm<\/li>\n<\/ul>","protected":false},"featured_media":2561,"comment_status":"open","ping_status":"closed","template":"","meta":{"_acf_changed":false},"product_brand":[],"product_cat":[114,151],"product_tag":[132],"class_list":{"0":"post-2551","1":"product","2":"type-product","3":"status-publish","4":"has-post-thumbnail","6":"product_cat-shower-door-seals","7":"product_cat-shower-door-bulb-seal","8":"product_tag-shower-door-seal","9":"pa_finish-black","10":"pa_finish-white","11":"pa_glass-thickness-10mm-or-0-39","12":"pa_glass-thickness-12mm-or-0-47","13":"pa_glass-thickness-8mm-or-0-32","14":"pa_material-vinyl","16":"first","17":"instock","18":"purchasable","19":"product-type-variable"},"acf":[],"_links":{"self":[{"href":"https:\/\/showerglasshardware.com\/fr-fr\/wp-json\/wp\/v2\/product\/2551","targetHints":{"allow":["GET"]}}],"collection":[{"href":"https:\/\/showerglasshardware.com\/fr-fr\/wp-json\/wp\/v2\/product"}],"about":[{"href":"https:\/\/showerglasshardware.com\/fr-fr\/wp-json\/wp\/v2\/types\/product"}],"replies":[{"embeddable":true,"href":"https:\/\/showerglasshardware.com\/fr-fr\/wp-json\/wp\/v2\/comments?post=2551"}],"version-history":[{"count":3,"href":"https:\/\/showerglasshardware.com\/fr-fr\/wp-json\/wp\/v2\/product\/2551\/revisions"}],"predecessor-version":[{"id":3751,"href":"https:\/\/showerglasshardware.com\/fr-fr\/wp-json\/wp\/v2\/product\/2551\/revisions\/3751"}],"wp:featuredmedia":[{"embeddable":true,"href":"https:\/\/showerglasshardware.com\/fr-fr\/wp-json\/wp\/v2\/media\/2561"}],"wp:attachment":[{"href":"https:\/\/showerglasshardware.com\/fr-fr\/wp-json\/wp\/v2\/media?parent=2551"}],"wp:term":[{"taxonomy":"product_brand","embeddable":true,"href":"https:\/\/showerglasshardware.com\/fr-fr\/wp-json\/wp\/v2\/product_brand?post=2551"},{"taxonomy":"product_cat","embeddable":true,"href":"https:\/\/showerglasshardware.com\/fr-fr\/wp-json\/wp\/v2\/product_cat?post=2551"},{"taxonomy":"product_tag","embeddable":true,"href":"https:\/\/showerglasshardware.com\/fr-fr\/wp-json\/wp\/v2\/product_tag?post=2551"}],"curies":[{"name":"wp","href":"https:\/\/api.w.org\/{rel}","templated":true}]}}