{"id":2575,"date":"2024-06-21T05:56:51","date_gmt":"2024-06-21T05:56:51","guid":{"rendered":"https:\/\/showerglasshardware.com\/?post_type=product&#038;p=2575"},"modified":"2025-04-30T02:52:19","modified_gmt":"2025-04-30T02:52:19","slug":"shower-door-single-fin-bottom-seal","status":"publish","type":"product","link":"https:\/\/showerglasshardware.com\/fr-fr\/product\/shower-door-single-fin-bottom-seal\/","title":{"rendered":"Joint de bas de porte de douche 10mm"},"content":{"rendered":"<p>Le produit de la bande d&#039;\u00e9tanch\u00e9it\u00e9 pour porte de douche est fabriqu\u00e9 en PVC. Le clip est dur et les bords sont souples, permettant une installation sans colle.<\/p>\n<p>La longueur d&#039;exp\u00e9dition peut \u00eatre r\u00e9duite de 2,2 m\u00e8tres \u00e0 1,1 m\u00e8tres. <a href=\"https:\/\/showerglasshardware.com\/index.php\/contact\/\">Veuillez contacter le service client<\/a>.<\/p>","protected":false},"excerpt":{"rendered":"<ul>\n<li>Joint de bas de porte de douche simple : Convient \u00e0 diff\u00e9rents types de portes en verre<\/li>\n<li>Les joints de porte de douche utilisent le fond en verre<\/li>\n<li>Plage d'\u00e9tanch\u00e9it\u00e9 : Espaces de 10 \u00e0 15 mm<\/li>\n<\/ul>","protected":false},"featured_media":2585,"comment_status":"open","ping_status":"closed","template":"","meta":{"_acf_changed":false},"product_brand":[],"product_cat":[114,155],"product_tag":[132],"class_list":{"0":"post-2575","1":"product","2":"type-product","3":"status-publish","4":"has-post-thumbnail","6":"product_cat-shower-door-seals","7":"product_cat-one-piece-bottom-rail-seal","8":"product_tag-shower-door-seal","9":"pa_finish-customized-colors","10":"pa_finish-white","11":"pa_glass-thickness-1-2-inch-12mm","12":"pa_glass-thickness-3-8-inch-10mm","13":"pa_glass-thickness-5-16-inch-8mm","14":"pa_material-vinyl","16":"first","17":"instock","18":"purchasable","19":"product-type-variable"},"acf":[],"_links":{"self":[{"href":"https:\/\/showerglasshardware.com\/fr-fr\/wp-json\/wp\/v2\/product\/2575","targetHints":{"allow":["GET"]}}],"collection":[{"href":"https:\/\/showerglasshardware.com\/fr-fr\/wp-json\/wp\/v2\/product"}],"about":[{"href":"https:\/\/showerglasshardware.com\/fr-fr\/wp-json\/wp\/v2\/types\/product"}],"replies":[{"embeddable":true,"href":"https:\/\/showerglasshardware.com\/fr-fr\/wp-json\/wp\/v2\/comments?post=2575"}],"version-history":[{"count":3,"href":"https:\/\/showerglasshardware.com\/fr-fr\/wp-json\/wp\/v2\/product\/2575\/revisions"}],"predecessor-version":[{"id":3749,"href":"https:\/\/showerglasshardware.com\/fr-fr\/wp-json\/wp\/v2\/product\/2575\/revisions\/3749"}],"wp:featuredmedia":[{"embeddable":true,"href":"https:\/\/showerglasshardware.com\/fr-fr\/wp-json\/wp\/v2\/media\/2585"}],"wp:attachment":[{"href":"https:\/\/showerglasshardware.com\/fr-fr\/wp-json\/wp\/v2\/media?parent=2575"}],"wp:term":[{"taxonomy":"product_brand","embeddable":true,"href":"https:\/\/showerglasshardware.com\/fr-fr\/wp-json\/wp\/v2\/product_brand?post=2575"},{"taxonomy":"product_cat","embeddable":true,"href":"https:\/\/showerglasshardware.com\/fr-fr\/wp-json\/wp\/v2\/product_cat?post=2575"},{"taxonomy":"product_tag","embeddable":true,"href":"https:\/\/showerglasshardware.com\/fr-fr\/wp-json\/wp\/v2\/product_tag?post=2575"}],"curies":[{"name":"wp","href":"https:\/\/api.w.org\/{rel}","templated":true}]}}