{"id":2697,"date":"2024-06-29T13:37:08","date_gmt":"2024-06-29T13:37:08","guid":{"rendered":"https:\/\/showerglasshardware.com\/?post_type=product&#038;p=2697"},"modified":"2025-11-21T06:44:47","modified_gmt":"2025-11-21T06:44:47","slug":"bathtub-screen-brass-shower-door-hinge-sgh-1204l","status":"publish","type":"product","link":"https:\/\/showerglasshardware.com\/fr-fr\/product\/bathtub-screen-brass-shower-door-hinge-sgh-1204l\/","title":{"rendered":"Charni\u00e8re de porte de douche en laiton pour \u00e9cran de baignoire SGH-1204L"},"content":{"rendered":"<h3>Vue d'ensemble des charni\u00e8res de portes de douche<\/h3>\n<p>Les charni\u00e8res de porte de douche en laiton pour \u00e9crans en verre de baignoire sont des composants essentiels qui permettent de cr\u00e9er une porte en verre de baignoire \u00e9l\u00e9gante et fonctionnelle. Elles sont install\u00e9es aux deux extr\u00e9mit\u00e9s d'un c\u00f4t\u00e9 pour s\u00e9curiser efficacement la porte.<\/p>\n<h3>Principales caract\u00e9ristiques<\/h3>\n<p>Ces charni\u00e8res de douche sont de construction robuste et utilisent des mat\u00e9riaux de haute qualit\u00e9. <a href=\"https:\/\/showerglasshardware.com\/fr-fr\/materiel\/brass\/\">mat\u00e9riau en laiton<\/a> qui garantit la durabilit\u00e9. Sp\u00e9cifiquement con\u00e7ues pour des \u00e9paisseurs de verre allant de 6 \u00e0 8 mm (0,24\u2033-0,32\u2033), ces charni\u00e8res sont parfaites pour les salles de bains modernes.<\/p>\n<h3>M\u00e9canisme de fermeture automatique<\/h3>\n<p>L'une des principales caract\u00e9ristiques de nos charni\u00e8res pour portes de douche est leur capacit\u00e9 de fermeture automatique. En se fermant \u00e0 un angle d'environ 30\u00b0, ces charni\u00e8res am\u00e9liorent la commodit\u00e9 tout en pr\u00e9servant l'esth\u00e9tique de votre salle de bains.<\/p>\n<h3>Principales sp\u00e9cifications techniques<\/h3>\n<p>&nbsp;<\/p>\n<ul data-path-to-node=\"3\">\n<li>\n<p data-path-to-node=\"3,0,0\"><b>Mod\u00e8le<\/b>: SGH-BT101<\/p>\n<\/li>\n<li>\n<p data-path-to-node=\"3,1,0\"><b>Installation<\/b>: Montage mural (verre-mur)<\/p>\n<\/li>\n<li>\n<p data-path-to-node=\"3,2,0\"><b>Palier de charge<\/b>: 50kg (environ 110lbs) par paire - <i>Usage intensif<\/i><\/p>\n<\/li>\n<li>\n<p data-path-to-node=\"3,3,0\"><b>Compatibilit\u00e9 du verre<\/b>: 10mm - 12mm (3\/8\u2033 - 1\/2\u2033)<\/p>\n<\/li>\n<li>\n<p data-path-to-node=\"3,4,0\"><b>Mat\u00e9riel<\/b>: Laiton massif<\/p>\n<\/li>\n<li>\n<p data-path-to-node=\"3,5,0\"><b>Fonction<\/b>: Auto-centrage (fermeture automatique \u00e0 ~30\u00b0)<\/p>\n<\/li>\n<\/ul>","protected":false},"excerpt":{"rendered":"<ul>\n<li>Charni\u00e8res de douche pour parois de baignoire en verre\u00a0;<\/li>\n<li>Mat\u00e9riel: Laiton<\/li>\n<li>\u00c9paisseur du verre : 6-8 mm \/ 0,24\u2033- 0,32\u2033 ;<\/li>\n<li>Fermeture automatique \u00e0 environ 30\u00b0\u00a0;<\/li>\n<\/ul>","protected":false},"featured_media":3036,"comment_status":"open","ping_status":"closed","template":"","meta":{"_acf_changed":false},"product_brand":[],"product_cat":[20,22],"product_tag":[171],"class_list":{"0":"post-2697","1":"product","2":"type-product","3":"status-publish","4":"has-post-thumbnail","6":"product_cat-shower-door-hinges","7":"product_cat-glass-to-glass-hinges","8":"product_tag-glass-to-glass-hinges","9":"pa_closing-type-self-closing-at-about-30","10":"pa_finish-brushed-nickel","11":"pa_finish-chrome","12":"pa_finish-gold","13":"pa_finish-gun-metal","14":"pa_finish-black","15":"pa_glass-thickness-6-8mm-0-24-0-32","16":"pa_hinge-swings-30","17":"pa_load-bearing-45kg-2pcs","18":"pa_material-brass","20":"first","21":"instock","22":"purchasable","23":"product-type-variable"},"acf":[],"_links":{"self":[{"href":"https:\/\/showerglasshardware.com\/fr-fr\/wp-json\/wp\/v2\/product\/2697","targetHints":{"allow":["GET"]}}],"collection":[{"href":"https:\/\/showerglasshardware.com\/fr-fr\/wp-json\/wp\/v2\/product"}],"about":[{"href":"https:\/\/showerglasshardware.com\/fr-fr\/wp-json\/wp\/v2\/types\/product"}],"replies":[{"embeddable":true,"href":"https:\/\/showerglasshardware.com\/fr-fr\/wp-json\/wp\/v2\/comments?post=2697"}],"version-history":[{"count":5,"href":"https:\/\/showerglasshardware.com\/fr-fr\/wp-json\/wp\/v2\/product\/2697\/revisions"}],"predecessor-version":[{"id":5021,"href":"https:\/\/showerglasshardware.com\/fr-fr\/wp-json\/wp\/v2\/product\/2697\/revisions\/5021"}],"wp:featuredmedia":[{"embeddable":true,"href":"https:\/\/showerglasshardware.com\/fr-fr\/wp-json\/wp\/v2\/media\/3036"}],"wp:attachment":[{"href":"https:\/\/showerglasshardware.com\/fr-fr\/wp-json\/wp\/v2\/media?parent=2697"}],"wp:term":[{"taxonomy":"product_brand","embeddable":true,"href":"https:\/\/showerglasshardware.com\/fr-fr\/wp-json\/wp\/v2\/product_brand?post=2697"},{"taxonomy":"product_cat","embeddable":true,"href":"https:\/\/showerglasshardware.com\/fr-fr\/wp-json\/wp\/v2\/product_cat?post=2697"},{"taxonomy":"product_tag","embeddable":true,"href":"https:\/\/showerglasshardware.com\/fr-fr\/wp-json\/wp\/v2\/product_tag?post=2697"}],"curies":[{"name":"wp","href":"https:\/\/api.w.org\/{rel}","templated":true}]}}