{"id":2712,"date":"2024-07-06T02:24:51","date_gmt":"2024-07-06T02:24:51","guid":{"rendered":"https:\/\/showerglasshardware.com\/?post_type=product&#038;p=2712"},"modified":"2025-08-13T13:47:41","modified_gmt":"2025-08-13T13:47:41","slug":"shower-room-support-square-bar-connector-rc52","status":"publish","type":"product","link":"https:\/\/showerglasshardware.com\/fr-fr\/product\/shower-room-support-square-bar-connector-rc52\/","title":{"rendered":"Connecteur de barre carr\u00e9e de support pour cabine de douche RC52"},"content":{"rendered":"<p data-start=\"386\" data-end=\"684\">Le connecteur de barre carr\u00e9e de support de salle de douche RC52 est une solution haut de gamme pour connecter les barres carr\u00e9es de support dans les cabines de douche sans cadre. Fabriqu\u00e9 en laiton massif, ce connecteur offre solidit\u00e9, durabilit\u00e9 et r\u00e9sistance \u00e0 la corrosion, garantissant des performances durables dans les environnements humides.<\/p>\n<p data-start=\"686\" data-end=\"963\">Con\u00e7u pour des tubes carr\u00e9s de 3\/4\u2033 (19 mm), il permet des connexions faciles et s\u00fbres entre les barres \u00e0 un angle de 90\u00b0, cr\u00e9ant ainsi un cadre solide pour votre salle de douche. Id\u00e9al pour les applications r\u00e9sidentielles et commerciales, il am\u00e9liore la stabilit\u00e9 de votre installation de douche.<\/p>\n<p data-start=\"965\" data-end=\"984\"><strong data-start=\"965\" data-end=\"982\">Principales caract\u00e9ristiques:<\/strong><\/p>\n<ul data-start=\"985\" data-end=\"1245\">\n<li data-start=\"985\" data-end=\"1052\">\n<p data-start=\"987\" data-end=\"1052\"><strong data-start=\"987\" data-end=\"1000\">Mat\u00e9riel:<\/strong> Laiton massif pour la solidit\u00e9 et la r\u00e9sistance \u00e0 la corrosion<\/p>\n<\/li>\n<li data-start=\"1053\" data-end=\"1100\">\n<p data-start=\"1055\" data-end=\"1100\"><strong data-start=\"1055\" data-end=\"1066\">Conception :<\/strong> Raccord \u00e0 90\u00b0 pour tube carr\u00e9<\/p>\n<\/li>\n<li data-start=\"1101\" data-end=\"1162\">\n<p data-start=\"1103\" data-end=\"1162\"><strong data-start=\"1103\" data-end=\"1121\">Compatibilit\u00e9 :<\/strong> Convient pour les tubes carr\u00e9s de 3\/4\u2033 (19mm)<\/p>\n<\/li>\n<li data-start=\"1163\" data-end=\"1245\">\n<p data-start=\"1165\" data-end=\"1245\"><strong data-start=\"1165\" data-end=\"1182\">Applications :<\/strong> Cabines de douche en verre sans cadre et installations de salles de bains<\/p>\n<\/li>\n<\/ul>\n<p data-start=\"1247\" data-end=\"1268\"><strong data-start=\"1247\" data-end=\"1266\">Caract\u00e9ristiques:<\/strong><\/p>\n<ul data-start=\"1269\" data-end=\"1455\">\n<li data-start=\"1269\" data-end=\"1288\">\n<p data-start=\"1271\" data-end=\"1288\"><strong data-start=\"1271\" data-end=\"1281\">Mod\u00e8le :<\/strong> RC52<\/p>\n<\/li>\n<li data-start=\"1289\" data-end=\"1312\">\n<p data-start=\"1291\" data-end=\"1312\"><strong data-start=\"1291\" data-end=\"1304\">Mat\u00e9riel:<\/strong> Laiton<\/p>\n<\/li>\n<li data-start=\"1313\" data-end=\"1351\">\n<p data-start=\"1315\" data-end=\"1351\"><strong data-start=\"1315\" data-end=\"1324\">Taper:<\/strong> Connecteur de barre carr\u00e9e \u00e0 90<\/p>\n<\/li>\n<li data-start=\"1352\" data-end=\"1400\">\n<p data-start=\"1354\" data-end=\"1400\"><strong data-start=\"1354\" data-end=\"1372\">Compatibilit\u00e9 :<\/strong> Tube carr\u00e9 de 3\/4\u2033 (19mm)<\/p>\n<\/li>\n<li data-start=\"1401\" data-end=\"1455\">\n<p data-start=\"1403\" data-end=\"1455\"><strong data-start=\"1403\" data-end=\"1419\">Application:<\/strong> Parois de douche en verre sans cadre<\/p>\n<\/li>\n<\/ul>","protected":false},"excerpt":{"rendered":"<ul>\n<li>Prise en charge du connecteur \u00e0 barre carr\u00e9e\u00a0;<\/li>\n<li>Convient aux tubes carr\u00e9s de 3\/4\u2033 (19 mm)\u00a0;<\/li>\n<li>Connecteur de raccords en laiton massif barre \u00e0 barre 90\u00b0\u00a0;<\/li>\n<\/ul>","protected":false},"featured_media":2713,"comment_status":"open","ping_status":"closed","template":"","meta":{"_acf_changed":false},"product_brand":[],"product_cat":[108],"product_tag":[137],"class_list":{"0":"post-2712","1":"product","2":"type-product","3":"status-publish","4":"has-post-thumbnail","6":"product_cat-support-bar-brackets-for-square-bars","7":"product_tag-support-bar-brackets-for-square-bars","8":"pa_finish-brushed-nickel","9":"pa_finish-chrome","10":"pa_finish-gold","11":"pa_finish-gun-metal","12":"pa_finish-black","13":"pa_material-brass","15":"first","16":"instock","17":"purchasable","18":"product-type-variable","19":"has-default-attributes"},"acf":[],"_links":{"self":[{"href":"https:\/\/showerglasshardware.com\/fr-fr\/wp-json\/wp\/v2\/product\/2712","targetHints":{"allow":["GET"]}}],"collection":[{"href":"https:\/\/showerglasshardware.com\/fr-fr\/wp-json\/wp\/v2\/product"}],"about":[{"href":"https:\/\/showerglasshardware.com\/fr-fr\/wp-json\/wp\/v2\/types\/product"}],"replies":[{"embeddable":true,"href":"https:\/\/showerglasshardware.com\/fr-fr\/wp-json\/wp\/v2\/comments?post=2712"}],"version-history":[{"count":3,"href":"https:\/\/showerglasshardware.com\/fr-fr\/wp-json\/wp\/v2\/product\/2712\/revisions"}],"predecessor-version":[{"id":4649,"href":"https:\/\/showerglasshardware.com\/fr-fr\/wp-json\/wp\/v2\/product\/2712\/revisions\/4649"}],"wp:featuredmedia":[{"embeddable":true,"href":"https:\/\/showerglasshardware.com\/fr-fr\/wp-json\/wp\/v2\/media\/2713"}],"wp:attachment":[{"href":"https:\/\/showerglasshardware.com\/fr-fr\/wp-json\/wp\/v2\/media?parent=2712"}],"wp:term":[{"taxonomy":"product_brand","embeddable":true,"href":"https:\/\/showerglasshardware.com\/fr-fr\/wp-json\/wp\/v2\/product_brand?post=2712"},{"taxonomy":"product_cat","embeddable":true,"href":"https:\/\/showerglasshardware.com\/fr-fr\/wp-json\/wp\/v2\/product_cat?post=2712"},{"taxonomy":"product_tag","embeddable":true,"href":"https:\/\/showerglasshardware.com\/fr-fr\/wp-json\/wp\/v2\/product_tag?post=2712"}],"curies":[{"name":"wp","href":"https:\/\/api.w.org\/{rel}","templated":true}]}}