{"id":2727,"date":"2024-06-30T08:40:31","date_gmt":"2024-06-30T08:40:31","guid":{"rendered":"https:\/\/showerglasshardware.com\/?post_type=product&#038;p=2727"},"modified":"2025-08-14T08:36:49","modified_gmt":"2025-08-14T08:36:49","slug":"shower-square-support-bar-wall-mount-bracket-rc44","status":"publish","type":"product","link":"https:\/\/showerglasshardware.com\/fr-fr\/product\/shower-square-support-bar-wall-mount-bracket-rc44\/","title":{"rendered":"Barre de support carr\u00e9e pour douche, support mural RC44"},"content":{"rendered":"<p data-start=\"430\" data-end=\"600\">Le support mural pour barre de soutien carr\u00e9e RC44 Shower est une solution durable et \u00e9l\u00e9gante pour fixer les barres de soutien carr\u00e9es au mur dans les cabines de douche sans cadre.<\/p>\n<p data-start=\"602\" data-end=\"914\">Fabriqu\u00e9 en laiton massif, ce support offre une excellente solidit\u00e9 et une r\u00e9sistance \u00e0 la corrosion, garantissant des performances durables, m\u00eame dans les salles de bains humides. Con\u00e7u pour des tubes carr\u00e9s de 3\/4\u2033 (19 mm), il offre un ajustement s\u00fbr et pr\u00e9cis, ce qui le rend id\u00e9al pour les applications r\u00e9sidentielles et commerciales.<\/p>\n<p data-start=\"916\" data-end=\"935\"><strong data-start=\"916\" data-end=\"933\">Principales caract\u00e9ristiques:<\/strong><\/p>\n<ul data-start=\"936\" data-end=\"1232\">\n<li data-start=\"936\" data-end=\"1003\">\n<p data-start=\"938\" data-end=\"1003\"><strong data-start=\"938\" data-end=\"951\">Mat\u00e9riel:<\/strong> Laiton massif pour la solidit\u00e9 et la r\u00e9sistance \u00e0 la corrosion<\/p>\n<\/li>\n<li data-start=\"1004\" data-end=\"1069\">\n<p data-start=\"1006\" data-end=\"1069\"><strong data-start=\"1006\" data-end=\"1017\">Conception :<\/strong> Support mural pour barres de support de douche carr\u00e9es<\/p>\n<\/li>\n<li data-start=\"1070\" data-end=\"1123\">\n<p data-start=\"1072\" data-end=\"1123\"><strong data-start=\"1072\" data-end=\"1090\">Compatibilit\u00e9 :<\/strong> Convient aux tubes carr\u00e9s de 3\/4\u2033 (19mm)<\/p>\n<\/li>\n<li data-start=\"1124\" data-end=\"1232\">\n<p data-start=\"1126\" data-end=\"1232\"><strong data-start=\"1126\" data-end=\"1143\">Applications :<\/strong> Convient aux cabines de douche en verre sans cadre dans les maisons, les h\u00f4tels et les espaces commerciaux.<\/p>\n<\/li>\n<\/ul>\n<p data-start=\"1234\" data-end=\"1255\"><strong data-start=\"1234\" data-end=\"1253\">Caract\u00e9ristiques:<\/strong><\/p>\n<ul data-start=\"1256\" data-end=\"1459\">\n<li data-start=\"1256\" data-end=\"1275\">\n<p data-start=\"1258\" data-end=\"1275\"><strong data-start=\"1258\" data-end=\"1268\">Mod\u00e8le :<\/strong> RC44<\/p>\n<\/li>\n<li data-start=\"1276\" data-end=\"1334\">\n<p data-start=\"1278\" data-end=\"1334\"><strong data-start=\"1278\" data-end=\"1287\">Taper:<\/strong> Barre de support de douche carr\u00e9e pour montage mural<\/p>\n<\/li>\n<li data-start=\"1335\" data-end=\"1358\">\n<p data-start=\"1337\" data-end=\"1358\"><strong data-start=\"1337\" data-end=\"1350\">Mat\u00e9riel:<\/strong> Laiton<\/p>\n<\/li>\n<li data-start=\"1359\" data-end=\"1410\">\n<p data-start=\"1361\" data-end=\"1410\"><strong data-start=\"1361\" data-end=\"1382\">S'adapte \u00e0 la taille du tube :<\/strong> Tube carr\u00e9 de 3\/4\u2033 (19mm)<\/p>\n<\/li>\n<li data-start=\"1411\" data-end=\"1459\">\n<p data-start=\"1413\" data-end=\"1459\"><strong data-start=\"1413\" data-end=\"1429\">Application:<\/strong> Structures de douche sans cadre<\/p>\n<\/li>\n<\/ul>","protected":false},"excerpt":{"rendered":"<ul>\n<li>Mat\u00e9riel: Laiton<\/li>\n<li>Convient aux tubes carr\u00e9s de 3\/4\u2033 (19 mm)<\/li>\n<li>Support de montage mural pour barre de support carr\u00e9e de douche<\/li>\n<\/ul>","protected":false},"featured_media":2731,"comment_status":"open","ping_status":"closed","template":"","meta":{"_acf_changed":false},"product_brand":[],"product_cat":[47,108],"product_tag":[137],"class_list":{"0":"post-2727","1":"product","2":"type-product","3":"status-publish","4":"has-post-thumbnail","6":"product_cat-support-arms-and-bars","7":"product_cat-support-bar-brackets-for-square-bars","8":"product_tag-support-bar-brackets-for-square-bars","9":"pa_finish-brushed-nickel","10":"pa_finish-chrome","11":"pa_finish-gold","12":"pa_finish-gun-metal","13":"pa_finish-black","14":"pa_material-brass","16":"first","17":"instock","18":"purchasable","19":"product-type-variable","20":"has-default-attributes"},"acf":[],"_links":{"self":[{"href":"https:\/\/showerglasshardware.com\/fr-fr\/wp-json\/wp\/v2\/product\/2727","targetHints":{"allow":["GET"]}}],"collection":[{"href":"https:\/\/showerglasshardware.com\/fr-fr\/wp-json\/wp\/v2\/product"}],"about":[{"href":"https:\/\/showerglasshardware.com\/fr-fr\/wp-json\/wp\/v2\/types\/product"}],"replies":[{"embeddable":true,"href":"https:\/\/showerglasshardware.com\/fr-fr\/wp-json\/wp\/v2\/comments?post=2727"}],"version-history":[{"count":2,"href":"https:\/\/showerglasshardware.com\/fr-fr\/wp-json\/wp\/v2\/product\/2727\/revisions"}],"predecessor-version":[{"id":4659,"href":"https:\/\/showerglasshardware.com\/fr-fr\/wp-json\/wp\/v2\/product\/2727\/revisions\/4659"}],"wp:featuredmedia":[{"embeddable":true,"href":"https:\/\/showerglasshardware.com\/fr-fr\/wp-json\/wp\/v2\/media\/2731"}],"wp:attachment":[{"href":"https:\/\/showerglasshardware.com\/fr-fr\/wp-json\/wp\/v2\/media?parent=2727"}],"wp:term":[{"taxonomy":"product_brand","embeddable":true,"href":"https:\/\/showerglasshardware.com\/fr-fr\/wp-json\/wp\/v2\/product_brand?post=2727"},{"taxonomy":"product_cat","embeddable":true,"href":"https:\/\/showerglasshardware.com\/fr-fr\/wp-json\/wp\/v2\/product_cat?post=2727"},{"taxonomy":"product_tag","embeddable":true,"href":"https:\/\/showerglasshardware.com\/fr-fr\/wp-json\/wp\/v2\/product_tag?post=2727"}],"curies":[{"name":"wp","href":"https:\/\/api.w.org\/{rel}","templated":true}]}}