{"id":2742,"date":"2024-06-30T09:53:14","date_gmt":"2024-06-30T09:53:14","guid":{"rendered":"https:\/\/showerglasshardware.com\/?post_type=product&#038;p=2742"},"modified":"2025-08-14T08:34:47","modified_gmt":"2025-08-14T08:34:47","slug":"square-shower-support-bar-slide-bracket","status":"publish","type":"product","link":"https:\/\/showerglasshardware.com\/fr-fr\/product\/square-shower-support-bar-slide-bracket\/","title":{"rendered":"Support coulissant pour barre de support de douche carr\u00e9e pour verre 0,24\u2033 \u2013 0,39\u2033 RC47"},"content":{"rendered":"<p data-start=\"477\" data-end=\"673\">Le support coulissant pour barre de support de douche carr\u00e9e RC47 est con\u00e7u pour relier les barres de support carr\u00e9es aux panneaux de verre de douche sans cadre, ajoutant ainsi une stabilit\u00e9 et un renforcement structurel \u00e0 votre cabine.<\/p>\n<p data-start=\"675\" data-end=\"943\">Fabriqu\u00e9 en laiton massif, ce support coulissant est compatible avec les tubes carr\u00e9s de 3\/4\u2033 (19mm) et s'adapte au verre d'une \u00e9paisseur de 0,24\u2033-0,39\u2033 (6-10mm). Il est id\u00e9al pour cr\u00e9er des connexions s\u00fbres et de qualit\u00e9 professionnelle dans les installations de douche sans cadre r\u00e9sidentielles ou commerciales.<\/p>\n<p data-start=\"945\" data-end=\"964\"><strong data-start=\"945\" data-end=\"962\">Principales caract\u00e9ristiques:<\/strong><\/p>\n<ul data-start=\"965\" data-end=\"1367\">\n<li data-start=\"965\" data-end=\"1032\">\n<p data-start=\"967\" data-end=\"1032\"><strong data-start=\"967\" data-end=\"980\">Mat\u00e9riel:<\/strong> Laiton massif pour la solidit\u00e9 et la r\u00e9sistance \u00e0 la corrosion<\/p>\n<\/li>\n<li data-start=\"1033\" data-end=\"1105\">\n<p data-start=\"1035\" data-end=\"1105\"><strong data-start=\"1035\" data-end=\"1046\">Conception :<\/strong> Support coulissant pour la connexion de la barre de support carr\u00e9e au verre<\/p>\n<\/li>\n<li data-start=\"1106\" data-end=\"1158\">\n<p data-start=\"1108\" data-end=\"1158\"><strong data-start=\"1108\" data-end=\"1132\">Compatibilit\u00e9 du verre\u00a0:<\/strong> Convient au verre d'une \u00e9paisseur de 6 \u00e0 10 mm<\/p>\n<\/li>\n<li data-start=\"1159\" data-end=\"1219\">\n<p data-start=\"1161\" data-end=\"1219\"><strong data-start=\"1161\" data-end=\"1186\">Compatibilit\u00e9 des tubes :<\/strong> Convient aux tubes carr\u00e9s de 3\/4\u2033 (19mm)<\/p>\n<\/li>\n<li data-start=\"1220\" data-end=\"1296\">\n<p data-start=\"1222\" data-end=\"1296\"><strong data-start=\"1222\" data-end=\"1235\">Fonction :<\/strong> Fournit un support structurel aux cabines de douche sans cadre<\/p>\n<\/li>\n<li data-start=\"1297\" data-end=\"1367\">\n<p data-start=\"1299\" data-end=\"1367\"><strong data-start=\"1299\" data-end=\"1316\">Applications :<\/strong> Convient \u00e0 un usage r\u00e9sidentiel et commercial<\/p>\n<\/li>\n<\/ul>\n<p data-start=\"1369\" data-end=\"1390\"><strong data-start=\"1369\" data-end=\"1388\">Caract\u00e9ristiques:<\/strong><\/p>\n<ul data-start=\"1391\" data-end=\"1646\">\n<li data-start=\"1391\" data-end=\"1410\">\n<p data-start=\"1393\" data-end=\"1410\"><strong data-start=\"1393\" data-end=\"1403\">Mod\u00e8le :<\/strong> RC47<\/p>\n<\/li>\n<li data-start=\"1411\" data-end=\"1464\">\n<p data-start=\"1413\" data-end=\"1464\"><strong data-start=\"1413\" data-end=\"1422\">Taper:<\/strong> Barre de support de douche carr\u00e9e support coulissant<\/p>\n<\/li>\n<li data-start=\"1465\" data-end=\"1488\">\n<p data-start=\"1467\" data-end=\"1488\"><strong data-start=\"1467\" data-end=\"1480\">Mat\u00e9riel:<\/strong> Laiton<\/p>\n<\/li>\n<li data-start=\"1489\" data-end=\"1539\">\n<p data-start=\"1491\" data-end=\"1539\"><strong data-start=\"1491\" data-end=\"1516\">S'adapte \u00e0 l'\u00e9paisseur du verre :<\/strong> 6-10mm (0.24\u2033-0.39\u2033)<\/p>\n<\/li>\n<li data-start=\"1540\" data-end=\"1591\">\n<p data-start=\"1542\" data-end=\"1591\"><strong data-start=\"1542\" data-end=\"1563\">S'adapte \u00e0 la taille du tube :<\/strong> Tube carr\u00e9 de 3\/4\u2033 (19mm)<\/p>\n<\/li>\n<li data-start=\"1592\" data-end=\"1646\">\n<p data-start=\"1594\" data-end=\"1646\"><strong data-start=\"1594\" data-end=\"1610\">Application:<\/strong> Douches en verre sans cadre<\/p>\n<\/li>\n<\/ul>","protected":false},"excerpt":{"rendered":"<ul>\n<li>Support coulissant pour barre de support de douche carr\u00e9e<\/li>\n<li>Convient aux tubes carr\u00e9s de 3\/4\u2033 (19 mm)<\/li>\n<li>Mat\u00e9riel: Laiton<\/li>\n<li>Apporte un soutien structurel aux cabines de douche sans cadre<\/li>\n<\/ul>","protected":false},"featured_media":2751,"comment_status":"open","ping_status":"closed","template":"","meta":{"_acf_changed":false},"product_brand":[],"product_cat":[108,47],"product_tag":[137],"class_list":{"0":"post-2742","1":"product","2":"type-product","3":"status-publish","4":"has-post-thumbnail","6":"product_cat-support-bar-brackets-for-square-bars","7":"product_cat-support-arms-and-bars","8":"product_tag-support-bar-brackets-for-square-bars","9":"pa_finish-brushed-nickel","10":"pa_finish-chrome","11":"pa_finish-gold","12":"pa_finish-gun-metal","13":"pa_finish-black","14":"pa_glass-thickness-6-10-mm","15":"pa_material-brass","17":"first","18":"instock","19":"purchasable","20":"product-type-variable","21":"has-default-attributes"},"acf":[],"_links":{"self":[{"href":"https:\/\/showerglasshardware.com\/fr-fr\/wp-json\/wp\/v2\/product\/2742","targetHints":{"allow":["GET"]}}],"collection":[{"href":"https:\/\/showerglasshardware.com\/fr-fr\/wp-json\/wp\/v2\/product"}],"about":[{"href":"https:\/\/showerglasshardware.com\/fr-fr\/wp-json\/wp\/v2\/types\/product"}],"replies":[{"embeddable":true,"href":"https:\/\/showerglasshardware.com\/fr-fr\/wp-json\/wp\/v2\/comments?post=2742"}],"version-history":[{"count":1,"href":"https:\/\/showerglasshardware.com\/fr-fr\/wp-json\/wp\/v2\/product\/2742\/revisions"}],"predecessor-version":[{"id":4657,"href":"https:\/\/showerglasshardware.com\/fr-fr\/wp-json\/wp\/v2\/product\/2742\/revisions\/4657"}],"wp:featuredmedia":[{"embeddable":true,"href":"https:\/\/showerglasshardware.com\/fr-fr\/wp-json\/wp\/v2\/media\/2751"}],"wp:attachment":[{"href":"https:\/\/showerglasshardware.com\/fr-fr\/wp-json\/wp\/v2\/media?parent=2742"}],"wp:term":[{"taxonomy":"product_brand","embeddable":true,"href":"https:\/\/showerglasshardware.com\/fr-fr\/wp-json\/wp\/v2\/product_brand?post=2742"},{"taxonomy":"product_cat","embeddable":true,"href":"https:\/\/showerglasshardware.com\/fr-fr\/wp-json\/wp\/v2\/product_cat?post=2742"},{"taxonomy":"product_tag","embeddable":true,"href":"https:\/\/showerglasshardware.com\/fr-fr\/wp-json\/wp\/v2\/product_tag?post=2742"}],"curies":[{"name":"wp","href":"https:\/\/api.w.org\/{rel}","templated":true}]}}