{"id":2756,"date":"2024-06-30T10:10:06","date_gmt":"2024-06-30T10:10:06","guid":{"rendered":"https:\/\/showerglasshardware.com\/?post_type=product&#038;p=2756"},"modified":"2025-08-14T08:31:32","modified_gmt":"2025-08-14T08:31:32","slug":"square-shower-support-bar-adjustable-wall-mount-bracket-rc39","status":"publish","type":"product","link":"https:\/\/showerglasshardware.com\/fr-fr\/product\/square-shower-support-bar-adjustable-wall-mount-bracket-rc39\/","title":{"rendered":"Barre de support de douche carr\u00e9e, support mural r\u00e9glable RC39"},"content":{"rendered":"<p data-start=\"457\" data-end=\"634\">Le support mural ajustable pour barre de douche carr\u00e9e RC39 est con\u00e7u pour assurer une connexion s\u00fbre et ajustable entre les barres de support de douche carr\u00e9es et le mur.<\/p>\n<p data-start=\"636\" data-end=\"967\">Fabriqu\u00e9 en laiton massif, ce support offre une durabilit\u00e9 exceptionnelle, une r\u00e9sistance \u00e0 la corrosion et une apparence \u00e9l\u00e9gante qui s'int\u00e8gre parfaitement dans les salles de bains modernes. Adapt\u00e9 aux tubes carr\u00e9s de 3\/4\u2033 (19 mm), il garantit un ajustement stable et pr\u00e9cis pour les cabines de douche sans cadre dans les applications r\u00e9sidentielles et commerciales.<\/p>\n<p data-start=\"969\" data-end=\"988\"><strong data-start=\"969\" data-end=\"986\">Principales caract\u00e9ristiques:<\/strong><\/p>\n<ul data-start=\"989\" data-end=\"1264\">\n<li data-start=\"989\" data-end=\"1056\">\n<p data-start=\"991\" data-end=\"1056\"><strong data-start=\"991\" data-end=\"1004\">Mat\u00e9riel:<\/strong> Laiton massif pour la solidit\u00e9 et la r\u00e9sistance \u00e0 la corrosion<\/p>\n<\/li>\n<li data-start=\"1057\" data-end=\"1126\">\n<p data-start=\"1059\" data-end=\"1126\"><strong data-start=\"1059\" data-end=\"1070\">Conception :<\/strong> Support mural r\u00e9glable pour les barres de support carr\u00e9es<\/p>\n<\/li>\n<li data-start=\"1127\" data-end=\"1180\">\n<p data-start=\"1129\" data-end=\"1180\"><strong data-start=\"1129\" data-end=\"1147\">Compatibilit\u00e9 :<\/strong> Convient aux tubes carr\u00e9s de 3\/4\u2033 (19mm)<\/p>\n<\/li>\n<li data-start=\"1181\" data-end=\"1264\">\n<p data-start=\"1183\" data-end=\"1264\"><strong data-start=\"1183\" data-end=\"1200\">Applications :<\/strong> Fournit un support s\u00fbr pour les structures de douche en verre sans cadre<\/p>\n<\/li>\n<\/ul>\n<p data-start=\"1266\" data-end=\"1287\"><strong data-start=\"1266\" data-end=\"1285\">Caract\u00e9ristiques:<\/strong><\/p>\n<ul data-start=\"1288\" data-end=\"1505\">\n<li data-start=\"1288\" data-end=\"1307\">\n<p data-start=\"1290\" data-end=\"1307\"><strong data-start=\"1290\" data-end=\"1300\">Mod\u00e8le :<\/strong> RC39<\/p>\n<\/li>\n<li data-start=\"1308\" data-end=\"1374\">\n<p data-start=\"1310\" data-end=\"1374\"><strong data-start=\"1310\" data-end=\"1319\">Taper:<\/strong> Support mural r\u00e9glable pour barre de support carr\u00e9e<\/p>\n<\/li>\n<li data-start=\"1375\" data-end=\"1398\">\n<p data-start=\"1377\" data-end=\"1398\"><strong data-start=\"1377\" data-end=\"1390\">Mat\u00e9riel:<\/strong> Laiton<\/p>\n<\/li>\n<li data-start=\"1399\" data-end=\"1450\">\n<p data-start=\"1401\" data-end=\"1450\"><strong data-start=\"1401\" data-end=\"1422\">S'adapte \u00e0 la taille du tube :<\/strong> Tube carr\u00e9 de 3\/4\u2033 (19mm)<\/p>\n<\/li>\n<li data-start=\"1451\" data-end=\"1505\">\n<p data-start=\"1453\" data-end=\"1505\"><strong data-start=\"1453\" data-end=\"1469\">Application:<\/strong> Parois de douche en verre sans cadre<\/p>\n<\/li>\n<\/ul>","protected":false},"excerpt":{"rendered":"<ul>\n<li>Barre de support carr\u00e9e Support de montage mural r\u00e9glable<\/li>\n<li>Mat\u00e9riel: Laiton<\/li>\n<li>convient aux tubes carr\u00e9s de 3\/4\u2033 (19 mm)<\/li>\n<\/ul>","protected":false},"featured_media":2761,"comment_status":"open","ping_status":"closed","template":"","meta":{"_acf_changed":false},"product_brand":[],"product_cat":[108,47],"product_tag":[137],"class_list":{"0":"post-2756","1":"product","2":"type-product","3":"status-publish","4":"has-post-thumbnail","6":"product_cat-support-bar-brackets-for-square-bars","7":"product_cat-support-arms-and-bars","8":"product_tag-support-bar-brackets-for-square-bars","9":"pa_finish-brushed-nickel","10":"pa_finish-chrome","11":"pa_finish-gold","12":"pa_finish-gun-metal","13":"pa_finish-black","14":"pa_material-brass","16":"first","17":"instock","18":"purchasable","19":"product-type-variable","20":"has-default-attributes"},"acf":[],"_links":{"self":[{"href":"https:\/\/showerglasshardware.com\/fr-fr\/wp-json\/wp\/v2\/product\/2756","targetHints":{"allow":["GET"]}}],"collection":[{"href":"https:\/\/showerglasshardware.com\/fr-fr\/wp-json\/wp\/v2\/product"}],"about":[{"href":"https:\/\/showerglasshardware.com\/fr-fr\/wp-json\/wp\/v2\/types\/product"}],"replies":[{"embeddable":true,"href":"https:\/\/showerglasshardware.com\/fr-fr\/wp-json\/wp\/v2\/comments?post=2756"}],"version-history":[{"count":1,"href":"https:\/\/showerglasshardware.com\/fr-fr\/wp-json\/wp\/v2\/product\/2756\/revisions"}],"predecessor-version":[{"id":4656,"href":"https:\/\/showerglasshardware.com\/fr-fr\/wp-json\/wp\/v2\/product\/2756\/revisions\/4656"}],"wp:featuredmedia":[{"embeddable":true,"href":"https:\/\/showerglasshardware.com\/fr-fr\/wp-json\/wp\/v2\/media\/2761"}],"wp:attachment":[{"href":"https:\/\/showerglasshardware.com\/fr-fr\/wp-json\/wp\/v2\/media?parent=2756"}],"wp:term":[{"taxonomy":"product_brand","embeddable":true,"href":"https:\/\/showerglasshardware.com\/fr-fr\/wp-json\/wp\/v2\/product_brand?post=2756"},{"taxonomy":"product_cat","embeddable":true,"href":"https:\/\/showerglasshardware.com\/fr-fr\/wp-json\/wp\/v2\/product_cat?post=2756"},{"taxonomy":"product_tag","embeddable":true,"href":"https:\/\/showerglasshardware.com\/fr-fr\/wp-json\/wp\/v2\/product_tag?post=2756"}],"curies":[{"name":"wp","href":"https:\/\/api.w.org\/{rel}","templated":true}]}}