{"id":2810,"date":"2024-07-02T07:58:27","date_gmt":"2024-07-02T07:58:27","guid":{"rendered":"https:\/\/showerglasshardware.com\/?post_type=product&#038;p=2810"},"modified":"2025-11-21T06:41:25","modified_gmt":"2025-11-21T06:41:25","slug":"heavy-duty-glass-shower-screen-hinges-wall-mount-hinges","status":"publish","type":"product","link":"https:\/\/showerglasshardware.com\/fr-fr\/product\/heavy-duty-glass-shower-screen-hinges-wall-mount-hinges\/","title":{"rendered":"Charni\u00e8res de paroi de douche en verre robustes | Charni\u00e8res \u00e0 montage mural SGH-BT101"},"content":{"rendered":"<p data-start=\"460\" data-end=\"625\">Les charni\u00e8res de paroi de douche SGH-BT101 sont con\u00e7ues pour offrir une r\u00e9sistance sup\u00e9rieure, un fonctionnement en douceur et une durabilit\u00e9 \u00e0 long terme pour les cabines de douche sans cadre.<\/p>\n<p data-start=\"627\" data-end=\"938\">Construites en laiton massif pour une r\u00e9sistance maximale \u00e0 la corrosion, ces charni\u00e8res murales sont compatibles avec du verre d'une \u00e9paisseur de 10-12mm (0.39\u2033-0.47\u2033) et peuvent supporter jusqu'\u00e0 50kg par deux charni\u00e8res. Leur construction robuste les rend id\u00e9ales pour les portes de douche en verre lourdes dans les environnements r\u00e9sidentiels et commerciaux.<\/p>\n<p data-start=\"940\" data-end=\"1169\">La conception de la fixation murale permet de fixer en toute s\u00e9curit\u00e9 la porte en verre directement sur des murs carrel\u00e9s ou d'autres surfaces structurelles, tandis que la pr\u00e9cision de l'ing\u00e9nierie assure un mouvement fluide et autocentr\u00e9 pour une exp\u00e9rience de douche de premi\u00e8re qualit\u00e9.<\/p>\n<p data-start=\"1171\" data-end=\"1190\"><strong data-start=\"1171\" data-end=\"1188\">Principales caract\u00e9ristiques:<\/strong><\/p>\n<ul data-start=\"1191\" data-end=\"1592\">\n<li data-start=\"1191\" data-end=\"1247\">\n<p data-start=\"1193\" data-end=\"1247\"><strong data-start=\"1193\" data-end=\"1202\">Taper:<\/strong> Charni\u00e8res robustes pour paroi de douche \u00e0 montage mural<\/p>\n<\/li>\n<li data-start=\"1248\" data-end=\"1310\">\n<p data-start=\"1250\" data-end=\"1310\"><strong data-start=\"1250\" data-end=\"1263\">Mat\u00e9riel:<\/strong> Laiton massif pour la solidit\u00e9 et la r\u00e9sistance \u00e0 la rouille<\/p>\n<\/li>\n<li data-start=\"1311\" data-end=\"1378\">\n<p data-start=\"1313\" data-end=\"1378\"><strong data-start=\"1313\" data-end=\"1337\">Compatibilit\u00e9 du verre\u00a0:<\/strong> Convient \u00e0 un verre d'une \u00e9paisseur de 10 \u00e0 12 mm (0.39\u2033-0.47\u2033)<\/p>\n<\/li>\n<li data-start=\"1379\" data-end=\"1436\">\n<p data-start=\"1381\" data-end=\"1436\"><strong data-start=\"1381\" data-end=\"1399\">Capacit\u00e9 de charge :<\/strong> Supporte jusqu'\u00e0 50 kg par deux charni\u00e8res<\/p>\n<\/li>\n<li data-start=\"1437\" data-end=\"1503\">\n<p data-start=\"1439\" data-end=\"1503\"><strong data-start=\"1439\" data-end=\"1450\">Conception :<\/strong> Solide, stable et adapt\u00e9 aux portes en verre lourdes<\/p>\n<\/li>\n<li data-start=\"1504\" data-end=\"1592\">\n<p data-start=\"1506\" data-end=\"1592\"><strong data-start=\"1506\" data-end=\"1523\">Applications :<\/strong> Parfait pour les cabines de douche sans cadre dans les maisons, les h\u00f4tels et les spas<\/p>\n<\/li>\n<\/ul>\n<p data-start=\"1594\" data-end=\"1615\"><strong data-start=\"1594\" data-end=\"1613\">Caract\u00e9ristiques:<\/strong><\/p>\n<ul data-start=\"1616\" data-end=\"1937\">\n<li data-start=\"1616\" data-end=\"1640\">\n<p data-start=\"1618\" data-end=\"1640\"><strong data-start=\"1618\" data-end=\"1628\">Mod\u00e8le :<\/strong> SGH-BT101<\/p>\n<\/li>\n<li data-start=\"1641\" data-end=\"1671\">\n<p data-start=\"1643\" data-end=\"1671\"><strong data-start=\"1643\" data-end=\"1652\">Taper:<\/strong> Charni\u00e8re pour montage mural<\/p>\n<\/li>\n<li data-start=\"1672\" data-end=\"1695\">\n<p data-start=\"1674\" data-end=\"1695\"><strong data-start=\"1674\" data-end=\"1687\">Mat\u00e9riel:<\/strong> Laiton<\/p>\n<\/li>\n<li data-start=\"1696\" data-end=\"1733\">\n<p data-start=\"1698\" data-end=\"1733\"><strong data-start=\"1698\" data-end=\"1723\">S'adapte \u00e0 l'\u00e9paisseur du verre :<\/strong> 10-12 mm<\/p>\n<\/li>\n<li data-start=\"1734\" data-end=\"1768\">\n<p data-start=\"1736\" data-end=\"1768\"><strong data-start=\"1736\" data-end=\"1754\">Capacit\u00e9 de charge :<\/strong> 50kg \/ 2pcs<\/p>\n<\/li>\n<li data-start=\"1769\" data-end=\"1831\">\n<p data-start=\"1771\" data-end=\"1831\"><strong data-start=\"1771\" data-end=\"1789\">Plage d'ouverture :<\/strong> 90\u00b0 ou 180\u00b0 (selon l'installation)<\/p>\n<\/li>\n<li data-start=\"1832\" data-end=\"1937\">\n<p data-start=\"1834\" data-end=\"1937\"><strong data-start=\"1834\" data-end=\"1853\">Options de finition :<\/strong> Chrome poli, nickel bross\u00e9, or poli, noir mat, m\u00e9tal arm\u00e9 (en option)<\/p>\n<\/li>\n<\/ul>","protected":false},"excerpt":{"rendered":"<ul>\n<li>Charni\u00e8res murales<\/li>\n<li>Charni\u00e8res de paroi de douche en verre robustes, portantes 50 kg \/ 2 pi\u00e8ces<\/li>\n<li>\u00c9paisseur du verre 10-12 mm \/ 0,39\u2033 \u2013 0,47\u2033<\/li>\n<\/ul>","protected":false},"featured_media":3035,"comment_status":"open","ping_status":"closed","template":"","meta":{"_acf_changed":false},"product_brand":[],"product_cat":[20,21],"product_tag":[125],"class_list":{"0":"post-2810","1":"product","2":"type-product","3":"status-publish","4":"has-post-thumbnail","6":"product_cat-shower-door-hinges","7":"product_cat-glass-to-wall-hinges","8":"product_tag-180-degree-glass-to-glass-hinges","9":"pa_closing-type-self-closing-at-about-30","10":"pa_finish-brushed-nickel","11":"pa_finish-chrome","12":"pa_finish-gold","13":"pa_finish-gun-metal","14":"pa_finish-black","15":"pa_glass-thickness-10-12mm-0-39-0-47","16":"pa_load-bearing-50kg-2pcs","17":"pa_material-brass","19":"first","20":"instock","21":"purchasable","22":"product-type-variable","23":"has-default-attributes"},"acf":[],"_links":{"self":[{"href":"https:\/\/showerglasshardware.com\/fr-fr\/wp-json\/wp\/v2\/product\/2810","targetHints":{"allow":["GET"]}}],"collection":[{"href":"https:\/\/showerglasshardware.com\/fr-fr\/wp-json\/wp\/v2\/product"}],"about":[{"href":"https:\/\/showerglasshardware.com\/fr-fr\/wp-json\/wp\/v2\/types\/product"}],"replies":[{"embeddable":true,"href":"https:\/\/showerglasshardware.com\/fr-fr\/wp-json\/wp\/v2\/comments?post=2810"}],"version-history":[{"count":3,"href":"https:\/\/showerglasshardware.com\/fr-fr\/wp-json\/wp\/v2\/product\/2810\/revisions"}],"predecessor-version":[{"id":4703,"href":"https:\/\/showerglasshardware.com\/fr-fr\/wp-json\/wp\/v2\/product\/2810\/revisions\/4703"}],"wp:featuredmedia":[{"embeddable":true,"href":"https:\/\/showerglasshardware.com\/fr-fr\/wp-json\/wp\/v2\/media\/3035"}],"wp:attachment":[{"href":"https:\/\/showerglasshardware.com\/fr-fr\/wp-json\/wp\/v2\/media?parent=2810"}],"wp:term":[{"taxonomy":"product_brand","embeddable":true,"href":"https:\/\/showerglasshardware.com\/fr-fr\/wp-json\/wp\/v2\/product_brand?post=2810"},{"taxonomy":"product_cat","embeddable":true,"href":"https:\/\/showerglasshardware.com\/fr-fr\/wp-json\/wp\/v2\/product_cat?post=2810"},{"taxonomy":"product_tag","embeddable":true,"href":"https:\/\/showerglasshardware.com\/fr-fr\/wp-json\/wp\/v2\/product_tag?post=2810"}],"curies":[{"name":"wp","href":"https:\/\/api.w.org\/{rel}","templated":true}]}}