{"id":2823,"date":"2024-07-02T08:00:23","date_gmt":"2024-07-02T08:00:23","guid":{"rendered":"https:\/\/showerglasshardware.com\/?post_type=product&#038;p=2823"},"modified":"2025-11-21T06:31:19","modified_gmt":"2025-11-21T06:31:19","slug":"heavy-duty-glass-shower-screen-hinges-glass-to-glass-hinges","status":"publish","type":"product","link":"https:\/\/showerglasshardware.com\/fr-fr\/product\/heavy-duty-glass-shower-screen-hinges-glass-to-glass-hinges\/","title":{"rendered":"Charni\u00e8res de paroi de douche en verre robustes | Charni\u00e8res verre \u00e0 verre SGH-BT104"},"content":{"rendered":"<p data-start=\"474\" data-end=\"645\">Les charni\u00e8res de douche SGH-BT104 verre-verre sont con\u00e7ues pour une r\u00e9sistance maximale, un fonctionnement en douceur et un aspect de premi\u00e8re qualit\u00e9 dans les cabines de douche sans cadre.<\/p>\n<p data-start=\"647\" data-end=\"879\">Fabriqu\u00e9es en laiton massif de haute qualit\u00e9, ces charni\u00e8res verre-verre \u00e0 180\u00b0 sont con\u00e7ues pour un verre d'une \u00e9paisseur de 10 \u00e0 12 mm (0,39\u2033-0,47\u2033) et peuvent supporter jusqu'\u00e0 50 kg par deux charni\u00e8res, ce qui les rend id\u00e9ales pour les portes en verre de grande taille ou lourdes.<\/p>\n<p data-start=\"881\" data-end=\"1065\">Leur conception en ligne \u00e0 180\u00b0 permet un alignement parfait entre deux panneaux de verre, tandis que leur construction robuste garantit leur durabilit\u00e9 dans les salles de bains r\u00e9sidentielles et commerciales.<\/p>\n<p data-start=\"1067\" data-end=\"1086\"><strong data-start=\"1067\" data-end=\"1084\">Principales caract\u00e9ristiques:<\/strong><\/p>\n<ul data-start=\"1087\" data-end=\"1502\">\n<li data-start=\"1087\" data-end=\"1147\">\n<p data-start=\"1089\" data-end=\"1147\"><strong data-start=\"1089\" data-end=\"1098\">Taper:<\/strong> Charni\u00e8res de douche robustes \u00e0 180\u00b0 (verre \u00e0 verre)<\/p>\n<\/li>\n<li data-start=\"1148\" data-end=\"1227\">\n<p data-start=\"1150\" data-end=\"1227\"><strong data-start=\"1150\" data-end=\"1163\">Mat\u00e9riel:<\/strong> Laiton massif pour une solidit\u00e9 et une r\u00e9sistance \u00e0 la corrosion exceptionnelles<\/p>\n<\/li>\n<li data-start=\"1228\" data-end=\"1295\">\n<p data-start=\"1230\" data-end=\"1295\"><strong data-start=\"1230\" data-end=\"1254\">Compatibilit\u00e9 du verre\u00a0:<\/strong> Convient \u00e0 un verre d'une \u00e9paisseur de 10 \u00e0 12 mm (0.39\u2033-0.47\u2033)<\/p>\n<\/li>\n<li data-start=\"1296\" data-end=\"1353\">\n<p data-start=\"1298\" data-end=\"1353\"><strong data-start=\"1298\" data-end=\"1316\">Capacit\u00e9 de charge :<\/strong> Supporte jusqu'\u00e0 50 kg par deux charni\u00e8res<\/p>\n<\/li>\n<li data-start=\"1354\" data-end=\"1421\">\n<p data-start=\"1356\" data-end=\"1421\"><strong data-start=\"1356\" data-end=\"1367\">Conception :<\/strong> Apparence \u00e9pur\u00e9e pour les douches modernes sans cadre<\/p>\n<\/li>\n<li data-start=\"1422\" data-end=\"1502\">\n<p data-start=\"1424\" data-end=\"1502\"><strong data-start=\"1424\" data-end=\"1441\">Applications :<\/strong> Convient aux cabines de douche r\u00e9sidentielles, h\u00f4teli\u00e8res et thermales<\/p>\n<\/li>\n<\/ul>\n<p data-start=\"1504\" data-end=\"1525\"><strong data-start=\"1504\" data-end=\"1523\">Caract\u00e9ristiques:<\/strong><\/p>\n<ul data-start=\"1526\" data-end=\"1822\">\n<li data-start=\"1526\" data-end=\"1550\">\n<p data-start=\"1528\" data-end=\"1550\"><strong data-start=\"1528\" data-end=\"1538\">Mod\u00e8le :<\/strong> SGH-BT104<\/p>\n<\/li>\n<li data-start=\"1551\" data-end=\"1591\">\n<p data-start=\"1553\" data-end=\"1591\"><strong data-start=\"1553\" data-end=\"1562\">Taper:<\/strong> Charni\u00e8re verre-verre, 180<\/p>\n<\/li>\n<li data-start=\"1592\" data-end=\"1615\">\n<p data-start=\"1594\" data-end=\"1615\"><strong data-start=\"1594\" data-end=\"1607\">Mat\u00e9riel:<\/strong> Laiton<\/p>\n<\/li>\n<li data-start=\"1616\" data-end=\"1653\">\n<p data-start=\"1618\" data-end=\"1653\"><strong data-start=\"1618\" data-end=\"1643\">S'adapte \u00e0 l'\u00e9paisseur du verre :<\/strong> 10-12 mm<\/p>\n<\/li>\n<li data-start=\"1654\" data-end=\"1688\">\n<p data-start=\"1656\" data-end=\"1688\"><strong data-start=\"1656\" data-end=\"1674\">Capacit\u00e9 de charge :<\/strong> 50kg \/ 2pcs<\/p>\n<\/li>\n<li data-start=\"1689\" data-end=\"1716\">\n<p data-start=\"1691\" data-end=\"1716\"><strong data-start=\"1691\" data-end=\"1709\">Plage d'ouverture :<\/strong> 180\u00b0<\/p>\n<\/li>\n<li data-start=\"1717\" data-end=\"1822\">\n<p data-start=\"1719\" data-end=\"1822\"><strong data-start=\"1719\" data-end=\"1738\">Options de finition :<\/strong> Chrome poli, nickel bross\u00e9, or poli, noir mat, m\u00e9tal arm\u00e9 (en option)<\/p>\n<\/li>\n<\/ul>","protected":false},"excerpt":{"rendered":"<ul>\n<li>Charni\u00e8res verre \u00e0 verre 180 degr\u00e9s<\/li>\n<li>Charni\u00e8res de paroi de douche en verre robustes, portantes 50 kg \/ 2 pi\u00e8ces<\/li>\n<li>\u00c9paisseur du verre 10-12 mm \/ 0,39\u2033 \u2013 0,47\u2033<\/li>\n<\/ul>","protected":false},"featured_media":3034,"comment_status":"open","ping_status":"closed","template":"","meta":{"_acf_changed":false},"product_brand":[],"product_cat":[20,21],"product_tag":[131],"class_list":{"0":"post-2823","1":"product","2":"type-product","3":"status-publish","4":"has-post-thumbnail","6":"product_cat-shower-door-hinges","7":"product_cat-glass-to-wall-hinges","8":"product_tag-wall-mount-hinges","9":"pa_closing-type-self-closing-at-about-30","10":"pa_finish-brushed-nickel","11":"pa_finish-chrome","12":"pa_finish-gold","13":"pa_finish-gun-metal","14":"pa_finish-black","15":"pa_glass-thickness-10-12mm-0-39-0-47","16":"pa_load-bearing-50kg-2pcs","17":"pa_material-brass","19":"first","20":"instock","21":"purchasable","22":"product-type-variable","23":"has-default-attributes"},"acf":[],"_links":{"self":[{"href":"https:\/\/showerglasshardware.com\/fr-fr\/wp-json\/wp\/v2\/product\/2823","targetHints":{"allow":["GET"]}}],"collection":[{"href":"https:\/\/showerglasshardware.com\/fr-fr\/wp-json\/wp\/v2\/product"}],"about":[{"href":"https:\/\/showerglasshardware.com\/fr-fr\/wp-json\/wp\/v2\/types\/product"}],"replies":[{"embeddable":true,"href":"https:\/\/showerglasshardware.com\/fr-fr\/wp-json\/wp\/v2\/comments?post=2823"}],"version-history":[{"count":5,"href":"https:\/\/showerglasshardware.com\/fr-fr\/wp-json\/wp\/v2\/product\/2823\/revisions"}],"predecessor-version":[{"id":4702,"href":"https:\/\/showerglasshardware.com\/fr-fr\/wp-json\/wp\/v2\/product\/2823\/revisions\/4702"}],"wp:featuredmedia":[{"embeddable":true,"href":"https:\/\/showerglasshardware.com\/fr-fr\/wp-json\/wp\/v2\/media\/3034"}],"wp:attachment":[{"href":"https:\/\/showerglasshardware.com\/fr-fr\/wp-json\/wp\/v2\/media?parent=2823"}],"wp:term":[{"taxonomy":"product_brand","embeddable":true,"href":"https:\/\/showerglasshardware.com\/fr-fr\/wp-json\/wp\/v2\/product_brand?post=2823"},{"taxonomy":"product_cat","embeddable":true,"href":"https:\/\/showerglasshardware.com\/fr-fr\/wp-json\/wp\/v2\/product_cat?post=2823"},{"taxonomy":"product_tag","embeddable":true,"href":"https:\/\/showerglasshardware.com\/fr-fr\/wp-json\/wp\/v2\/product_tag?post=2823"}],"curies":[{"name":"wp","href":"https:\/\/api.w.org\/{rel}","templated":true}]}}