{"id":2855,"date":"2024-07-02T08:37:56","date_gmt":"2024-07-02T08:37:56","guid":{"rendered":"https:\/\/showerglasshardware.com\/?post_type=product&#038;p=2855"},"modified":"2025-11-21T06:28:05","modified_gmt":"2025-11-21T06:28:05","slug":"bathtub-glass-screen-hinges","status":"publish","type":"product","link":"https:\/\/showerglasshardware.com\/fr-fr\/product\/bathtub-glass-screen-hinges\/","title":{"rendered":"Charni\u00e8re de porte de douche en laiton, charni\u00e8res d&#039;\u00e9cran en verre de baignoire SGH-1204R"},"content":{"rendered":"<p data-start=\"434\" data-end=\"618\">Les charni\u00e8res SGH-1204R Left-Side 90\u00b0 Brass Bathtub Glass Screen sont sp\u00e9cialement con\u00e7ues pour les \u00e9crans de baignoire-douche sans cadre, alliant fonctionnalit\u00e9, solidit\u00e9 et aspect raffin\u00e9.<\/p>\n<p data-start=\"620\" data-end=\"904\">Fabriqu\u00e9es en laiton massif pour une excellente durabilit\u00e9 et une r\u00e9sistance \u00e0 la corrosion, ces charni\u00e8res s'adaptent au verre d'une \u00e9paisseur de 6 \u00e0 8 mm (0,24\u2033-0,32\u2033) et sont dot\u00e9es d'un m\u00e9canisme de fermeture automatique \u00e0 environ 30\u00b0, ce qui permet de maintenir l'eau \u00e0 l'int\u00e9rieur de la zone de la baignoire tout en garantissant un mouvement fluide et contr\u00f4l\u00e9.<\/p>\n<p data-start=\"906\" data-end=\"1095\">Con\u00e7ue pour les installations verre-mur, la charni\u00e8re SGH-1204R est sp\u00e9cialement con\u00e7ue pour une orientation \u00e0 gauche, ce qui permet de l'adapter facilement \u00e0 l'agencement de votre baignoire.<\/p>\n<p data-start=\"1097\" data-end=\"1116\"><strong data-start=\"1097\" data-end=\"1114\">Principales caract\u00e9ristiques:<\/strong><\/p>\n<ul data-start=\"1117\" data-end=\"1516\">\n<li data-start=\"1117\" data-end=\"1173\">\n<p data-start=\"1119\" data-end=\"1173\"><strong data-start=\"1119\" data-end=\"1128\">Taper:<\/strong> Charni\u00e8re 90\u00b0 pour \u00e9cran en verre de baignoire (c\u00f4t\u00e9 gauche)<\/p>\n<\/li>\n<li data-start=\"1174\" data-end=\"1232\">\n<p data-start=\"1176\" data-end=\"1232\"><strong data-start=\"1176\" data-end=\"1189\">Mat\u00e9riel:<\/strong> Laiton massif pour une performance durable<\/p>\n<\/li>\n<li data-start=\"1233\" data-end=\"1298\">\n<p data-start=\"1235\" data-end=\"1298\"><strong data-start=\"1235\" data-end=\"1259\">Compatibilit\u00e9 du verre\u00a0:<\/strong> Convient au verre d'une \u00e9paisseur de 6 \u00e0 8 mm (0.24\u2033-0.32\u2033)<\/p>\n<\/li>\n<li data-start=\"1299\" data-end=\"1349\">\n<p data-start=\"1301\" data-end=\"1349\"><strong data-start=\"1301\" data-end=\"1318\">Fermeture automatique :<\/strong> Fermeture automatique \u00e0 ~30\u00b0.<\/p>\n<\/li>\n<li data-start=\"1350\" data-end=\"1426\">\n<p data-start=\"1352\" data-end=\"1426\"><strong data-start=\"1352\" data-end=\"1368\">Orientation :<\/strong> Configuration \u00e0 gauche pour des besoins d'installation sp\u00e9cifiques<\/p>\n<\/li>\n<li data-start=\"1427\" data-end=\"1516\">\n<p data-start=\"1429\" data-end=\"1516\"><strong data-start=\"1429\" data-end=\"1446\">Applications :<\/strong> \u00c9crans de baignoire-douche sans cadre dans les salles de bains r\u00e9sidentielles et h\u00f4teli\u00e8res<\/p>\n<\/li>\n<\/ul>\n<p data-start=\"1518\" data-end=\"1539\"><strong data-start=\"1518\" data-end=\"1537\">Caract\u00e9ristiques:<\/strong><\/p>\n<ul data-start=\"1540\" data-end=\"1841\">\n<li data-start=\"1540\" data-end=\"1564\">\n<p data-start=\"1542\" data-end=\"1564\"><strong data-start=\"1542\" data-end=\"1552\">Mod\u00e8le :<\/strong> SGH-1204R<\/p>\n<\/li>\n<li data-start=\"1565\" data-end=\"1615\">\n<p data-start=\"1567\" data-end=\"1615\"><strong data-start=\"1567\" data-end=\"1576\">Taper:<\/strong> Charni\u00e8re verre-mur, 90\u00b0 (c\u00f4t\u00e9 gauche)<\/p>\n<\/li>\n<li data-start=\"1616\" data-end=\"1639\">\n<p data-start=\"1618\" data-end=\"1639\"><strong data-start=\"1618\" data-end=\"1631\">Mat\u00e9riel:<\/strong> Laiton<\/p>\n<\/li>\n<li data-start=\"1640\" data-end=\"1675\">\n<p data-start=\"1642\" data-end=\"1675\"><strong data-start=\"1642\" data-end=\"1667\">S'adapte \u00e0 l'\u00e9paisseur du verre :<\/strong> 6-8mm<\/p>\n<\/li>\n<li data-start=\"1676\" data-end=\"1708\">\n<p data-start=\"1678\" data-end=\"1708\"><strong data-start=\"1678\" data-end=\"1701\">Angle de fermeture automatique :<\/strong> ~30\u00b0<\/p>\n<\/li>\n<li data-start=\"1709\" data-end=\"1735\">\n<p data-start=\"1711\" data-end=\"1735\"><strong data-start=\"1711\" data-end=\"1729\">Plage d'ouverture :<\/strong> 90\u00b0<\/p>\n<\/li>\n<li data-start=\"1736\" data-end=\"1841\">\n<p data-start=\"1738\" data-end=\"1841\"><strong data-start=\"1738\" data-end=\"1757\">Options de finition :<\/strong> Chrome poli, nickel bross\u00e9, or poli, noir mat, m\u00e9tal arm\u00e9 (en option)<\/p>\n<\/li>\n<\/ul>\n<p><a href=\"https:\/\/showerglasshardware.com\/fr-fr\/product\/bathtub-screen-brass-shower-door-hinge-sgh-1204l\/\">Voir maintenant<br \/>\n<\/a><\/p>","protected":false},"excerpt":{"rendered":"<ul>\n<li>Charni\u00e8res pour \u00e9cran de baignoire en verre \u00e0 90 degr\u00e9s (gauche)<\/li>\n<li>Mat\u00e9riel: Laiton<\/li>\n<li>\u00c9paisseur du verre : 6-8 mm \/ 0,24\u2033- 0,32\u2033 ;<\/li>\n<li>Fermeture automatique \u00e0 environ 30\u00b0\u00a0;<\/li>\n<\/ul>","protected":false},"featured_media":3033,"comment_status":"open","ping_status":"closed","template":"","meta":{"_acf_changed":false},"product_brand":[],"product_cat":[20,22],"product_tag":[171],"class_list":{"0":"post-2855","1":"product","2":"type-product","3":"status-publish","4":"has-post-thumbnail","6":"product_cat-shower-door-hinges","7":"product_cat-glass-to-glass-hinges","8":"product_tag-glass-to-glass-hinges","9":"pa_closing-type-self-closing-at-about-30","10":"pa_finish-brushed-nickel","11":"pa_finish-chrome","12":"pa_finish-gold","13":"pa_finish-gun-metal","14":"pa_finish-black","15":"pa_glass-thickness-6-8mm-0-24-0-32","16":"pa_hinge-swings-30","17":"pa_load-bearing-45kg-2pcs","18":"pa_material-brass","20":"first","21":"instock","22":"purchasable","23":"product-type-variable"},"acf":[],"_links":{"self":[{"href":"https:\/\/showerglasshardware.com\/fr-fr\/wp-json\/wp\/v2\/product\/2855","targetHints":{"allow":["GET"]}}],"collection":[{"href":"https:\/\/showerglasshardware.com\/fr-fr\/wp-json\/wp\/v2\/product"}],"about":[{"href":"https:\/\/showerglasshardware.com\/fr-fr\/wp-json\/wp\/v2\/types\/product"}],"replies":[{"embeddable":true,"href":"https:\/\/showerglasshardware.com\/fr-fr\/wp-json\/wp\/v2\/comments?post=2855"}],"version-history":[{"count":3,"href":"https:\/\/showerglasshardware.com\/fr-fr\/wp-json\/wp\/v2\/product\/2855\/revisions"}],"predecessor-version":[{"id":4701,"href":"https:\/\/showerglasshardware.com\/fr-fr\/wp-json\/wp\/v2\/product\/2855\/revisions\/4701"}],"wp:featuredmedia":[{"embeddable":true,"href":"https:\/\/showerglasshardware.com\/fr-fr\/wp-json\/wp\/v2\/media\/3033"}],"wp:attachment":[{"href":"https:\/\/showerglasshardware.com\/fr-fr\/wp-json\/wp\/v2\/media?parent=2855"}],"wp:term":[{"taxonomy":"product_brand","embeddable":true,"href":"https:\/\/showerglasshardware.com\/fr-fr\/wp-json\/wp\/v2\/product_brand?post=2855"},{"taxonomy":"product_cat","embeddable":true,"href":"https:\/\/showerglasshardware.com\/fr-fr\/wp-json\/wp\/v2\/product_cat?post=2855"},{"taxonomy":"product_tag","embeddable":true,"href":"https:\/\/showerglasshardware.com\/fr-fr\/wp-json\/wp\/v2\/product_tag?post=2855"}],"curies":[{"name":"wp","href":"https:\/\/api.w.org\/{rel}","templated":true}]}}