{"id":2872,"date":"2024-07-02T09:23:09","date_gmt":"2024-07-02T09:23:09","guid":{"rendered":"https:\/\/showerglasshardware.com\/?post_type=product&#038;p=2872"},"modified":"2025-11-21T06:26:36","modified_gmt":"2025-11-21T06:26:36","slug":"bi-fold-shower-screen-door-hinges-with-cover","status":"publish","type":"product","link":"https:\/\/showerglasshardware.com\/fr-fr\/product\/bi-fold-shower-screen-door-hinges-with-cover\/","title":{"rendered":"Charni\u00e8res de porte de douche pliantes avec couvercle SGH-CL101"},"content":{"rendered":"<p data-start=\"454\" data-end=\"599\">Le <strong data-start=\"458\" data-end=\"516\">SGH-CL101 Charni\u00e8res pour porte de douche bi-pliante avec couvercle<\/strong> sont con\u00e7ues pour fonctionner en toute s\u00e9curit\u00e9 et en douceur dans les cabines de douche modernes sans cadre.<\/p>\n<p data-start=\"601\" data-end=\"902\">Fabriqu\u00e9 \u00e0 partir de <strong data-start=\"611\" data-end=\"626\">laiton massif<\/strong> pour une solidit\u00e9 et une r\u00e9sistance \u00e0 la corrosion exceptionnelles, ces <strong data-start=\"684\" data-end=\"708\">charni\u00e8res verre-mur<\/strong> s'adapter <strong data-start=\"713\" data-end=\"735\">Verre de 8 \u00e0 12 mm d'\u00e9paisseur<\/strong> et peut prendre en charge jusqu'\u00e0 <strong data-start=\"758\" data-end=\"781\">40kg par deux charni\u00e8res<\/strong>. Leur <strong data-start=\"789\" data-end=\"807\">design bi-fold<\/strong> permet aux portes de douche de se replier vers l'int\u00e9rieur ou l'ext\u00e9rieur, ce qui permet de gagner de la place tout en conservant un acc\u00e8s facile.<\/p>\n<p data-start=\"904\" data-end=\"1045\">L'inclus <strong data-start=\"917\" data-end=\"933\">plaques de recouvrement<\/strong> dissimulent les vis et le mat\u00e9riel de montage, offrant une finition \u00e9l\u00e9gante et polie qui s'harmonise avec tous les styles de salle de bains.<\/p>\n<p data-start=\"1047\" data-end=\"1066\"><strong data-start=\"1047\" data-end=\"1064\">Principales caract\u00e9ristiques:<\/strong><\/p>\n<ul data-start=\"1067\" data-end=\"1511\">\n<li data-start=\"1067\" data-end=\"1135\">\n<p data-start=\"1069\" data-end=\"1135\"><strong data-start=\"1069\" data-end=\"1078\">Taper:<\/strong> Charni\u00e8res pour paroi de douche bi-fold verre-mur avec couvercles<\/p>\n<\/li>\n<li data-start=\"1136\" data-end=\"1200\">\n<p data-start=\"1138\" data-end=\"1200\"><strong data-start=\"1138\" data-end=\"1151\">Mat\u00e9riel:<\/strong> Laiton massif pour la durabilit\u00e9 et la r\u00e9sistance \u00e0 la rouille<\/p>\n<\/li>\n<li data-start=\"1201\" data-end=\"1253\">\n<p data-start=\"1203\" data-end=\"1253\"><strong data-start=\"1203\" data-end=\"1227\">Compatibilit\u00e9 du verre\u00a0:<\/strong> Convient au verre de 8 \u00e0 12 mm d'\u00e9paisseur<\/p>\n<\/li>\n<li data-start=\"1254\" data-end=\"1311\">\n<p data-start=\"1256\" data-end=\"1311\"><strong data-start=\"1256\" data-end=\"1274\">Capacit\u00e9 de charge :<\/strong> Supporte jusqu'\u00e0 40 kg par deux charni\u00e8res<\/p>\n<\/li>\n<li data-start=\"1312\" data-end=\"1364\">\n<p data-start=\"1314\" data-end=\"1364\"><strong data-start=\"1314\" data-end=\"1325\">Conception :<\/strong> Structure de charni\u00e8re bi-pli\u00e9e \u00e0 faible encombrement<\/p>\n<\/li>\n<li data-start=\"1365\" data-end=\"1427\">\n<p data-start=\"1367\" data-end=\"1427\"><strong data-start=\"1367\" data-end=\"1381\">Esth\u00e9tique :<\/strong> Plaques de recouvrement pour un aspect propre et moderne<\/p>\n<\/li>\n<li data-start=\"1428\" data-end=\"1511\">\n<p data-start=\"1430\" data-end=\"1511\"><strong data-start=\"1430\" data-end=\"1447\">Applications :<\/strong> Parfait pour les portes de douche sans cadre dans les maisons, les h\u00f4tels et les spas<\/p>\n<\/li>\n<\/ul>\n<p data-start=\"1513\" data-end=\"1534\"><strong data-start=\"1513\" data-end=\"1532\">Caract\u00e9ristiques:<\/strong><\/p>\n<ul data-start=\"1535\" data-end=\"1857\">\n<li data-start=\"1535\" data-end=\"1559\">\n<p data-start=\"1537\" data-end=\"1559\"><strong data-start=\"1537\" data-end=\"1547\">Mod\u00e8le :<\/strong> SGH-CL101<\/p>\n<\/li>\n<li data-start=\"1560\" data-end=\"1603\">\n<p data-start=\"1562\" data-end=\"1603\"><strong data-start=\"1562\" data-end=\"1571\">Taper:<\/strong> Charni\u00e8re verre-mur (bi-fold)<\/p>\n<\/li>\n<li data-start=\"1604\" data-end=\"1627\">\n<p data-start=\"1606\" data-end=\"1627\"><strong data-start=\"1606\" data-end=\"1619\">Mat\u00e9riel:<\/strong> Laiton<\/p>\n<\/li>\n<li data-start=\"1628\" data-end=\"1664\">\n<p data-start=\"1630\" data-end=\"1664\"><strong data-start=\"1630\" data-end=\"1655\">S'adapte \u00e0 l'\u00e9paisseur du verre :<\/strong> 8-12mm<\/p>\n<\/li>\n<li data-start=\"1665\" data-end=\"1699\">\n<p data-start=\"1667\" data-end=\"1699\"><strong data-start=\"1667\" data-end=\"1685\">Capacit\u00e9 de charge :<\/strong> 40kg \/ 2pcs<\/p>\n<\/li>\n<li data-start=\"1700\" data-end=\"1751\">\n<p data-start=\"1702\" data-end=\"1751\"><strong data-start=\"1702\" data-end=\"1720\">Style d'ouverture :<\/strong> Bi-pli (vers l'int\u00e9rieur et vers l'ext\u00e9rieur)<\/p>\n<\/li>\n<li data-start=\"1752\" data-end=\"1857\">\n<p data-start=\"1754\" data-end=\"1857\"><strong data-start=\"1754\" data-end=\"1773\">Options de finition :<\/strong> Chrome poli, nickel bross\u00e9, or poli, noir mat, m\u00e9tal arm\u00e9 (en option)<\/p>\n<\/li>\n<\/ul>","protected":false},"excerpt":{"rendered":"<ul>\n<li>Charni\u00e8res verre-mur<\/li>\n<li>Charni\u00e8res de porte de paroi de douche avec couvercle<\/li>\n<li>\u00c9paisseur du verre 8-12 mm<\/li>\n<li>Portant 40 kg \/ 2 pi\u00e8ces<\/li>\n<\/ul>","protected":false},"featured_media":3032,"comment_status":"open","ping_status":"closed","template":"","meta":{"_acf_changed":false},"product_brand":[],"product_cat":[20,21],"product_tag":[131],"class_list":{"0":"post-2872","1":"product","2":"type-product","3":"status-publish","4":"has-post-thumbnail","6":"product_cat-shower-door-hinges","7":"product_cat-glass-to-wall-hinges","8":"product_tag-wall-mount-hinges","9":"pa_finish-brushed-nickel","10":"pa_finish-chrome","11":"pa_finish-gold","12":"pa_finish-gun-metal","13":"pa_finish-black","14":"pa_glass-thickness-8-12mm","15":"pa_load-bearing-40kg","16":"pa_material-brass","18":"first","19":"instock","20":"purchasable","21":"product-type-variable","22":"has-default-attributes"},"acf":[],"_links":{"self":[{"href":"https:\/\/showerglasshardware.com\/fr-fr\/wp-json\/wp\/v2\/product\/2872","targetHints":{"allow":["GET"]}}],"collection":[{"href":"https:\/\/showerglasshardware.com\/fr-fr\/wp-json\/wp\/v2\/product"}],"about":[{"href":"https:\/\/showerglasshardware.com\/fr-fr\/wp-json\/wp\/v2\/types\/product"}],"replies":[{"embeddable":true,"href":"https:\/\/showerglasshardware.com\/fr-fr\/wp-json\/wp\/v2\/comments?post=2872"}],"version-history":[{"count":3,"href":"https:\/\/showerglasshardware.com\/fr-fr\/wp-json\/wp\/v2\/product\/2872\/revisions"}],"predecessor-version":[{"id":4700,"href":"https:\/\/showerglasshardware.com\/fr-fr\/wp-json\/wp\/v2\/product\/2872\/revisions\/4700"}],"wp:featuredmedia":[{"embeddable":true,"href":"https:\/\/showerglasshardware.com\/fr-fr\/wp-json\/wp\/v2\/media\/3032"}],"wp:attachment":[{"href":"https:\/\/showerglasshardware.com\/fr-fr\/wp-json\/wp\/v2\/media?parent=2872"}],"wp:term":[{"taxonomy":"product_brand","embeddable":true,"href":"https:\/\/showerglasshardware.com\/fr-fr\/wp-json\/wp\/v2\/product_brand?post=2872"},{"taxonomy":"product_cat","embeddable":true,"href":"https:\/\/showerglasshardware.com\/fr-fr\/wp-json\/wp\/v2\/product_cat?post=2872"},{"taxonomy":"product_tag","embeddable":true,"href":"https:\/\/showerglasshardware.com\/fr-fr\/wp-json\/wp\/v2\/product_tag?post=2872"}],"curies":[{"name":"wp","href":"https:\/\/api.w.org\/{rel}","templated":true}]}}