{"id":2889,"date":"2024-07-04T06:47:08","date_gmt":"2024-07-04T06:47:08","guid":{"rendered":"https:\/\/showerglasshardware.com\/?post_type=product&#038;p=2889"},"modified":"2025-11-21T06:24:38","modified_gmt":"2025-11-21T06:24:38","slug":"brass-glass-frameless-shower-door-hinges-with-cover","status":"publish","type":"product","link":"https:\/\/showerglasshardware.com\/fr-fr\/product\/brass-glass-frameless-shower-door-hinges-with-cover\/","title":{"rendered":"Charni\u00e8res de porte de douche sans cadre en verre en laiton avec couvercle SGH-C102"},"content":{"rendered":"<p data-start=\"485\" data-end=\"673\">Les charni\u00e8res de porte de douche sans cadre SGH-C102 en laiton, verre sur verre, avec couvercle, allient durabilit\u00e9, performance en douceur et aspect raffin\u00e9 pour les installations de douche sans cadre de qualit\u00e9 sup\u00e9rieure.<\/p>\n<p data-start=\"675\" data-end=\"1009\">Fabriqu\u00e9es en laiton massif, ces charni\u00e8res sont compatibles avec le verre de 8 \u00e0 12 mm d'\u00e9paisseur et ont une capacit\u00e9 de charge de 40 kg par deux charni\u00e8res, ce qui garantit un support fiable pour les portes de douche plus lourdes. Le couvercle d\u00e9coratif dissimule le mat\u00e9riel de montage, cr\u00e9ant un aspect propre et minimaliste qui rehausse l'esth\u00e9tique de la salle de bains.<\/p>\n<p data-start=\"1011\" data-end=\"1176\">Parfaites pour les projets r\u00e9sidentiels et commerciaux, les charni\u00e8res SGH-C102 sont robustes, r\u00e9sistantes \u00e0 la corrosion et offrent des performances durables dans les environnements humides.<\/p>\n<p data-start=\"1178\" data-end=\"1197\"><strong data-start=\"1178\" data-end=\"1195\">Principales caract\u00e9ristiques:<\/strong><\/p>\n<ul data-start=\"1198\" data-end=\"1584\">\n<li data-start=\"1198\" data-end=\"1265\">\n<p data-start=\"1200\" data-end=\"1265\"><strong data-start=\"1200\" data-end=\"1213\">Mat\u00e9riel:<\/strong> Laiton massif pour la solidit\u00e9 et la r\u00e9sistance \u00e0 la corrosion<\/p>\n<\/li>\n<li data-start=\"1266\" data-end=\"1323\">\n<p data-start=\"1268\" data-end=\"1323\"><strong data-start=\"1268\" data-end=\"1277\">Taper:<\/strong> Charni\u00e8res verre-verre avec couvercle d\u00e9coratif<\/p>\n<\/li>\n<li data-start=\"1324\" data-end=\"1376\">\n<p data-start=\"1326\" data-end=\"1376\"><strong data-start=\"1326\" data-end=\"1350\">Compatibilit\u00e9 du verre\u00a0:<\/strong> Convient au verre de 8 \u00e0 12 mm d'\u00e9paisseur<\/p>\n<\/li>\n<li data-start=\"1377\" data-end=\"1434\">\n<p data-start=\"1379\" data-end=\"1434\"><strong data-start=\"1379\" data-end=\"1397\">Capacit\u00e9 de charge :<\/strong> Supporte jusqu'\u00e0 40 kg par deux charni\u00e8res<\/p>\n<\/li>\n<li data-start=\"1435\" data-end=\"1506\">\n<p data-start=\"1437\" data-end=\"1506\"><strong data-start=\"1437\" data-end=\"1448\">Conception :<\/strong> Le couvercle \u00e9l\u00e9gant dissimule les vis de montage pour une finition nette.<\/p>\n<\/li>\n<li data-start=\"1507\" data-end=\"1584\">\n<p data-start=\"1509\" data-end=\"1584\"><strong data-start=\"1509\" data-end=\"1526\">Applications :<\/strong> Portes de douche en verre sans cadre dans les maisons, les h\u00f4tels et les spas<\/p>\n<\/li>\n<\/ul>\n<p data-start=\"1586\" data-end=\"1607\"><strong data-start=\"1586\" data-end=\"1605\">Caract\u00e9ristiques:<\/strong><\/p>\n<ul data-start=\"1608\" data-end=\"1782\">\n<li data-start=\"1608\" data-end=\"1631\">\n<p data-start=\"1610\" data-end=\"1631\"><strong data-start=\"1610\" data-end=\"1620\">Mod\u00e8le :<\/strong> SGH-C102<\/p>\n<\/li>\n<li data-start=\"1632\" data-end=\"1655\">\n<p data-start=\"1634\" data-end=\"1655\"><strong data-start=\"1634\" data-end=\"1647\">Mat\u00e9riel:<\/strong> Laiton<\/p>\n<\/li>\n<li data-start=\"1656\" data-end=\"1692\">\n<p data-start=\"1658\" data-end=\"1692\"><strong data-start=\"1658\" data-end=\"1683\">S'adapte \u00e0 l'\u00e9paisseur du verre :<\/strong> 8-12mm<\/p>\n<\/li>\n<li data-start=\"1693\" data-end=\"1727\">\n<p data-start=\"1695\" data-end=\"1727\"><strong data-start=\"1695\" data-end=\"1713\">Capacit\u00e9 de charge :<\/strong> 40kg \/ 2pcs<\/p>\n<\/li>\n<li data-start=\"1728\" data-end=\"1782\">\n<p data-start=\"1730\" data-end=\"1782\"><strong data-start=\"1730\" data-end=\"1746\">Application:<\/strong> Parois de douche en verre sans cadre<\/p>\n<\/li>\n<\/ul>","protected":false},"excerpt":{"rendered":"<ul>\n<li>Charni\u00e8res verre \u00e0 verre<\/li>\n<li>Charni\u00e8res de porte de douche sans cadre en laiton avec couvercle<\/li>\n<li>\u00c9paisseur du verre 8-12 mm<\/li>\n<li>Portant 40 kg \/ 2 pi\u00e8ces<\/li>\n<\/ul>","protected":false},"featured_media":3031,"comment_status":"open","ping_status":"closed","template":"","meta":{"_acf_changed":false},"product_brand":[],"product_cat":[20,21],"product_tag":[131],"class_list":{"0":"post-2889","1":"product","2":"type-product","3":"status-publish","4":"has-post-thumbnail","6":"product_cat-shower-door-hinges","7":"product_cat-glass-to-wall-hinges","8":"product_tag-wall-mount-hinges","9":"pa_finish-brushed-nickel","10":"pa_finish-chrome","11":"pa_finish-gold","12":"pa_finish-gun-metal","13":"pa_finish-black","14":"pa_glass-thickness-8-12mm","15":"pa_load-bearing-40kg","16":"pa_material-brass","18":"first","19":"instock","20":"purchasable","21":"product-type-variable"},"acf":[],"_links":{"self":[{"href":"https:\/\/showerglasshardware.com\/fr-fr\/wp-json\/wp\/v2\/product\/2889","targetHints":{"allow":["GET"]}}],"collection":[{"href":"https:\/\/showerglasshardware.com\/fr-fr\/wp-json\/wp\/v2\/product"}],"about":[{"href":"https:\/\/showerglasshardware.com\/fr-fr\/wp-json\/wp\/v2\/types\/product"}],"replies":[{"embeddable":true,"href":"https:\/\/showerglasshardware.com\/fr-fr\/wp-json\/wp\/v2\/comments?post=2889"}],"version-history":[{"count":3,"href":"https:\/\/showerglasshardware.com\/fr-fr\/wp-json\/wp\/v2\/product\/2889\/revisions"}],"predecessor-version":[{"id":4682,"href":"https:\/\/showerglasshardware.com\/fr-fr\/wp-json\/wp\/v2\/product\/2889\/revisions\/4682"}],"wp:featuredmedia":[{"embeddable":true,"href":"https:\/\/showerglasshardware.com\/fr-fr\/wp-json\/wp\/v2\/media\/3031"}],"wp:attachment":[{"href":"https:\/\/showerglasshardware.com\/fr-fr\/wp-json\/wp\/v2\/media?parent=2889"}],"wp:term":[{"taxonomy":"product_brand","embeddable":true,"href":"https:\/\/showerglasshardware.com\/fr-fr\/wp-json\/wp\/v2\/product_brand?post=2889"},{"taxonomy":"product_cat","embeddable":true,"href":"https:\/\/showerglasshardware.com\/fr-fr\/wp-json\/wp\/v2\/product_cat?post=2889"},{"taxonomy":"product_tag","embeddable":true,"href":"https:\/\/showerglasshardware.com\/fr-fr\/wp-json\/wp\/v2\/product_tag?post=2889"}],"curies":[{"name":"wp","href":"https:\/\/api.w.org\/{rel}","templated":true}]}}